{"id":10209,"date":"2025-10-16T13:30:59","date_gmt":"2025-10-16T11:30:59","guid":{"rendered":"https:\/\/e-ucebnice.ff.ucm.sk\/?page_id=10209"},"modified":"2025-10-22T17:51:50","modified_gmt":"2025-10-22T15:51:50","slug":"technicka-rustina-about","status":"publish","type":"page","link":"https:\/\/e-ucebnice.ff.ucm.sk\/index.php\/technicka-rustina-about\/","title":{"rendered":"Technicka-rustina-about"},"content":{"rendered":"\t\t<div data-elementor-type=\"wp-page\" data-elementor-id=\"10209\" class=\"elementor elementor-10209\" data-elementor-post-type=\"page\">\n\t\t\t\t\t\t<section class=\"elementor-section elementor-top-section elementor-element elementor-element-6f672ed elementor-section-height-min-height elementor-section-boxed elementor-section-height-default elementor-section-items-middle\" data-id=\"6f672ed\" data-element_type=\"section\" data-settings=\"{&quot;background_background&quot;:&quot;classic&quot;}\">\n\t\t\t\t\t\t\t<div class=\"elementor-background-overlay\"><\/div>\n\t\t\t\t\t\t\t<div class=\"elementor-container elementor-column-gap-default\">\n\t\t\t\t\t<div class=\"elementor-column elementor-col-100 elementor-top-column elementor-element elementor-element-bbeb470\" data-id=\"bbeb470\" data-element_type=\"column\">\n\t\t\t<div class=\"elementor-widget-wrap elementor-element-populated\">\n\t\t\t\t\t\t<div class=\"elementor-element elementor-element-d82f1ef elementor-widget elementor-widget-heading\" data-id=\"d82f1ef\" data-element_type=\"widget\" data-widget_type=\"heading.default\">\n\t\t\t\t<div class=\"elementor-widget-container\">\n\t\t\t\t\t<h1 class=\"elementor-heading-title elementor-size-default\">\u0422\u0435\u0445\u043d\u0438\u0447\u0435\u0441\u043a\u0438\u0439 \u0440\u0443\u0441\u0441\u043a\u0438\u0439 \u044f\u0437\u044b\u043a<\/h1>\t\t\t\t<\/div>\n\t\t\t\t<\/div>\n\t\t\t\t\t<\/div>\n\t\t<\/div>\n\t\t\t\t\t<\/div>\n\t\t<\/section>\n\t\t\t\t<section class=\"elementor-section elementor-top-section elementor-element elementor-element-87401c6 elementor-section-boxed elementor-section-height-default elementor-section-height-default\" data-id=\"87401c6\" data-element_type=\"section\">\n\t\t\t\t\t\t<div class=\"elementor-container elementor-column-gap-default\">\n\t\t\t\t\t<div class=\"elementor-column elementor-col-100 elementor-top-column elementor-element elementor-element-f714728\" data-id=\"f714728\" data-element_type=\"column\">\n\t\t\t<div class=\"elementor-widget-wrap elementor-element-populated\">\n\t\t\t\t\t\t<div class=\"elementor-element elementor-element-8671313 elementor-widget elementor-widget-eael-adv-tabs\" data-id=\"8671313\" data-element_type=\"widget\" data-widget_type=\"eael-adv-tabs.default\">\n\t\t\t\t<div class=\"elementor-widget-container\">\n\t\t\t\t\t        <div data-scroll-on-click=\"no\" data-scroll-speed=\"300\" id=\"eael-advance-tabs-8671313\" class=\"eael-advance-tabs eael-tabs-horizontal eael-tab-auto-active \" data-tabid=\"8671313\">\n            <div class=\"eael-tabs-nav \">\n                <ul class=\"eael-tab-inline-icon\" role=\"tablist\">\n                                            <li id=\"slovensky\" class=\"inactive eael-tab-item-trigger eael-tab-nav-item\" aria-selected=\"true\" data-tab=\"1\" role=\"tab\" tabindex=\"0\" aria-controls=\"slovensky-tab\" aria-expanded=\"false\">\n                            \n                                                        \n                                                            <span class=\"eael-tab-title title-after-icon\" >Slovensky<\/span>                            \n                                                    <\/li>\n                                            <li id=\"\" class=\"inactive eael-tab-item-trigger eael-tab-nav-item\" aria-selected=\"false\" data-tab=\"2\" role=\"tab\" tabindex=\"-1\" aria-controls=\"-tab\" aria-expanded=\"false\">\n                            \n                                                        \n                                                            <span class=\"eael-tab-title title-after-icon\" >\u0420\u0443\u0441\u0441\u043a\u0438\u0439<\/span>                            \n                                                    <\/li>\n                    \n                                  <\/ul>\n            <\/div>\n            \n            <div class=\"eael-tabs-content\">\n\t\t        \n                    <div id=\"slovensky-tab\" class=\"clearfix eael-tab-content-item inactive\" data-title-link=\"slovensky-tab\">\n\t\t\t\t        <p style=\"text-align: justify;\"><strong>\u0422\u0435\u0445\u043d\u0438\u0447\u0435\u0441\u043a\u0438\u0439 \u0440\u0443\u0441\u0441\u043a\u0438\u0439 \u044f\u0437\u044b\u043a<\/strong><\/p>\n<p style=\"text-align: justify;\">Autorka: \u00a0\u00a0\u00a0\u00a0\u00a0\u00a0\u00a0\u00a0\u00a0\u00a0\u00a0 \u00a0\u00a0Mgr. Andrea Spi\u0161iakov\u00e1, PhD.\nKatedra rusistiky Filozofickej fakulty Univerzity sv. Cyrila a Metoda v Trnave<\/p>\n<p style=\"text-align: justify;\">Recenzenti:\u00a0 \u00a0 \u00a0 \u00a0 \u00a0 doc. Mgr. Nikoleta Mertov\u00e1, PhD.\nIn\u0161tit\u00fat rusistiky Filozofickej fakulty Pre\u0161ovskej univerzity v Pre\u0161ove<\/p>\n<p style=\"text-align: justify;\">\u00a0 \u00a0 \u00a0 \u00a0 \u00a0 \u00a0 \u00a0 \u00a0 \u00a0 \u00a0 \u00a0 \u00a0 \u00a0 \u00a0 \u00a0 \u00a0doc. PaedDr. J\u00e1n Gallo, PhD.\nKatedra slovansk\u00fdch filol\u00f3gi\u00ed Filozofickej fakulty Univerzity Kon\u0161tant\u00edna Filozofa v Nitre<\/p>\n<p style=\"text-align: justify;\">Vysoko\u0161kolsk\u00e1 u\u010debnica bola schv\u00e1len\u00e1 Edi\u010dnou radou Univerzity sv. Cyrila a Metoda v Trnave a veden\u00edm Filozofickej fakulty Univerzity sv. Cyrila a Metoda v Trnave.<\/p>\n<p style=\"text-align: justify;\">\u00a9 Univerzita sv. Cyrila a\u00a0Metoda v\u00a0Trnave<\/p>\n<p style=\"text-align: justify;\">\u00a9\u00a0 Mgr. Andrea Spi\u0161iakov\u00e1, PhD.<\/p>\n<p style=\"text-align: justify;\">\u0422\u0435\u0445\u043d\u0438\u0447\u0435\u0441\u043a\u0438\u0439 \u0440\u0443\u0441\u0441\u043a\u0438\u0439 \u044f\u0437\u044b\u043a\u00a0 \u00a9 2025 by Andrea Spi\u0161iakov\u00e1 is licensed under Creative Commons Attribution-NonCommercial 4.0.<\/p>\n<p style=\"text-align: justify;\">Vydavate\u013e: Univerzita sv. Cyrila a Metoda v Trnave, 2025<\/p>\n<p style=\"text-align: justify;\">Vydanie: prv\u00e9<\/p>\n<p style=\"text-align: justify;\">ISBN 978-80-572-0534-0<\/p>                    <\/div>\n\t\t        \n                    <div id=\"-tab\" class=\"clearfix eael-tab-content-item inactive\" data-title-link=\"-tab\">\n\t\t\t\t        <p style=\"text-align: justify;\"><strong>\u0422\u0435\u0445\u043d\u0438\u0447\u0435\u0441\u043a\u0438\u0439 \u0440\u0443\u0441\u0441\u043a\u0438\u0439 \u044f\u0437\u044b\u043a<\/strong><\/p>\n<p style=\"text-align: justify;\">\u0410\u0432\u0442\u043e\u0440: \u043c\u0430\u0433\u0438\u0441\u0442\u0440 \u0410\u043d\u0434\u0440\u0435\u0430 \u0421\u043f\u0438\u0448\u044c\u044f\u043a\u043e\u0432\u0430, PhD.<\/p>\n<p style=\"text-align: justify;\">\u041a\u0430\u0444\u0435\u0434\u0440\u0430 \u0440\u0443\u0441\u0438\u0441\u0442\u0438\u043a\u0438 \u0424\u0438\u043b\u043e\u0441\u043e\u0444\u0441\u043a\u043e\u0433\u043e \u0444\u0430\u043a\u0443\u043b\u044c\u0442\u0435\u0442\u0430 \u0423\u043d\u0438\u0432\u0435\u0440\u0441\u0438\u0442\u0435\u0442\u0430 \u0441\u0432\u044f\u0442\u044b\u0445 \u041a\u0438\u0440\u0438\u043b\u043b\u0430 \u0438 \u041c\u0435\u0444\u043e\u0434\u0438\u044f \u0432 \u0422\u0440\u043d\u0430\u0432\u0435<\/p>\n<p style=\"text-align: justify;\">\u0420\u0435\u0446\u0435\u043d\u0437\u0435\u043d\u0442\u044b: \u0434\u043e\u0446\u0435\u043d\u0442 \u043c\u0430\u0433\u0438\u0441\u0442\u0440 \u041d\u0438\u043a\u043e\u043b\u0435\u0442\u0430 \u041c\u0435\u0440\u0442\u043e\u0432\u0430, PhD.<\/p>\n<p style=\"text-align: justify;\">\u0418\u043d\u0441\u0442\u0438\u0442\u0443\u0442 \u0440\u0443\u0441\u0438\u0441\u0442\u0438\u043a\u0438 \u0424\u0438\u043b\u043e\u0441\u043e\u0444\u0441\u043a\u043e\u0433\u043e \u0444\u0430\u043a\u0443\u043b\u044c\u0442\u0435\u0442\u0430 \u041f\u0440\u0435\u0448\u043e\u0432\u0441\u043a\u043e\u0433\u043e \u0443\u043d\u0438\u0432\u0435\u0440\u0441\u0438\u0442\u0435\u0442\u0430 \u0432 \u041f\u0440\u0435\u0448\u043e\u0432\u0435<\/p>\n<p style=\"text-align: justify;\">\u0434\u043e\u0446\u0435\u043d\u0442 PaedDr. \u042f\u043d \u0413\u0430\u043b\u043b\u043e, PhD.<\/p>\n<p style=\"text-align: justify;\">\u041a\u0430\u0444\u0435\u0434\u0440\u0430 \u0441\u043b\u0430\u0432\u044f\u043d\u0441\u043a\u0438\u0445 \u0444\u0438\u043b\u043e\u043b\u043e\u0433\u0438\u0439 \u0424\u0438\u043b\u043e\u0441\u043e\u0444\u0441\u043a\u043e\u0433\u043e \u0444\u0430\u043a\u0443\u043b\u044c\u0442\u0435\u0442\u0430 \u0423\u043d\u0438\u0432\u0435\u0440\u0441\u0438\u0442\u0435\u0442\u0430 \u041a\u043e\u043d\u0441\u0442\u0430\u043d\u0442\u0438\u043d\u0430 \u0424\u0438\u043b\u043e\u0441\u043e\u0444\u0430 \u0432 \u041d\u0438\u0442\u0440\u0435<\/p>\n<p style=\"text-align: justify;\">\u0423\u0447\u0435\u0431\u043d\u0438\u043a \u0434\u043b\u044f \u0432\u0443\u0437\u043e\u0432 \u0443\u0442\u0432\u0435\u0440\u0436\u0434\u0451\u043d \u0420\u0435\u0434\u0430\u043a\u0446\u0438\u043e\u043d\u043d\u044b\u043c \u0441\u043e\u0432\u0435\u0442\u043e\u043c \u0423\u043d\u0438\u0432\u0435\u0440\u0441\u0438\u0442\u0435\u0442\u0430 \u0441\u0432\u044f\u0442\u044b\u0445 \u041a\u0438\u0440\u0438\u043b\u043b\u0430 \u0438 \u041c\u0435\u0444\u043e\u0434\u0438\u044f \u0432 \u0422\u0440\u043d\u0430\u0432\u0435 \u0438 \u0440\u0443\u043a\u043e\u0432\u043e\u0434\u0441\u0442\u0432\u043e\u043c \u0424\u0438\u043b\u043e\u0441\u043e\u0444\u0441\u043a\u043e\u0433\u043e \u0444\u0430\u043a\u0443\u043b\u044c\u0442\u0435\u0442\u0430 \u0423\u043d\u0438\u0432\u0435\u0440\u0441\u0438\u0442\u0435\u0442\u0430 \u0441\u0432\u044f\u0442\u044b\u0445 \u041a\u0438\u0440\u0438\u043b\u043b\u0430 \u0438 \u041c\u0435\u0444\u043e\u0434\u0438\u044f \u0432 \u0422\u0440\u043d\u0430\u0432\u0435.<\/p>\n<p style=\"text-align: justify;\">\u00a9 \u0423\u043d\u0438\u0432\u0435\u0440\u0441\u0438\u0442\u0435\u0442 \u0441\u0432\u044f\u0442\u044b\u0445 \u041a\u0438\u0440\u0438\u043b\u043b\u0430 \u0438 \u041c\u0435\u0444\u043e\u0434\u0438\u044f \u0432 \u0422\u0440\u043d\u0430\u0432\u0435<\/p>\n<p style=\"text-align: justify;\">\u00a9 \u043c\u0430\u0433\u0438\u0441\u0442\u0440 \u0410\u043d\u0434\u0440\u0435\u0430 \u0421\u043f\u0438\u0448\u044c\u044f\u043a\u043e\u0432\u0430, PhD.<\/p>\n<p style=\"text-align: justify;\">\u0422\u0435\u0445\u043d\u0438\u0447\u0435\u0441\u043a\u0438\u0439 \u0440\u0443\u0441\u0441\u043a\u0438\u0439 \u044f\u0437\u044b\u043a \u00a9 2025 \u0410\u043d\u0434\u0440\u0435\u0430 \u0421\u043f\u0438\u0448\u044c\u044f\u043a\u043e\u0432\u0430 \u0440\u0430\u0441\u043f\u0440\u043e\u0441\u0442\u0440\u0430\u043d\u044f\u0435\u0442\u0441\u044f \u043f\u043e \u043b\u0438\u0446\u0435\u043d\u0437\u0438\u0438 Creative Commons Attribution-NonCommercial 4.0.<\/p>\n<p style=\"text-align: justify;\">\u0418\u0437\u0434\u0430\u0442\u0435\u043b\u044c: \u0423\u043d\u0438\u0432\u0435\u0440\u0441\u0438\u0442\u0435\u0442 \u0441\u0432\u044f\u0442\u044b\u0445 \u041a\u0438\u0440\u0438\u043b\u043b\u0430 \u0438 \u041c\u0435\u0444\u043e\u0434\u0438\u044f \u0432 \u0422\u0440\u043d\u0430\u0432\u0435, 2025<\/p>\n<p style=\"text-align: justify;\">\u0418\u0437\u0434\u0430\u043d\u0438\u0435: \u043f\u0435\u0440\u0432\u043e\u0435<\/p>\n<p style=\"text-align: justify;\">ISBN 978-80-572-0534-0<\/p>                    <\/div>\n\t\t                    <\/div>\n        <\/div>\n\t\t\t\t<\/div>\n\t\t\t\t<\/div>\n\t\t\t\t\t<\/div>\n\t\t<\/div>\n\t\t\t\t\t<\/div>\n\t\t<\/section>\n\t\t\t\t<\/div>\n\t\t","protected":false},"excerpt":{"rendered":"<p>\u0422\u0435\u0445\u043d\u0438\u0447\u0435\u0441\u043a\u0438\u0439 \u0440\u0443\u0441\u0441\u043a\u0438\u0439 \u044f\u0437\u044b\u043a Slovensky \u0420\u0443\u0441\u0441\u043a\u0438\u0439 \u0422\u0435\u0445\u043d\u0438\u0447\u0435\u0441\u043a\u0438\u0439 \u0440\u0443\u0441\u0441\u043a\u0438\u0439 \u044f\u0437\u044b\u043a Autorka: \u00a0\u00a0\u00a0\u00a0\u00a0\u00a0\u00a0\u00a0\u00a0\u00a0\u00a0 \u00a0\u00a0Mgr. Andrea Spi\u0161iakov\u00e1, PhD. Katedra rusistiky Filozofickej fakulty Univerzity sv. Cyrila a Metoda v Trnave Recenzenti:\u00a0 \u00a0 \u00a0 \u00a0 \u00a0 doc. Mgr. Nikoleta Mertov\u00e1, PhD. In\u0161tit\u00fat rusistiky Filozofickej fakulty Pre\u0161ovskej univerzity v Pre\u0161ove \u00a0 \u00a0 \u00a0 \u00a0 \u00a0 \u00a0 \u00a0 \u00a0 \u00a0 \u00a0 \u00a0 \u00a0 [&hellip;]<\/p>\n","protected":false},"author":3,"featured_media":0,"parent":0,"menu_order":0,"comment_status":"closed","ping_status":"closed","template":"","meta":{"footnotes":""},"class_list":["post-10209","page","type-page","status-publish","hentry"],"_links":{"self":[{"href":"https:\/\/e-ucebnice.ff.ucm.sk\/index.php\/wp-json\/wp\/v2\/pages\/10209","targetHints":{"allow":["GET"]}}],"collection":[{"href":"https:\/\/e-ucebnice.ff.ucm.sk\/index.php\/wp-json\/wp\/v2\/pages"}],"about":[{"href":"https:\/\/e-ucebnice.ff.ucm.sk\/index.php\/wp-json\/wp\/v2\/types\/page"}],"author":[{"embeddable":true,"href":"https:\/\/e-ucebnice.ff.ucm.sk\/index.php\/wp-json\/wp\/v2\/users\/3"}],"replies":[{"embeddable":true,"href":"https:\/\/e-ucebnice.ff.ucm.sk\/index.php\/wp-json\/wp\/v2\/comments?post=10209"}],"version-history":[{"count":16,"href":"https:\/\/e-ucebnice.ff.ucm.sk\/index.php\/wp-json\/wp\/v2\/pages\/10209\/revisions"}],"predecessor-version":[{"id":10954,"href":"https:\/\/e-ucebnice.ff.ucm.sk\/index.php\/wp-json\/wp\/v2\/pages\/10209\/revisions\/10954"}],"wp:attachment":[{"href":"https:\/\/e-ucebnice.ff.ucm.sk\/index.php\/wp-json\/wp\/v2\/media?parent=10209"}],"curies":[{"name":"wp","href":"https:\/\/api.w.org\/{rel}","templated":true}]}}