{"id":10210,"date":"2025-10-16T13:51:21","date_gmt":"2025-10-16T11:51:21","guid":{"rendered":"https:\/\/e-ucebnice.ff.ucm.sk\/?page_id=10210"},"modified":"2025-10-22T17:53:48","modified_gmt":"2025-10-22T15:53:48","slug":"technicka-rustina-autor","status":"publish","type":"page","link":"https:\/\/e-ucebnice.ff.ucm.sk\/index.php\/technicka-rustina-autor\/","title":{"rendered":"Technicka-rustina-autor"},"content":{"rendered":"\t\t<div data-elementor-type=\"wp-page\" data-elementor-id=\"10210\" class=\"elementor elementor-10210\" data-elementor-post-type=\"page\">\n\t\t\t\t\t\t<section class=\"elementor-section elementor-top-section elementor-element elementor-element-6f672ed elementor-section-height-min-height elementor-section-boxed elementor-section-height-default elementor-section-items-middle\" data-id=\"6f672ed\" data-element_type=\"section\" data-settings=\"{&quot;background_background&quot;:&quot;classic&quot;}\">\n\t\t\t\t\t\t\t<div class=\"elementor-background-overlay\"><\/div>\n\t\t\t\t\t\t\t<div class=\"elementor-container elementor-column-gap-default\">\n\t\t\t\t\t<div class=\"elementor-column elementor-col-100 elementor-top-column elementor-element elementor-element-bbeb470\" data-id=\"bbeb470\" data-element_type=\"column\">\n\t\t\t<div class=\"elementor-widget-wrap elementor-element-populated\">\n\t\t\t\t\t\t<div class=\"elementor-element elementor-element-d82f1ef elementor-widget elementor-widget-heading\" data-id=\"d82f1ef\" data-element_type=\"widget\" data-widget_type=\"heading.default\">\n\t\t\t\t<div class=\"elementor-widget-container\">\n\t\t\t\t\t<h1 class=\"elementor-heading-title elementor-size-default\">\u0422\u0435\u0445\u043d\u0438\u0447\u0435\u0441\u043a\u0438\u0439 \u0440\u0443\u0441\u0441\u043a\u0438\u0439 \u044f\u0437\u044b\u043a<\/h1>\t\t\t\t<\/div>\n\t\t\t\t<\/div>\n\t\t\t\t\t<\/div>\n\t\t<\/div>\n\t\t\t\t\t<\/div>\n\t\t<\/section>\n\t\t\t\t<section class=\"elementor-section elementor-top-section elementor-element elementor-element-87401c6 elementor-section-boxed elementor-section-height-default elementor-section-height-default\" data-id=\"87401c6\" data-element_type=\"section\">\n\t\t\t\t\t\t<div class=\"elementor-container elementor-column-gap-default\">\n\t\t\t\t\t<div class=\"elementor-column elementor-col-50 elementor-top-column elementor-element elementor-element-f714728\" data-id=\"f714728\" data-element_type=\"column\">\n\t\t\t<div class=\"elementor-widget-wrap elementor-element-populated\">\n\t\t\t\t\t\t<div class=\"elementor-element elementor-element-a69298f animated-fast elementor-invisible elementor-widget elementor-widget-heading\" data-id=\"a69298f\" data-element_type=\"widget\" data-settings=\"{&quot;_animation&quot;:&quot;fadeIn&quot;}\" data-widget_type=\"heading.default\">\n\t\t\t\t<div class=\"elementor-widget-container\">\n\t\t\t\t\t<h1 class=\"elementor-heading-title elementor-size-default\">Mgr. Andrea Spi\u0161iakov\u00e1, PhD.<\/h1>\t\t\t\t<\/div>\n\t\t\t\t<\/div>\n\t\t\t\t<div class=\"elementor-element elementor-element-a8dfa5b elementor-widget__width-auto elementor-view-default elementor-widget elementor-widget-icon\" data-id=\"a8dfa5b\" data-element_type=\"widget\" data-widget_type=\"icon.default\">\n\t\t\t\t<div class=\"elementor-widget-container\">\n\t\t\t\t\t\t\t<div class=\"elementor-icon-wrapper\">\n\t\t\t<div class=\"elementor-icon\">\n\t\t\t<i aria-hidden=\"true\" class=\"far fa-envelope\"><\/i>\t\t\t<\/div>\n\t\t<\/div>\n\t\t\t\t\t\t<\/div>\n\t\t\t\t<\/div>\n\t\t\t\t<div class=\"elementor-element elementor-element-831d5f3 elementor-widget__width-auto elementor-widget elementor-widget-heading\" data-id=\"831d5f3\" data-element_type=\"widget\" data-widget_type=\"heading.default\">\n\t\t\t\t<div class=\"elementor-widget-container\">\n\t\t\t\t\t<h2 class=\"elementor-heading-title elementor-size-default\"><a href=\"mailto:andrea.spisiakova@ucm.sk\">andrea.spisiakova@ucm.sk<\/a><\/h2>\t\t\t\t<\/div>\n\t\t\t\t<\/div>\n\t\t\t\t<div class=\"elementor-element elementor-element-fac2f74 elementor-invisible elementor-widget elementor-widget-text-editor\" data-id=\"fac2f74\" data-element_type=\"widget\" data-settings=\"{&quot;_animation&quot;:&quot;fadeIn&quot;}\" data-widget_type=\"text-editor.default\">\n\t\t\t\t<div class=\"elementor-widget-container\">\n\t\t\t\t\t\t\t\t\t<p>Mgr. Andrea Spi\u0161iakov\u00e1, PhD. p\u00f4sob\u00ed na Katedre rusistiky Filozofickej fakulty Univerzity sv. Cyrila a Metoda v Trnave od roku 2020. Titul PhD. z\u00edskala na tej istej fakulte v roku 2019 v \u0161tudijnom programe <em>Rusk\u00fd jazyk a kult\u00fara v odbornej komunik\u00e1cii<\/em>. V r\u00e1mci pedagogickej \u010dinnosti zastre\u0161uje prim\u00e1rne lingvisticky orientovan\u00e9 predmety ako frazeol\u00f3gia rusk\u00e9ho jazyka, \u0161tylistika rusk\u00e9ho jazyka, rusk\u00fd jazyk v\u00a0podnikate\u013eskej sf\u00e9re,\u00a0 preklad odborn\u00fdch textov, z\u00e1klady konzekut\u00edvneho a\u00a0simult\u00e1nneho tlmo\u010denia, a i.<\/p><p>Vo svojej vedecko-v\u00fdskumnej \u010dinnosti sa s\u00fastre\u010fuje na frazeol\u00f3giu s\u00fa\u010dasnej ru\u0161tiny, tendencie vo v\u00fdvine rusk\u00e9ho jazyka, anal\u00fdzu jazyka v masm\u00e9di\u00e1ch a literat\u00fare, ako aj na didaktiku rusk\u00e9ho jazyka.<\/p><p>Je autorkou viacer\u00fdch vedeck\u00fdch a odborn\u00fdch publik\u00e1ci\u00ed, ktor\u00e9 s\u00fa indexovan\u00e9 v prest\u00ed\u017enych medzin\u00e1rodn\u00fdch datab\u00e1zach Scopus a Web of Science (WoS). Pravidelne sa z\u00fa\u010dast\u0148uje medzin\u00e1rodn\u00fdch konferenci\u00ed a akt\u00edvne sa zap\u00e1ja do rie\u0161enia vedeck\u00fdch projektov (napr. ako z\u00e1stupky\u0148a zodpovedn\u00e9ho rie\u0161ite\u013ea v projekte Erasmus+ 2021-1-SK01-KA220-HED-000022917 s n\u00e1zvom <em>The innovation of the concept and curriculum of doctoral study programs and increasing their effectiveness<\/em>).<\/p>\t\t\t\t\t\t\t\t<\/div>\n\t\t\t\t<\/div>\n\t\t\t\t\t<\/div>\n\t\t<\/div>\n\t\t\t\t<div class=\"elementor-column elementor-col-50 elementor-top-column elementor-element elementor-element-d4d6b75\" data-id=\"d4d6b75\" data-element_type=\"column\">\n\t\t\t<div class=\"elementor-widget-wrap elementor-element-populated\">\n\t\t\t\t\t\t<div class=\"elementor-element elementor-element-7c6aa69 elementor-widget elementor-widget-image\" data-id=\"7c6aa69\" data-element_type=\"widget\" data-widget_type=\"image.default\">\n\t\t\t\t<div class=\"elementor-widget-container\">\n\t\t\t\t\t\t\t\t\t\t\t\t\t\t\t<img fetchpriority=\"high\" decoding=\"async\" width=\"708\" height=\"1024\" src=\"https:\/\/e-ucebnice.ff.ucm.sk\/wp-content\/uploads\/2025\/10\/Foto_Spisiakova-708x1024.jpg\" class=\"attachment-large size-large wp-image-10228\" alt=\"\" srcset=\"https:\/\/e-ucebnice.ff.ucm.sk\/wp-content\/uploads\/2025\/10\/Foto_Spisiakova-708x1024.jpg 708w, https:\/\/e-ucebnice.ff.ucm.sk\/wp-content\/uploads\/2025\/10\/Foto_Spisiakova-207x300.jpg 207w, https:\/\/e-ucebnice.ff.ucm.sk\/wp-content\/uploads\/2025\/10\/Foto_Spisiakova-768x1111.jpg 768w, https:\/\/e-ucebnice.ff.ucm.sk\/wp-content\/uploads\/2025\/10\/Foto_Spisiakova-e1760616306979.jpg 887w\" sizes=\"(max-width: 708px) 100vw, 708px\" \/>\t\t\t\t\t\t\t\t\t\t\t\t\t\t\t<\/div>\n\t\t\t\t<\/div>\n\t\t\t\t\t<\/div>\n\t\t<\/div>\n\t\t\t\t\t<\/div>\n\t\t<\/section>\n\t\t\t\t<\/div>\n\t\t","protected":false},"excerpt":{"rendered":"<p>\u0422\u0435\u0445\u043d\u0438\u0447\u0435\u0441\u043a\u0438\u0439 \u0440\u0443\u0441\u0441\u043a\u0438\u0439 \u044f\u0437\u044b\u043a Mgr. Andrea Spi\u0161iakov\u00e1, PhD. andrea.spisiakova@ucm.sk Mgr. Andrea Spi\u0161iakov\u00e1, PhD. p\u00f4sob\u00ed na Katedre rusistiky Filozofickej fakulty Univerzity sv. Cyrila a Metoda v Trnave od roku 2020. Titul PhD. z\u00edskala na tej istej fakulte v roku 2019 v \u0161tudijnom programe Rusk\u00fd jazyk a kult\u00fara v odbornej komunik\u00e1cii. V r\u00e1mci pedagogickej \u010dinnosti zastre\u0161uje prim\u00e1rne lingvisticky [&hellip;]<\/p>\n","protected":false},"author":3,"featured_media":0,"parent":0,"menu_order":0,"comment_status":"closed","ping_status":"closed","template":"","meta":{"footnotes":""},"class_list":["post-10210","page","type-page","status-publish","hentry"],"_links":{"self":[{"href":"https:\/\/e-ucebnice.ff.ucm.sk\/index.php\/wp-json\/wp\/v2\/pages\/10210","targetHints":{"allow":["GET"]}}],"collection":[{"href":"https:\/\/e-ucebnice.ff.ucm.sk\/index.php\/wp-json\/wp\/v2\/pages"}],"about":[{"href":"https:\/\/e-ucebnice.ff.ucm.sk\/index.php\/wp-json\/wp\/v2\/types\/page"}],"author":[{"embeddable":true,"href":"https:\/\/e-ucebnice.ff.ucm.sk\/index.php\/wp-json\/wp\/v2\/users\/3"}],"replies":[{"embeddable":true,"href":"https:\/\/e-ucebnice.ff.ucm.sk\/index.php\/wp-json\/wp\/v2\/comments?post=10210"}],"version-history":[{"count":10,"href":"https:\/\/e-ucebnice.ff.ucm.sk\/index.php\/wp-json\/wp\/v2\/pages\/10210\/revisions"}],"predecessor-version":[{"id":10957,"href":"https:\/\/e-ucebnice.ff.ucm.sk\/index.php\/wp-json\/wp\/v2\/pages\/10210\/revisions\/10957"}],"wp:attachment":[{"href":"https:\/\/e-ucebnice.ff.ucm.sk\/index.php\/wp-json\/wp\/v2\/media?parent=10210"}],"curies":[{"name":"wp","href":"https:\/\/api.w.org\/{rel}","templated":true}]}}