{"id":1148,"date":"2023-02-25T10:02:40","date_gmt":"2023-02-25T09:02:40","guid":{"rendered":"https:\/\/e-ucebnice.ff.ucm.sk\/?page_id=1148"},"modified":"2023-02-25T11:32:32","modified_gmt":"2023-02-25T10:32:32","slug":"vybrane-aspekty-pedagogickej-komunikacie-v-edukacnej-realite-s","status":"publish","type":"page","link":"https:\/\/e-ucebnice.ff.ucm.sk\/index.php\/vybrane-aspekty-pedagogickej-komunikacie-v-edukacnej-realite-s\/","title":{"rendered":"Vybran\u00e9 aspekty pedagogickej komunik\u00e1cie v eduka\u010dnej realite-S"},"content":{"rendered":"\t\t<div data-elementor-type=\"wp-page\" data-elementor-id=\"1148\" class=\"elementor elementor-1148\" data-elementor-post-type=\"page\">\n\t\t\t\t\t\t<section class=\"elementor-section elementor-top-section elementor-element elementor-element-a35fd5a elementor-section-height-min-height elementor-section-boxed elementor-section-height-default elementor-section-items-middle\" data-id=\"a35fd5a\" data-element_type=\"section\" data-settings=\"{&quot;background_background&quot;:&quot;classic&quot;}\">\n\t\t\t\t\t\t\t<div class=\"elementor-background-overlay\"><\/div>\n\t\t\t\t\t\t\t<div class=\"elementor-container elementor-column-gap-default\">\n\t\t\t\t\t<div class=\"elementor-column elementor-col-100 elementor-top-column elementor-element elementor-element-34527cf\" data-id=\"34527cf\" data-element_type=\"column\">\n\t\t\t<div class=\"elementor-widget-wrap elementor-element-populated\">\n\t\t\t\t\t\t<div class=\"elementor-element elementor-element-56a0172 elementor-widget elementor-widget-heading\" data-id=\"56a0172\" data-element_type=\"widget\" data-widget_type=\"heading.default\">\n\t\t\t\t<div class=\"elementor-widget-container\">\n\t\t\t\t\t<h1 class=\"elementor-heading-title elementor-size-default\">VYBRAN\u00c9 ASPEKTY PEDAGOGICKEJ KOMUNIK\u00c1CIE V EDUKA\u010cNEJ REALITE <\/h1>\t\t\t\t<\/div>\n\t\t\t\t<\/div>\n\t\t\t\t\t<\/div>\n\t\t<\/div>\n\t\t\t\t\t<\/div>\n\t\t<\/section>\n\t\t\t\t<section class=\"elementor-section elementor-top-section elementor-element elementor-element-c7b2341 elementor-section-boxed elementor-section-height-default elementor-section-height-default\" data-id=\"c7b2341\" data-element_type=\"section\">\n\t\t\t\t\t\t<div class=\"elementor-container elementor-column-gap-default\">\n\t\t\t\t\t<div class=\"elementor-column elementor-col-100 elementor-top-column elementor-element elementor-element-0087dd1\" data-id=\"0087dd1\" data-element_type=\"column\">\n\t\t\t<div class=\"elementor-widget-wrap elementor-element-populated\">\n\t\t\t\t\t\t<section class=\"elementor-section elementor-inner-section elementor-element elementor-element-256368f elementor-section-boxed elementor-section-height-default elementor-section-height-default\" data-id=\"256368f\" data-element_type=\"section\">\n\t\t\t\t\t\t<div class=\"elementor-container elementor-column-gap-default\">\n\t\t\t\t\t<div class=\"elementor-column elementor-col-100 elementor-inner-column elementor-element elementor-element-dedd719\" data-id=\"dedd719\" data-element_type=\"column\">\n\t\t\t<div class=\"elementor-widget-wrap elementor-element-populated\">\n\t\t\t\t\t\t<div class=\"elementor-element elementor-element-16bba02 elementor-widget elementor-widget-heading\" data-id=\"16bba02\" data-element_type=\"widget\" data-widget_type=\"heading.default\">\n\t\t\t\t<div class=\"elementor-widget-container\">\n\t\t\t\t\t<h3 class=\"elementor-heading-title elementor-size-default\">Summary<\/h3>\t\t\t\t<\/div>\n\t\t\t\t<\/div>\n\t\t\t\t<div class=\"elementor-element elementor-element-03907ad elementor-widget elementor-widget-text-editor\" data-id=\"03907ad\" data-element_type=\"widget\" data-widget_type=\"text-editor.default\">\n\t\t\t\t<div class=\"elementor-widget-container\">\n\t\t\t\t\t\t\t\t\t<p style=\"text-align: justify;\">Pedagogical communication is a part of educational process. For this reason, we analysed the selected characteristics of pedagogical communication. The content of presented educational material will provide efficient participation of its reader in the process of pedagogical communication at the school environment.<\/p><p style=\"text-align: justify;\">In the presented textbook, we analyse communication as a dynamic process. It is the process of human understanding each other. Mentioned process is one of the integral parts of human interactions. Communication creates human relationships. We define parts of communication as a communicator, percipient of information, information and communication canal as a way of information spreading. Moreover, we analyse positive and negative aspects of verbal communication.<\/p><p style=\"text-align: justify;\">The second chapter is aimed on pedagogical communication defined as a specifical way of communication process. This process is implemented at the school environment and it is based on communication between teacher and pupil\/ student. Teacher should be able to understand the presented characteristics of pedagogical communication. In the process of pedagogical communication, this knowledge will help teacher in efficient interactions with pupils or students the realization. In this context, we define the ways of elimination of verbal communication negative aspects in educational process. These recommendations help the realization of effective pedagogical communication for teachers.<\/p><p style=\"text-align: justify;\">The last chapter analyses the influence of modern digital information and communication technologies in the process of pedagogical communication. Communication between teacher and pupil\/ student can be carried out by online way (modern online platforms) but it cannot replace its implementation in the real school environment. Moreover, we also create the suggestion for the realization of effective online pedagogical communication.<\/p>\t\t\t\t\t\t\t\t<\/div>\n\t\t\t\t<\/div>\n\t\t\t\t\t<\/div>\n\t\t<\/div>\n\t\t\t\t\t<\/div>\n\t\t<\/section>\n\t\t\t\t\t<\/div>\n\t\t<\/div>\n\t\t\t\t\t<\/div>\n\t\t<\/section>\n\t\t\t\t<\/div>\n\t\t","protected":false},"excerpt":{"rendered":"<p>VYBRAN\u00c9 ASPEKTY PEDAGOGICKEJ KOMUNIK\u00c1CIE V EDUKA\u010cNEJ REALITE Summary Pedagogical communication is a part of educational process. For this reason, we analysed the selected characteristics of pedagogical communication. The content of presented educational material will provide efficient participation of its reader in the process of pedagogical communication at the school environment. In the presented textbook, we [&hellip;]<\/p>\n","protected":false},"author":3,"featured_media":0,"parent":0,"menu_order":0,"comment_status":"closed","ping_status":"closed","template":"","meta":{"footnotes":""},"class_list":["post-1148","page","type-page","status-publish","hentry"],"_links":{"self":[{"href":"https:\/\/e-ucebnice.ff.ucm.sk\/index.php\/wp-json\/wp\/v2\/pages\/1148","targetHints":{"allow":["GET"]}}],"collection":[{"href":"https:\/\/e-ucebnice.ff.ucm.sk\/index.php\/wp-json\/wp\/v2\/pages"}],"about":[{"href":"https:\/\/e-ucebnice.ff.ucm.sk\/index.php\/wp-json\/wp\/v2\/types\/page"}],"author":[{"embeddable":true,"href":"https:\/\/e-ucebnice.ff.ucm.sk\/index.php\/wp-json\/wp\/v2\/users\/3"}],"replies":[{"embeddable":true,"href":"https:\/\/e-ucebnice.ff.ucm.sk\/index.php\/wp-json\/wp\/v2\/comments?post=1148"}],"version-history":[{"count":7,"href":"https:\/\/e-ucebnice.ff.ucm.sk\/index.php\/wp-json\/wp\/v2\/pages\/1148\/revisions"}],"predecessor-version":[{"id":1304,"href":"https:\/\/e-ucebnice.ff.ucm.sk\/index.php\/wp-json\/wp\/v2\/pages\/1148\/revisions\/1304"}],"wp:attachment":[{"href":"https:\/\/e-ucebnice.ff.ucm.sk\/index.php\/wp-json\/wp\/v2\/media?parent=1148"}],"curies":[{"name":"wp","href":"https:\/\/api.w.org\/{rel}","templated":true}]}}