{"id":12218,"date":"2025-10-30T11:38:16","date_gmt":"2025-10-30T10:38:16","guid":{"rendered":"https:\/\/e-ucebnice.ff.ucm.sk\/?page_id=12218"},"modified":"2025-11-05T12:39:38","modified_gmt":"2025-11-05T11:39:38","slug":"statistika-prakticky-13","status":"publish","type":"page","link":"https:\/\/e-ucebnice.ff.ucm.sk\/index.php\/statistika-prakticky-13\/","title":{"rendered":"Statistika-prakticky-13"},"content":{"rendered":"\t\t<div data-elementor-type=\"wp-page\" data-elementor-id=\"12218\" class=\"elementor elementor-12218\" data-elementor-post-type=\"page\">\n\t\t\t\t\t\t<section class=\"elementor-section elementor-top-section elementor-element elementor-element-6f672ed elementor-section-height-min-height elementor-section-boxed elementor-section-height-default elementor-section-items-middle\" data-id=\"6f672ed\" data-element_type=\"section\" data-settings=\"{&quot;background_background&quot;:&quot;classic&quot;}\">\n\t\t\t\t\t\t\t<div class=\"elementor-background-overlay\"><\/div>\n\t\t\t\t\t\t\t<div class=\"elementor-container elementor-column-gap-default\">\n\t\t\t\t\t<div class=\"elementor-column elementor-col-100 elementor-top-column elementor-element elementor-element-bbeb470\" data-id=\"bbeb470\" data-element_type=\"column\">\n\t\t\t<div class=\"elementor-widget-wrap elementor-element-populated\">\n\t\t\t\t\t\t<div class=\"elementor-element elementor-element-d82f1ef elementor-widget elementor-widget-heading\" data-id=\"d82f1ef\" data-element_type=\"widget\" data-widget_type=\"heading.default\">\n\t\t\t\t<div class=\"elementor-widget-container\">\n\t\t\t\t\t<h1 class=\"elementor-heading-title elementor-size-default\">\u0160TATISTIKA PRAKTICKY (NIELEN) V Z\u00c1VERE\u010cN\u00ddCH PR\u00c1CACH<\/h1>\t\t\t\t<\/div>\n\t\t\t\t<\/div>\n\t\t\t\t\t<\/div>\n\t\t<\/div>\n\t\t\t\t\t<\/div>\n\t\t<\/section>\n\t\t\t\t<section class=\"elementor-section elementor-top-section elementor-element elementor-element-2858d6f elementor-section-boxed elementor-section-height-default elementor-section-height-default\" data-id=\"2858d6f\" data-element_type=\"section\">\n\t\t\t\t\t\t<div class=\"elementor-container elementor-column-gap-default\">\n\t\t\t\t\t<div class=\"elementor-column elementor-col-100 elementor-top-column elementor-element elementor-element-e63bd34\" data-id=\"e63bd34\" data-element_type=\"column\">\n\t\t\t<div class=\"elementor-widget-wrap elementor-element-populated\">\n\t\t\t\t\t\t<section class=\"elementor-section elementor-inner-section elementor-element elementor-element-0b79421 elementor-section-boxed elementor-section-height-default elementor-section-height-default\" data-id=\"0b79421\" data-element_type=\"section\">\n\t\t\t\t\t\t<div class=\"elementor-container elementor-column-gap-default\">\n\t\t\t\t\t<div class=\"elementor-column elementor-col-100 elementor-inner-column elementor-element elementor-element-bb0ded5\" data-id=\"bb0ded5\" data-element_type=\"column\">\n\t\t\t<div class=\"elementor-widget-wrap elementor-element-populated\">\n\t\t\t\t\t\t<div class=\"elementor-element elementor-element-759b076 elementor-widget elementor-widget-heading\" data-id=\"759b076\" data-element_type=\"widget\" data-widget_type=\"heading.default\">\n\t\t\t\t<div class=\"elementor-widget-container\">\n\t\t\t\t\t<h3 class=\"elementor-heading-title elementor-size-default\">BIBLIOGRAFIA<\/h3>\t\t\t\t<\/div>\n\t\t\t\t<\/div>\n\t\t\t\t<div class=\"elementor-element elementor-element-5aa9d5d elementor-widget elementor-widget-text-editor\" data-id=\"5aa9d5d\" data-element_type=\"widget\" data-widget_type=\"text-editor.default\">\n\t\t\t\t<div class=\"elementor-widget-container\">\n\t\t\t\t\t\t\t\t\t<div style=\"font-size: 16px; line-height: 1.6; color: #333;\">\n<ul style=\"list-style-type: none; padding-left: 0; margin: 0;\">\n  <li>ALMA\u0160IOV\u00c1, A. &amp; KOH\u00daTOV\u00c1, K. (2016). <i>\u0160tatistick\u00e9 spracovanie d\u00e1t soci\u00e1lneho v\u00fdskumu v programe SPSS.<\/i> Ru\u017eomberok: Verbum.<\/li>\n  <li>\u010c\u00c1P, J. &amp; BOSCHEK, P. (1994). <i>Dotazn\u00edk na zis\u0165ovanie sp\u00f4sobu v\u00fdchovy v rodine.<\/i> Psychodiagnostika, Bratislava.<\/li>\n  <li>COHEN, J. (1994). <i>The Earth is around (p &lt; 0,05).<\/i> American Psychologist. 49, 997\u20131003.<\/li>\n  <li>COOLICAN, H. (2014). <i>Research methods and Statistics in Psychology.<\/i> 6th ed. East Sussex: Psychology Press.<\/li>\n  <li>DANCEY, CH., REIDY, J. (2011). <i>Statistics without Maths for Psychology.<\/i> 5th ed. Harlow Essex: Pearson Education Limited.<\/li>\n  <li>FERJEN\u010c\u00cdK, J. (2000). <i>\u00davod do metodol\u00f3gie psychologick\u00e9ho v\u00fdskumu.<\/i> Praha: Port\u00e1l.<\/li>\n  <li>FERJEN\u010c\u00cdK, J. (2009). <i>Z\u00e1klady \u0161tatistick\u00fdch met\u00f3d v soci\u00e1lnych ved\u00e1ch.<\/i> Ko\u0161ice: UPJ\u0160.<\/li>\n  <li>GAVORA, P. a kol. (2010). <i>Elektronick\u00e1 u\u010debnica pedagogick\u00e9ho v\u00fdskumu.<\/i> (online). Bratislava: UK.<\/li>\n  <li>HALAMA, P. (2011). <i>Princ\u00edpy psychologickej diagnostiky.<\/i> Trnava: Trnavsk\u00e1 univerzita, FF.<\/li>\n  <li>HAVRLENTOV\u00c1, D. (2015). <i>Ako p\u00edsa\u0165 a prezentova\u0165 z\u00e1vere\u010dn\u00e9 pr\u00e1ce.<\/i> Trnava: UCM.<\/li>\n  <li>HOWELL, D.C. (2010). <i>Statistical Methods for Psychology.<\/i> Belmont: Wadsworth Cengage Learning.<\/li>\n  <li>KELLEY, P. (2016). <i>Documents that Changed the World: Sir Ronald Fisher defines \u2018statistical significance,\u2019 1925.<\/i> UW NEWS. Z\u00edskan\u00e9 12. novembra 2019 z: <a href=\"https:\/\/www.washington.edu\/news\/2016\/12\/21\/documents-that-changed-the-world-sir-ronald-fisher-defines-statistical-significance-1925\/\" target=\"_blank\">https:\/\/www.washington.edu\/news\/2016\/12\/21\/documents-that-changed-the-world-sir-ronald-fisher-defines-statistical-significance-1925\/<\/a><\/li>\n  <li>LAJ\u010cIAKOV\u00c1, P. &amp; TABA\u010cKOV\u00c1, K. (2010). <i>Ako spracova\u0165 v\u00fdskum. Manu\u00e1l pre \u0161tudentov psychol\u00f3gie.<\/i> Ru\u017eomberok: Verbum.<\/li>\n  <li>MCQUEEN, R. &amp; KNUSSEN, CH. (2013). <i>Introduction to Research Methods and Statistics in Psychology: A practical guide for the undergraduate researcher.<\/i> 2nd ed. Harlow Essex: Pearson Education Limited.<\/li>\n  <li>RIMAR\u010c\u00cdK, M. (2007). <i>Statistika pre prax.<\/i> Vydanie n\u00e1kladom vlastn\u00fdm.<\/li>\n  <li>RITOMSK\u00dd, A. (2004). <i>Metodol\u00f3gia soci\u00e1lnopsychologick\u00e9ho v\u00fdskumu.<\/i> In: KOLL\u00c1RIK, T. a kol. (Eds.), <i>Soci\u00e1lna psychol\u00f3gia.<\/i> Bratislava: UK (s. 53\u201372).<\/li>\n  <li>RABU\u0160IC, L., SOUKUP, P., MARE\u0160, P. (2019). <i>Statistick\u00e1 anal\u00fdza soci\u00e1ln\u011bv\u011bdn\u00edch dat (prost\u0159ednictv\u00edm SPSS).<\/i> Masarykova univerzita.<\/li>\n  <li>RAJ\u010c\u00c1NI, J., KA\u010cM\u00c1R, P., BAVO\u013d\u00c1R, J. a kol. (2024). <i>\u0160tatistika pre reprodukovate\u013en\u00fd v\u00fdskum v spolo\u010densk\u00fdch ved\u00e1ch.<\/i> Bratislava: UK.<\/li>\n  <li>RUISEL, I. &amp; HALAMA, P. (2007). <i>NEO \u2013 p\u00e4\u0165faktorov\u00fd osobnostn\u00fd invent\u00e1r.<\/i> 1. slovensk\u00e9 vydanie. Praha: Testcentrum-Hogrefe.<\/li>\n  <li>\u0158EH\u00c1K, J. (1978). <i>K pojmu \u201ereprezentativita\u201c v sociologick\u00fdch v\u00fdzkumech.<\/i> Sociologick\u00fd \u010dasopis. 14(5), s. 489\u2013507.<\/li>\n  <li>\u0158\u00cd\u010cAN, P. (1980). <i>\u00davod do psychometrie.<\/i> Bratislava: Psychodiagnostick\u00e9 a Didaktick\u00e9 Testy. Druh\u00e9 vydanie.<\/li>\n  <li>SOLL\u00c1R, T. &amp; RITOMSK\u00dd, A. (2002). <i>Aplik\u00e1cia \u0161tatistiky v soci\u00e1lnom v\u00fdskume.<\/i> Nitra: UKF, 155 s., ISBN: 80-8050-508-2.<\/li>\n  <li>TOM\u0160\u00cdK, R. (2017). <i>Kvantitat\u00edvny v\u00fdskum v pedagogick\u00fdch ved\u00e1ch. \u00davod do metodol\u00f3gie a \u0161tatistick\u00e9ho spracovania.<\/i> Nitra: UKF, 508 s.<\/li>\n  <li>URB\u00c1NEK, T. (2002). <i>Z\u00e1klady psychometriky.<\/i> Brno: Masarykova univerzita.<\/li>\n  <li>URB\u00c1NEK, T., DENGLEROV\u00c1, D. &amp; \u0160IR\u016e\u010cEK, J. (2011). <i>Psychometrika. M\u011b\u0159en\u00ed v psychologii.<\/i> Praha: Port\u00e1l.<\/li>\n  <li>WALKER, I. (2010). <i>V\u00fdzkumn\u00e9 metody a statistika.<\/i> Praha: Grada Publishing.<\/li>\n<\/ul>\n<\/div>\t\t\t\t\t\t\t\t<\/div>\n\t\t\t\t<\/div>\n\t\t\t\t\t<\/div>\n\t\t<\/div>\n\t\t\t\t\t<\/div>\n\t\t<\/section>\n\t\t\t\t\t<\/div>\n\t\t<\/div>\n\t\t\t\t\t<\/div>\n\t\t<\/section>\n\t\t\t\t<\/div>\n\t\t","protected":false},"excerpt":{"rendered":"<p>\u0160TATISTIKA PRAKTICKY (NIELEN) V Z\u00c1VERE\u010cN\u00ddCH PR\u00c1CACH BIBLIOGRAFIA ALMA\u0160IOV\u00c1, A. &amp; KOH\u00daTOV\u00c1, K. (2016). \u0160tatistick\u00e9 spracovanie d\u00e1t soci\u00e1lneho v\u00fdskumu v programe SPSS. Ru\u017eomberok: Verbum. \u010c\u00c1P, J. &amp; BOSCHEK, P. (1994). Dotazn\u00edk na zis\u0165ovanie sp\u00f4sobu v\u00fdchovy v rodine. Psychodiagnostika, Bratislava. COHEN, J. (1994). The Earth is around (p &lt; 0,05). American Psychologist. 49, 997\u20131003. COOLICAN, H. (2014). [&hellip;]<\/p>\n","protected":false},"author":3,"featured_media":0,"parent":0,"menu_order":0,"comment_status":"closed","ping_status":"closed","template":"","meta":{"footnotes":""},"class_list":["post-12218","page","type-page","status-publish","hentry"],"_links":{"self":[{"href":"https:\/\/e-ucebnice.ff.ucm.sk\/index.php\/wp-json\/wp\/v2\/pages\/12218","targetHints":{"allow":["GET"]}}],"collection":[{"href":"https:\/\/e-ucebnice.ff.ucm.sk\/index.php\/wp-json\/wp\/v2\/pages"}],"about":[{"href":"https:\/\/e-ucebnice.ff.ucm.sk\/index.php\/wp-json\/wp\/v2\/types\/page"}],"author":[{"embeddable":true,"href":"https:\/\/e-ucebnice.ff.ucm.sk\/index.php\/wp-json\/wp\/v2\/users\/3"}],"replies":[{"embeddable":true,"href":"https:\/\/e-ucebnice.ff.ucm.sk\/index.php\/wp-json\/wp\/v2\/comments?post=12218"}],"version-history":[{"count":10,"href":"https:\/\/e-ucebnice.ff.ucm.sk\/index.php\/wp-json\/wp\/v2\/pages\/12218\/revisions"}],"predecessor-version":[{"id":12355,"href":"https:\/\/e-ucebnice.ff.ucm.sk\/index.php\/wp-json\/wp\/v2\/pages\/12218\/revisions\/12355"}],"wp:attachment":[{"href":"https:\/\/e-ucebnice.ff.ucm.sk\/index.php\/wp-json\/wp\/v2\/media?parent=12218"}],"curies":[{"name":"wp","href":"https:\/\/api.w.org\/{rel}","templated":true}]}}