{"id":12228,"date":"2025-10-30T13:01:30","date_gmt":"2025-10-30T12:01:30","guid":{"rendered":"https:\/\/e-ucebnice.ff.ucm.sk\/?page_id=12228"},"modified":"2025-11-05T12:40:08","modified_gmt":"2025-11-05T11:40:08","slug":"statistika-prakticky-14","status":"publish","type":"page","link":"https:\/\/e-ucebnice.ff.ucm.sk\/index.php\/statistika-prakticky-14\/","title":{"rendered":"Statistika-prakticky-14"},"content":{"rendered":"\t\t<div data-elementor-type=\"wp-page\" data-elementor-id=\"12228\" class=\"elementor elementor-12228\" data-elementor-post-type=\"page\">\n\t\t\t\t\t\t<section class=\"elementor-section elementor-top-section elementor-element elementor-element-6f672ed elementor-section-height-min-height elementor-section-boxed elementor-section-height-default elementor-section-items-middle\" data-id=\"6f672ed\" data-element_type=\"section\" data-settings=\"{&quot;background_background&quot;:&quot;classic&quot;}\">\n\t\t\t\t\t\t\t<div class=\"elementor-background-overlay\"><\/div>\n\t\t\t\t\t\t\t<div class=\"elementor-container elementor-column-gap-default\">\n\t\t\t\t\t<div class=\"elementor-column elementor-col-100 elementor-top-column elementor-element elementor-element-bbeb470\" data-id=\"bbeb470\" data-element_type=\"column\">\n\t\t\t<div class=\"elementor-widget-wrap elementor-element-populated\">\n\t\t\t\t\t\t<div class=\"elementor-element elementor-element-d82f1ef elementor-widget elementor-widget-heading\" data-id=\"d82f1ef\" data-element_type=\"widget\" data-widget_type=\"heading.default\">\n\t\t\t\t<div class=\"elementor-widget-container\">\n\t\t\t\t\t<h1 class=\"elementor-heading-title elementor-size-default\">\u0160TATISTIKA PRAKTICKY (NIELEN) V Z\u00c1VERE\u010cN\u00ddCH PR\u00c1CACH<\/h1>\t\t\t\t<\/div>\n\t\t\t\t<\/div>\n\t\t\t\t\t<\/div>\n\t\t<\/div>\n\t\t\t\t\t<\/div>\n\t\t<\/section>\n\t\t\t\t<section class=\"elementor-section elementor-top-section elementor-element elementor-element-2858d6f elementor-section-boxed elementor-section-height-default elementor-section-height-default\" data-id=\"2858d6f\" data-element_type=\"section\">\n\t\t\t\t\t\t<div class=\"elementor-container elementor-column-gap-default\">\n\t\t\t\t\t<div class=\"elementor-column elementor-col-100 elementor-top-column elementor-element elementor-element-e63bd34\" data-id=\"e63bd34\" data-element_type=\"column\">\n\t\t\t<div class=\"elementor-widget-wrap elementor-element-populated\">\n\t\t\t\t\t\t<section class=\"elementor-section elementor-inner-section elementor-element elementor-element-0b79421 elementor-section-boxed elementor-section-height-default elementor-section-height-default\" data-id=\"0b79421\" data-element_type=\"section\">\n\t\t\t\t\t\t<div class=\"elementor-container elementor-column-gap-default\">\n\t\t\t\t\t<div class=\"elementor-column elementor-col-100 elementor-inner-column elementor-element elementor-element-bb0ded5\" data-id=\"bb0ded5\" data-element_type=\"column\">\n\t\t\t<div class=\"elementor-widget-wrap elementor-element-populated\">\n\t\t\t\t\t\t<div class=\"elementor-element elementor-element-759b076 elementor-widget elementor-widget-heading\" data-id=\"759b076\" data-element_type=\"widget\" data-widget_type=\"heading.default\">\n\t\t\t\t<div class=\"elementor-widget-container\">\n\t\t\t\t\t<h3 class=\"elementor-heading-title elementor-size-default\">PR\u00cdLOHY<\/h3>\t\t\t\t<\/div>\n\t\t\t\t<\/div>\n\t\t\t\t\t<\/div>\n\t\t<\/div>\n\t\t\t\t\t<\/div>\n\t\t<\/section>\n\t\t\t\t<section class=\"elementor-section elementor-inner-section elementor-element elementor-element-f3c93b5 elementor-section-boxed elementor-section-height-default elementor-section-height-default\" data-id=\"f3c93b5\" data-element_type=\"section\">\n\t\t\t\t\t\t<div class=\"elementor-container elementor-column-gap-default\">\n\t\t\t\t\t<div class=\"elementor-column elementor-col-100 elementor-inner-column elementor-element elementor-element-df41328\" data-id=\"df41328\" data-element_type=\"column\">\n\t\t\t<div class=\"elementor-widget-wrap elementor-element-populated\">\n\t\t\t\t\t\t<div class=\"elementor-element elementor-element-cb19483 elementor-widget elementor-widget-heading\" data-id=\"cb19483\" data-element_type=\"widget\" data-widget_type=\"heading.default\">\n\t\t\t\t<div class=\"elementor-widget-container\">\n\t\t\t\t\t<h3 class=\"elementor-heading-title elementor-size-default\">PR\u00cdLOHA A dopl\u0148uj\u00face pozn\u00e1mky k pr\u00edkladom<\/h3>\t\t\t\t<\/div>\n\t\t\t\t<\/div>\n\t\t\t\t<div class=\"elementor-element elementor-element-2b080f2 elementor-widget elementor-widget-text-editor\" data-id=\"2b080f2\" data-element_type=\"widget\" data-widget_type=\"text-editor.default\">\n\t\t\t\t<div class=\"elementor-widget-container\">\n\t\t\t\t\t\t\t\t\t<p><u>Pr\u00edklad 2:<\/u><\/p><p><strong>Testovanie normality sa rob\u00ed pr\u00edkazom:<\/strong><\/p><ul><li>ANALYSE\/ DESCRIPTIVE STATISTICS\/ EXPLORE, <strong>DEPENDENT LIST<\/strong> porovn\u00e1van\u00fa premenn\u00fa a do <strong>FACTOR LIST<\/strong> rozde\u013euj\u00facu premenn\u00fa, ktor\u00e1 definuje porovn\u00e1van\u00e9 skupiny (v tomto pr\u00edpade \u201ePohlavie\u201c). Odpor\u00fa\u010dam v mo\u017enosti \/OPTIONS e\u0161te zaklikn\u00fat <strong>Exclude Cases Pairwise<\/strong>, \/CONTINUE a \/OK.<\/li><\/ul>\t\t\t\t\t\t\t\t<\/div>\n\t\t\t\t<\/div>\n\t\t\t\t<div class=\"elementor-element elementor-element-dcfda1f elementor-widget elementor-widget-text-editor\" data-id=\"dcfda1f\" data-element_type=\"widget\" data-widget_type=\"text-editor.default\">\n\t\t\t\t<div class=\"elementor-widget-container\">\n\t\t\t\t\t\t\t\t\t<p style=\"text-align: center;\"><em>Tabu\u013eka 24 V\u00fdsledky testovania normality<\/em><\/p>\n\n<div style=\"width: 100%; background-color: white;\">\n<table style=\"width: 90%; border-collapse: collapse; background-color: white; margin-left: 30px; font-size: 16px !important;\">\n<tbody>\n<tr style=\"background-color: white;\">\n<td style=\"padding: 4px; background-color: white; border-left-style: none; border-right-style: none; border-bottom-style: none;\"><\/td>\n<td style=\"padding: 4px; background-color: white; border-left-style: none; border-right-style: none; border-bottom-style: none;\"><\/td>\n<td style=\"padding: 4px; background-color: white; border-left-style: none; border-right-style: none; border-bottom-style: none;\" colspan=\"3\">Kolmogorov-Smirnov<\/td>\n<td style=\"padding: 4px; background-color: white; border-left-style: none; border-right-style: none; border-bottom-style: none;\" colspan=\"3\">Shapiro-Wilk<\/td>\n<\/tr>\n<tr style=\"background-color: white;\">\n<td style=\"padding: 4px; background-color: white; border-top-style: none; border-right-style: none; border-left-style: none;\"><\/td>\n<td style=\"padding: 4px; background-color: white; border-top-style: none; border-right-style: none; border-left-style: none;\">Pohlavie<\/td>\n<td style=\"padding: 4px; background-color: white; none; border-left-style: none; border-right-style: none;\"><em>Statistic<\/em><\/td>\n<td style=\"padding: 4px; background-color: white; border-left-style: none; border-right-style: none;\"><em>df<\/em><\/td>\n<td style=\"padding: 4px; background-color: white; border-left-style: none; border-right-style: none;\"><em>Sig.<\/em><\/td>\n<td style=\"padding: 4px; background-color: white; border-left-style: none; border-right-style: none;\"><em>Statistic<\/em><\/td>\n<td style=\"padding: 4px; background-color: white; border-left-style: none; border-right-style: none;\"><em>df<\/em><\/td>\n<td style=\"padding: 4px; background-color: white; border-left-style: none; border-right-style: none;\"><em>Sig.<\/em><\/td>\n<\/tr>\n<tr style=\"background-color: white;\">\n<td style=\"padding: 4px; background-color: white; border-top-style: none; border-left-style: none; border-right-style: none; border-bottom-style: none;\">Neurotizmus<\/td>\n<td style=\"padding: 4px; background-color: white; border-style: none;\">Mu\u017ei<\/td>\n<td style=\"padding: 4px; background-color: white; border-style: none;\">0,059<\/td>\n<td style=\"padding: 4px; background-color: white; border-style: none;\">919<\/td>\n<td style=\"padding: 4px; background-color: white; border-top-style: none; border-style: none;\"><strong>,000<\/strong><\/td>\n<td style=\"padding: 4px; background-color: white; border-style: none;\">0,992<\/td>\n<td style=\"padding: 4px; background-color: white; border-top-style: none; border-style: none;\">919<\/td>\n<td style=\"padding: 4px; background-color: white; border-style: none;\"><strong>,000<\/strong><\/td>\n<\/tr>\n<tr style=\"background-color: white;\">\n<td style=\"padding: 4px; background-color: white; border-top-style: none; border-left-style: none; border-right-style: none;\"><\/td>\n<td style=\"padding: 4px; background-color: white; border-top-style: none; border-left-style: none; border-right-style: none;\">\u017deny<\/td>\n<td style=\"padding: 4px; background-color: white; border-top-style: none; border-left-style: none; border-right-style: none;\">0,050<\/td>\n<td style=\"padding: 4px; background-color: white; border-top-style: none; border-left-style: none; border-right-style: none;\">1479<\/td>\n<td style=\"padding: 4px; background-color: white; border-top-style: none; border-left-style: none; border-right-style: none;\"><strong>,000<\/strong><\/td>\n<td style=\"padding: 4px; background-color: white; border-top-style: none; border-left-style: none; border-right-style: none;\">0,996<\/td>\n<td style=\"padding: 4px; background-color: white; border-top-style: none; border-left-style: none; border-right-style: none;\">1479<\/td>\n<td style=\"padding: 4px; background-color: white; border-top-style: none; border-left-style: none; border-right-style: none;\"><strong>,001<\/strong><\/td>\n<\/tr>\n<\/tbody>\n<\/table>\n<\/div>\t\t\t\t\t\t\t\t<\/div>\n\t\t\t\t<\/div>\n\t\t\t\t\t<\/div>\n\t\t<\/div>\n\t\t\t\t\t<\/div>\n\t\t<\/section>\n\t\t\t\t<div class=\"elementor-element elementor-element-7f4c8e3 elementor-widget elementor-widget-text-editor\" data-id=\"7f4c8e3\" data-element_type=\"widget\" data-widget_type=\"text-editor.default\">\n\t\t\t\t<div class=\"elementor-widget-container\">\n\t\t\t\t\t\t\t\t\t<p><u>Pr\u00edklad 6:<\/u><\/p><p><strong>Select Cases:<\/strong><br \/>Postup:<\/p><ul><li style=\"text-align: justify;\">SPSS\/ DATA\/ SELECT CASES\/ za\u0161krtn\u00fa\u0165 <strong>IF CONDITION IS SATISFIED <\/strong>a rozklikn\u00fa\u0165 \/<strong>IF<\/strong> \u2013 tam zad\u00e1vame podmienku, pod\u013ea ktorej n\u00e1m program do \u010fal\u0161ieho spracovania zahrnie len tie pr\u00edpady, ktor\u00e9 vyhovuj\u00fa. V tomto pr\u00edpade chceme zahrn\u00fa\u0165 hodnoty premennej \u201cTyp \u0161koly\u201d (vlo\u017e\u00edme ju do okna) vo vari\u00e1cii hodn\u00f4t 1, 2 a 3. Hodnoty Typ \u0161koly teda musia by\u0165 viac ako 0, a z\u00e1rove\u0148 menej ako 4, do riadku to zad\u00e1me takto:<br \/><strong>\u201eschool_type &lt; 4 &amp; school_type &gt; 0\u201c<\/strong><\/li><\/ul>\t\t\t\t\t\t\t\t<\/div>\n\t\t\t\t<\/div>\n\t\t\t\t\t<\/div>\n\t\t<\/div>\n\t\t\t\t\t<\/div>\n\t\t<\/section>\n\t\t\t\t<\/div>\n\t\t","protected":false},"excerpt":{"rendered":"<p>\u0160TATISTIKA PRAKTICKY (NIELEN) V Z\u00c1VERE\u010cN\u00ddCH PR\u00c1CACH PR\u00cdLOHY PR\u00cdLOHA A dopl\u0148uj\u00face pozn\u00e1mky k pr\u00edkladom Pr\u00edklad 2: Testovanie normality sa rob\u00ed pr\u00edkazom: ANALYSE\/ DESCRIPTIVE STATISTICS\/ EXPLORE, DEPENDENT LIST porovn\u00e1van\u00fa premenn\u00fa a do FACTOR LIST rozde\u013euj\u00facu premenn\u00fa, ktor\u00e1 definuje porovn\u00e1van\u00e9 skupiny (v tomto pr\u00edpade \u201ePohlavie\u201c). Odpor\u00fa\u010dam v mo\u017enosti \/OPTIONS e\u0161te zaklikn\u00fat Exclude Cases Pairwise, \/CONTINUE a \/OK. Tabu\u013eka [&hellip;]<\/p>\n","protected":false},"author":3,"featured_media":0,"parent":0,"menu_order":0,"comment_status":"closed","ping_status":"closed","template":"","meta":{"footnotes":""},"class_list":["post-12228","page","type-page","status-publish","hentry"],"_links":{"self":[{"href":"https:\/\/e-ucebnice.ff.ucm.sk\/index.php\/wp-json\/wp\/v2\/pages\/12228","targetHints":{"allow":["GET"]}}],"collection":[{"href":"https:\/\/e-ucebnice.ff.ucm.sk\/index.php\/wp-json\/wp\/v2\/pages"}],"about":[{"href":"https:\/\/e-ucebnice.ff.ucm.sk\/index.php\/wp-json\/wp\/v2\/types\/page"}],"author":[{"embeddable":true,"href":"https:\/\/e-ucebnice.ff.ucm.sk\/index.php\/wp-json\/wp\/v2\/users\/3"}],"replies":[{"embeddable":true,"href":"https:\/\/e-ucebnice.ff.ucm.sk\/index.php\/wp-json\/wp\/v2\/comments?post=12228"}],"version-history":[{"count":25,"href":"https:\/\/e-ucebnice.ff.ucm.sk\/index.php\/wp-json\/wp\/v2\/pages\/12228\/revisions"}],"predecessor-version":[{"id":12358,"href":"https:\/\/e-ucebnice.ff.ucm.sk\/index.php\/wp-json\/wp\/v2\/pages\/12228\/revisions\/12358"}],"wp:attachment":[{"href":"https:\/\/e-ucebnice.ff.ucm.sk\/index.php\/wp-json\/wp\/v2\/media?parent=12228"}],"curies":[{"name":"wp","href":"https:\/\/api.w.org\/{rel}","templated":true}]}}