{"id":12255,"date":"2025-10-30T13:41:16","date_gmt":"2025-10-30T12:41:16","guid":{"rendered":"https:\/\/e-ucebnice.ff.ucm.sk\/?page_id=12255"},"modified":"2025-11-11T09:18:24","modified_gmt":"2025-11-11T08:18:24","slug":"statistika-prakticky-autor","status":"publish","type":"page","link":"https:\/\/e-ucebnice.ff.ucm.sk\/index.php\/statistika-prakticky-autor\/","title":{"rendered":"Statistika-prakticky-Autor"},"content":{"rendered":"\t\t<div data-elementor-type=\"wp-page\" data-elementor-id=\"12255\" class=\"elementor elementor-12255\" data-elementor-post-type=\"page\">\n\t\t\t\t\t\t<section class=\"elementor-section elementor-top-section elementor-element elementor-element-fb63648 elementor-section-height-min-height elementor-section-boxed elementor-section-height-default elementor-section-items-middle\" data-id=\"fb63648\" data-element_type=\"section\" data-settings=\"{&quot;background_background&quot;:&quot;classic&quot;}\">\n\t\t\t\t\t\t\t<div class=\"elementor-background-overlay\"><\/div>\n\t\t\t\t\t\t\t<div class=\"elementor-container elementor-column-gap-default\">\n\t\t\t\t\t<div class=\"elementor-column elementor-col-100 elementor-top-column elementor-element elementor-element-8ffb298\" data-id=\"8ffb298\" data-element_type=\"column\">\n\t\t\t<div class=\"elementor-widget-wrap elementor-element-populated\">\n\t\t\t\t\t\t<div class=\"elementor-element elementor-element-5156448 elementor-widget elementor-widget-heading\" data-id=\"5156448\" data-element_type=\"widget\" data-widget_type=\"heading.default\">\n\t\t\t\t<div class=\"elementor-widget-container\">\n\t\t\t\t\t<h1 class=\"elementor-heading-title elementor-size-default\">\u0160TATISTIKA PRAKTICKY (NIELEN) V Z\u00c1VERE\u010cN\u00ddCH PR\u00c1CACH<\/h1>\t\t\t\t<\/div>\n\t\t\t\t<\/div>\n\t\t\t\t\t<\/div>\n\t\t<\/div>\n\t\t\t\t\t<\/div>\n\t\t<\/section>\n\t\t\t\t<section class=\"elementor-section elementor-top-section elementor-element elementor-element-e930455 elementor-section-boxed elementor-section-height-default elementor-section-height-default\" data-id=\"e930455\" data-element_type=\"section\">\n\t\t\t\t\t\t<div class=\"elementor-container elementor-column-gap-default\">\n\t\t\t\t\t<div class=\"elementor-column elementor-col-50 elementor-top-column elementor-element elementor-element-f8f7874\" data-id=\"f8f7874\" data-element_type=\"column\">\n\t\t\t<div class=\"elementor-widget-wrap elementor-element-populated\">\n\t\t\t\t\t\t<div class=\"elementor-element elementor-element-6492a57 animated-fast elementor-invisible elementor-widget elementor-widget-heading\" data-id=\"6492a57\" data-element_type=\"widget\" data-settings=\"{&quot;_animation&quot;:&quot;fadeIn&quot;}\" data-widget_type=\"heading.default\">\n\t\t\t\t<div class=\"elementor-widget-container\">\n\t\t\t\t\t<h1 class=\"elementor-heading-title elementor-size-default\"> Mgr. et. Bc. Zuzana Rojkov\u00e1, PhD., univ. doc.<\/h1>\t\t\t\t<\/div>\n\t\t\t\t<\/div>\n\t\t\t\t<div class=\"elementor-element elementor-element-067790e elementor-widget__width-auto elementor-view-default elementor-widget elementor-widget-icon\" data-id=\"067790e\" data-element_type=\"widget\" data-widget_type=\"icon.default\">\n\t\t\t\t<div class=\"elementor-widget-container\">\n\t\t\t\t\t\t\t<div class=\"elementor-icon-wrapper\">\n\t\t\t<div class=\"elementor-icon\">\n\t\t\t<i aria-hidden=\"true\" class=\"far fa-envelope\"><\/i>\t\t\t<\/div>\n\t\t<\/div>\n\t\t\t\t\t\t<\/div>\n\t\t\t\t<\/div>\n\t\t\t\t<div class=\"elementor-element elementor-element-dfb8242 elementor-widget__width-auto elementor-widget elementor-widget-heading\" data-id=\"dfb8242\" data-element_type=\"widget\" data-widget_type=\"heading.default\">\n\t\t\t\t<div class=\"elementor-widget-container\">\n\t\t\t\t\t<h2 class=\"elementor-heading-title elementor-size-default\"><a href=\"mailto:zuzana.rojkova@ucm.sk\">zuzana.rojkova@ucm.sk<\/a><\/h2>\t\t\t\t<\/div>\n\t\t\t\t<\/div>\n\t\t\t\t<div class=\"elementor-element elementor-element-611c990 elementor-invisible elementor-widget elementor-widget-text-editor\" data-id=\"611c990\" data-element_type=\"widget\" data-settings=\"{&quot;_animation&quot;:&quot;fadeIn&quot;}\" data-widget_type=\"text-editor.default\">\n\t\t\t\t<div class=\"elementor-widget-container\">\n\t\t\t\t\t\t\t\t\t<p>Mgr. et Bc. Zuzana Rojkov\u00e1, PhD. p\u00f4sob\u00ed na Katedre psychol\u00f3gie Filozofickej fakulty UCM v Trnave od roku 2012, od 2021 na funk\u010dnom mieste docent.<\/p><p>Titul PhD. z\u00edskala v roku 2010 na Fakulte soci\u00e1lnych vied UKF v Nitre (odbor Pedagogick\u00e1, poradensk\u00e1 a \u0161kolsk\u00e1 psychol\u00f3gia). Jej pedagogick\u00fd profil zah\u0155\u0148a v\u00fdu\u010dbu metodick\u00fdch a \u0161tatistick\u00fdch predmetov.<\/p><p>Medzi jej v\u00fdskumn\u00e9 z\u00e1ujmy patr\u00ed v\u00fdskum rizikov\u00e9ho spr\u00e1vania u dospievaj\u00facich, drogov\u00e9ho spr\u00e1vania, hudobnej psychol\u00f3gie a sk\u00famanie s\u00favislosti medzi pou\u017e\u00edvan\u00edm m\u00e9di\u00ed a rizikov\u00fdm spr\u00e1van\u00edm a kvalitou \u017eivota a pohody. Je autorkou konceptu a n\u00e1stroja na meranie situa\u010dno-motiva\u010dn\u00fdch faktorov alkoholick\u00e9ho spr\u00e1vania a faj\u010denia.<\/p><p>V s\u00fa\u010dasnosti je spolurie\u0161ite\u013ekou projektov sk\u00famaj\u00facich sebapo\u0161kodzovanie v dospievan\u00ed a psychologick\u00e9 aspekty tetanick\u00e9ho syndr\u00f3mu.<\/p>\t\t\t\t\t\t\t\t<\/div>\n\t\t\t\t<\/div>\n\t\t\t\t\t<\/div>\n\t\t<\/div>\n\t\t\t\t<div class=\"elementor-column elementor-col-50 elementor-top-column elementor-element elementor-element-2aa8dc5\" data-id=\"2aa8dc5\" data-element_type=\"column\">\n\t\t\t<div class=\"elementor-widget-wrap elementor-element-populated\">\n\t\t\t\t\t\t\t<\/div>\n\t\t<\/div>\n\t\t\t\t\t<\/div>\n\t\t<\/section>\n\t\t\t\t<section class=\"elementor-section elementor-top-section elementor-element elementor-element-b84f482 elementor-section-boxed elementor-section-height-default elementor-section-height-default\" data-id=\"b84f482\" data-element_type=\"section\">\n\t\t\t\t\t\t<div class=\"elementor-container elementor-column-gap-default\">\n\t\t\t\t\t<div class=\"elementor-column elementor-col-50 elementor-top-column elementor-element elementor-element-8eb5298\" data-id=\"8eb5298\" data-element_type=\"column\">\n\t\t\t<div class=\"elementor-widget-wrap elementor-element-populated\">\n\t\t\t\t\t\t<div class=\"elementor-element elementor-element-e74c5ed animated-fast elementor-invisible elementor-widget elementor-widget-heading\" data-id=\"e74c5ed\" data-element_type=\"widget\" data-settings=\"{&quot;_animation&quot;:&quot;fadeIn&quot;}\" data-widget_type=\"heading.default\">\n\t\t\t\t<div class=\"elementor-widget-container\">\n\t\t\t\t\t<h1 class=\"elementor-heading-title elementor-size-default\">Mgr. Marta G\u00f3rna, PhD.<\/h1>\t\t\t\t<\/div>\n\t\t\t\t<\/div>\n\t\t\t\t<div class=\"elementor-element elementor-element-17b6600 elementor-widget__width-auto elementor-view-default elementor-widget elementor-widget-icon\" data-id=\"17b6600\" data-element_type=\"widget\" data-widget_type=\"icon.default\">\n\t\t\t\t<div class=\"elementor-widget-container\">\n\t\t\t\t\t\t\t<div class=\"elementor-icon-wrapper\">\n\t\t\t<div class=\"elementor-icon\">\n\t\t\t<i aria-hidden=\"true\" class=\"far fa-envelope\"><\/i>\t\t\t<\/div>\n\t\t<\/div>\n\t\t\t\t\t\t<\/div>\n\t\t\t\t<\/div>\n\t\t\t\t<div class=\"elementor-element elementor-element-d291b19 elementor-widget__width-auto elementor-widget elementor-widget-heading\" data-id=\"d291b19\" data-element_type=\"widget\" data-widget_type=\"heading.default\">\n\t\t\t\t<div class=\"elementor-widget-container\">\n\t\t\t\t\t<h2 class=\"elementor-heading-title elementor-size-default\"><a href=\"mailto:marta.gorna@ucm.sk\">marta.gorna@ucm.sk<\/a><\/h2>\t\t\t\t<\/div>\n\t\t\t\t<\/div>\n\t\t\t\t<div class=\"elementor-element elementor-element-bf29090 elementor-invisible elementor-widget elementor-widget-text-editor\" data-id=\"bf29090\" data-element_type=\"widget\" data-settings=\"{&quot;_animation&quot;:&quot;fadeIn&quot;}\" data-widget_type=\"text-editor.default\">\n\t\t\t\t<div class=\"elementor-widget-container\">\n\t\t\t\t\t\t\t\t\t<p>Mgr. Marta G\u00f3rna, PhD. z\u00edskala titul PhD. v roku 2012 na Univerzite Kon\u0161tant\u00edna Filozofa v Nitre. Od roku 2014 p\u00f4sob\u00ed na Univerzite sv. Cyrila a Metoda v Trnave, od roku 2024 na poz\u00edcii docenta.<\/p><p>Ako ved\u00faca Katedry psychol\u00f3gie sa od roku 2021 podie\u013ea na zabezpe\u010dovan\u00ed procesov katedry a od roku 2024 zodpoved\u00e1 za hlavn\u00fa zodpovednos\u0165 za kvalitu a rozvoj \u0161tudijn\u00e9ho programu v odbore Psychol\u00f3gia.<\/p><p>\u0160pecializuje sa na metodol\u00f3giu v\u00fdskumu, \u0161tatistick\u00e9 postupy aplikovan\u00e9 v psychol\u00f3gii a psychometriku. Je autorkou vedeck\u00fdch monografi\u00ed a vysoko\u0161kolsk\u00fdch u\u010debn\u00edc so zameran\u00edm na psychometriku a \u0161tatistiku.<\/p><p>V s\u00fa\u010dasnosti sa zaober\u00e1 problematikou psychologick\u00fdch korel\u00e1tov tetanick\u00e9ho syndr\u00f3mu v r\u00e1mci projektu VEGA, v ktorom je ved\u00facim projektu.<\/p>\t\t\t\t\t\t\t\t<\/div>\n\t\t\t\t<\/div>\n\t\t\t\t\t<\/div>\n\t\t<\/div>\n\t\t\t\t<div class=\"elementor-column elementor-col-50 elementor-top-column elementor-element elementor-element-9f94e5b\" data-id=\"9f94e5b\" data-element_type=\"column\">\n\t\t\t<div class=\"elementor-widget-wrap elementor-element-populated\">\n\t\t\t\t\t\t\t<\/div>\n\t\t<\/div>\n\t\t\t\t\t<\/div>\n\t\t<\/section>\n\t\t\t\t<section class=\"elementor-section elementor-top-section elementor-element elementor-element-00fbd15 elementor-section-boxed elementor-section-height-default elementor-section-height-default\" data-id=\"00fbd15\" data-element_type=\"section\">\n\t\t\t\t\t\t<div class=\"elementor-container elementor-column-gap-default\">\n\t\t\t\t\t<div class=\"elementor-column elementor-col-50 elementor-top-column elementor-element elementor-element-aed23eb\" data-id=\"aed23eb\" data-element_type=\"column\">\n\t\t\t<div class=\"elementor-widget-wrap elementor-element-populated\">\n\t\t\t\t\t\t<div class=\"elementor-element elementor-element-db8b7b3 animated-fast elementor-invisible elementor-widget elementor-widget-heading\" data-id=\"db8b7b3\" data-element_type=\"widget\" data-settings=\"{&quot;_animation&quot;:&quot;fadeIn&quot;}\" data-widget_type=\"heading.default\">\n\t\t\t\t<div class=\"elementor-widget-container\">\n\t\t\t\t\t<h1 class=\"elementor-heading-title elementor-size-default\">Mgr. Lenka Seleck\u00e1, PhD.<\/h1>\t\t\t\t<\/div>\n\t\t\t\t<\/div>\n\t\t\t\t<div class=\"elementor-element elementor-element-9685edb elementor-widget__width-auto elementor-view-default elementor-widget elementor-widget-icon\" data-id=\"9685edb\" data-element_type=\"widget\" data-widget_type=\"icon.default\">\n\t\t\t\t<div class=\"elementor-widget-container\">\n\t\t\t\t\t\t\t<div class=\"elementor-icon-wrapper\">\n\t\t\t<div class=\"elementor-icon\">\n\t\t\t<i aria-hidden=\"true\" class=\"far fa-envelope\"><\/i>\t\t\t<\/div>\n\t\t<\/div>\n\t\t\t\t\t\t<\/div>\n\t\t\t\t<\/div>\n\t\t\t\t<div class=\"elementor-element elementor-element-70630d1 elementor-widget__width-auto elementor-widget elementor-widget-heading\" data-id=\"70630d1\" data-element_type=\"widget\" data-widget_type=\"heading.default\">\n\t\t\t\t<div class=\"elementor-widget-container\">\n\t\t\t\t\t<h2 class=\"elementor-heading-title elementor-size-default\"><a href=\"mailto:lenka.selecka@ucm.sk\">lenka.selecka@ucm.sk<\/a><\/h2>\t\t\t\t<\/div>\n\t\t\t\t<\/div>\n\t\t\t\t<div class=\"elementor-element elementor-element-9aa9dbb elementor-invisible elementor-widget elementor-widget-text-editor\" data-id=\"9aa9dbb\" data-element_type=\"widget\" data-settings=\"{&quot;_animation&quot;:&quot;fadeIn&quot;}\" data-widget_type=\"text-editor.default\">\n\t\t\t\t<div class=\"elementor-widget-container\">\n\t\t\t\t\t\t\t\t\t<p>Mgr. Lenka Seleck\u00e1, PhD. z\u00edskala titul PhD. v roku 2013 na Univerzite Sv. Cyrila a\u00a0Metoda v\u00a0odbore Soci\u00e1lna psychol\u00f3gia a\u00a0Psychol\u00f3gia pr\u00e1ce. Od roku 2013 p\u00f4sob\u00ed na Filozofickej fakulte Univerzity sv. Cyrila a Metoda v\u00a0Trnave na poz\u00edcii odbornej asistentky.<\/p><p>\u0160pecializuje sa na kvantitat\u00edvny v\u00fdskum, \u0161tatistick\u00e9 met\u00f3dy v psychol\u00f3gii a\u00a0multivaria\u010dn\u00e9 postupy. Medzi jej v\u00fdskumn\u00e9 z\u00e1ujmy patr\u00ed v\u00fdskum v oblasti psychol\u00f3gie osobnosti, rizikov\u00e9 spr\u00e1vanie v adolescencii, kognit\u00edvne prehodnotenie kr\u00e1sy a\u00a0psychosomatick\u00e9 ochorenia.<\/p><p>Dlhodobo p\u00f4sob\u00ed v\u00a0univerzitnej psychologickej poradni.\u00a0<\/p><p>\u00a0<\/p>\t\t\t\t\t\t\t\t<\/div>\n\t\t\t\t<\/div>\n\t\t\t\t\t<\/div>\n\t\t<\/div>\n\t\t\t\t<div class=\"elementor-column elementor-col-50 elementor-top-column elementor-element elementor-element-a53a6bb\" data-id=\"a53a6bb\" data-element_type=\"column\">\n\t\t\t<div class=\"elementor-widget-wrap elementor-element-populated\">\n\t\t\t\t\t\t\t<\/div>\n\t\t<\/div>\n\t\t\t\t\t<\/div>\n\t\t<\/section>\n\t\t\t\t<\/div>\n\t\t","protected":false},"excerpt":{"rendered":"<p>\u0160TATISTIKA PRAKTICKY (NIELEN) V Z\u00c1VERE\u010cN\u00ddCH PR\u00c1CACH Mgr. et. Bc. Zuzana Rojkov\u00e1, PhD., univ. doc. zuzana.rojkova@ucm.sk Mgr. et Bc. Zuzana Rojkov\u00e1, PhD. p\u00f4sob\u00ed na Katedre psychol\u00f3gie Filozofickej fakulty UCM v Trnave od roku 2012, od 2021 na funk\u010dnom mieste docent. Titul PhD. z\u00edskala v roku 2010 na Fakulte soci\u00e1lnych vied UKF v Nitre (odbor Pedagogick\u00e1, poradensk\u00e1 [&hellip;]<\/p>\n","protected":false},"author":3,"featured_media":0,"parent":0,"menu_order":0,"comment_status":"closed","ping_status":"closed","template":"","meta":{"footnotes":""},"class_list":["post-12255","page","type-page","status-publish","hentry"],"_links":{"self":[{"href":"https:\/\/e-ucebnice.ff.ucm.sk\/index.php\/wp-json\/wp\/v2\/pages\/12255","targetHints":{"allow":["GET"]}}],"collection":[{"href":"https:\/\/e-ucebnice.ff.ucm.sk\/index.php\/wp-json\/wp\/v2\/pages"}],"about":[{"href":"https:\/\/e-ucebnice.ff.ucm.sk\/index.php\/wp-json\/wp\/v2\/types\/page"}],"author":[{"embeddable":true,"href":"https:\/\/e-ucebnice.ff.ucm.sk\/index.php\/wp-json\/wp\/v2\/users\/3"}],"replies":[{"embeddable":true,"href":"https:\/\/e-ucebnice.ff.ucm.sk\/index.php\/wp-json\/wp\/v2\/comments?post=12255"}],"version-history":[{"count":16,"href":"https:\/\/e-ucebnice.ff.ucm.sk\/index.php\/wp-json\/wp\/v2\/pages\/12255\/revisions"}],"predecessor-version":[{"id":12573,"href":"https:\/\/e-ucebnice.ff.ucm.sk\/index.php\/wp-json\/wp\/v2\/pages\/12255\/revisions\/12573"}],"wp:attachment":[{"href":"https:\/\/e-ucebnice.ff.ucm.sk\/index.php\/wp-json\/wp\/v2\/media?parent=12255"}],"curies":[{"name":"wp","href":"https:\/\/api.w.org\/{rel}","templated":true}]}}