{"id":12256,"date":"2025-10-30T13:40:22","date_gmt":"2025-10-30T12:40:22","guid":{"rendered":"https:\/\/e-ucebnice.ff.ucm.sk\/?page_id=12256"},"modified":"2025-10-30T13:53:54","modified_gmt":"2025-10-30T12:53:54","slug":"statistika-prakticky-about","status":"publish","type":"page","link":"https:\/\/e-ucebnice.ff.ucm.sk\/index.php\/statistika-prakticky-about\/","title":{"rendered":"Statistika-prakticky-about"},"content":{"rendered":"\t\t<div data-elementor-type=\"wp-page\" data-elementor-id=\"12256\" class=\"elementor elementor-12256\" data-elementor-post-type=\"page\">\n\t\t\t\t\t\t<section class=\"elementor-section elementor-top-section elementor-element elementor-element-6f672ed elementor-section-height-min-height elementor-section-boxed elementor-section-height-default elementor-section-items-middle\" data-id=\"6f672ed\" data-element_type=\"section\" data-settings=\"{&quot;background_background&quot;:&quot;classic&quot;}\">\n\t\t\t\t\t\t\t<div class=\"elementor-background-overlay\"><\/div>\n\t\t\t\t\t\t\t<div class=\"elementor-container elementor-column-gap-default\">\n\t\t\t\t\t<div class=\"elementor-column elementor-col-100 elementor-top-column elementor-element elementor-element-bbeb470\" data-id=\"bbeb470\" data-element_type=\"column\">\n\t\t\t<div class=\"elementor-widget-wrap elementor-element-populated\">\n\t\t\t\t\t\t<div class=\"elementor-element elementor-element-d82f1ef elementor-widget elementor-widget-heading\" data-id=\"d82f1ef\" data-element_type=\"widget\" data-widget_type=\"heading.default\">\n\t\t\t\t<div class=\"elementor-widget-container\">\n\t\t\t\t\t<h1 class=\"elementor-heading-title elementor-size-default\">\u0160TATISTIKA PRAKTICKY (NIELEN) V Z\u00c1VERE\u010cN\u00ddCH PR\u00c1CACH\n<\/h1>\t\t\t\t<\/div>\n\t\t\t\t<\/div>\n\t\t\t\t\t<\/div>\n\t\t<\/div>\n\t\t\t\t\t<\/div>\n\t\t<\/section>\n\t\t\t\t<section class=\"elementor-section elementor-top-section elementor-element elementor-element-2858d6f elementor-section-boxed elementor-section-height-default elementor-section-height-default\" data-id=\"2858d6f\" data-element_type=\"section\">\n\t\t\t\t\t\t<div class=\"elementor-container elementor-column-gap-default\">\n\t\t\t\t\t<div class=\"elementor-column elementor-col-100 elementor-top-column elementor-element elementor-element-e63bd34\" data-id=\"e63bd34\" data-element_type=\"column\">\n\t\t\t<div class=\"elementor-widget-wrap elementor-element-populated\">\n\t\t\t\t\t\t<section class=\"elementor-section elementor-inner-section elementor-element elementor-element-0b79421 elementor-section-boxed elementor-section-height-default elementor-section-height-default\" data-id=\"0b79421\" data-element_type=\"section\">\n\t\t\t\t\t\t<div class=\"elementor-container elementor-column-gap-default\">\n\t\t\t\t\t<div class=\"elementor-column elementor-col-100 elementor-inner-column elementor-element elementor-element-bb0ded5\" data-id=\"bb0ded5\" data-element_type=\"column\">\n\t\t\t<div class=\"elementor-widget-wrap elementor-element-populated\">\n\t\t\t\t\t\t<div class=\"elementor-element elementor-element-759b076 elementor-widget elementor-widget-heading\" data-id=\"759b076\" data-element_type=\"widget\" data-widget_type=\"heading.default\">\n\t\t\t\t<div class=\"elementor-widget-container\">\n\t\t\t\t\t<h3 class=\"elementor-heading-title elementor-size-default\">\u0160TATISTIKA PRAKTICKY (NIELEN) V Z\u00c1VERE\u010cN\u00ddCH PR\u00c1CACH\n<\/h3>\t\t\t\t<\/div>\n\t\t\t\t<\/div>\n\t\t\t\t<div class=\"elementor-element elementor-element-5aa9d5d elementor-widget elementor-widget-text-editor\" data-id=\"5aa9d5d\" data-element_type=\"widget\" data-widget_type=\"text-editor.default\">\n\t\t\t\t<div class=\"elementor-widget-container\">\n\t\t\t\t\t\t\t\t\t<p><strong>Aplik\u00e1cia \u0161tatistiky a interpret\u00e1cia v\u00fdsledkov v psychologickom v\u00fdskume<\/strong><\/p><p><br \/><strong>Autorky:<\/strong>\u00a0 \u00a0 Mgr. et Bc. Zuzana Rojkov\u00e1, PhD.<br \/>\u00a0 \u00a0 \u00a0 \u00a0 \u00a0 \u00a0 \u00a0 \u00a0 \u00a0 \u00a0 Mgr. Marta G\u00f3rna, PhD.<br \/>\u00a0 \u00a0 \u00a0 \u00a0 \u00a0 \u00a0 \u00a0 \u00a0 \u00a0 \u00a0 Mgr. Lenka Seleck\u00e1, PhD.<\/p><p><strong>Recenzenti:<\/strong> doc. PhDr. \u013dubor Pil\u00e1rik, PhD. Katedra psychol\u00f3gie, PF UMB v Banskej Bystrici<br \/>\u00a0 \u00a0 \u00a0 \u00a0 \u00a0 \u00a0 \u00a0 \u00a0 \u00a0 \u00a0 \u00a0 \u00a0 Mgr. Alexandra Ma\u010dudov\u00e1, PhD. V\u00fdskumn\u00fd \u00fastav detskej psychol\u00f3gie a patopsychol\u00f3gie<\/p><p><br \/><span style=\"text-decoration: underline;\">\u0160tatistika prakticky (nielen) v z\u00e1vere\u010dn\u00fdch pr\u00e1cach 4. doplnen\u00e9 vydanie<\/span> \u00a9<br \/>2025 by Zuzana Rojkov\u00e1, Marta G\u00f3rna, Lenka Seleck\u00e1 is licensed under <span style=\"text-decoration: underline;\">CC BY-NC-ND 4.0<\/span><\/p><p><br \/><strong>Vydavate\u013e<\/strong>: Univerzita sv. Cyrila a Metoda v Trnave, 2025<br \/><strong>Vydanie<\/strong>: \u0161tvrt\u00e9, doplnen\u00e9 vydanie, elektronick\u00e9<br \/><strong>Str\u00e1n<\/strong>: 148<br \/>ISBN 978-80-572-0545-6 (elektronick\u00e1)<br \/>ISBN 978-80-572-0541-8 (tla\u010den\u00e1)<\/p>\t\t\t\t\t\t\t\t<\/div>\n\t\t\t\t<\/div>\n\t\t\t\t\t<\/div>\n\t\t<\/div>\n\t\t\t\t\t<\/div>\n\t\t<\/section>\n\t\t\t\t\t<\/div>\n\t\t<\/div>\n\t\t\t\t\t<\/div>\n\t\t<\/section>\n\t\t\t\t<\/div>\n\t\t","protected":false},"excerpt":{"rendered":"<p>\u0160TATISTIKA PRAKTICKY (NIELEN) V Z\u00c1VERE\u010cN\u00ddCH PR\u00c1CACH \u0160TATISTIKA PRAKTICKY (NIELEN) V Z\u00c1VERE\u010cN\u00ddCH PR\u00c1CACH Aplik\u00e1cia \u0161tatistiky a interpret\u00e1cia v\u00fdsledkov v psychologickom v\u00fdskume Autorky:\u00a0 \u00a0 Mgr. et Bc. Zuzana Rojkov\u00e1, PhD.\u00a0 \u00a0 \u00a0 \u00a0 \u00a0 \u00a0 \u00a0 \u00a0 \u00a0 \u00a0 Mgr. Marta G\u00f3rna, PhD.\u00a0 \u00a0 \u00a0 \u00a0 \u00a0 \u00a0 \u00a0 \u00a0 \u00a0 \u00a0 Mgr. Lenka Seleck\u00e1, PhD. Recenzenti: [&hellip;]<\/p>\n","protected":false},"author":3,"featured_media":0,"parent":0,"menu_order":0,"comment_status":"closed","ping_status":"closed","template":"","meta":{"footnotes":""},"class_list":["post-12256","page","type-page","status-publish","hentry"],"_links":{"self":[{"href":"https:\/\/e-ucebnice.ff.ucm.sk\/index.php\/wp-json\/wp\/v2\/pages\/12256","targetHints":{"allow":["GET"]}}],"collection":[{"href":"https:\/\/e-ucebnice.ff.ucm.sk\/index.php\/wp-json\/wp\/v2\/pages"}],"about":[{"href":"https:\/\/e-ucebnice.ff.ucm.sk\/index.php\/wp-json\/wp\/v2\/types\/page"}],"author":[{"embeddable":true,"href":"https:\/\/e-ucebnice.ff.ucm.sk\/index.php\/wp-json\/wp\/v2\/users\/3"}],"replies":[{"embeddable":true,"href":"https:\/\/e-ucebnice.ff.ucm.sk\/index.php\/wp-json\/wp\/v2\/comments?post=12256"}],"version-history":[{"count":7,"href":"https:\/\/e-ucebnice.ff.ucm.sk\/index.php\/wp-json\/wp\/v2\/pages\/12256\/revisions"}],"predecessor-version":[{"id":12266,"href":"https:\/\/e-ucebnice.ff.ucm.sk\/index.php\/wp-json\/wp\/v2\/pages\/12256\/revisions\/12266"}],"wp:attachment":[{"href":"https:\/\/e-ucebnice.ff.ucm.sk\/index.php\/wp-json\/wp\/v2\/media?parent=12256"}],"curies":[{"name":"wp","href":"https:\/\/api.w.org\/{rel}","templated":true}]}}