{"id":12369,"date":"2025-11-10T10:20:28","date_gmt":"2025-11-10T09:20:28","guid":{"rendered":"https:\/\/e-ucebnice.ff.ucm.sk\/?page_id=12369"},"modified":"2025-11-10T12:01:33","modified_gmt":"2025-11-10T11:01:33","slug":"jazykova-kultura-uvod","status":"publish","type":"page","link":"https:\/\/e-ucebnice.ff.ucm.sk\/index.php\/jazykova-kultura-uvod\/","title":{"rendered":"jazykova-kultura-uvod"},"content":{"rendered":"\t\t<div data-elementor-type=\"wp-page\" data-elementor-id=\"12369\" class=\"elementor elementor-12369\" data-elementor-post-type=\"page\">\n\t\t\t\t\t\t<section class=\"elementor-section elementor-top-section elementor-element elementor-element-468cb6a elementor-section-height-min-height elementor-section-boxed elementor-section-height-default elementor-section-items-middle\" data-id=\"468cb6a\" data-element_type=\"section\" data-settings=\"{&quot;background_background&quot;:&quot;classic&quot;}\">\n\t\t\t\t\t\t\t<div class=\"elementor-background-overlay\"><\/div>\n\t\t\t\t\t\t\t<div class=\"elementor-container elementor-column-gap-default\">\n\t\t\t\t\t<div class=\"elementor-column elementor-col-100 elementor-top-column elementor-element elementor-element-c353e91\" data-id=\"c353e91\" data-element_type=\"column\">\n\t\t\t<div class=\"elementor-widget-wrap elementor-element-populated\">\n\t\t\t\t\t\t<div class=\"elementor-element elementor-element-a3d62af elementor-widget elementor-widget-heading\" data-id=\"a3d62af\" data-element_type=\"widget\" data-widget_type=\"heading.default\">\n\t\t\t\t<div class=\"elementor-widget-container\">\n\t\t\t\t\t<h1 class=\"elementor-heading-title elementor-size-default\">JAZYKOV\u00c1 KULT\u00daRA \u2014 P\u00cdSOMN\u00dd A \u00daSTNY PREJAV<\/h1>\t\t\t\t<\/div>\n\t\t\t\t<\/div>\n\t\t\t\t\t<\/div>\n\t\t<\/div>\n\t\t\t\t\t<\/div>\n\t\t<\/section>\n\t\t\t\t<section class=\"elementor-section elementor-top-section elementor-element elementor-element-9f9a241 elementor-section-boxed elementor-section-height-default elementor-section-height-default\" data-id=\"9f9a241\" data-element_type=\"section\">\n\t\t\t\t\t\t<div class=\"elementor-container elementor-column-gap-default\">\n\t\t\t\t\t<div class=\"elementor-column elementor-col-100 elementor-top-column elementor-element elementor-element-36e8d15\" data-id=\"36e8d15\" data-element_type=\"column\">\n\t\t\t<div class=\"elementor-widget-wrap elementor-element-populated\">\n\t\t\t\t\t\t<section class=\"elementor-section elementor-inner-section elementor-element elementor-element-0f7453d elementor-section-boxed elementor-section-height-default elementor-section-height-default\" data-id=\"0f7453d\" data-element_type=\"section\">\n\t\t\t\t\t\t<div class=\"elementor-container elementor-column-gap-default\">\n\t\t\t\t\t<div class=\"elementor-column elementor-col-100 elementor-inner-column elementor-element elementor-element-4973de6\" data-id=\"4973de6\" data-element_type=\"column\">\n\t\t\t<div class=\"elementor-widget-wrap elementor-element-populated\">\n\t\t\t\t\t\t<div class=\"elementor-element elementor-element-198bac6 elementor-widget__width-initial elementor-fixed elementor-widget elementor-widget-button\" data-id=\"198bac6\" data-element_type=\"widget\" data-settings=\"{&quot;_position&quot;:&quot;fixed&quot;}\" data-widget_type=\"button.default\">\n\t\t\t\t<div class=\"elementor-widget-container\">\n\t\t\t\t\t\t\t\t\t<div class=\"elementor-button-wrapper\">\n\t\t\t\t\t<a class=\"elementor-button elementor-button-link elementor-size-sm\" href=\"#Kapitola1\">\n\t\t\t\t\t\t<span class=\"elementor-button-content-wrapper\">\n\t\t\t\t\t\t<span class=\"elementor-button-icon\">\n\t\t\t\t<i aria-hidden=\"true\" class=\"fas fa-arrow-up\"><\/i>\t\t\t<\/span>\n\t\t\t\t\t\t\t\t<\/span>\n\t\t\t\t\t<\/a>\n\t\t\t\t<\/div>\n\t\t\t\t\t\t\t\t<\/div>\n\t\t\t\t<\/div>\n\t\t\t\t\t<\/div>\n\t\t<\/div>\n\t\t\t\t\t<\/div>\n\t\t<\/section>\n\t\t\t\t\t<\/div>\n\t\t<\/div>\n\t\t\t\t\t<\/div>\n\t\t<\/section>\n\t\t\t\t<section class=\"elementor-section elementor-top-section elementor-element elementor-element-2858d6f elementor-section-boxed elementor-section-height-default elementor-section-height-default\" data-id=\"2858d6f\" data-element_type=\"section\">\n\t\t\t\t\t\t<div class=\"elementor-container elementor-column-gap-default\">\n\t\t\t\t\t<div class=\"elementor-column elementor-col-100 elementor-top-column elementor-element elementor-element-e63bd34\" data-id=\"e63bd34\" data-element_type=\"column\">\n\t\t\t<div class=\"elementor-widget-wrap elementor-element-populated\">\n\t\t\t\t\t\t<section class=\"elementor-section elementor-inner-section elementor-element elementor-element-0b79421 elementor-section-boxed elementor-section-height-default elementor-section-height-default\" data-id=\"0b79421\" data-element_type=\"section\">\n\t\t\t\t\t\t<div class=\"elementor-container elementor-column-gap-default\">\n\t\t\t\t\t<div class=\"elementor-column elementor-col-100 elementor-inner-column elementor-element elementor-element-bb0ded5\" data-id=\"bb0ded5\" data-element_type=\"column\">\n\t\t\t<div class=\"elementor-widget-wrap elementor-element-populated\">\n\t\t\t\t\t\t<div class=\"elementor-element elementor-element-759b076 elementor-widget elementor-widget-heading\" data-id=\"759b076\" data-element_type=\"widget\" data-widget_type=\"heading.default\">\n\t\t\t\t<div class=\"elementor-widget-container\">\n\t\t\t\t\t<h3 class=\"elementor-heading-title elementor-size-default\">PREDHOVOR<\/h3>\t\t\t\t<\/div>\n\t\t\t\t<\/div>\n\t\t\t\t<div class=\"elementor-element elementor-element-5aa9d5d odsad20 elementor-widget elementor-widget-text-editor\" data-id=\"5aa9d5d\" data-element_type=\"widget\" data-widget_type=\"text-editor.default\">\n\t\t\t\t<div class=\"elementor-widget-container\">\n\t\t\t\t\t\t\t\t\t<p>T\u00e1to publik\u00e1cia je ur\u010den\u00e1 \u0161tudentom dopl\u0148uj\u00faceho pedagogick\u00e9ho \u0161t\u00fadia v\u00a0odbore slovensk\u00fd jazyk a\u00a0literat\u00fara, preto sa pri tvorbe u\u010debn\u00e9ho textu kl\u00e1dol d\u00f4raz na aplika\u010dno-vzdel\u00e1vaciu str\u00e1nku publik\u00e1cie. N\u00e1zov u\u010debnice <em>Jazykov\u00e1 kult\u00fara \u2014 p\u00edsomn\u00fd a\u00a0\u00fastny prejav <\/em>reflektuje motiv\u00e1ciu zostavenia publik\u00e1cie na nosn\u00fdch t\u00e9mach slovenskej\u00a0ortografie a\u00a0ortoepie s\u00fa\u010dasn\u00e9ho slovensk\u00e9ho jazyka. Vzdel\u00e1vac\u00ed obsah je redukovan\u00fd a\u00a0v\u00a0popred\u00ed s\u00fa cvi\u010denia, ktor\u00e9 reflektuj\u00fa na predo\u0161l\u00fa ortografick\u00fa a\u00a0ortoepick\u00fa problematiku.<\/p>\t\t\t\t\t\t\t\t<\/div>\n\t\t\t\t<\/div>\n\t\t\t\t<div class=\"elementor-element elementor-element-99149e3 odsad20 elementor-widget elementor-widget-text-editor\" data-id=\"99149e3\" data-element_type=\"widget\" data-widget_type=\"text-editor.default\">\n\t\t\t\t<div class=\"elementor-widget-container\">\n\t\t\t\t\t\t\t\t\t<p>Ortografia (pravopis) s\u00fa\u010dasnej sloven\u010diny predstavuje v\u00a0\u0161kolskej praxi v\u00fdznamn\u00e9 miesto, a\u00a0preto zohr\u00e1va didaktick\u00e9 uchopenie tejto problematiky a\u00a0jej fix\u00e1ciu d\u00f4le\u017eit\u00fa \u00falohu. Ortoepia ako n\u00e1uka o\u00a0spr\u00e1vnej v\u00fdslovnosti predstavuje neoddelite\u013en\u00fa s\u00fa\u010das\u0165 jazykovej kult\u00fary. V \u0161kolskom vzdel\u00e1van\u00ed zohr\u00e1vaj\u00fa v\u00fdznamn\u00fa \u00falohu pri formovan\u00ed jazykovej kompetencie \u017eiakov v oblasti p\u00edsomn\u00e9ho a \u00fastneho prejavu. Kultivovan\u00e1 v\u00fdslovnos\u0165 a\u00a0bezchybn\u00fd pravopis podporuj\u00fa zrozumite\u013enos\u0165, estetiku re\u010di a re\u0161pekt k jazykovej norme. V kontexte pedagogick\u00e9ho procesu s\u00fa ortoepia a\u00a0ortografia d\u00f4le\u017eit\u00e9 nielen pri v\u00fdu\u010dbe slovensk\u00e9ho jazyka, ale aj pri rozvoji komunika\u010dn\u00fdch zru\u010dnost\u00ed, ktor\u00e9 s\u00fa k\u013e\u00fa\u010dov\u00e9 pre \u00faspe\u0161n\u00e9 p\u00f4sobenie v spolo\u010dnosti. Systematick\u00e9 osvojovanie ortografick\u00fdch a ortoepick\u00fdch pravidiel vedie k jazykovej sebareflexii a k posilneniu identity pou\u017e\u00edvate\u013ea slovensk\u00e9ho jazyka.<\/p>\t\t\t\t\t\t\t\t<\/div>\n\t\t\t\t<\/div>\n\t\t\t\t<div class=\"elementor-element elementor-element-0edad20 odsad20 elementor-widget elementor-widget-text-editor\" data-id=\"0edad20\" data-element_type=\"widget\" data-widget_type=\"text-editor.default\">\n\t\t\t\t<div class=\"elementor-widget-container\">\n\t\t\t\t\t\t\t\t\t<p>Cie\u013eom u\u010debnice je poskytn\u00fa\u0165 \u0161tudentom dopl\u0148uj\u00faceho pedagogick\u00e9ho \u0161t\u00fadia v\u00a0odbore slovensk\u00fd jazyk a\u00a0literat\u00fara s\u00fahrnn\u00e9 poznatky z\u00a0pravopisnej a v\u00fdslovnostnej problematiky, aby didakticky efekt\u00edvne aplikovali jazykov\u00e9 poznatky v\u00a0jazykovom vzdel\u00e1van\u00ed slovensk\u00e9ho jazyka, ako aj v in\u00fdch zlo\u017ek\u00e1ch predmetu (slohov\u00e1 v\u00fdchova a\u00a0literat\u00fara). U\u010debnica je \u0161trukt\u00farovan\u00e1 do dvan\u00e1stich samostatn\u00fdch kapitol, ktor\u00e9 obsahuj\u00fa zhrnutie k\u013e\u00fa\u010dov\u00fdch pojmov z\u00a0oblasti ortografie a ortoepie v\u00a0podobe pojmovej mapy, a cvi\u010denia.<\/p>\t\t\t\t\t\t\t\t<\/div>\n\t\t\t\t<\/div>\n\t\t\t\t<div class=\"elementor-element elementor-element-bc88360 odsad20 elementor-widget elementor-widget-text-editor\" data-id=\"bc88360\" data-element_type=\"widget\" data-widget_type=\"text-editor.default\">\n\t\t\t\t<div class=\"elementor-widget-container\">\n\t\t\t\t\t\t\t\t\t<p>U\u010debnica sprostredkuje vybran\u00e9 t\u00e9my z\u00a0ortografie a ortoepie s\u00fa\u010dasnej sloven\u010diny a nie je komplexnou publik\u00e1ciou reflektuj\u00facou detailne t\u00fato problematiku, preto sa predpoklad\u00e1 pri osvojovan\u00ed ortografick\u00fdch a\u00a0ortoepick\u00fdch poznatkov \u0161ir\u0161ie \u0161t\u00fadium materi\u00e1lov a\u00a0zdrojov, predov\u0161etk\u00fdm sa opieraj\u00fac o\u00a0kodifika\u010dn\u00e9 pr\u00edru\u010dky <em>Pravidl\u00e1 slovensk\u00e9ho pravopisu<\/em> a\u00a0<em>Pravidl\u00e1 slovenskej v\u00fdslovnosti<\/em>, ako aj diel odkazuj\u00facich na dan\u00fa problematiku.<\/p>\t\t\t\t\t\t\t\t<\/div>\n\t\t\t\t<\/div>\n\t\t\t\t<div class=\"elementor-element elementor-element-e993151 odsad20 elementor-widget elementor-widget-text-editor\" data-id=\"e993151\" data-element_type=\"widget\" data-widget_type=\"text-editor.default\">\n\t\t\t\t<div class=\"elementor-widget-container\">\n\t\t\t\t\t\t\t\t\t<p><strong>Autori.<\/strong><\/p>\t\t\t\t\t\t\t\t<\/div>\n\t\t\t\t<\/div>\n\t\t\t\t\t<\/div>\n\t\t<\/div>\n\t\t\t\t\t<\/div>\n\t\t<\/section>\n\t\t\t\t\t<\/div>\n\t\t<\/div>\n\t\t\t\t\t<\/div>\n\t\t<\/section>\n\t\t\t\t<\/div>\n\t\t","protected":false},"excerpt":{"rendered":"<p>JAZYKOV\u00c1 KULT\u00daRA \u2014 P\u00cdSOMN\u00dd A \u00daSTNY PREJAV PREDHOVOR T\u00e1to publik\u00e1cia je ur\u010den\u00e1 \u0161tudentom dopl\u0148uj\u00faceho pedagogick\u00e9ho \u0161t\u00fadia v\u00a0odbore slovensk\u00fd jazyk a\u00a0literat\u00fara, preto sa pri tvorbe u\u010debn\u00e9ho textu kl\u00e1dol d\u00f4raz na aplika\u010dno-vzdel\u00e1vaciu str\u00e1nku publik\u00e1cie. N\u00e1zov u\u010debnice Jazykov\u00e1 kult\u00fara \u2014 p\u00edsomn\u00fd a\u00a0\u00fastny prejav reflektuje motiv\u00e1ciu zostavenia publik\u00e1cie na nosn\u00fdch t\u00e9mach slovenskej\u00a0ortografie a\u00a0ortoepie s\u00fa\u010dasn\u00e9ho slovensk\u00e9ho jazyka. Vzdel\u00e1vac\u00ed obsah je [&hellip;]<\/p>\n","protected":false},"author":3,"featured_media":0,"parent":0,"menu_order":0,"comment_status":"closed","ping_status":"closed","template":"","meta":{"footnotes":""},"class_list":["post-12369","page","type-page","status-publish","hentry"],"_links":{"self":[{"href":"https:\/\/e-ucebnice.ff.ucm.sk\/index.php\/wp-json\/wp\/v2\/pages\/12369","targetHints":{"allow":["GET"]}}],"collection":[{"href":"https:\/\/e-ucebnice.ff.ucm.sk\/index.php\/wp-json\/wp\/v2\/pages"}],"about":[{"href":"https:\/\/e-ucebnice.ff.ucm.sk\/index.php\/wp-json\/wp\/v2\/types\/page"}],"author":[{"embeddable":true,"href":"https:\/\/e-ucebnice.ff.ucm.sk\/index.php\/wp-json\/wp\/v2\/users\/3"}],"replies":[{"embeddable":true,"href":"https:\/\/e-ucebnice.ff.ucm.sk\/index.php\/wp-json\/wp\/v2\/comments?post=12369"}],"version-history":[{"count":19,"href":"https:\/\/e-ucebnice.ff.ucm.sk\/index.php\/wp-json\/wp\/v2\/pages\/12369\/revisions"}],"predecessor-version":[{"id":12401,"href":"https:\/\/e-ucebnice.ff.ucm.sk\/index.php\/wp-json\/wp\/v2\/pages\/12369\/revisions\/12401"}],"wp:attachment":[{"href":"https:\/\/e-ucebnice.ff.ucm.sk\/index.php\/wp-json\/wp\/v2\/media?parent=12369"}],"curies":[{"name":"wp","href":"https:\/\/api.w.org\/{rel}","templated":true}]}}