{"id":12542,"date":"2025-11-10T18:42:27","date_gmt":"2025-11-10T17:42:27","guid":{"rendered":"https:\/\/e-ucebnice.ff.ucm.sk\/?page_id=12542"},"modified":"2025-11-21T17:34:27","modified_gmt":"2025-11-21T16:34:27","slug":"jazykova-kultura-4","status":"publish","type":"page","link":"https:\/\/e-ucebnice.ff.ucm.sk\/index.php\/jazykova-kultura-4\/","title":{"rendered":"jazykova-kultura-4"},"content":{"rendered":"\t\t<div data-elementor-type=\"wp-page\" data-elementor-id=\"12542\" class=\"elementor elementor-12542\" data-elementor-post-type=\"page\">\n\t\t\t\t\t\t<section class=\"elementor-section elementor-top-section elementor-element elementor-element-468cb6a elementor-section-height-min-height elementor-section-boxed elementor-section-height-default elementor-section-items-middle\" data-id=\"468cb6a\" data-element_type=\"section\" data-settings=\"{&quot;background_background&quot;:&quot;classic&quot;}\">\n\t\t\t\t\t\t\t<div class=\"elementor-background-overlay\"><\/div>\n\t\t\t\t\t\t\t<div class=\"elementor-container elementor-column-gap-default\">\n\t\t\t\t\t<div class=\"elementor-column elementor-col-100 elementor-top-column elementor-element elementor-element-c353e91\" data-id=\"c353e91\" data-element_type=\"column\">\n\t\t\t<div class=\"elementor-widget-wrap elementor-element-populated\">\n\t\t\t\t\t\t<div class=\"elementor-element elementor-element-a3d62af elementor-widget elementor-widget-heading\" data-id=\"a3d62af\" data-element_type=\"widget\" data-widget_type=\"heading.default\">\n\t\t\t\t<div class=\"elementor-widget-container\">\n\t\t\t\t\t<h1 class=\"elementor-heading-title elementor-size-default\">JAZYKOV\u00c1 KULT\u00daRA \u2014 P\u00cdSOMN\u00dd A \u00daSTNY PREJAV<\/h1>\t\t\t\t<\/div>\n\t\t\t\t<\/div>\n\t\t\t\t\t<\/div>\n\t\t<\/div>\n\t\t\t\t\t<\/div>\n\t\t<\/section>\n\t\t\t\t<section class=\"elementor-section elementor-top-section elementor-element elementor-element-9f9a241 elementor-section-boxed elementor-section-height-default elementor-section-height-default\" data-id=\"9f9a241\" data-element_type=\"section\">\n\t\t\t\t\t\t<div class=\"elementor-container elementor-column-gap-default\">\n\t\t\t\t\t<div class=\"elementor-column elementor-col-100 elementor-top-column elementor-element elementor-element-36e8d15\" data-id=\"36e8d15\" data-element_type=\"column\">\n\t\t\t<div class=\"elementor-widget-wrap elementor-element-populated\">\n\t\t\t\t\t\t<section class=\"elementor-section elementor-inner-section elementor-element elementor-element-0f7453d elementor-section-boxed elementor-section-height-default elementor-section-height-default\" data-id=\"0f7453d\" data-element_type=\"section\">\n\t\t\t\t\t\t<div class=\"elementor-container elementor-column-gap-default\">\n\t\t\t\t\t<div class=\"elementor-column elementor-col-100 elementor-inner-column elementor-element elementor-element-4973de6\" data-id=\"4973de6\" data-element_type=\"column\">\n\t\t\t<div class=\"elementor-widget-wrap elementor-element-populated\">\n\t\t\t\t\t\t<div class=\"elementor-element elementor-element-198bac6 elementor-widget__width-initial elementor-fixed elementor-widget elementor-widget-button\" data-id=\"198bac6\" data-element_type=\"widget\" data-settings=\"{&quot;_position&quot;:&quot;fixed&quot;}\" data-widget_type=\"button.default\">\n\t\t\t\t<div class=\"elementor-widget-container\">\n\t\t\t\t\t\t\t\t\t<div class=\"elementor-button-wrapper\">\n\t\t\t\t\t<a class=\"elementor-button elementor-button-link elementor-size-sm\" href=\"#Kapitola1\">\n\t\t\t\t\t\t<span class=\"elementor-button-content-wrapper\">\n\t\t\t\t\t\t<span class=\"elementor-button-icon\">\n\t\t\t\t<i aria-hidden=\"true\" class=\"fas fa-arrow-up\"><\/i>\t\t\t<\/span>\n\t\t\t\t\t\t\t\t<\/span>\n\t\t\t\t\t<\/a>\n\t\t\t\t<\/div>\n\t\t\t\t\t\t\t\t<\/div>\n\t\t\t\t<\/div>\n\t\t\t\t\t<\/div>\n\t\t<\/div>\n\t\t\t\t\t<\/div>\n\t\t<\/section>\n\t\t\t\t\t<\/div>\n\t\t<\/div>\n\t\t\t\t\t<\/div>\n\t\t<\/section>\n\t\t\t\t<section class=\"elementor-section elementor-top-section elementor-element elementor-element-2858d6f elementor-section-boxed elementor-section-height-default elementor-section-height-default\" data-id=\"2858d6f\" data-element_type=\"section\">\n\t\t\t\t\t\t<div class=\"elementor-container elementor-column-gap-default\">\n\t\t\t\t\t<div class=\"elementor-column elementor-col-100 elementor-top-column elementor-element elementor-element-e63bd34\" data-id=\"e63bd34\" data-element_type=\"column\">\n\t\t\t<div class=\"elementor-widget-wrap elementor-element-populated\">\n\t\t\t\t\t\t<section class=\"elementor-section elementor-inner-section elementor-element elementor-element-0b79421 elementor-section-boxed elementor-section-height-default elementor-section-height-default\" data-id=\"0b79421\" data-element_type=\"section\">\n\t\t\t\t\t\t<div class=\"elementor-container elementor-column-gap-default\">\n\t\t\t\t\t<div class=\"elementor-column elementor-col-100 elementor-inner-column elementor-element elementor-element-bb0ded5\" data-id=\"bb0ded5\" data-element_type=\"column\">\n\t\t\t<div class=\"elementor-widget-wrap elementor-element-populated\">\n\t\t\t\t\t\t<div class=\"elementor-element elementor-element-264bbbf elementor-widget elementor-widget-heading\" data-id=\"264bbbf\" data-element_type=\"widget\" data-widget_type=\"heading.default\">\n\t\t\t\t<div class=\"elementor-widget-container\">\n\t\t\t\t\t<h3 class=\"elementor-heading-title elementor-size-default\">4. P\u00cdSANIE VE\u013dK\u00ddCH P\u00cdSMEN<\/h3>\t\t\t\t<\/div>\n\t\t\t\t<\/div>\n\t\t\t\t<div class=\"elementor-element elementor-element-5aa9d5d elementor-widget elementor-widget-text-editor\" data-id=\"5aa9d5d\" data-element_type=\"widget\" data-widget_type=\"text-editor.default\">\n\t\t\t\t<div class=\"elementor-widget-container\">\n\t\t\t\t\t\t\t\t\tPrib\u00fadanie nov\u00fdch <span class=\"footnote\" style=\"color: #3366ff;\" data-note=\"vlastn\u00e9 podstatn\u00e9 men\u00e1 (propri\u00e1) \u2014 podstatn\u00e9 men\u00e1 individualizovan\u00fdch, pr\u00edpadne jedine\u010dn\u00fdch n\u00e1zvov jedincov alebo ich skup\u00edn, ako men\u00e1 \u013eud\u00ed, m\u00fdtick\u00fdch a vymyslen\u00fdch bytost\u00ed a zosobnen\u00fdch javov, v malom rozsahu aj men\u00e1 zvierat, men\u00e1 zemepisn\u00fdch, historick\u00fdch, spolo\u010densk\u00fdch, administrat\u00edvnych, ekonomick\u00fdch, technick\u00fdch a kult\u00farnych danost\u00ed, \u00fatvarov, udalost\u00ed, prostriedkov a produktov\">vlastn\u00fdch podstatn\u00fdch mien<\/span> (n\u00e1zvy organiz\u00e1ci\u00ed \u010di vlastn\u00e9 men\u00e1 os\u00f4b) do spisovnej sloven\u010diny vn\u00e1\u0161aj\u00fa do problematiky p\u00edsania ve\u013ek\u00fdch p\u00edsmen dynamiku. Tvorenie nov\u00fdch n\u00e1zvov pod\u013ea pravopisnej normy v\u00a0spisovnej sloven\u010dine vn\u00e1\u0161a do sloven\u010diny nov\u00e9 podoby p\u00edsania vlastn\u00fdch mien. N\u00e1zvy niektor\u00fdch organiz\u00e1ci\u00ed s\u00fa v\u00a0rozpore s\u00a0pravidlami slovensk\u00e9ho pravopisu.\n\nP\u00edsaniu ve\u013ek\u00fdch p\u00edsmen v\u00a0spisovnej sloven\u010dine sa v\u00a0<em>Pravidl\u00e1ch slovensk\u00e9ho pravopisu<\/em> (2013, s. 50 \u2014 75):\u00a0 venuje ve\u013ek\u00fd priestor. Ve\u013ek\u00e9 p\u00edsmen\u00e1 sa p\u00ed\u0161u:\n<ol>\n \t<li>na za\u010diatku vlastn\u00fdch mien, resp. aj vn\u00fatri viacslovn\u00fdch vlastn\u00fdch mien ako pomenovan\u00ed jedine\u010dn\u00fdch udalost\u00ed;<\/li>\n \t<li>na za\u010diatku viet a s\u00favet\u00ed;<\/li>\n \t<li>v niektor\u00fdch skratk\u00e1ch, ktor\u00e9 zastupuj\u00fa viacslovn\u00e9 pomenovania, a v\u00a0zna\u010dk\u00e1ch;<\/li>\n \t<li>niekedy v po\u00e9zii na za\u010diatku ver\u0161ov;<\/li>\n \t<li>na vyzdvihnutie niektor\u00fdch slov a\u00a0\u010dast\u00ed slov alebo \u010dast\u00ed jazykov\u00e9ho prejavu;<\/li>\n \t<li>na znak \u00facty.<\/li>\n<\/ol>\t\t\t\t\t\t\t\t<\/div>\n\t\t\t\t<\/div>\n\t\t\t\t\t<\/div>\n\t\t<\/div>\n\t\t\t\t\t<\/div>\n\t\t<\/section>\n\t\t\t\t\t<\/div>\n\t\t<\/div>\n\t\t\t\t\t<\/div>\n\t\t<\/section>\n\t\t\t\t<\/div>\n\t\t","protected":false},"excerpt":{"rendered":"<p>JAZYKOV\u00c1 KULT\u00daRA \u2014 P\u00cdSOMN\u00dd A \u00daSTNY PREJAV 4. P\u00cdSANIE VE\u013dK\u00ddCH P\u00cdSMEN Prib\u00fadanie nov\u00fdch vlastn\u00fdch podstatn\u00fdch mien (n\u00e1zvy organiz\u00e1ci\u00ed \u010di vlastn\u00e9 men\u00e1 os\u00f4b) do spisovnej sloven\u010diny vn\u00e1\u0161aj\u00fa do problematiky p\u00edsania ve\u013ek\u00fdch p\u00edsmen dynamiku. Tvorenie nov\u00fdch n\u00e1zvov pod\u013ea pravopisnej normy v\u00a0spisovnej sloven\u010dine vn\u00e1\u0161a do sloven\u010diny nov\u00e9 podoby p\u00edsania vlastn\u00fdch mien. N\u00e1zvy niektor\u00fdch organiz\u00e1ci\u00ed s\u00fa v\u00a0rozpore s\u00a0pravidlami slovensk\u00e9ho [&hellip;]<\/p>\n","protected":false},"author":3,"featured_media":0,"parent":0,"menu_order":0,"comment_status":"closed","ping_status":"closed","template":"","meta":{"footnotes":""},"class_list":["post-12542","page","type-page","status-publish","hentry"],"_links":{"self":[{"href":"https:\/\/e-ucebnice.ff.ucm.sk\/index.php\/wp-json\/wp\/v2\/pages\/12542","targetHints":{"allow":["GET"]}}],"collection":[{"href":"https:\/\/e-ucebnice.ff.ucm.sk\/index.php\/wp-json\/wp\/v2\/pages"}],"about":[{"href":"https:\/\/e-ucebnice.ff.ucm.sk\/index.php\/wp-json\/wp\/v2\/types\/page"}],"author":[{"embeddable":true,"href":"https:\/\/e-ucebnice.ff.ucm.sk\/index.php\/wp-json\/wp\/v2\/users\/3"}],"replies":[{"embeddable":true,"href":"https:\/\/e-ucebnice.ff.ucm.sk\/index.php\/wp-json\/wp\/v2\/comments?post=12542"}],"version-history":[{"count":10,"href":"https:\/\/e-ucebnice.ff.ucm.sk\/index.php\/wp-json\/wp\/v2\/pages\/12542\/revisions"}],"predecessor-version":[{"id":13222,"href":"https:\/\/e-ucebnice.ff.ucm.sk\/index.php\/wp-json\/wp\/v2\/pages\/12542\/revisions\/13222"}],"wp:attachment":[{"href":"https:\/\/e-ucebnice.ff.ucm.sk\/index.php\/wp-json\/wp\/v2\/media?parent=12542"}],"curies":[{"name":"wp","href":"https:\/\/api.w.org\/{rel}","templated":true}]}}