{"id":12692,"date":"2025-11-11T13:39:12","date_gmt":"2025-11-11T12:39:12","guid":{"rendered":"https:\/\/e-ucebnice.ff.ucm.sk\/?page_id=12692"},"modified":"2025-11-21T19:35:32","modified_gmt":"2025-11-21T18:35:32","slug":"jazykova-kultura-6","status":"publish","type":"page","link":"https:\/\/e-ucebnice.ff.ucm.sk\/index.php\/jazykova-kultura-6\/","title":{"rendered":"jazykova-kultura-6"},"content":{"rendered":"\t\t<div data-elementor-type=\"wp-page\" data-elementor-id=\"12692\" class=\"elementor elementor-12692\" data-elementor-post-type=\"page\">\n\t\t\t\t\t\t<section class=\"elementor-section elementor-top-section elementor-element elementor-element-468cb6a elementor-section-height-min-height elementor-section-boxed elementor-section-height-default elementor-section-items-middle\" data-id=\"468cb6a\" data-element_type=\"section\" data-settings=\"{&quot;background_background&quot;:&quot;classic&quot;}\">\n\t\t\t\t\t\t\t<div class=\"elementor-background-overlay\"><\/div>\n\t\t\t\t\t\t\t<div class=\"elementor-container elementor-column-gap-default\">\n\t\t\t\t\t<div class=\"elementor-column elementor-col-100 elementor-top-column elementor-element elementor-element-c353e91\" data-id=\"c353e91\" data-element_type=\"column\">\n\t\t\t<div class=\"elementor-widget-wrap elementor-element-populated\">\n\t\t\t\t\t\t<div class=\"elementor-element elementor-element-a3d62af elementor-widget elementor-widget-heading\" data-id=\"a3d62af\" data-element_type=\"widget\" data-widget_type=\"heading.default\">\n\t\t\t\t<div class=\"elementor-widget-container\">\n\t\t\t\t\t<h1 class=\"elementor-heading-title elementor-size-default\">JAZYKOV\u00c1 KULT\u00daRA \u2014 P\u00cdSOMN\u00dd A \u00daSTNY PREJAV<\/h1>\t\t\t\t<\/div>\n\t\t\t\t<\/div>\n\t\t\t\t\t<\/div>\n\t\t<\/div>\n\t\t\t\t\t<\/div>\n\t\t<\/section>\n\t\t\t\t<section class=\"elementor-section elementor-top-section elementor-element elementor-element-9f9a241 elementor-section-boxed elementor-section-height-default elementor-section-height-default\" data-id=\"9f9a241\" data-element_type=\"section\">\n\t\t\t\t\t\t<div class=\"elementor-container elementor-column-gap-default\">\n\t\t\t\t\t<div class=\"elementor-column elementor-col-100 elementor-top-column elementor-element elementor-element-36e8d15\" data-id=\"36e8d15\" data-element_type=\"column\">\n\t\t\t<div class=\"elementor-widget-wrap elementor-element-populated\">\n\t\t\t\t\t\t<section class=\"elementor-section elementor-inner-section elementor-element elementor-element-0f7453d elementor-section-boxed elementor-section-height-default elementor-section-height-default\" data-id=\"0f7453d\" data-element_type=\"section\">\n\t\t\t\t\t\t<div class=\"elementor-container elementor-column-gap-default\">\n\t\t\t\t\t<div class=\"elementor-column elementor-col-100 elementor-inner-column elementor-element elementor-element-4973de6\" data-id=\"4973de6\" data-element_type=\"column\">\n\t\t\t<div class=\"elementor-widget-wrap elementor-element-populated\">\n\t\t\t\t\t\t<div class=\"elementor-element elementor-element-198bac6 elementor-widget__width-initial elementor-fixed elementor-widget elementor-widget-button\" data-id=\"198bac6\" data-element_type=\"widget\" data-settings=\"{&quot;_position&quot;:&quot;fixed&quot;}\" data-widget_type=\"button.default\">\n\t\t\t\t<div class=\"elementor-widget-container\">\n\t\t\t\t\t\t\t\t\t<div class=\"elementor-button-wrapper\">\n\t\t\t\t\t<a class=\"elementor-button elementor-button-link elementor-size-sm\" href=\"#Kapitola1\">\n\t\t\t\t\t\t<span class=\"elementor-button-content-wrapper\">\n\t\t\t\t\t\t<span class=\"elementor-button-icon\">\n\t\t\t\t<i aria-hidden=\"true\" class=\"fas fa-arrow-up\"><\/i>\t\t\t<\/span>\n\t\t\t\t\t\t\t\t<\/span>\n\t\t\t\t\t<\/a>\n\t\t\t\t<\/div>\n\t\t\t\t\t\t\t\t<\/div>\n\t\t\t\t<\/div>\n\t\t\t\t\t<\/div>\n\t\t<\/div>\n\t\t\t\t\t<\/div>\n\t\t<\/section>\n\t\t\t\t\t<\/div>\n\t\t<\/div>\n\t\t\t\t\t<\/div>\n\t\t<\/section>\n\t\t\t\t<section class=\"elementor-section elementor-top-section elementor-element elementor-element-2858d6f elementor-section-boxed elementor-section-height-default elementor-section-height-default\" data-id=\"2858d6f\" data-element_type=\"section\">\n\t\t\t\t\t\t<div class=\"elementor-container elementor-column-gap-default\">\n\t\t\t\t\t<div class=\"elementor-column elementor-col-100 elementor-top-column elementor-element elementor-element-e63bd34\" data-id=\"e63bd34\" data-element_type=\"column\">\n\t\t\t<div class=\"elementor-widget-wrap elementor-element-populated\">\n\t\t\t\t\t\t<section class=\"elementor-section elementor-inner-section elementor-element elementor-element-0b79421 elementor-section-boxed elementor-section-height-default elementor-section-height-default\" data-id=\"0b79421\" data-element_type=\"section\">\n\t\t\t\t\t\t<div class=\"elementor-container elementor-column-gap-default\">\n\t\t\t\t\t<div class=\"elementor-column elementor-col-100 elementor-inner-column elementor-element elementor-element-bb0ded5\" data-id=\"bb0ded5\" data-element_type=\"column\">\n\t\t\t<div class=\"elementor-widget-wrap elementor-element-populated\">\n\t\t\t\t\t\t<div class=\"elementor-element elementor-element-264bbbf elementor-widget elementor-widget-heading\" data-id=\"264bbbf\" data-element_type=\"widget\" data-widget_type=\"heading.default\">\n\t\t\t\t<div class=\"elementor-widget-container\">\n\t\t\t\t\t<h3 class=\"elementor-heading-title elementor-size-default\">6. INTERPUNKCIA<\/h3>\t\t\t\t<\/div>\n\t\t\t\t<\/div>\n\t\t\t\t<div class=\"elementor-element elementor-element-5aa9d5d elementor-widget elementor-widget-text-editor\" data-id=\"5aa9d5d\" data-element_type=\"widget\" data-widget_type=\"text-editor.default\">\n\t\t\t\t<div class=\"elementor-widget-container\">\n\t\t\t\t\t\t\t\t\t<span class=\"footnote\" data-note=\"interpunkcia je s\u00fastava pr\u00edslu\u0161n\u00fdch grafick\u00fdch znakov, ktor\u00e9 sa pou\u017e\u00edvaj\u00fa na \u010dlenenie textu\" style=\"color: #3366ff;\">Interpunkcia<\/span> je s\u00fastava pr\u00edslu\u0161n\u00fdch grafick\u00fdch znakov, ktor\u00e9 sa pou\u017e\u00edvaj\u00fa na \u010dlenenie textu (ten p\u00edsan\u00fd prejav spreh\u013ead\u0148uje, vy\u010dle\u0148uje vety a\u00a0ich \u010dasti \u010di nazna\u010duje povahu textu). V\u00a0spisovnej sloven\u010dine m\u00e1 d\u00f4slednos\u0165 v\u00a0pou\u017e\u00edvan\u00ed interpunk\u010dn\u00fdch znamienok svoje opodstatnenie a\u00a0v\u00fdznam nielen pre zrete\u013en\u00e9 \u010dlenenie a\u00a0spreh\u013eadnenie textov, ale aj pre nazna\u010denie vz\u0165ahov medzi slovami a\u00a0vetami. V\u00a0s\u00fakromnej aj verejnej sf\u00e9re poci\u0165ujeme ned\u00f4sledn\u00e9 uplat\u0148ovanie pou\u017e\u00edvania interpunkcie. Ide o\u00a0mejlov\u00e9 spr\u00e1vy, reklamn\u00e9 texty a\u00a0texty periodick\u00fdch alebo neperiodick\u00fdch tla\u010dov\u00edn.\n\nV\u00a0s\u00fa\u010dasnej sloven\u010dine sa pou\u017e\u00edvaj\u00fa tieto interpunk\u010dn\u00e9 znamienka: bodka (.), v\u00fdkri\u010dn\u00edk (!), ot\u00e1znik (?), \u010diarka (,), bodko\u010diarka (;), poml\u010dka (\u2014), tri bodky (&#8230;), z\u00e1tvorky ( ), dvojbodka (:), \u00favodzovky (\u201e\u201c), lomka (\/). V\u00a0r\u00e1mci pomenovania sa pou\u017e\u00edva spojovn\u00edk (-) a apostrof (\u201a) (PSP, 2013, s. 92).\n\nInterpunk\u010dn\u00e9 znamienka plnia v \u010dlenen\u00ed textu tieto funkcie:\n\n\u2014 <strong><em>vy\u010dle\u0148ovaciu<\/em><\/strong>, t\u00fa maj\u00fa <em>bodka<\/em>, <em>\u010diarka<\/em>, <em>poml\u010dka<\/em>, <em>dvojbodka<\/em>, <em>z\u00e1tvorky<\/em> a\u00a0<em>\u00favodzovky<\/em>;\n\n\u2014 <strong><em>prip\u00e1jaciu<\/em><\/strong> (nazna\u010duje, \u017ee za v\u00fdrazom, za ktor\u00fdm stoja, bude nasledova\u0165 \u010fal\u0161\u00ed v\u00fdraz alebo veta), t\u00fa m\u00e1 najm\u00e4 <em>\u010diarka<\/em>, ale aj <em>dvojbodka<\/em>, <em>poml\u010dka<\/em> a\u00a0<em>bodko\u010diarka<\/em>;\n\n\u2014 <strong><em>od\u010dle\u0148ovaciu<\/em><\/strong>, ktor\u00e1 v\u00a0sebe kumuluje vy\u010dle\u0148ovaciu aj prip\u00e1jaciu funkciu z\u00e1rove\u0148, t\u00fa maj\u00fa interpunk\u010dn\u00e9 znamienka ako <em>\u010diarka<\/em>, <em>poml\u010dka<\/em> a <em>bodka<\/em>.\t\t\t\t\t\t\t\t<\/div>\n\t\t\t\t<\/div>\n\t\t\t\t\t<\/div>\n\t\t<\/div>\n\t\t\t\t\t<\/div>\n\t\t<\/section>\n\t\t\t\t\t<\/div>\n\t\t<\/div>\n\t\t\t\t\t<\/div>\n\t\t<\/section>\n\t\t\t\t<\/div>\n\t\t","protected":false},"excerpt":{"rendered":"<p>JAZYKOV\u00c1 KULT\u00daRA \u2014 P\u00cdSOMN\u00dd A \u00daSTNY PREJAV 6. INTERPUNKCIA Interpunkcia je s\u00fastava pr\u00edslu\u0161n\u00fdch grafick\u00fdch znakov, ktor\u00e9 sa pou\u017e\u00edvaj\u00fa na \u010dlenenie textu (ten p\u00edsan\u00fd prejav spreh\u013ead\u0148uje, vy\u010dle\u0148uje vety a\u00a0ich \u010dasti \u010di nazna\u010duje povahu textu). V\u00a0spisovnej sloven\u010dine m\u00e1 d\u00f4slednos\u0165 v\u00a0pou\u017e\u00edvan\u00ed interpunk\u010dn\u00fdch znamienok svoje opodstatnenie a\u00a0v\u00fdznam nielen pre zrete\u013en\u00e9 \u010dlenenie a\u00a0spreh\u013eadnenie textov, ale aj pre nazna\u010denie vz\u0165ahov medzi [&hellip;]<\/p>\n","protected":false},"author":3,"featured_media":0,"parent":0,"menu_order":0,"comment_status":"closed","ping_status":"closed","template":"","meta":{"footnotes":""},"class_list":["post-12692","page","type-page","status-publish","hentry"],"_links":{"self":[{"href":"https:\/\/e-ucebnice.ff.ucm.sk\/index.php\/wp-json\/wp\/v2\/pages\/12692","targetHints":{"allow":["GET"]}}],"collection":[{"href":"https:\/\/e-ucebnice.ff.ucm.sk\/index.php\/wp-json\/wp\/v2\/pages"}],"about":[{"href":"https:\/\/e-ucebnice.ff.ucm.sk\/index.php\/wp-json\/wp\/v2\/types\/page"}],"author":[{"embeddable":true,"href":"https:\/\/e-ucebnice.ff.ucm.sk\/index.php\/wp-json\/wp\/v2\/users\/3"}],"replies":[{"embeddable":true,"href":"https:\/\/e-ucebnice.ff.ucm.sk\/index.php\/wp-json\/wp\/v2\/comments?post=12692"}],"version-history":[{"count":14,"href":"https:\/\/e-ucebnice.ff.ucm.sk\/index.php\/wp-json\/wp\/v2\/pages\/12692\/revisions"}],"predecessor-version":[{"id":13327,"href":"https:\/\/e-ucebnice.ff.ucm.sk\/index.php\/wp-json\/wp\/v2\/pages\/12692\/revisions\/13327"}],"wp:attachment":[{"href":"https:\/\/e-ucebnice.ff.ucm.sk\/index.php\/wp-json\/wp\/v2\/media?parent=12692"}],"curies":[{"name":"wp","href":"https:\/\/api.w.org\/{rel}","templated":true}]}}