{"id":12703,"date":"2025-11-11T15:13:28","date_gmt":"2025-11-11T14:13:28","guid":{"rendered":"https:\/\/e-ucebnice.ff.ucm.sk\/?page_id=12703"},"modified":"2025-11-12T08:43:03","modified_gmt":"2025-11-12T07:43:03","slug":"jazykova-kultura-6-1","status":"publish","type":"page","link":"https:\/\/e-ucebnice.ff.ucm.sk\/index.php\/jazykova-kultura-6-1\/","title":{"rendered":"jazykova-kultura-6-1"},"content":{"rendered":"\t\t<div data-elementor-type=\"wp-page\" data-elementor-id=\"12703\" class=\"elementor elementor-12703\" data-elementor-post-type=\"page\">\n\t\t\t\t\t\t<section class=\"elementor-section elementor-top-section elementor-element elementor-element-468cb6a elementor-section-height-min-height elementor-section-boxed elementor-section-height-default elementor-section-items-middle\" data-id=\"468cb6a\" data-element_type=\"section\" data-settings=\"{&quot;background_background&quot;:&quot;classic&quot;}\">\n\t\t\t\t\t\t\t<div class=\"elementor-background-overlay\"><\/div>\n\t\t\t\t\t\t\t<div class=\"elementor-container elementor-column-gap-default\">\n\t\t\t\t\t<div class=\"elementor-column elementor-col-100 elementor-top-column elementor-element elementor-element-c353e91\" data-id=\"c353e91\" data-element_type=\"column\">\n\t\t\t<div class=\"elementor-widget-wrap elementor-element-populated\">\n\t\t\t\t\t\t<div class=\"elementor-element elementor-element-a3d62af elementor-widget elementor-widget-heading\" data-id=\"a3d62af\" data-element_type=\"widget\" data-widget_type=\"heading.default\">\n\t\t\t\t<div class=\"elementor-widget-container\">\n\t\t\t\t\t<h1 class=\"elementor-heading-title elementor-size-default\">JAZYKOV\u00c1 KULT\u00daRA \u2014 P\u00cdSOMN\u00dd A \u00daSTNY PREJAV<\/h1>\t\t\t\t<\/div>\n\t\t\t\t<\/div>\n\t\t\t\t\t<\/div>\n\t\t<\/div>\n\t\t\t\t\t<\/div>\n\t\t<\/section>\n\t\t\t\t<section class=\"elementor-section elementor-top-section elementor-element elementor-element-9f9a241 elementor-section-boxed elementor-section-height-default elementor-section-height-default\" data-id=\"9f9a241\" data-element_type=\"section\">\n\t\t\t\t\t\t<div class=\"elementor-container elementor-column-gap-default\">\n\t\t\t\t\t<div class=\"elementor-column elementor-col-100 elementor-top-column elementor-element elementor-element-36e8d15\" data-id=\"36e8d15\" data-element_type=\"column\">\n\t\t\t<div class=\"elementor-widget-wrap elementor-element-populated\">\n\t\t\t\t\t\t<section class=\"elementor-section elementor-inner-section elementor-element elementor-element-0f7453d elementor-section-boxed elementor-section-height-default elementor-section-height-default\" data-id=\"0f7453d\" data-element_type=\"section\">\n\t\t\t\t\t\t<div class=\"elementor-container elementor-column-gap-default\">\n\t\t\t\t\t<div class=\"elementor-column elementor-col-100 elementor-inner-column elementor-element elementor-element-4973de6\" data-id=\"4973de6\" data-element_type=\"column\">\n\t\t\t<div class=\"elementor-widget-wrap elementor-element-populated\">\n\t\t\t\t\t\t<div class=\"elementor-element elementor-element-198bac6 elementor-widget__width-initial elementor-fixed elementor-widget elementor-widget-button\" data-id=\"198bac6\" data-element_type=\"widget\" data-settings=\"{&quot;_position&quot;:&quot;fixed&quot;}\" data-widget_type=\"button.default\">\n\t\t\t\t<div class=\"elementor-widget-container\">\n\t\t\t\t\t\t\t\t\t<div class=\"elementor-button-wrapper\">\n\t\t\t\t\t<a class=\"elementor-button elementor-button-link elementor-size-sm\" href=\"#Kapitola1\">\n\t\t\t\t\t\t<span class=\"elementor-button-content-wrapper\">\n\t\t\t\t\t\t<span class=\"elementor-button-icon\">\n\t\t\t\t<i aria-hidden=\"true\" class=\"fas fa-arrow-up\"><\/i>\t\t\t<\/span>\n\t\t\t\t\t\t\t\t<\/span>\n\t\t\t\t\t<\/a>\n\t\t\t\t<\/div>\n\t\t\t\t\t\t\t\t<\/div>\n\t\t\t\t<\/div>\n\t\t\t\t\t<\/div>\n\t\t<\/div>\n\t\t\t\t\t<\/div>\n\t\t<\/section>\n\t\t\t\t\t<\/div>\n\t\t<\/div>\n\t\t\t\t\t<\/div>\n\t\t<\/section>\n\t\t\t\t<section class=\"elementor-section elementor-top-section elementor-element elementor-element-2858d6f elementor-section-boxed elementor-section-height-default elementor-section-height-default\" data-id=\"2858d6f\" data-element_type=\"section\">\n\t\t\t\t\t\t<div class=\"elementor-container elementor-column-gap-default\">\n\t\t\t\t\t<div class=\"elementor-column elementor-col-100 elementor-top-column elementor-element elementor-element-e63bd34\" data-id=\"e63bd34\" data-element_type=\"column\">\n\t\t\t<div class=\"elementor-widget-wrap elementor-element-populated\">\n\t\t\t\t\t\t<section class=\"elementor-section elementor-inner-section elementor-element elementor-element-0b79421 elementor-section-boxed elementor-section-height-default elementor-section-height-default\" data-id=\"0b79421\" data-element_type=\"section\">\n\t\t\t\t\t\t<div class=\"elementor-container elementor-column-gap-default\">\n\t\t\t\t\t<div class=\"elementor-column elementor-col-100 elementor-inner-column elementor-element elementor-element-bb0ded5\" data-id=\"bb0ded5\" data-element_type=\"column\">\n\t\t\t<div class=\"elementor-widget-wrap elementor-element-populated\">\n\t\t\t\t\t\t<div class=\"elementor-element elementor-element-264bbbf elementor-widget elementor-widget-heading\" data-id=\"264bbbf\" data-element_type=\"widget\" data-widget_type=\"heading.default\">\n\t\t\t\t<div class=\"elementor-widget-container\">\n\t\t\t\t\t<h3 class=\"elementor-heading-title elementor-size-default\">6.1 Bodka, dvojbodka, tri bodky<\/h3>\t\t\t\t<\/div>\n\t\t\t\t<\/div>\n\t\t\t\t<div class=\"elementor-element elementor-element-5aa9d5d elementor-widget elementor-widget-text-editor\" data-id=\"5aa9d5d\" data-element_type=\"widget\" data-widget_type=\"text-editor.default\">\n\t\t\t\t<div class=\"elementor-widget-container\">\n\t\t\t\t\t\t\t\t\t<p><strong>BODKA (.)<\/strong><\/p><p>Bodkou sa naj\u010dastej\u0161ie ozna\u010duje zakon\u010denie viet a\u00a0s\u00favet\u00ed. M\u00e1 <strong><em>vy\u010dle\u0148ovaciu <\/em><\/strong>a\u00a0<strong><em>od\u010dle\u0148ovaciu<\/em><\/strong> funkciu. Bodkou sa nazna\u010duje aj skr\u00e1tenie slova, alebo aj to, \u017ee ide o\u00a0radov\u00fa \u010d\u00edslovku. Za bodkou sa zv\u00e4\u010d\u0161a kladie medzera. Bodka sa vyu\u017e\u00edva aj v n\u00e1soben\u00ed, kde sa d\u00e1va pred aj za bodkou medzera. Bez medzier sa bodka p\u00ed\u0161e v \u010dasovom \u00fadaji (<em>23.55 hod.<\/em>) a pri odde\u013eovan\u00ed skup\u00edn a podskup\u00edn. Bodka m\u00e1 ve\u013ek\u00e9 opodstatnenie v\u00a0adrese internetovej dom\u00e9ny a\u00a0aj v mejlovej adrese sa bodka odde\u013euje bez medzery.<\/p>\t\t\t\t\t\t\t\t<\/div>\n\t\t\t\t<\/div>\n\t\t\t\t<div class=\"elementor-element elementor-element-14bbaf5 elementor-widget elementor-widget-text-editor\" data-id=\"14bbaf5\" data-element_type=\"widget\" data-widget_type=\"text-editor.default\">\n\t\t\t\t<div class=\"elementor-widget-container\">\n\t\t\t\t\t\t\t\t\t<p><strong><em>Bodka sa p\u00ed\u0161e:<\/em><\/strong><\/p><p>\u2014 <strong>na konci<\/strong> oznamovacej vety alebo s\u00favetia, ale aj za osamostatnen\u00fdm vetn\u00fdm \u010dlenom, napr. <em>Slovensko je vn\u00fatrozemsk\u00fd \u0161t\u00e1t v strednej Eur\u00f3pe.<\/em>, <em>Hlavn\u00fdm a najv\u00e4\u010d\u0161\u00edm mestom je Bratislava, \u00faradn\u00fdm jazykom je sloven\u010dina.<\/em>;<\/p><p>\u00a0\u2014 <strong>na konci <\/strong>rozkazovacej vety, ktor\u00e1 m\u00e1 charakter prosby, \u017eiadosti, rady, pokynu, odpor\u00fa\u010dania, alebo na konci \u017eelacej vety (na jej konci m\u00f4\u017eeme p\u00edsa\u0165 aj v\u00fdkri\u010dn\u00edk), napr. <em>Vyh\u013eadajte vo vet\u00e1ch podmet a pr\u00edsudok.<\/em>, <em>Nech je po tvojom.<\/em>;<\/p><p>\u2014 <strong>za skratkou<\/strong> (rodn\u00e9ho mena a\u00a0priezviska \u010di zemepisn\u00e9ho n\u00e1zvu), napr. <em>a\u00a0i.<\/em>, <em>MUDr.<\/em>, <em>hod.<\/em>, <em>M. R. \u0160.<\/em>, <em>B. Bystrica<\/em>;<\/p><p>\u2014 <strong>za \u010d\u00edslicami<\/strong>, ktor\u00e9 sa p\u00ed\u0161u namiesto radovej \u010d\u00edslovky alebo ktor\u00e9 ozna\u010duj\u00fa kapitoly a podkapitoly (po prv\u00e9, po druh\u00e9), rovnako za ve\u013ek\u00fdm p\u00edsmenom, ktor\u00e9 sa pou\u017e\u00edva na ozna\u010denie skupiny alebo podskupiny (za poslednou \u010d\u00edslicou alebo p\u00edsmenom sa bodka p\u00edsa\u0165 m\u00f4\u017ee aj nemus\u00ed), napr. <em>2.2\/2.2. (druh\u00e1 podkapitola)<\/em>, <em>Jozef II.<\/em> (Jozef Druh\u00fd).<\/p>\t\t\t\t\t\t\t\t<\/div>\n\t\t\t\t<\/div>\n\t\t\t\t<div class=\"elementor-element elementor-element-e013319 elementor-widget elementor-widget-text-editor\" data-id=\"e013319\" data-element_type=\"widget\" data-widget_type=\"text-editor.default\">\n\t\t\t\t<div class=\"elementor-widget-container\">\n\t\t\t\t\t\t\t\t\t<p><strong><em>Bodka sa nep\u00ed\u0161e:<\/em><\/strong><\/p><p>\u2014 za<strong> menom<\/strong>, <strong>n\u00e1zvom <\/strong>a\u00a0<strong>nadpisom<\/strong> (ale za n\u00e1zvom \u010dl\u00e1nku, podkapitoly a pod., za ktor\u00fdm sa hne\u010f za\u010d\u00edna text, sa bodka p\u00ed\u0161e), napr. <em>N\u00e1mestie Slovensk\u00e9ho\u00a0 n\u00e1rodn\u00e9ho povstania<\/em>, <em>Martin Kuku\u010d\u00edn<\/em>, <em>Dom v\u00a0str\u00e1ni<\/em>;<\/p><p>\u2014 <strong>za ur\u010den\u00edm miesta a d\u00e1tumu<\/strong> umiesten\u00fdm osobitne (v osobitnom riadku), napr.<\/p><p>Bansk\u00e1 <em>Bystrica 14. 2. 2017<\/em><\/p><p><em>Bratislava 3. 3. 2017 <\/em><\/p><p>\u2014 za <strong>inici\u00e1lov\u00fdmi skratkami <\/strong>a<strong>\u00a0zna\u010dkami<\/strong>, napr. <em>SAD<\/em>, <em>m<\/em>;<\/p><p>\u2014 v \u00faradnom tla\u010dive za<strong> doplnen\u00fdm \u00fadajom<\/strong>, napr.<\/p><p><em>Rodn\u00e9 meno a priezvisko: Jana Biela<\/em><\/p><p><em>D\u00e1tum narodenia: 19. 12. 1991<\/em><\/p><p><em>N\u00e1rodnos\u0165: slovensk\u00e1<\/em><\/p><p>\u2014 <strong>za \u010d\u00edslicou<\/strong>, ktor\u00e1 ozna\u010duje z\u00e1kladn\u00fa \u010d\u00edslovku, stojacu za nadraden\u00fdm menom, napr. <em>uznesenie \u010d. 5<\/em> (uznesenie \u010d\u00edslo p\u00e4\u0165).<\/p>\t\t\t\t\t\t\t\t<\/div>\n\t\t\t\t<\/div>\n\t\t\t\t<div class=\"elementor-element elementor-element-9129722 elementor-widget elementor-widget-text-editor\" data-id=\"9129722\" data-element_type=\"widget\" data-widget_type=\"text-editor.default\">\n\t\t\t\t<div class=\"elementor-widget-container\">\n\t\t\t\t\t\t\t\t\t<p><strong>DVOJBODKA (:)<\/strong><\/p><p>Dvojbodka pln\u00ed <strong><em>vy\u010dle\u0148ovaciu<\/em><\/strong> aj <strong><em>prip\u00e1jaciu<\/em><\/strong> (po dvojbodke bude nasledova\u0165 \u010fal\u0161\u00ed v\u00fdraz alebo veta) funkciu. P\u00ed\u0161e sa bezprostredne za slovom bez vynechania medzery a\u00a0medzera sa vynech\u00e1va a\u017e za dvojbodkou.<\/p><p><strong><em>Dvojbodka sa p\u00ed\u0161e:<\/em><\/strong><\/p><p>\u2014 za vetou alebo v\u00fdrazom, ktor\u00e9 uv\u00e1dzaj\u00fa<strong> priamu re\u010d<\/strong>, napr. <em>Povedala mi tieto slov\u00e1<strong>: <\/strong>\u201eD\u00e1vaj si na neho pozor!\u201c<\/em>,<\/p><p>\u2014 v jednoduchej vete alebo v s\u00favet\u00ed pred \u010das\u0165ou, ktor\u00e1 predch\u00e1dzaj\u00facu \u010das\u0165 <strong>vysvet\u013euje, rozv\u00e1dza, dop\u013a\u0148a<\/strong>, resp. vo vetnej peri\u00f3de na oddelenie jej \u010dast\u00ed, napr. <em>Sme u\u017e na v\u0161etko d\u00f4kladne pripraven\u00ed<strong>:<\/strong> m\u00e1me pl\u00e1n A\u00a0aj B.<\/em>, <em>Na predn\u00e1\u0161ke som zavrel o\u010di<strong>:<\/strong>\u00a0usiloval som sa nejako vizualizova\u0165 zlo\u017eit\u00fd v\u00fdklad.<\/em>;<\/p>\t\t\t\t\t\t\t\t<\/div>\n\t\t\t\t<\/div>\n\t\t\t\t<div class=\"elementor-element elementor-element-cc38dac elementor-widget elementor-widget-text-editor\" data-id=\"cc38dac\" data-element_type=\"widget\" data-widget_type=\"text-editor.default\">\n\t\t\t\t<div class=\"elementor-widget-container\">\n\t\t\t\t\t\t\t\t\t<p><strong>Pozn\u00e1mka<\/strong><\/p><p>Namiesto dvojbodky by bolo mo\u017en\u00e9 da\u0165 aj dop\u013a\u0148acie alebo vysvet\u013eovacie v\u00fdrazy, napr. <strong><em>to jest (t. j.)<\/em><\/strong><em>,<strong> toti\u017e, a to<\/strong>,<strong> ve\u010f<\/strong>,<strong> lebo<\/strong><\/em> at\u010f.<\/p>\t\t\t\t\t\t\t\t<\/div>\n\t\t\t\t<\/div>\n\t\t\t\t<div class=\"elementor-element elementor-element-1225a95 elementor-widget elementor-widget-text-editor\" data-id=\"1225a95\" data-element_type=\"widget\" data-widget_type=\"text-editor.default\">\n\t\t\t\t<div class=\"elementor-widget-container\">\n\t\t\t\t\t\t\t\t\t<p>\u2014 pred <strong>v\u00fdpo\u010dtom <\/strong>niektor\u00fdch \u010dlenov v\u00fdrazu, najm\u00e4 ak uv\u00e1dzacia veta sama o sebe nem\u00e1 zmysel, napr. <em>Slovo sedlo m\u00e1 tri v\u00fdznamy<strong>: <\/strong>1. pom\u00f4cka na sedenie, 2. horsk\u00fd \u00fatvar v\u00a0tvare sedla a\u00a03. poklesnut\u00e1 \u010das\u0165 krivky ozna\u010duj\u00facej \u010dasov\u00fd postup<\/em>.;<\/p><p>\u2014 na vyjadrenie <strong>pomeru<\/strong>, napr. <em>so\u013e s\u00a0cukrom zmie\u0161am v\u00a0pomere 2 <strong>:<\/strong> 1<\/em>;<\/p><p>\u2014 v <strong>bibliografickom \u00fadaji<\/strong> za menom citovan\u00e9ho autora, napr. <em>DOLN\u00cdK, J.: Lexikol\u00f3gia<\/em>.<\/p>\t\t\t\t\t\t\t\t<\/div>\n\t\t\t\t<\/div>\n\t\t\t\t<div class=\"elementor-element elementor-element-f5507ec elementor-widget elementor-widget-text-editor\" data-id=\"f5507ec\" data-element_type=\"widget\" data-widget_type=\"text-editor.default\">\n\t\t\t\t<div class=\"elementor-widget-container\">\n\t\t\t\t\t\t\t\t\t<p><strong>Pozn\u00e1mka<\/strong><\/p><p>Pri vyjadren\u00ed pomeru a\u00a0rovnako v bibliografick\u00fdch \u00fadajoch za mestom, v ktorom bola publik\u00e1cia vydan\u00e1, p\u00ed\u0161eme dvojbodku oddelene od slov stojacich ved\u013ea nej, teda sa medzera vynech\u00e1va pred aj za dvojbodkou, napr. <em>Bratislava <strong>:<\/strong> VEDA, 2025<\/em>, <em>\u0160panielsko \u2014 Taliansko 0 <strong>:<\/strong> 2<\/em>.<\/p>\t\t\t\t\t\t\t\t<\/div>\n\t\t\t\t<\/div>\n\t\t\t\t<div class=\"elementor-element elementor-element-a97c018 elementor-widget elementor-widget-text-editor\" data-id=\"a97c018\" data-element_type=\"widget\" data-widget_type=\"text-editor.default\">\n\t\t\t\t<div class=\"elementor-widget-container\">\n\t\t\t\t\t\t\t\t\t<p><strong>TRI BODKY (&#8230;)<\/strong><\/p><p>Interpunk\u010dn\u00e9 znamienko tri bodky sa vyu\u017e\u00edva na <strong>vypustenie<\/strong> \u010dasti prejavu.<\/p>\t\t\t\t\t\t\t\t<\/div>\n\t\t\t\t<\/div>\n\t\t\t\t<div class=\"elementor-element elementor-element-35e7c82 elementor-widget elementor-widget-text-editor\" data-id=\"35e7c82\" data-element_type=\"widget\" data-widget_type=\"text-editor.default\">\n\t\t\t\t<div class=\"elementor-widget-container\">\n\t\t\t\t\t\t\t\t\t<p><strong>Pozn\u00e1mka<\/strong><\/p><p>Ak sa vkladaj\u00fa do vety na znak vypustenej \u010dasti, umiest\u0148uj\u00fa sa do z\u00e1tvoriek (&#8230;), napr. <em>Homonym\u00e1 <strong>(&#8230;) <\/strong>maj\u00fa rovnak\u00fa podobu, ale odli\u0161n\u00fd v\u00fdznam<\/em>.<\/p>\t\t\t\t\t\t\t\t<\/div>\n\t\t\t\t<\/div>\n\t\t\t\t<div class=\"elementor-element elementor-element-db9a75b elementor-widget elementor-widget-text-editor\" data-id=\"db9a75b\" data-element_type=\"widget\" data-widget_type=\"text-editor.default\">\n\t\t\t\t<div class=\"elementor-widget-container\">\n\t\t\t\t\t\t\t\t\t<p><strong>Porovnanie<\/strong><\/p><p>Tri bodky:<\/p><p>\u2014 <strong>na za\u010diatku <\/strong>vety sa odde\u013euj\u00fa medzerou, napr. <strong><em>&#8230;<\/em><\/strong><em> to ho zasiahlo<\/em>,<\/p><p>\u2014 <strong>uprostred <\/strong>vety sa odde\u013euj\u00fa medzerou pred druhou \u010das\u0165ou vety, napr. <em>Lexikol\u00f3gia<strong>&#8230;<\/strong> je aj n\u00e1uka o\u00a0v\u00fdzname slov.<\/em>,<\/p><p>\u2014 <strong>na konci<\/strong> vety sa p\u00ed\u0161u bez medzery z\u013eava, napr. <em>Nec\u00edti ten \u017eia\u013e, c\u00edti, \u017ee<strong>&#8230;<\/strong><\/em><\/p>\t\t\t\t\t\t\t\t<\/div>\n\t\t\t\t<\/div>\n\t\t\t\t<div class=\"elementor-element elementor-element-688156c elementor-widget elementor-widget-text-editor\" data-id=\"688156c\" data-element_type=\"widget\" data-widget_type=\"text-editor.default\">\n\t\t\t\t<div class=\"elementor-widget-container\">\n\t\t\t\t\t\t\t\t\t<p><strong><em>Tri bodky sa p\u00ed\u0161u:<\/em><\/strong><\/p><p>\u2014 na ozna\u010denie <strong>vzru\u0161enej, preru\u0161ovanej <\/strong>alebo<strong> prer\u00fdvanej re\u010di<\/strong>, napr. <em>\u017dobr\u00e1kmi budeme bez vlasti<strong>&#8230;<\/strong><\/em>;<\/p><p>\u2014 na konci samostatnej vety alebo s\u00favetia, ke\u010f autor <strong>prejavu \u00famyselne nedokon\u010d\u00ed<\/strong> svoj prejav, lebo sa mu zd\u00e1 niektor\u00fd v\u00fdraz nevhodn\u00fd, nepresn\u00fd, nevie, ako v jazykovom prejave pokra\u010dova\u0165, alebo je <strong>prejav preru\u0161en\u00fd<\/strong> inou udalos\u0165ou alebo osobou, napr. <em>Myslel to dobre, ale<strong>&#8230;<\/strong><\/em>, <em>Povedal si mu to? Po<strong>&#8230;<\/strong><\/em>;<\/p>\t\t\t\t\t\t\t\t<\/div>\n\t\t\t\t<\/div>\n\t\t\t\t<div class=\"elementor-element elementor-element-99329d6 elementor-widget elementor-widget-text-editor\" data-id=\"99329d6\" data-element_type=\"widget\" data-widget_type=\"text-editor.default\">\n\t\t\t\t<div class=\"elementor-widget-container\">\n\t\t\t\t\t\t\t\t\t<p><strong>Pozn\u00e1mka<\/strong><\/p><p>Namiesto troch bodiek mo\u017eno v\u00a0t\u00fdchto pr\u00edpadoch pou\u017ei\u0165 aj poml\u010dku.<\/p>\t\t\t\t\t\t\t\t<\/div>\n\t\t\t\t<\/div>\n\t\t\t\t<div class=\"elementor-element elementor-element-d8cc0f9 elementor-widget elementor-widget-text-editor\" data-id=\"d8cc0f9\" data-element_type=\"widget\" data-widget_type=\"text-editor.default\">\n\t\t\t\t<div class=\"elementor-widget-container\">\n\t\t\t\t\t\t\t\t\t<p>\u2014 v<strong>\u00a0cit\u00e1te <\/strong>a<strong> parafr\u00e1ze<\/strong>, ke\u010f je z nich vypusten\u00e1 \u010das\u0165, ktor\u00e1 v danej v\u00fdpovedi nie je d\u00f4le\u017eit\u00e1, napr. <em>Hovorov\u00fd \u0161t\u00fdl<strong>&#8230;<\/strong> sa pou\u017e\u00edva na neofici\u00e1lnu komunik\u00e1ciu.<\/em>;<\/p><p>\u2014 namiesto <strong>vypusten\u00fdch<\/strong> vo v\u0161eobecne zn\u00e1mych vyjadreniach a v\u00fdrokoch, najm\u00e4 v pr\u00edsloviach a porekadl\u00e1ch, napr. <em>Kto druh\u00e9mu jamu kope<strong>&#8230;<\/strong><\/em>;<\/p><p>\u2014 v odborn\u00fdch textoch na ozna\u010denie <strong>postupnosti veli\u010d\u00edn<\/strong> (tri bodky sa p\u00ed\u0161u bez medzier medzi veli\u010dinami), napr. <em>a1,<strong>..<\/strong>.an<\/em>.<\/p>\t\t\t\t\t\t\t\t<\/div>\n\t\t\t\t<\/div>\n\t\t\t\t\t<\/div>\n\t\t<\/div>\n\t\t\t\t\t<\/div>\n\t\t<\/section>\n\t\t\t\t\t<\/div>\n\t\t<\/div>\n\t\t\t\t\t<\/div>\n\t\t<\/section>\n\t\t\t\t<\/div>\n\t\t","protected":false},"excerpt":{"rendered":"<p>JAZYKOV\u00c1 KULT\u00daRA \u2014 P\u00cdSOMN\u00dd A \u00daSTNY PREJAV 6.1 Bodka, dvojbodka, tri bodky BODKA (.) Bodkou sa naj\u010dastej\u0161ie ozna\u010duje zakon\u010denie viet a\u00a0s\u00favet\u00ed. M\u00e1 vy\u010dle\u0148ovaciu a\u00a0od\u010dle\u0148ovaciu funkciu. Bodkou sa nazna\u010duje aj skr\u00e1tenie slova, alebo aj to, \u017ee ide o\u00a0radov\u00fa \u010d\u00edslovku. Za bodkou sa zv\u00e4\u010d\u0161a kladie medzera. Bodka sa vyu\u017e\u00edva aj v n\u00e1soben\u00ed, kde sa d\u00e1va pred aj [&hellip;]<\/p>\n","protected":false},"author":3,"featured_media":0,"parent":0,"menu_order":0,"comment_status":"closed","ping_status":"closed","template":"","meta":{"footnotes":""},"class_list":["post-12703","page","type-page","status-publish","hentry"],"_links":{"self":[{"href":"https:\/\/e-ucebnice.ff.ucm.sk\/index.php\/wp-json\/wp\/v2\/pages\/12703","targetHints":{"allow":["GET"]}}],"collection":[{"href":"https:\/\/e-ucebnice.ff.ucm.sk\/index.php\/wp-json\/wp\/v2\/pages"}],"about":[{"href":"https:\/\/e-ucebnice.ff.ucm.sk\/index.php\/wp-json\/wp\/v2\/types\/page"}],"author":[{"embeddable":true,"href":"https:\/\/e-ucebnice.ff.ucm.sk\/index.php\/wp-json\/wp\/v2\/users\/3"}],"replies":[{"embeddable":true,"href":"https:\/\/e-ucebnice.ff.ucm.sk\/index.php\/wp-json\/wp\/v2\/comments?post=12703"}],"version-history":[{"count":10,"href":"https:\/\/e-ucebnice.ff.ucm.sk\/index.php\/wp-json\/wp\/v2\/pages\/12703\/revisions"}],"predecessor-version":[{"id":12722,"href":"https:\/\/e-ucebnice.ff.ucm.sk\/index.php\/wp-json\/wp\/v2\/pages\/12703\/revisions\/12722"}],"wp:attachment":[{"href":"https:\/\/e-ucebnice.ff.ucm.sk\/index.php\/wp-json\/wp\/v2\/media?parent=12703"}],"curies":[{"name":"wp","href":"https:\/\/api.w.org\/{rel}","templated":true}]}}