{"id":12716,"date":"2025-11-12T08:40:25","date_gmt":"2025-11-12T07:40:25","guid":{"rendered":"https:\/\/e-ucebnice.ff.ucm.sk\/?page_id=12716"},"modified":"2025-11-21T19:37:07","modified_gmt":"2025-11-21T18:37:07","slug":"jazykova-kultura-6-2","status":"publish","type":"page","link":"https:\/\/e-ucebnice.ff.ucm.sk\/index.php\/jazykova-kultura-6-2\/","title":{"rendered":"jazykova-kultura-6-2"},"content":{"rendered":"\t\t<div data-elementor-type=\"wp-page\" data-elementor-id=\"12716\" class=\"elementor elementor-12716\" data-elementor-post-type=\"page\">\n\t\t\t\t\t\t<section class=\"elementor-section elementor-top-section elementor-element elementor-element-468cb6a elementor-section-height-min-height elementor-section-boxed elementor-section-height-default elementor-section-items-middle\" data-id=\"468cb6a\" data-element_type=\"section\" data-settings=\"{&quot;background_background&quot;:&quot;classic&quot;}\">\n\t\t\t\t\t\t\t<div class=\"elementor-background-overlay\"><\/div>\n\t\t\t\t\t\t\t<div class=\"elementor-container elementor-column-gap-default\">\n\t\t\t\t\t<div class=\"elementor-column elementor-col-100 elementor-top-column elementor-element elementor-element-c353e91\" data-id=\"c353e91\" data-element_type=\"column\">\n\t\t\t<div class=\"elementor-widget-wrap elementor-element-populated\">\n\t\t\t\t\t\t<div class=\"elementor-element elementor-element-a3d62af elementor-widget elementor-widget-heading\" data-id=\"a3d62af\" data-element_type=\"widget\" data-widget_type=\"heading.default\">\n\t\t\t\t<div class=\"elementor-widget-container\">\n\t\t\t\t\t<h1 class=\"elementor-heading-title elementor-size-default\">JAZYKOV\u00c1 KULT\u00daRA \u2014 P\u00cdSOMN\u00dd A \u00daSTNY PREJAV<\/h1>\t\t\t\t<\/div>\n\t\t\t\t<\/div>\n\t\t\t\t\t<\/div>\n\t\t<\/div>\n\t\t\t\t\t<\/div>\n\t\t<\/section>\n\t\t\t\t<section class=\"elementor-section elementor-top-section elementor-element elementor-element-9f9a241 elementor-section-boxed elementor-section-height-default elementor-section-height-default\" data-id=\"9f9a241\" data-element_type=\"section\">\n\t\t\t\t\t\t<div class=\"elementor-container elementor-column-gap-default\">\n\t\t\t\t\t<div class=\"elementor-column elementor-col-100 elementor-top-column elementor-element elementor-element-36e8d15\" data-id=\"36e8d15\" data-element_type=\"column\">\n\t\t\t<div class=\"elementor-widget-wrap elementor-element-populated\">\n\t\t\t\t\t\t<section class=\"elementor-section elementor-inner-section elementor-element elementor-element-0f7453d elementor-section-boxed elementor-section-height-default elementor-section-height-default\" data-id=\"0f7453d\" data-element_type=\"section\">\n\t\t\t\t\t\t<div class=\"elementor-container elementor-column-gap-default\">\n\t\t\t\t\t<div class=\"elementor-column elementor-col-100 elementor-inner-column elementor-element elementor-element-4973de6\" data-id=\"4973de6\" data-element_type=\"column\">\n\t\t\t<div class=\"elementor-widget-wrap elementor-element-populated\">\n\t\t\t\t\t\t<div class=\"elementor-element elementor-element-198bac6 elementor-widget__width-initial elementor-fixed elementor-widget elementor-widget-button\" data-id=\"198bac6\" data-element_type=\"widget\" data-settings=\"{&quot;_position&quot;:&quot;fixed&quot;}\" data-widget_type=\"button.default\">\n\t\t\t\t<div class=\"elementor-widget-container\">\n\t\t\t\t\t\t\t\t\t<div class=\"elementor-button-wrapper\">\n\t\t\t\t\t<a class=\"elementor-button elementor-button-link elementor-size-sm\" href=\"#Kapitola1\">\n\t\t\t\t\t\t<span class=\"elementor-button-content-wrapper\">\n\t\t\t\t\t\t<span class=\"elementor-button-icon\">\n\t\t\t\t<i aria-hidden=\"true\" class=\"fas fa-arrow-up\"><\/i>\t\t\t<\/span>\n\t\t\t\t\t\t\t\t<\/span>\n\t\t\t\t\t<\/a>\n\t\t\t\t<\/div>\n\t\t\t\t\t\t\t\t<\/div>\n\t\t\t\t<\/div>\n\t\t\t\t\t<\/div>\n\t\t<\/div>\n\t\t\t\t\t<\/div>\n\t\t<\/section>\n\t\t\t\t\t<\/div>\n\t\t<\/div>\n\t\t\t\t\t<\/div>\n\t\t<\/section>\n\t\t\t\t<section class=\"elementor-section elementor-top-section elementor-element elementor-element-2858d6f elementor-section-boxed elementor-section-height-default elementor-section-height-default\" data-id=\"2858d6f\" data-element_type=\"section\">\n\t\t\t\t\t\t<div class=\"elementor-container elementor-column-gap-default\">\n\t\t\t\t\t<div class=\"elementor-column elementor-col-100 elementor-top-column elementor-element elementor-element-e63bd34\" data-id=\"e63bd34\" data-element_type=\"column\">\n\t\t\t<div class=\"elementor-widget-wrap elementor-element-populated\">\n\t\t\t\t\t\t<section class=\"elementor-section elementor-inner-section elementor-element elementor-element-0b79421 elementor-section-boxed elementor-section-height-default elementor-section-height-default\" data-id=\"0b79421\" data-element_type=\"section\">\n\t\t\t\t\t\t<div class=\"elementor-container elementor-column-gap-default\">\n\t\t\t\t\t<div class=\"elementor-column elementor-col-100 elementor-inner-column elementor-element elementor-element-bb0ded5\" data-id=\"bb0ded5\" data-element_type=\"column\">\n\t\t\t<div class=\"elementor-widget-wrap elementor-element-populated\">\n\t\t\t\t\t\t<div class=\"elementor-element elementor-element-264bbbf elementor-widget elementor-widget-heading\" data-id=\"264bbbf\" data-element_type=\"widget\" data-widget_type=\"heading.default\">\n\t\t\t\t<div class=\"elementor-widget-container\">\n\t\t\t\t\t<h3 class=\"elementor-heading-title elementor-size-default\">6.2 Bodko\u010diarka<\/h3>\t\t\t\t<\/div>\n\t\t\t\t<\/div>\n\t\t\t\t<div class=\"elementor-element elementor-element-5aa9d5d elementor-widget elementor-widget-text-editor\" data-id=\"5aa9d5d\" data-element_type=\"widget\" data-widget_type=\"text-editor.default\">\n\t\t\t\t<div class=\"elementor-widget-container\">\n\t\t\t\t\t\t\t\t\t<p><strong>6.2 Bodko\u010diarka<\/strong><\/p><p>Bodko\u010diarka m\u00e1 <strong><em>prip\u00e1jaciu<\/em><\/strong> funkciu; p\u00ed\u0161e sa tam, kde by mohla by\u0165 bodka alebo \u010diarka. V\u00a0zlo\u017een\u00fdch s\u00favetiach sa bodko\u010diarkou odde\u013euj\u00fa v\u00e4\u010d\u0161ie \u010dasti, aby s\u00favetia boli preh\u013eadnej\u0161ie. Bodko\u010diarka sa v niektor\u00fdch pr\u00edpadoch m\u00f4\u017ee nahradi\u0165 poml\u010dkou alebo aj dvojbodkou, no v textoch je pomerne m\u00e1lo frekventovan\u00e1. Za bodko\u010diarku sa d\u00e1va medzera.<\/p><p><strong><em>Bodko\u010diarka sa p\u00ed\u0161e:<\/em><\/strong><\/p><p>\u2014 v jednoduchej vete alebo v jednoduchom s\u00favet\u00ed pred tou \u010das\u0165ou, ktor\u00e1 pod\u00e1va <strong>vysvetlenie <\/strong>predch\u00e1dzaj\u00facej \u010dasti vety, napr. <em>Citoslovcia maj\u00fa pri samostatnom postaven\u00ed zvolaciu alebo upozor\u0148ovaciu inform\u00e1ciu<strong>;<\/strong> vo vyslovenej vete sa vy\u010dle\u0148uj\u00fa d\u00f4razom a\u00a0pauzou.<\/em>;<\/p><p>\u2014 v jednoduchej vete na oddelenie <strong>vysvet\u013eovacieho pr\u00edstavku<\/strong>, napr. <em>Plodom \u017eivota nemus\u00ed by\u0165 dielo<strong>;<\/strong> \u017eivot s\u00e1m m\u00f4\u017ee by\u0165 dielom<\/em>.<\/p><p>\u2014 v s\u00favetiach na oddelenie v\u00e4\u010d\u0161\u00edch \u010dast\u00ed s cie\u013eom <strong>spreh\u013eadni\u0165 <\/strong>text, napr. <em>Elat\u00edv je tvar vy\u0148at\u00fd zo syst\u00e9mu tvarov stup\u0148ovania<strong>;<\/strong> m\u00e1 v\u017edy hodnotiacu funkciu.<\/em>;<\/p><p>\u2014 na oddelenie \u010dast\u00ed<strong> v\u00fdpo\u010dtov<\/strong>, napr. <em>Kladn\u00fd postoj pod\u00e1vate\u013ea na rovine lexiky vyjadruj\u00fa zdrobneniny: malink\u00fd, vrab\u010diatko; hypokoristik\u00e1: stark\u00e1, zlat\u00ed\u010dko; detsk\u00e9 slov\u00e1: havo, haja\u0165; eufemizmy: b\u00e1sni\u0165 vo v\u00fdzname klama\u0165<\/em>; <em>familiarizmy: zlatko, srdce moje<\/em>.<\/p>\t\t\t\t\t\t\t\t<\/div>\n\t\t\t\t<\/div>\n\t\t\t\t\t<\/div>\n\t\t<\/div>\n\t\t\t\t\t<\/div>\n\t\t<\/section>\n\t\t\t\t\t<\/div>\n\t\t<\/div>\n\t\t\t\t\t<\/div>\n\t\t<\/section>\n\t\t\t\t<\/div>\n\t\t","protected":false},"excerpt":{"rendered":"<p>JAZYKOV\u00c1 KULT\u00daRA \u2014 P\u00cdSOMN\u00dd A \u00daSTNY PREJAV 6.2 Bodko\u010diarka 6.2 Bodko\u010diarka Bodko\u010diarka m\u00e1 prip\u00e1jaciu funkciu; p\u00ed\u0161e sa tam, kde by mohla by\u0165 bodka alebo \u010diarka. V\u00a0zlo\u017een\u00fdch s\u00favetiach sa bodko\u010diarkou odde\u013euj\u00fa v\u00e4\u010d\u0161ie \u010dasti, aby s\u00favetia boli preh\u013eadnej\u0161ie. Bodko\u010diarka sa v niektor\u00fdch pr\u00edpadoch m\u00f4\u017ee nahradi\u0165 poml\u010dkou alebo aj dvojbodkou, no v textoch je pomerne m\u00e1lo frekventovan\u00e1. Za [&hellip;]<\/p>\n","protected":false},"author":3,"featured_media":0,"parent":0,"menu_order":0,"comment_status":"closed","ping_status":"closed","template":"","meta":{"footnotes":""},"class_list":["post-12716","page","type-page","status-publish","hentry"],"_links":{"self":[{"href":"https:\/\/e-ucebnice.ff.ucm.sk\/index.php\/wp-json\/wp\/v2\/pages\/12716","targetHints":{"allow":["GET"]}}],"collection":[{"href":"https:\/\/e-ucebnice.ff.ucm.sk\/index.php\/wp-json\/wp\/v2\/pages"}],"about":[{"href":"https:\/\/e-ucebnice.ff.ucm.sk\/index.php\/wp-json\/wp\/v2\/types\/page"}],"author":[{"embeddable":true,"href":"https:\/\/e-ucebnice.ff.ucm.sk\/index.php\/wp-json\/wp\/v2\/users\/3"}],"replies":[{"embeddable":true,"href":"https:\/\/e-ucebnice.ff.ucm.sk\/index.php\/wp-json\/wp\/v2\/comments?post=12716"}],"version-history":[{"count":13,"href":"https:\/\/e-ucebnice.ff.ucm.sk\/index.php\/wp-json\/wp\/v2\/pages\/12716\/revisions"}],"predecessor-version":[{"id":13317,"href":"https:\/\/e-ucebnice.ff.ucm.sk\/index.php\/wp-json\/wp\/v2\/pages\/12716\/revisions\/13317"}],"wp:attachment":[{"href":"https:\/\/e-ucebnice.ff.ucm.sk\/index.php\/wp-json\/wp\/v2\/media?parent=12716"}],"curies":[{"name":"wp","href":"https:\/\/api.w.org\/{rel}","templated":true}]}}