{"id":12751,"date":"2025-11-12T09:10:07","date_gmt":"2025-11-12T08:10:07","guid":{"rendered":"https:\/\/e-ucebnice.ff.ucm.sk\/?page_id=12751"},"modified":"2025-11-12T09:20:34","modified_gmt":"2025-11-12T08:20:34","slug":"jazykova-kultura-6-4","status":"publish","type":"page","link":"https:\/\/e-ucebnice.ff.ucm.sk\/index.php\/jazykova-kultura-6-4\/","title":{"rendered":"jazykova-kultura-6-4"},"content":{"rendered":"\t\t<div data-elementor-type=\"wp-page\" data-elementor-id=\"12751\" class=\"elementor elementor-12751\" data-elementor-post-type=\"page\">\n\t\t\t\t\t\t<section class=\"elementor-section elementor-top-section elementor-element elementor-element-468cb6a elementor-section-height-min-height elementor-section-boxed elementor-section-height-default elementor-section-items-middle\" data-id=\"468cb6a\" data-element_type=\"section\" data-settings=\"{&quot;background_background&quot;:&quot;classic&quot;}\">\n\t\t\t\t\t\t\t<div class=\"elementor-background-overlay\"><\/div>\n\t\t\t\t\t\t\t<div class=\"elementor-container elementor-column-gap-default\">\n\t\t\t\t\t<div class=\"elementor-column elementor-col-100 elementor-top-column elementor-element elementor-element-c353e91\" data-id=\"c353e91\" data-element_type=\"column\">\n\t\t\t<div class=\"elementor-widget-wrap elementor-element-populated\">\n\t\t\t\t\t\t<div class=\"elementor-element elementor-element-a3d62af elementor-widget elementor-widget-heading\" data-id=\"a3d62af\" data-element_type=\"widget\" data-widget_type=\"heading.default\">\n\t\t\t\t<div class=\"elementor-widget-container\">\n\t\t\t\t\t<h1 class=\"elementor-heading-title elementor-size-default\">JAZYKOV\u00c1 KULT\u00daRA \u2014 P\u00cdSOMN\u00dd A \u00daSTNY PREJAV<\/h1>\t\t\t\t<\/div>\n\t\t\t\t<\/div>\n\t\t\t\t\t<\/div>\n\t\t<\/div>\n\t\t\t\t\t<\/div>\n\t\t<\/section>\n\t\t\t\t<section class=\"elementor-section elementor-top-section elementor-element elementor-element-9f9a241 elementor-section-boxed elementor-section-height-default elementor-section-height-default\" data-id=\"9f9a241\" data-element_type=\"section\">\n\t\t\t\t\t\t<div class=\"elementor-container elementor-column-gap-default\">\n\t\t\t\t\t<div class=\"elementor-column elementor-col-100 elementor-top-column elementor-element elementor-element-36e8d15\" data-id=\"36e8d15\" data-element_type=\"column\">\n\t\t\t<div class=\"elementor-widget-wrap elementor-element-populated\">\n\t\t\t\t\t\t<section class=\"elementor-section elementor-inner-section elementor-element elementor-element-0f7453d elementor-section-boxed elementor-section-height-default elementor-section-height-default\" data-id=\"0f7453d\" data-element_type=\"section\">\n\t\t\t\t\t\t<div class=\"elementor-container elementor-column-gap-default\">\n\t\t\t\t\t<div class=\"elementor-column elementor-col-100 elementor-inner-column elementor-element elementor-element-4973de6\" data-id=\"4973de6\" data-element_type=\"column\">\n\t\t\t<div class=\"elementor-widget-wrap elementor-element-populated\">\n\t\t\t\t\t\t<div class=\"elementor-element elementor-element-198bac6 elementor-widget__width-initial elementor-fixed elementor-widget elementor-widget-button\" data-id=\"198bac6\" data-element_type=\"widget\" data-settings=\"{&quot;_position&quot;:&quot;fixed&quot;}\" data-widget_type=\"button.default\">\n\t\t\t\t<div class=\"elementor-widget-container\">\n\t\t\t\t\t\t\t\t\t<div class=\"elementor-button-wrapper\">\n\t\t\t\t\t<a class=\"elementor-button elementor-button-link elementor-size-sm\" href=\"#Kapitola1\">\n\t\t\t\t\t\t<span class=\"elementor-button-content-wrapper\">\n\t\t\t\t\t\t<span class=\"elementor-button-icon\">\n\t\t\t\t<i aria-hidden=\"true\" class=\"fas fa-arrow-up\"><\/i>\t\t\t<\/span>\n\t\t\t\t\t\t\t\t<\/span>\n\t\t\t\t\t<\/a>\n\t\t\t\t<\/div>\n\t\t\t\t\t\t\t\t<\/div>\n\t\t\t\t<\/div>\n\t\t\t\t\t<\/div>\n\t\t<\/div>\n\t\t\t\t\t<\/div>\n\t\t<\/section>\n\t\t\t\t\t<\/div>\n\t\t<\/div>\n\t\t\t\t\t<\/div>\n\t\t<\/section>\n\t\t\t\t<section class=\"elementor-section elementor-top-section elementor-element elementor-element-2858d6f elementor-section-boxed elementor-section-height-default elementor-section-height-default\" data-id=\"2858d6f\" data-element_type=\"section\">\n\t\t\t\t\t\t<div class=\"elementor-container elementor-column-gap-default\">\n\t\t\t\t\t<div class=\"elementor-column elementor-col-100 elementor-top-column elementor-element elementor-element-e63bd34\" data-id=\"e63bd34\" data-element_type=\"column\">\n\t\t\t<div class=\"elementor-widget-wrap elementor-element-populated\">\n\t\t\t\t\t\t<section class=\"elementor-section elementor-inner-section elementor-element elementor-element-0b79421 elementor-section-boxed elementor-section-height-default elementor-section-height-default\" data-id=\"0b79421\" data-element_type=\"section\">\n\t\t\t\t\t\t<div class=\"elementor-container elementor-column-gap-default\">\n\t\t\t\t\t<div class=\"elementor-column elementor-col-100 elementor-inner-column elementor-element elementor-element-bb0ded5\" data-id=\"bb0ded5\" data-element_type=\"column\">\n\t\t\t<div class=\"elementor-widget-wrap elementor-element-populated\">\n\t\t\t\t\t\t<div class=\"elementor-element elementor-element-264bbbf elementor-widget elementor-widget-heading\" data-id=\"264bbbf\" data-element_type=\"widget\" data-widget_type=\"heading.default\">\n\t\t\t\t<div class=\"elementor-widget-container\">\n\t\t\t\t\t<h3 class=\"elementor-heading-title elementor-size-default\">6.4 Lomka, \u00favodzovky, z\u00e1tvorky, apostrof<\/h3>\t\t\t\t<\/div>\n\t\t\t\t<\/div>\n\t\t\t\t<div class=\"elementor-element elementor-element-5aa9d5d elementor-widget elementor-widget-text-editor\" data-id=\"5aa9d5d\" data-element_type=\"widget\" data-widget_type=\"text-editor.default\">\n\t\t\t\t<div class=\"elementor-widget-container\">\n\t\t\t\t\t\t\t\t\t<p><strong><em>Lomka (\/) sa p\u00ed\u0161e:<\/em><\/strong><\/p><p>\u2014 <strong>v odborn\u00fdch textoch<\/strong> medzi variantn\u00fdmi alebo protikladn\u00fdmi v\u00fdrazmi, napr. <em>roz\u010dlenite\u013enos\u0165<strong>\/<\/strong>neroz\u010dlenite\u013enos\u0165 vetn\u00e9ho jadra<\/em>;<\/p><p>\u2014 na vyjadrenie <strong>podielu <\/strong>alebo<strong> pomeru<\/strong>, napr. <em>3<strong>\/<\/strong>4<\/em>, <em>5 km<strong>\/<\/strong>h<\/em>;<\/p><p>\u2014 na ozna\u010denie <strong>\u0161kolsk\u00e9ho <\/strong>a\u00a0<strong>akademick\u00e9ho\u00a0 roka<\/strong>, napr. <em>2025<strong>\/<\/strong>2026<\/em>;<\/p><p>\u2014 na oddelenie <strong>ver\u0161ov<\/strong> v s\u00favislom texte (lomka aj s medzerami), napr. <em>\u201eNev\u00fdmysel \u2014 v\u00fdmysel! <\/em><strong><em>\/<\/em><\/strong><em> Kto by si bol pomyslel, <\/em><strong><em>\/<\/em><\/strong><em> \u017ee je svet a\u017e tak\u00fd kr\u00e1sny, <\/em><strong><em>\/<\/em><\/strong><em> \u017ee ho \u00fasmev hne\u010f tak zjasn\u00ed!!!\u201c<\/em>.<\/p>\t\t\t\t\t\t\t\t<\/div>\n\t\t\t\t<\/div>\n\t\t\t\t<div class=\"elementor-element elementor-element-3249dd0 elementor-widget elementor-widget-text-editor\" data-id=\"3249dd0\" data-element_type=\"widget\" data-widget_type=\"text-editor.default\">\n\t\t\t\t<div class=\"elementor-widget-container\">\n\t\t\t\t\t\t\t\t\t<p><strong><em>\u00davodzovky (\u201e\u201c) sa p\u00ed\u0161u na za\u010diatku a\u00a0na konci:<\/em><\/strong><\/p><p>\u2014<strong> priamej re\u010di<\/strong>, napr. <strong><em>\u201e<\/em><\/strong><em>Pros\u00edm, ide teraz nejak\u00fd spoj?<strong>\u201c<\/strong><\/em>;<\/p><p>\u2014 doslovn\u00fdch <strong>cit\u00e1tov<\/strong>, napr. <em>V knihe sa p\u00ed\u0161e: <strong>\u201e<\/strong>Na psychike mo\u017eno tematizova\u0165 r\u00f4zne aspekty v s\u00falade s kateg\u00f3riami, ktor\u00e9 intervenuj\u00fa v jej sk\u00faman\u00ed.<strong>\u201c<\/strong><\/em>;<\/p>\t\t\t\t\t\t\t\t<\/div>\n\t\t\t\t<\/div>\n\t\t\t\t<div class=\"elementor-element elementor-element-db9a75b elementor-widget elementor-widget-text-editor\" data-id=\"db9a75b\" data-element_type=\"widget\" data-widget_type=\"text-editor.default\">\n\t\t\t\t<div class=\"elementor-widget-container\">\n\t\t\t\t\t\t\t\t\t<p><strong>Porovnanie<\/strong><\/p><p>Ak je v\u00a0\u00favodzovk\u00e1ch cel\u00e1 veta, p\u00ed\u0161e sa bodka, v\u00fdkri\u010dn\u00edk alebo ot\u00e1znik na konci vety pred koncov\u00fdmi \u00favodzovkami, napr. <em>\u013d. \u0160t\u00far. povedal: <strong>\u201e<\/strong>Nasp\u00e4\u0165 cesta nemo\u017en\u00e1, napred sa \u00eds\u0165 mus\u00ed.<strong>\u201c<\/strong><\/em><\/p><p>Ak je v\u00a0\u00favodzovk\u00e1ch priama re\u010d a\u00a0za \u0148ou nasleduje uv\u00e1dzacia veta, \u010diarka sa p\u00ed\u0161e pred koncov\u00fdmi \u00favodzovkami, napr. <strong><em>\u201e<\/em><\/strong><em>Ve\u010der nepr\u00eddem,<strong>\u201c<\/strong> povedal a\u00a0odi\u0161iel.<\/em><\/p><p>Ak je uv\u00e1dzacia veta vlo\u017een\u00e1 do priamej re\u010di, ozna\u010dujeme \u00favodzovkami ka\u017ed\u00fd jednotliv\u00fd \u00fasek priamej re\u010di a\u00a0koncov\u00e9 \u00favodzovky sa p\u00ed\u0161u za bodkou, \u010diarkou, v\u00fdkri\u010dn\u00edkom, ot\u00e1znikom, napr. <strong><em>\u201e<\/em><\/strong><em>Nepochybujeme,<strong>\u201c<\/strong> hovoril, <strong>\u201e<\/strong>\u017ee sa n\u00e1m cel\u00fd pl\u00e1n podar\u00ed.<strong>\u201c<\/strong><\/em><\/p>\t\t\t\t\t\t\t\t<\/div>\n\t\t\t\t<\/div>\n\t\t\t\t<div class=\"elementor-element elementor-element-14bbaf5 elementor-widget elementor-widget-text-editor\" data-id=\"14bbaf5\" data-element_type=\"widget\" data-widget_type=\"text-editor.default\">\n\t\t\t\t<div class=\"elementor-widget-container\">\n\t\t\t\t\t\t\t\t\t<p>\u2014 <strong>ironick\u00fdch slov<\/strong> alebo od ktor\u00fdch sa autor di\u0161tancuje, napr. <em>To je pekn\u00e1 <strong>\u201e<\/strong>pravda<strong>\u201c<\/strong>.<\/em>;<\/p><p>\u2014 slov, ktor\u00e9 <strong>obrazne<\/strong> pomen\u00favaj\u00fa jav, napr. <em>At\u00e9nska abeceda sa stala <strong>\u201e<\/strong>matkou<strong>\u201c<\/strong> latinky<\/em>.<\/p>\t\t\t\t\t\t\t\t<\/div>\n\t\t\t\t<\/div>\n\t\t\t\t<div class=\"elementor-element elementor-element-cc38dac elementor-widget elementor-widget-text-editor\" data-id=\"cc38dac\" data-element_type=\"widget\" data-widget_type=\"text-editor.default\">\n\t\t\t\t<div class=\"elementor-widget-container\">\n\t\t\t\t\t\t\t\t\t<p><strong>Pozn\u00e1mka <\/strong><\/p><p>N\u00e1zvy kn\u00edh, \u010dasopisov, \u010dl\u00e1nkov, umeleck\u00fdch diel p\u00ed\u0161eme zvy\u010dajne bez \u00favodzoviek, ale v pr\u00edpade potreby zv\u00fd\u0161enia zrete\u013enosti textu ich mo\u017eno pou\u017ei\u0165.<\/p>\t\t\t\t\t\t\t\t<\/div>\n\t\t\t\t<\/div>\n\t\t\t\t<div class=\"elementor-element elementor-element-1225a95 elementor-widget elementor-widget-text-editor\" data-id=\"1225a95\" data-element_type=\"widget\" data-widget_type=\"text-editor.default\">\n\t\t\t\t<div class=\"elementor-widget-container\">\n\t\t\t\t\t\t\t\t\t<p><strong>Z\u00e1tvorky <\/strong>s\u00fa okr\u00fahle ( ), tie sa pou\u017e\u00edvaj\u00fa naj\u010dastej\u0161ie, lomen\u00e9 \u27e8 \u27e9, hranat\u00e9 [ ], zlo\u017een\u00e9 { }.<\/p><p><strong><em>Okr\u00fahle z\u00e1tvorky sa p\u00ed\u0161u pred a za:<\/em><\/strong><\/p><p>\u2014 slov\u00e1 a\u00a0slovn\u00e9 spojenia, ktor\u00e9 s\u00fa do vety vo\u013ene vlo\u017een\u00e9 a <strong>vysvet\u013euj\u00fa, dop\u013a\u0148aj\u00fa <\/strong>alebo<strong> spres\u0148uj\u00fa<\/strong> jej obsah, napr. <em>Hl\u00e1sky <strong>(<\/strong>samohl\u00e1sky, spoluhl\u00e1sky a\u00a0dvojhl\u00e1sky<strong>)<\/strong> tvor\u00edme re\u010dov\u00fdmi \u00fastrojmi.<\/em>;<\/p>\t\t\t\t\t\t\t\t<\/div>\n\t\t\t\t<\/div>\n\t\t\t\t<div class=\"elementor-element elementor-element-35e7c82 elementor-widget elementor-widget-text-editor\" data-id=\"35e7c82\" data-element_type=\"widget\" data-widget_type=\"text-editor.default\">\n\t\t\t\t<div class=\"elementor-widget-container\">\n\t\t\t\t\t\t\t\t\t<p><strong>Pozn\u00e1mka <\/strong><\/p><p>Namiesto z\u00e1tvoriek mo\u017eno pou\u017ei\u0165 aj \u010diarky, alebo ak je vsuvka dlh\u0161ia, tak aj poml\u010dky.<\/p>\t\t\t\t\t\t\t\t<\/div>\n\t\t\t\t<\/div>\n\t\t\t\t<div class=\"elementor-element elementor-element-688156c elementor-widget elementor-widget-text-editor\" data-id=\"688156c\" data-element_type=\"widget\" data-widget_type=\"text-editor.default\">\n\t\t\t\t<div class=\"elementor-widget-container\">\n\t\t\t\t\t\t\t\t\t<p>\u2014 meno autora za <strong>cit\u00e1tom<\/strong> alebo aj pred bibliografick\u00e9 \u00fadaje, napr. <em>V\u00a0s\u00favislosti s\u00a0uveden\u00fdm upozor\u0148ujeme na prepojenie populizmu s\u00a0kritikou vo\u010di vl\u00e1dnucim politick\u00fdm stran\u00e1m <strong>(<\/strong>\u0160tefan\u010d\u00edk \u2014 Hlavsa 2019: 36<strong>)<\/strong><\/em>;<\/p><p>\u2014 matematick\u00e9 <strong>prvky<\/strong>, napr. (a + b) + c = a + (b + c);<\/p><p>\u2014 fakultat\u00edvne <strong>prvky<\/strong>, r\u00f4zne <strong>symboly<\/strong> a <strong>v\u00fdrazy<\/strong> v texte, napr. <em>hra\u0165 <strong>(<\/strong>sa<strong>)<\/strong><\/em>, <strong><em>(<\/em><\/strong><em>!<strong>)<\/strong><\/em>;<\/p><p>\u2014 <strong>dopl\u0148uj\u00faci \u00fadaj<\/strong> za menom osoby alebo n\u00e1zvom, napr. (* 28. okt\u00f3ber 1815, Uhrovec \u2013 \u2020 12. janu\u00e1r 1856, Modra).<\/p><p><strong><em>Hranat\u00e9 z\u00e1tvorky p\u00ed\u0161eme pred a za:<\/em><\/strong><\/p><p>\u2014 <strong>preklad <\/strong>n\u00e1zvu pri cudzojazy\u010dnom zdroji, napr. <em>CHOMSKY, N.: Media Control. <strong>[<\/strong>Kontrola m\u00e9di\u00ed<strong>]<\/strong>. Seven Stories Press : Pergamon Press 1997. 107 p<\/em>.;<\/p><p>\u2014 <strong>vysvetlivky<\/strong> skratiek pou\u017eit\u00fdch v citovanom texte a autorove <strong>pozn\u00e1mky<\/strong> k\u00a0textu v odborn\u00fdch pr\u00e1cach, napr. Autor p\u00ed\u0161e: <em>Ak existuj\u00fa tak\u00e9to formy <strong>[<\/strong>vari autor pochybuje, \u017ee tak\u00e9to formy existuj\u00fa<strong>]<\/strong>, je ich existencia vyvolan\u00e1 v\u00fdznamnou potrebou.\u201c<\/em>;<\/p><p>\u2014 \u00fadaje <strong>o v\u00fdslovnosti<\/strong> v slovn\u00edkoch, napr. <em>faux pas <strong>[<\/strong>fo pa<strong>]<\/strong><\/em>;<\/p><p>\u2014 text <strong>v z\u00e1tvork\u00e1ch<\/strong>, ktor\u00fd vklad\u00e1me do textu ohrani\u010den\u00e9ho okr\u00fahlymi z\u00e1tvorkami, napr. <em>(Patria sem aj sloves\u00e1 ako hra\u0165 <strong>[<\/strong>sa<strong>]<\/strong>, u\u010di\u0165 <strong>[<\/strong>sa<strong>]<\/strong>)<\/em>.<\/p>\t\t\t\t\t\t\t\t<\/div>\n\t\t\t\t<\/div>\n\t\t\t\t<div class=\"elementor-element elementor-element-99329d6 elementor-widget elementor-widget-text-editor\" data-id=\"99329d6\" data-element_type=\"widget\" data-widget_type=\"text-editor.default\">\n\t\t\t\t<div class=\"elementor-widget-container\">\n\t\t\t\t\t\t\t\t\t<p><strong>Pozn\u00e1mka <\/strong><\/p><p>Lomen\u00e9 z\u00e1tvorky sa pou\u017e\u00edvaj\u00fa podobne ako hranat\u00e9, napr. <em>(Patria sem aj sloves\u00e1 ako hra\u0165 <strong>\u27e8<\/strong>sa<strong>\u27e9<\/strong>, u\u010di\u0165 <strong>\u27e8<\/strong>sa<strong>\u27e9<\/strong>)<\/em>.<\/p>\t\t\t\t\t\t\t\t<\/div>\n\t\t\t\t<\/div>\n\t\t\t\t<div class=\"elementor-element elementor-element-d8cc0f9 elementor-widget elementor-widget-text-editor\" data-id=\"d8cc0f9\" data-element_type=\"widget\" data-widget_type=\"text-editor.default\">\n\t\t\t\t<div class=\"elementor-widget-container\">\n\t\t\t\t\t\t\t\t\t<p><strong><em>Zlo\u017een\u00e9 z\u00e1tvorky sa p\u00ed\u0161u pred a\u00a0za:<\/em><\/strong><\/p><p>\u2014 uv\u00e1dzan\u00edm <strong>mno\u017e\u00edn<\/strong>, napr. <em>Sg = <strong>{<\/strong>-m, -\u0161, \u00f8<strong>}<\/strong> (pr\u00edpona v\u00a0slovesnom tvare m\u00f4\u017ee by\u0165 -m, -\u0161 a\u00a0nulov\u00e1 pr\u00edpona -\u00f8)<\/em>.<\/p><p>\u00a0<\/p><p><strong><em>Apostrof (\u2019) sa p\u00ed\u0161e:<\/em><\/strong><\/p><p>\u2014 ako znamienko <strong>vynechania<\/strong> hl\u00e1sky, napr. <em>bol si <\/em>\u2014<em> bols<strong>\u2019<\/strong><\/em>;<\/p><p>\u2014 ako znamienko <strong>skr\u00e1tenia <\/strong>\u00fadajov v\u00a0rokoch, napr. <em>Pf <strong>\u2019<\/strong>25<\/em>;<\/p><p>\u2014 pri <strong>prepise <\/strong>z\u00a0cudz\u00edch grafick\u00fdch syst\u00e9mov, napr. <em>Jang-c<strong>\u2019<\/strong>-\u0165iang<\/em>.<\/p>\t\t\t\t\t\t\t\t<\/div>\n\t\t\t\t<\/div>\n\t\t\t\t\t<\/div>\n\t\t<\/div>\n\t\t\t\t\t<\/div>\n\t\t<\/section>\n\t\t\t\t\t<\/div>\n\t\t<\/div>\n\t\t\t\t\t<\/div>\n\t\t<\/section>\n\t\t\t\t<\/div>\n\t\t","protected":false},"excerpt":{"rendered":"<p>JAZYKOV\u00c1 KULT\u00daRA \u2014 P\u00cdSOMN\u00dd A \u00daSTNY PREJAV 6.4 Lomka, \u00favodzovky, z\u00e1tvorky, apostrof Lomka (\/) sa p\u00ed\u0161e: \u2014 v odborn\u00fdch textoch medzi variantn\u00fdmi alebo protikladn\u00fdmi v\u00fdrazmi, napr. roz\u010dlenite\u013enos\u0165\/neroz\u010dlenite\u013enos\u0165 vetn\u00e9ho jadra; \u2014 na vyjadrenie podielu alebo pomeru, napr. 3\/4, 5 km\/h; \u2014 na ozna\u010denie \u0161kolsk\u00e9ho a\u00a0akademick\u00e9ho\u00a0 roka, napr. 2025\/2026; \u2014 na oddelenie ver\u0161ov v s\u00favislom texte (lomka [&hellip;]<\/p>\n","protected":false},"author":3,"featured_media":0,"parent":0,"menu_order":0,"comment_status":"closed","ping_status":"closed","template":"","meta":{"footnotes":""},"class_list":["post-12751","page","type-page","status-publish","hentry"],"_links":{"self":[{"href":"https:\/\/e-ucebnice.ff.ucm.sk\/index.php\/wp-json\/wp\/v2\/pages\/12751","targetHints":{"allow":["GET"]}}],"collection":[{"href":"https:\/\/e-ucebnice.ff.ucm.sk\/index.php\/wp-json\/wp\/v2\/pages"}],"about":[{"href":"https:\/\/e-ucebnice.ff.ucm.sk\/index.php\/wp-json\/wp\/v2\/types\/page"}],"author":[{"embeddable":true,"href":"https:\/\/e-ucebnice.ff.ucm.sk\/index.php\/wp-json\/wp\/v2\/users\/3"}],"replies":[{"embeddable":true,"href":"https:\/\/e-ucebnice.ff.ucm.sk\/index.php\/wp-json\/wp\/v2\/comments?post=12751"}],"version-history":[{"count":10,"href":"https:\/\/e-ucebnice.ff.ucm.sk\/index.php\/wp-json\/wp\/v2\/pages\/12751\/revisions"}],"predecessor-version":[{"id":12770,"href":"https:\/\/e-ucebnice.ff.ucm.sk\/index.php\/wp-json\/wp\/v2\/pages\/12751\/revisions\/12770"}],"wp:attachment":[{"href":"https:\/\/e-ucebnice.ff.ucm.sk\/index.php\/wp-json\/wp\/v2\/media?parent=12751"}],"curies":[{"name":"wp","href":"https:\/\/api.w.org\/{rel}","templated":true}]}}