{"id":12866,"date":"2025-11-12T12:08:34","date_gmt":"2025-11-12T11:08:34","guid":{"rendered":"https:\/\/e-ucebnice.ff.ucm.sk\/?page_id=12866"},"modified":"2025-11-22T11:14:32","modified_gmt":"2025-11-22T10:14:32","slug":"jazykova-kultura-9","status":"publish","type":"page","link":"https:\/\/e-ucebnice.ff.ucm.sk\/index.php\/jazykova-kultura-9\/","title":{"rendered":"jazykova-kultura-9"},"content":{"rendered":"\t\t<div data-elementor-type=\"wp-page\" data-elementor-id=\"12866\" class=\"elementor elementor-12866\" data-elementor-post-type=\"page\">\n\t\t\t\t\t\t<section class=\"elementor-section elementor-top-section elementor-element elementor-element-468cb6a elementor-section-height-min-height elementor-section-boxed elementor-section-height-default elementor-section-items-middle\" data-id=\"468cb6a\" data-element_type=\"section\" data-settings=\"{&quot;background_background&quot;:&quot;classic&quot;}\">\n\t\t\t\t\t\t\t<div class=\"elementor-background-overlay\"><\/div>\n\t\t\t\t\t\t\t<div class=\"elementor-container elementor-column-gap-default\">\n\t\t\t\t\t<div class=\"elementor-column elementor-col-100 elementor-top-column elementor-element elementor-element-c353e91\" data-id=\"c353e91\" data-element_type=\"column\">\n\t\t\t<div class=\"elementor-widget-wrap elementor-element-populated\">\n\t\t\t\t\t\t<div class=\"elementor-element elementor-element-a3d62af elementor-widget elementor-widget-heading\" data-id=\"a3d62af\" data-element_type=\"widget\" data-widget_type=\"heading.default\">\n\t\t\t\t<div class=\"elementor-widget-container\">\n\t\t\t\t\t<h1 class=\"elementor-heading-title elementor-size-default\">JAZYKOV\u00c1 KULT\u00daRA \u2014 P\u00cdSOMN\u00dd A \u00daSTNY PREJAV<\/h1>\t\t\t\t<\/div>\n\t\t\t\t<\/div>\n\t\t\t\t\t<\/div>\n\t\t<\/div>\n\t\t\t\t\t<\/div>\n\t\t<\/section>\n\t\t\t\t<section class=\"elementor-section elementor-top-section elementor-element elementor-element-9f9a241 elementor-section-boxed elementor-section-height-default elementor-section-height-default\" data-id=\"9f9a241\" data-element_type=\"section\">\n\t\t\t\t\t\t<div class=\"elementor-container elementor-column-gap-default\">\n\t\t\t\t\t<div class=\"elementor-column elementor-col-100 elementor-top-column elementor-element elementor-element-36e8d15\" data-id=\"36e8d15\" data-element_type=\"column\">\n\t\t\t<div class=\"elementor-widget-wrap elementor-element-populated\">\n\t\t\t\t\t\t<section class=\"elementor-section elementor-inner-section elementor-element elementor-element-0f7453d elementor-section-boxed elementor-section-height-default elementor-section-height-default\" data-id=\"0f7453d\" data-element_type=\"section\">\n\t\t\t\t\t\t<div class=\"elementor-container elementor-column-gap-default\">\n\t\t\t\t\t<div class=\"elementor-column elementor-col-100 elementor-inner-column elementor-element elementor-element-4973de6\" data-id=\"4973de6\" data-element_type=\"column\">\n\t\t\t<div class=\"elementor-widget-wrap elementor-element-populated\">\n\t\t\t\t\t\t<div class=\"elementor-element elementor-element-198bac6 elementor-widget__width-initial elementor-fixed elementor-widget elementor-widget-button\" data-id=\"198bac6\" data-element_type=\"widget\" data-settings=\"{&quot;_position&quot;:&quot;fixed&quot;}\" data-widget_type=\"button.default\">\n\t\t\t\t<div class=\"elementor-widget-container\">\n\t\t\t\t\t\t\t\t\t<div class=\"elementor-button-wrapper\">\n\t\t\t\t\t<a class=\"elementor-button elementor-button-link elementor-size-sm\" href=\"#Kapitola1\">\n\t\t\t\t\t\t<span class=\"elementor-button-content-wrapper\">\n\t\t\t\t\t\t<span class=\"elementor-button-icon\">\n\t\t\t\t<i aria-hidden=\"true\" class=\"fas fa-arrow-up\"><\/i>\t\t\t<\/span>\n\t\t\t\t\t\t\t\t<\/span>\n\t\t\t\t\t<\/a>\n\t\t\t\t<\/div>\n\t\t\t\t\t\t\t\t<\/div>\n\t\t\t\t<\/div>\n\t\t\t\t\t<\/div>\n\t\t<\/div>\n\t\t\t\t\t<\/div>\n\t\t<\/section>\n\t\t\t\t\t<\/div>\n\t\t<\/div>\n\t\t\t\t\t<\/div>\n\t\t<\/section>\n\t\t\t\t<section class=\"elementor-section elementor-top-section elementor-element elementor-element-2858d6f elementor-section-boxed elementor-section-height-default elementor-section-height-default\" data-id=\"2858d6f\" data-element_type=\"section\">\n\t\t\t\t\t\t<div class=\"elementor-container elementor-column-gap-default\">\n\t\t\t\t\t<div class=\"elementor-column elementor-col-100 elementor-top-column elementor-element elementor-element-e63bd34\" data-id=\"e63bd34\" data-element_type=\"column\">\n\t\t\t<div class=\"elementor-widget-wrap elementor-element-populated\">\n\t\t\t\t\t\t<section class=\"elementor-section elementor-inner-section elementor-element elementor-element-0b79421 elementor-section-boxed elementor-section-height-default elementor-section-height-default\" data-id=\"0b79421\" data-element_type=\"section\">\n\t\t\t\t\t\t<div class=\"elementor-container elementor-column-gap-default\">\n\t\t\t\t\t<div class=\"elementor-column elementor-col-100 elementor-inner-column elementor-element elementor-element-bb0ded5\" data-id=\"bb0ded5\" data-element_type=\"column\">\n\t\t\t<div class=\"elementor-widget-wrap elementor-element-populated\">\n\t\t\t\t\t\t<div class=\"elementor-element elementor-element-264bbbf elementor-widget elementor-widget-heading\" data-id=\"264bbbf\" data-element_type=\"widget\" data-widget_type=\"heading.default\">\n\t\t\t\t<div class=\"elementor-widget-container\">\n\t\t\t\t\t<h3 class=\"elementor-heading-title elementor-size-default\">9. SAMOHL\u00c1SKY<\/h3>\t\t\t\t<\/div>\n\t\t\t\t<\/div>\n\t\t\t\t<div class=\"elementor-element elementor-element-5aa9d5d elementor-widget elementor-widget-text-editor\" data-id=\"5aa9d5d\" data-element_type=\"widget\" id=\"9-1\" data-widget_type=\"text-editor.default\">\n\t\t\t\t<div class=\"elementor-widget-container\">\n\t\t\t\t\t\t\t\t\t<p><strong>9.1 Vlastnosti a klasifik\u00e1cia slovensk\u00fdch vok\u00e1lov<\/strong><\/p><p>V slovenskom jazyku, podobne ako vo v\u00e4\u010d\u0161ine in\u00fdch jazykov, rozli\u0161ujeme z fonetick\u00e9ho h\u013eadiska dve z\u00e1kladn\u00e9 skupiny hl\u00e1sok \u2014 <strong>vok\u00e1ly<\/strong> (samohl\u00e1sky) a <strong>konsonanty<\/strong> (spoluhl\u00e1sky). Na rozdiel od fonologickej klasifik\u00e1cie, ktor\u00e1 vych\u00e1dza z funk\u010dn\u00fdch vlastnost\u00ed fon\u00e9m v jazykovom syst\u00e9me, fonetick\u00e1 klasifik\u00e1cia sa opiera o materi\u00e1lne charakteristiky konkr\u00e9tnych hl\u00e1sok. Z fonetick\u00e9ho h\u013eadiska mo\u017eno slovensk\u00e9 hl\u00e1sky klasifikova\u0165 pod\u013ea troch z\u00e1kladn\u00fdch krit\u00e9ri\u00ed:<\/p><ol><li>artikula\u010dn\u00e9ho,<\/li><li>akustick\u00e9ho,<\/li><li>funk\u010dn\u00e9ho.<\/li><\/ol><p>Z <strong>artikula\u010dn\u00e9ho<\/strong> h\u013eadiska s\u00fa v\u0161etky slovensk\u00e9 vok\u00e1ly charakteristick\u00e9 bezprek\u00e1\u017ekovou artikul\u00e1ciou, pri ktorej nedoch\u00e1dza k vytv\u00e1raniu artikula\u010dnej prek\u00e1\u017eky a v\u00fddychov\u00fd pr\u00fad vzduchu vo\u013ene prech\u00e1dza \u00fastnou dutinou. Artikula\u010dn\u00fdm cie\u013eom je formovanie dutiny (\u00fastnej, nosovej, hrdlovej, pr\u00edpadne pernej) do ur\u010dit\u00e9ho tvaru a ve\u013ekosti. V\u00fdznamn\u00fdm artikula\u010dn\u00fdm parametrom je tzv. \u010de\u013eus\u0165ov\u00fd uhol, ktor\u00fd vznik\u00e1 pohybom dolnej s\u00e1nky vo\u010di nepohyblivej hornej \u010de\u013eusti. Maxim\u00e1lny \u010de\u013eus\u0165ov\u00fd uhol sa dosahuje pri artikul\u00e1cii vok\u00e1lu <em>\u00e1<\/em>. V s\u00fa\u010dasnej sloven\u010dine sa nevyskytuj\u00fa nosov\u00e9 samohl\u00e1sky, \u010do znamen\u00e1, \u017ee nosov\u00e1 dutina sa pri ich artikul\u00e1cii nevyu\u017e\u00edva \u2014 v\u0161etky vok\u00e1ly s\u00fa \u00fastne. Historicky v\u0161ak sloven\u010dina disponovala dvoma nosovkami \u2014 <em>\u0119<\/em> a <em>\u01eb<\/em>, ktor\u00e9 zanikli v priebehu 10. a\u017e 11. storo\u010dia (porov. Pauliny E., 1963, s. 91): <em>m\u0119so, p\u0119ta, d<\/em><em>\u01eb<\/em><em>b<\/em><em>\u044a<\/em><em>, s<\/em><em>\u01eb<\/em><em>s<\/em><em>\u011b<\/em><em>d<\/em><em>\u044a<\/em> \u2192 <em>m\u00e4so, p\u00e4ta, dub, sused<\/em>. Pri artikul\u00e1cii niektor\u00fdch vok\u00e1lov zohr\u00e1va v\u00fdznamn\u00fa \u00falohu aj pern\u00e1 dutina \u2014 ide o tzv. labializovan\u00e9 vok\u00e1ly, pri ktor\u00fdch doch\u00e1dza k zaokr\u00fahleniu pier a ich vys\u00favaniu dopredu.<\/p><p>Z <strong>akustick\u00e9ho<\/strong> h\u013eadiska predstavuj\u00fa vok\u00e1ly \u010dist\u00e9 t\u00f3nov\u00e9 hl\u00e1sky, pri ktor\u00fdch hlasivky kmitaj\u00fa periodicky a nevznik\u00e1 \u0161umov\u00e1 zlo\u017eka. S\u00fa to tzv. formantov\u00e9 hl\u00e1sky \u2014 ich akustick\u00e1 \u0161trukt\u00fara umo\u017e\u0148uje jednozna\u010dn\u00fa identifik\u00e1ciu jednotliv\u00fdch hlasivkov\u00fdch cyklov (otvorenie a zatvorenie hlasiviek) prostredn\u00edctvom oscilogramu alebo sonagramu. Modul\u00e1ciou t\u00fdchto cyklov sa jednotliv\u00e9 vok\u00e1ly navz\u00e1jom odli\u0161uj\u00fa.<\/p><p>Z <strong>funk\u010dn\u00e9ho<\/strong> h\u013eadiska plnia vok\u00e1ly \u00falohu slabikotvorn\u00fdch prvkov \u2014 s\u00fa v\u017edy jadrom slabiky. Okrem vok\u00e1lov m\u00f4\u017eu t\u00fato funkciu plni\u0165 aj niektor\u00e9 sonanty (slabi\u010dn\u00e9 <em>r, \u0155, l, \u013a<\/em>). V jednej slabike sa vyskytuje v\u017edy len jeden vok\u00e1l, \u010do s\u00favis\u00ed s ich vysokou zvu\u010dnos\u0165ou. Ak sa v bezprostrednej bl\u00edzkosti nach\u00e1dzaj\u00fa dve samohl\u00e1sky, ktor\u00e9 netvoria dvojhl\u00e1sku, patria do dvoch samostatn\u00fdch slab\u00edk.<\/p><p>Invent\u00e1r slovensk\u00fdch vok\u00e1lov zah\u0155\u0148a: <strong><em>a, \u00e1, \u00e4, e, \u00e9, i, \u00ed, o, \u00f3, u, \u00fa, ia, ie, iu, \u00f4<\/em><\/strong>. Vok\u00e1l <em>\u00e4<\/em> m\u00e1 v r\u00e1mci hl\u00e1skoslovn\u00e9ho syst\u00e9mu okrajov\u00e9 postavenie; jeho v\u00fdslovnos\u0165 je preva\u017ene viazan\u00e1 na vy\u0161\u0161\u00ed \u0161t\u00fdl a ani v tomto kontexte nie je z\u00e1v\u00e4zn\u00e1. Tvrdenie, \u017ee <em>\u00e4<\/em> je charakteristick\u00fdm znakom sloven\u010diny, a preto mus\u00ed by\u0165 artikulovan\u00e9, nezodpoved\u00e1 aktu\u00e1lnemu jazykov\u00e9mu \u00fazu ani komunika\u010dn\u00fdm potreb\u00e1m s\u00fa\u010dasn\u00e9ho jazykov\u00e9ho spolo\u010denstva. Podobn\u00fd n\u00e1zor formuloval u\u017e \u013dudov\u00edt Nov\u00e1k (1935).<\/p><p><strong>Vok\u00e1ly m\u00f4\u017eeme deli\u0165 tak z fonetick\u00e9ho, ako i fonologick\u00e9ho h\u013eadiska. Ke\u010f\u017ee na\u0161a pr\u00e1ca sa zaober\u00e1 ortoepiou s\u00fa\u010dasnej spisovnej sloven\u010diny, tak n\u00e1s zauj\u00edma h\u013eadisko fonetick\u00e9. Pri fonologickom h\u013eadisku toti\u017e nie je d\u00f4le\u017eit\u00e9, ak\u00e9 artikula\u010dn\u00e9 \u010di akustick\u00e9 vlastnosti hl\u00e1sky maj\u00fa, ale to, ktor\u00fdm di\u0161tinkt\u00edvnym rysom sa odli\u0161uje jedna fon\u00e9ma od druhej.<\/strong><\/p><p>Z fonetick\u00e9ho h\u013eadiska samohl\u00e1sky rozde\u013eujeme pod\u013ea:<\/p><p>a) trvania (d\u013a\u017eky),<\/p><p>b) zlo\u017eenia,<\/p><p>c) polohy jazyka v \u00fastnej dutine,<\/p><p>d) \u00fa\u010dasti pier na ich artikul\u00e1cii.<\/p><p><strong>a)<\/strong> <strong>Pod\u013ea trvania<\/strong> sa samohl\u00e1sky rozde\u013euj\u00fa na:<\/p><p>&#8211; kr\u00e1tke: <em>a, e, i, o, u, \u00e4<\/em>,<\/p><p>&#8211; dlh\u00e9: <em>\u00e1, \u00e9, \u00ed, \u00f3, \u00fa, ia, ie, iu, \u00f4.<\/em><\/p><p><span class=\"footnote\" style=\"color: #3366ff;\" data-note=\"dvojhl\u00e1sky s\u00fa pohybliv\u00e9, k\u013azav\u00e9 vokalick\u00e9 segmenty, ktor\u00e9 pozost\u00e1vaj\u00fa z dvoch akusticky rozl\u00ed\u0161ite\u013en\u00fdch komponentov\"><strong>Dvojhl\u00e1sky<\/strong><\/span> predstavuj\u00fa vokalick\u00e9 \u0161trukt\u00fary zlo\u017een\u00e9 z dvoch kr\u00e1tkych segmentov, pri\u010dom inici\u00e1lny segment m\u00e1 charakter polosamohl\u00e1sky \u2014 artikula\u010dne ne\u00fapln\u00e9ho vok\u00e1lu \u2014 a termin\u00e1lny segment sa svojimi fonetick\u00fdmi vlastnos\u0165ami pribli\u017euje kr\u00e1tkej samohl\u00e1ske. Celkov\u00e1 trvanie dvojhl\u00e1sky zodpoved\u00e1 pribli\u017ene s\u00fa\u010dtu dvoch kr\u00e1tkych samohl\u00e1sok. V r\u00e1mci jazykov\u00e9ho syst\u00e9mu pln\u00ed dvojhl\u00e1ska funkciu dlh\u00e9ho slabi\u010dn\u00e9ho nosite\u013ea, \u010do sa prejavuje najm\u00e4 jej akt\u00edvnou \u00fa\u010das\u0165ou na kvantitat\u00edvnej neutraliz\u00e1cii, teda v procese tzv. rytmick\u00e9ho kr\u00e1tenia.<\/p><p><strong>b) Pod\u013ea zlo\u017eenia<\/strong> rozli\u0161ujeme samohl\u00e1sky jednoduch\u00e9, ktor\u00fdch artikul\u00e1cia je stacion\u00e1rna \u2014 j. jazyk po\u010das ich realiz\u00e1cie nemen\u00ed svoju polohu. Na druhej strane existuj\u00fa vok\u00e1ly zlo\u017een\u00e9, pri ktor\u00fdch doch\u00e1dza k artikula\u010dn\u00e9mu pohybu \u2014 jazyk sa pres\u00fava z jednej artikula\u010dnej poz\u00edcie do druhej. T\u00fdmto sp\u00f4sobom vznikaj\u00fa komplexn\u00e9 vokalick\u00e9 zvuky, ktor\u00e9 sa vyzna\u010duj\u00fa dynamick\u00fdm priebehom artikul\u00e1cie. Na z\u00e1klade toho rozli\u0161ujeme:<\/p><p><strong>&#8211; monoftongy <\/strong>(jednoduch\u00e9): <em>a, \u00e4, \u00e1, e, \u00e9, i, \u00ed, o, \u00f3, u, \u00fa<\/em><\/p><p><strong>&#8211; diftongy <\/strong>(dvojhl\u00e1sky, zlo\u017een\u00e9): <em>ia, ie, \u00f4, iu<\/em>.<\/p>\t\t\t\t\t\t\t\t<\/div>\n\t\t\t\t<\/div>\n\t\t\t\t<div class=\"elementor-element elementor-element-f2d3616 elementor-widget elementor-widget-image\" data-id=\"f2d3616\" data-element_type=\"widget\" data-widget_type=\"image.default\">\n\t\t\t\t<div class=\"elementor-widget-container\">\n\t\t\t\t\t\t\t\t\t\t\t\t\t\t\t<img fetchpriority=\"high\" decoding=\"async\" width=\"656\" height=\"253\" src=\"https:\/\/e-ucebnice.ff.ucm.sk\/wp-content\/uploads\/2025\/11\/jazkul-09-01.png\" class=\"attachment-large size-large wp-image-12890\" alt=\"\" srcset=\"https:\/\/e-ucebnice.ff.ucm.sk\/wp-content\/uploads\/2025\/11\/jazkul-09-01.png 656w, https:\/\/e-ucebnice.ff.ucm.sk\/wp-content\/uploads\/2025\/11\/jazkul-09-01-300x116.png 300w\" sizes=\"(max-width: 656px) 100vw, 656px\" \/>\t\t\t\t\t\t\t\t\t\t\t\t\t\t\t<\/div>\n\t\t\t\t<\/div>\n\t\t\t\t<div class=\"elementor-element elementor-element-eaff213 elementor-widget elementor-widget-text-editor\" data-id=\"eaff213\" data-element_type=\"widget\" data-widget_type=\"text-editor.default\">\n\t\t\t\t<div class=\"elementor-widget-container\">\n\t\t\t\t\t\t\t\t\t<p style=\"text-align: center;\"><em><strong>Obr. 1 Smer artikula\u010dn\u00e9ho rozp\u00e4tia slovensk\u00fdch dvojhl\u00e1sok<\/strong><\/em><\/p><p><strong>Dvojhl\u00e1sky s\u00fa pohybliv\u00e9, k\u013azav\u00e9 vokalick\u00e9 segmenty, ktor\u00e9 pozost\u00e1vaj\u00fa z dvoch akusticky rozl\u00ed\u0161ite\u013en\u00fdch komponentov, av\u0161ak fonologicky tvoria nedelite\u013en\u00fa jednotku a plnia funkciu jadra slabiky. <\/strong>Z h\u013eadiska artikula\u010dn\u00fdch vlastnost\u00ed sa ich okrajov\u00e9 \u010dasti pribli\u017euj\u00fa realiz\u00e1cii slovensk\u00fdch monoftongov. Dvojhl\u00e1sky <em>ia<\/em>, <em>ie<\/em>, <em>iu<\/em> sa skladaj\u00fa z inici\u00e1lnej i-ovej zlo\u017eky a z fin\u00e1lnej zlo\u017eky, ktor\u00e1 m\u00e1 charakter samohl\u00e1skov\u00fdch fon\u00e9m <em>a<\/em>, <em>e<\/em>, <em>u<\/em>. Dvojhl\u00e1ska <em>\u00f4<\/em> je tvoren\u00e1 u-ovou inici\u00e1lnou \u010das\u0165ou a zlo\u017ekou pripom\u00ednaj\u00facou vok\u00e1l <em>o<\/em>. Vzh\u013eadom na to, \u017ee artikula\u010dn\u00fd vrchol sa nach\u00e1dza a\u017e v druhej \u010dasti dvojhl\u00e1sky, klasifikujeme tieto vokalick\u00e9 segmenty ako <strong>st\u00fapav\u00e9 dvojhl\u00e1sky<\/strong>. Ich trvanie je porovnate\u013en\u00e9 s d\u013a\u017ekou realiz\u00e1cie dlh\u00fdch monoftongov. Z h\u013eadiska tempor\u00e1lnej \u0161trukt\u00fary v\u0161ak jednotliv\u00e9 komponenty dvojhl\u00e1sok nevykazuj\u00fa rovnak\u00fa d\u013a\u017eku \u2014 inici\u00e1lna, menej son\u00f3rna \u010das\u0165 b\u00fdva spravidla krat\u0161ia ne\u017e nasleduj\u00faca, son\u00f3rnej\u0161ia zlo\u017eka.<\/p><p><strong>\u00a0<\/strong><\/p><p><strong>c)<\/strong> Samohl\u00e1sky sa delia aj <strong>pod\u013ea polohy jazyka, <\/strong>a to tak z\u00a0vertik\u00e1lneho (zhora dole), ako aj horizont\u00e1lneho h\u013eadiska (spredu dozadu). Z horizont\u00e1lneho h\u013eadiska sa samohl\u00e1sky delia na:<\/p><p>\u2014<strong> predn\u00e9: <\/strong><em>e, \u00e9, i, \u00ed, ie,<\/em><\/p><p>\u2014<strong> stredn\u00e9: <\/strong><em>a, \u00e1, \u00e4, ia<\/em>,<\/p><p>\u2014 <strong>zadn\u00e9: <\/strong><em>o, \u00f3, u, \u00fa, \u00f4<\/em>.<\/p><p>Z vertik\u00e1lneho h\u013eadiska del\u00edme vok\u00e1ly na:<\/p><p>\u2014<strong> n\u00edzke: <\/strong><em>a, \u00e1, \u00e4, ia,<\/em><\/p><p>\u2014<strong> prostredn\u00e9: <\/strong><em>e, \u00e9, ie, o, \u00f3, \u00f4,<\/em><\/p><p>\u2014<strong> vysok\u00e9: <\/strong><em>i, \u00ed, u, \u00fa, iu<\/em>.<\/p>\t\t\t\t\t\t\t\t<\/div>\n\t\t\t\t<\/div>\n\t\t\t\t<div class=\"elementor-element elementor-element-23b6c73 elementor-widget elementor-widget-text-editor\" data-id=\"23b6c73\" data-element_type=\"widget\" data-widget_type=\"text-editor.default\">\n\t\t\t\t<div class=\"elementor-widget-container\">\n\t\t\t\t\t\t\t\t\t<div style=\"width: 50%; margin: 0 auto;\"><table style=\"width: 100%; border-collapse: collapse; border: none; background-color: transparent; font-size: 16px;\"><tbody><tr><td style=\"background-color: #3b83bd; color: white; padding: 8px; text-align: center;\" width=\"25%\"><strong>\u00a0<\/strong><\/td><td style=\"background-color: #f9b34c; color: black; padding: 8px; text-align: center;\" width=\"25%\"><strong>predn\u00e9<\/strong><\/td><td style=\"background-color: #f9b34c; color: black; padding: 8px; text-align: center;\" width=\"25%\"><strong>stredn\u00e9<\/strong><\/td><td style=\"background-color: #f9b34c; color: black; padding: 8px; text-align: center;\"><strong>zadn\u00e9<\/strong><\/td><\/tr><tr><td style=\"background-color: #f9b34c; color: black; padding: 8px; text-align: center;\"><strong>vysok\u00e9<\/strong><\/td><td style=\"padding: 8px; text-align: left;\"><strong>i, \u00ed<\/strong><\/td><td style=\"padding: 8px; text-align: center;\">\u00a0<\/td><td style=\"padding: 8px; text-align: right;\"><strong>u, \u00fa, iu<\/strong><\/td><\/tr><tr><td style=\"background-color: #f9b34c; color: black; padding: 8px; text-align: center;\"><strong>prostredn\u00e9<\/strong><\/td><td style=\"padding: 8px; text-align: center;\"><strong>e, \u00e9, ie<\/strong><\/td><td style=\"padding: 8px; text-align: center;\">\u00a0<\/td><td style=\"padding: 8px; text-align: center;\"><strong>o, \u00f3, \u00f4<\/strong><\/td><\/tr><tr><td style=\"background-color: #f9b34c; color: black; padding: 8px; text-align: center;\"><strong>n\u00edzke<\/strong><\/td><td style=\"padding: 8px; text-align: center;\">\u00a0<\/td><td style=\"padding: 8px; text-align: justify;\"><strong>\u00e4\u00a0 \u00a0 \u00a0 \u00a0 \u00a0 \u00a0 a, \u00e1, ia<\/strong><\/td><td style=\"padding: 8px; text-align: center;\">\u00a0<\/td><\/tr><\/tbody><\/table><p>Tabu\u013eka rozlo\u017eenia slovensk\u00fdch samohl\u00e1sok pod\u013ea polohy jazyka.<\/p><\/div>\t\t\t\t\t\t\t\t<\/div>\n\t\t\t\t<\/div>\n\t\t\t\t<div class=\"elementor-element elementor-element-14bbaf5 elementor-widget elementor-widget-text-editor\" data-id=\"14bbaf5\" data-element_type=\"widget\" data-widget_type=\"text-editor.default\">\n\t\t\t\t<div class=\"elementor-widget-container\">\n\t\t\t\t\t\t\t\t\t<p><strong>d) Na z\u00e1klade \u00fa\u010dasti pier na artikul\u00e1cii (tvoria tzv. pern\u00fa dutinu) mo\u017eno vok\u00e1ly klasifikova\u0165 do dvoch skup\u00edn. Pri realiz\u00e1cii niektor\u00fdch samohl\u00e1skov\u00fdch fon\u00e9m zohr\u00e1vaj\u00fa pery akt\u00edvnu \u00falohu <\/strong>\u2014<strong> doch\u00e1dza k ich zaokr\u00fahleniu a vysunutiu smerom dopredu. <\/strong>Tento artikula\u010dn\u00fd pohyb je typick\u00fd pre tzv. <strong>labializovan\u00e9 vok\u00e1ly<\/strong>, pri ktor\u00fdch sa pery v\u00fdrazne podie\u013eaj\u00fa na formovan\u00ed zvukovej kvality hl\u00e1sky. Ich zapojenie ovplyv\u0148uje akustick\u00e9 vlastnosti vok\u00e1lu, najm\u00e4 v oblasti formantovej \u0161trukt\u00fary. Zvy\u0161n\u00e9 vok\u00e1ly s\u00fa nelabializovan\u00e9.<\/p><p>Na z\u00e1klade tohto krit\u00e9ria rozli\u0161ujeme samohl\u00e1sky:<\/p><p>\u2014 <strong>labializovan\u00e9<\/strong> (zaokr\u00fahlen\u00e9): <em>o, \u00f3, u, \u00fa, iu, \u00f4<\/em>,<\/p><p>\u2014 <strong>nelabializovan\u00e9:<\/strong> <em>a, \u00e1, \u00e4, i, \u00ed, ia, ie<\/em>.<\/p>\t\t\t\t\t\t\t\t<\/div>\n\t\t\t\t<\/div>\n\t\t\t\t\t<\/div>\n\t\t<\/div>\n\t\t\t\t\t<\/div>\n\t\t<\/section>\n\t\t\t\t\t<\/div>\n\t\t<\/div>\n\t\t\t\t\t<\/div>\n\t\t<\/section>\n\t\t\t\t<\/div>\n\t\t","protected":false},"excerpt":{"rendered":"<p>JAZYKOV\u00c1 KULT\u00daRA \u2014 P\u00cdSOMN\u00dd A \u00daSTNY PREJAV 9. SAMOHL\u00c1SKY 9.1 Vlastnosti a klasifik\u00e1cia slovensk\u00fdch vok\u00e1lov V slovenskom jazyku, podobne ako vo v\u00e4\u010d\u0161ine in\u00fdch jazykov, rozli\u0161ujeme z fonetick\u00e9ho h\u013eadiska dve z\u00e1kladn\u00e9 skupiny hl\u00e1sok \u2014 vok\u00e1ly (samohl\u00e1sky) a konsonanty (spoluhl\u00e1sky). Na rozdiel od fonologickej klasifik\u00e1cie, ktor\u00e1 vych\u00e1dza z funk\u010dn\u00fdch vlastnost\u00ed fon\u00e9m v jazykovom syst\u00e9me, fonetick\u00e1 klasifik\u00e1cia sa [&hellip;]<\/p>\n","protected":false},"author":3,"featured_media":0,"parent":0,"menu_order":0,"comment_status":"closed","ping_status":"closed","template":"","meta":{"footnotes":""},"class_list":["post-12866","page","type-page","status-publish","hentry"],"_links":{"self":[{"href":"https:\/\/e-ucebnice.ff.ucm.sk\/index.php\/wp-json\/wp\/v2\/pages\/12866","targetHints":{"allow":["GET"]}}],"collection":[{"href":"https:\/\/e-ucebnice.ff.ucm.sk\/index.php\/wp-json\/wp\/v2\/pages"}],"about":[{"href":"https:\/\/e-ucebnice.ff.ucm.sk\/index.php\/wp-json\/wp\/v2\/types\/page"}],"author":[{"embeddable":true,"href":"https:\/\/e-ucebnice.ff.ucm.sk\/index.php\/wp-json\/wp\/v2\/users\/3"}],"replies":[{"embeddable":true,"href":"https:\/\/e-ucebnice.ff.ucm.sk\/index.php\/wp-json\/wp\/v2\/comments?post=12866"}],"version-history":[{"count":19,"href":"https:\/\/e-ucebnice.ff.ucm.sk\/index.php\/wp-json\/wp\/v2\/pages\/12866\/revisions"}],"predecessor-version":[{"id":13411,"href":"https:\/\/e-ucebnice.ff.ucm.sk\/index.php\/wp-json\/wp\/v2\/pages\/12866\/revisions\/13411"}],"wp:attachment":[{"href":"https:\/\/e-ucebnice.ff.ucm.sk\/index.php\/wp-json\/wp\/v2\/media?parent=12866"}],"curies":[{"name":"wp","href":"https:\/\/api.w.org\/{rel}","templated":true}]}}