{"id":13103,"date":"2025-11-13T11:54:52","date_gmt":"2025-11-13T10:54:52","guid":{"rendered":"https:\/\/e-ucebnice.ff.ucm.sk\/?page_id=13103"},"modified":"2025-11-13T12:05:37","modified_gmt":"2025-11-13T11:05:37","slug":"jazykova-kultura-literatura","status":"publish","type":"page","link":"https:\/\/e-ucebnice.ff.ucm.sk\/index.php\/jazykova-kultura-literatura\/","title":{"rendered":"jazykova-kultura-literatura"},"content":{"rendered":"\t\t<div data-elementor-type=\"wp-page\" data-elementor-id=\"13103\" class=\"elementor elementor-13103\" data-elementor-post-type=\"page\">\n\t\t\t\t\t\t<section class=\"elementor-section elementor-top-section elementor-element elementor-element-468cb6a elementor-section-height-min-height elementor-section-boxed elementor-section-height-default elementor-section-items-middle\" data-id=\"468cb6a\" data-element_type=\"section\" data-settings=\"{&quot;background_background&quot;:&quot;classic&quot;}\">\n\t\t\t\t\t\t\t<div class=\"elementor-background-overlay\"><\/div>\n\t\t\t\t\t\t\t<div class=\"elementor-container elementor-column-gap-default\">\n\t\t\t\t\t<div class=\"elementor-column elementor-col-100 elementor-top-column elementor-element elementor-element-c353e91\" data-id=\"c353e91\" data-element_type=\"column\">\n\t\t\t<div class=\"elementor-widget-wrap elementor-element-populated\">\n\t\t\t\t\t\t<div class=\"elementor-element elementor-element-a3d62af elementor-widget elementor-widget-heading\" data-id=\"a3d62af\" data-element_type=\"widget\" data-widget_type=\"heading.default\">\n\t\t\t\t<div class=\"elementor-widget-container\">\n\t\t\t\t\t<h1 class=\"elementor-heading-title elementor-size-default\">JAZYKOV\u00c1 KULT\u00daRA \u2014 P\u00cdSOMN\u00dd A \u00daSTNY PREJAV<\/h1>\t\t\t\t<\/div>\n\t\t\t\t<\/div>\n\t\t\t\t\t<\/div>\n\t\t<\/div>\n\t\t\t\t\t<\/div>\n\t\t<\/section>\n\t\t\t\t<section class=\"elementor-section elementor-top-section elementor-element elementor-element-9f9a241 elementor-section-boxed elementor-section-height-default elementor-section-height-default\" data-id=\"9f9a241\" data-element_type=\"section\">\n\t\t\t\t\t\t<div class=\"elementor-container elementor-column-gap-default\">\n\t\t\t\t\t<div class=\"elementor-column elementor-col-100 elementor-top-column elementor-element elementor-element-36e8d15\" data-id=\"36e8d15\" data-element_type=\"column\">\n\t\t\t<div class=\"elementor-widget-wrap elementor-element-populated\">\n\t\t\t\t\t\t<section class=\"elementor-section elementor-inner-section elementor-element elementor-element-0f7453d elementor-section-boxed elementor-section-height-default elementor-section-height-default\" data-id=\"0f7453d\" data-element_type=\"section\">\n\t\t\t\t\t\t<div class=\"elementor-container elementor-column-gap-default\">\n\t\t\t\t\t<div class=\"elementor-column elementor-col-100 elementor-inner-column elementor-element elementor-element-4973de6\" data-id=\"4973de6\" data-element_type=\"column\">\n\t\t\t<div class=\"elementor-widget-wrap elementor-element-populated\">\n\t\t\t\t\t\t<div class=\"elementor-element elementor-element-198bac6 elementor-widget__width-initial elementor-fixed elementor-widget elementor-widget-button\" data-id=\"198bac6\" data-element_type=\"widget\" data-settings=\"{&quot;_position&quot;:&quot;fixed&quot;}\" data-widget_type=\"button.default\">\n\t\t\t\t<div class=\"elementor-widget-container\">\n\t\t\t\t\t\t\t\t\t<div class=\"elementor-button-wrapper\">\n\t\t\t\t\t<a class=\"elementor-button elementor-button-link elementor-size-sm\" href=\"#Kapitola1\">\n\t\t\t\t\t\t<span class=\"elementor-button-content-wrapper\">\n\t\t\t\t\t\t<span class=\"elementor-button-icon\">\n\t\t\t\t<i aria-hidden=\"true\" class=\"fas fa-arrow-up\"><\/i>\t\t\t<\/span>\n\t\t\t\t\t\t\t\t<\/span>\n\t\t\t\t\t<\/a>\n\t\t\t\t<\/div>\n\t\t\t\t\t\t\t\t<\/div>\n\t\t\t\t<\/div>\n\t\t\t\t\t<\/div>\n\t\t<\/div>\n\t\t\t\t\t<\/div>\n\t\t<\/section>\n\t\t\t\t\t<\/div>\n\t\t<\/div>\n\t\t\t\t\t<\/div>\n\t\t<\/section>\n\t\t\t\t<section class=\"elementor-section elementor-top-section elementor-element elementor-element-2858d6f elementor-section-boxed elementor-section-height-default elementor-section-height-default\" data-id=\"2858d6f\" data-element_type=\"section\">\n\t\t\t\t\t\t<div class=\"elementor-container elementor-column-gap-default\">\n\t\t\t\t\t<div class=\"elementor-column elementor-col-100 elementor-top-column elementor-element elementor-element-e63bd34\" data-id=\"e63bd34\" data-element_type=\"column\">\n\t\t\t<div class=\"elementor-widget-wrap elementor-element-populated\">\n\t\t\t\t\t\t<div class=\"elementor-element elementor-element-6d57ea9 elementor-widget elementor-widget-heading\" data-id=\"6d57ea9\" data-element_type=\"widget\" data-widget_type=\"heading.default\">\n\t\t\t\t<div class=\"elementor-widget-container\">\n\t\t\t\t\t<h3 class=\"elementor-heading-title elementor-size-default\">Literat\u00fara<\/h3>\t\t\t\t<\/div>\n\t\t\t\t<\/div>\n\t\t\t\t<section class=\"elementor-section elementor-inner-section elementor-element elementor-element-0b79421 elementor-section-boxed elementor-section-height-default elementor-section-height-default\" data-id=\"0b79421\" data-element_type=\"section\">\n\t\t\t\t\t\t<div class=\"elementor-container elementor-column-gap-default\">\n\t\t\t\t\t<div class=\"elementor-column elementor-col-100 elementor-inner-column elementor-element elementor-element-bb0ded5\" data-id=\"bb0ded5\" data-element_type=\"column\">\n\t\t\t<div class=\"elementor-widget-wrap elementor-element-populated\">\n\t\t\t\t\t\t<div class=\"elementor-element elementor-element-5aa9d5d elementor-widget elementor-widget-text-editor\" data-id=\"5aa9d5d\" data-element_type=\"widget\" data-widget_type=\"text-editor.default\">\n\t\t\t\t<div class=\"elementor-widget-container\">\n\t\t\t\t\t\t\t\t\t<p><strong>BARTEK, H. <\/strong>1944. <em>Spr\u00e1vna v\u00fdslovnos\u0165 slovensk\u00e1. <\/em>Bratislava \u2014 Martin : J\u00e1n Hor\u00e1\u010dek, 1944.<\/p><p><strong>BUTLER, MONTAGU C.<\/strong> 1979. <em>Step by step in Esperanto: A simple textbook for English-speaking students, with graduated reading-matter and numerous exercises for class teaching or for home study<\/em><em>. <\/em>Orelia, WA: Esperanto Publishing Co. (Reprint of the 8th ed., originally published in 1965).<\/p><p><strong>DVON\u010cOV\u00c1, J. \u2014 JEN\u010cA, G. \u2014 KR\u00c1\u013d. \u00c1. <\/strong>1969. <em>Atlas slovensk\u00fdch hl\u00e1sok. <\/em>Bratislava : Vydavate\u013estvo SAV. 1969.<\/p><p><strong>G\u00c1BOR, \u013d. <\/strong>2024. <em>\u010ciarka. Pravopisn\u00e1 praktick\u00e1 pr\u00edru\u010dka.<\/em> Trnava : FF UCM v\u00a0Trnave. 2024.<\/p><p><strong>GREGOR\u00cdK, P<\/strong>. 2014. <em>Z\u00e1klady spisovnej v\u00fdslovnosti.<\/em> Trnava : UCM v\u00a0Trnave. 2014<\/p><p><strong>HATTALA, M. <\/strong>1852<em>. Kr\u00e1tka mluvnica slovensk\u00e1.<\/em> Pre\u0161porok, 1852.<\/p><p><strong>HLADK\u00dd, J. \u2014 MACUL\u00c1K, J. \u2014 REND\u00c1R, \u013d. \u2014 VESELSK\u00c1, E.<\/strong> 2006. <em>Pravopisno-gramatick\u00e1 pr\u00edru\u010dka s cvi\u010debnicou.<\/em> Trnava, 2006.<\/p><p><strong><em>jazykovaporadna.sk<\/em><\/strong> <a href=\"https:\/\/jazykovaporadna.sme.sk\/q\/6193\/\">https:\/\/jazykovaporadna.sme.sk\/q\/6193\/<\/a><\/p><p><strong>KR\u00c1\u013d. \u00c1. <\/strong>1984. <em>Pravidl\u00e1 slovenskej v\u00fdslovnosti.<\/em> 1. vyd. Bratislava : Slovensk\u00e9 pedagogick\u00e9 nakladate\u013estvo, 1984.<\/p><p><strong>KR\u00c1\u013d. \u00c1. <\/strong>1988. <em>Pravidl\u00e1 slovenskej v\u00fdslovnosti.<\/em> 2. vyd. Bratislava : Slovensk\u00e9 pedagogick\u00e9 nakladate\u013estvo, 1988.<\/p><p><strong>KR\u00c1\u013d, \u00c1. \u2014 SABOL, J<\/strong>. 1989. <em>Fonetika a fonol\u00f3gia. <\/em>Bratislava : Slovensk\u00e9 pedagogick\u00e9 nakladate\u013estvo, 1989. 392 s.<\/p><p><strong>\u013dOS IVORN\u00cdKOV\u00c1 \u2014 MO\u0160A\u0164OV\u00c1, M. \u2014 \u0160VANCAROV\u00c1, P.<\/strong> 2023. <em>U\u010d\u00edme sa na chyb\u00e1ch.<\/em> Bratislava : Univerzita Komensk\u00e9ho, 2023.<\/p><p><strong>MISTR\u00cdK, J. <\/strong>2002. <em>Lingvistick\u00fd slovn\u00edk.<\/em> Bratislava : Slovensk\u00e9 pedagogick\u00e9 nakladate\u013estvo, 2002.<\/p><p><strong>NOV\u00c1K, \u013d. <\/strong>1933. <em>Fonologia a \u0161t\u00fadium sloven\u010diny<\/em>. In: Slovensk\u00e1 re\u010d, 2, 1933\/34, s. 97 \u2014 107, 143 \u2014 157, 161 \u2014 171.<\/p><p><strong>NOV\u00c1K, \u013d. <\/strong>1934. <em>K z\u00e1kladom slovenskej ortoepie<\/em>. In: Slovensk\u00e1 re\u010d, 3, 1934\/35, s. 42 \u2014 65.<\/p><p><strong>ONDRU\u0160, \u0160. \u2014<\/strong> <strong>SABOL, J<\/strong>. 1987. <em>\u00davod do \u0161t\u00fadia jazykov<\/em>. Bratislava : SPN, 1987. 344 s.<\/p><p><strong>PAULINY, E. \u2014 \u0160TOLC, J. \u2014 RU\u017dI\u010cKA, J<\/strong>. 1953. <em>Slovensk\u00e1 gramatika<\/em>. 1. vyd. Martin : Osveta, 1953. 319 s.<\/p><p><strong><em>Pravidl\u00e1 slovensk\u00e9ho pravopisu<\/em><\/strong><em>.<\/em> 2000. 3. vyd. Bratislava : Veda, 2000.<\/p><p><strong><em>Pravidl\u00e1 slovensk\u00e9ho pravopisu. <\/em><\/strong>2013. 4. vyd. Bratislava : VEDA, 2013.<\/p><p><strong>RIPKA, I. \u2014 IMRICHOV\u00c1, M. \u2014 SKLADAN\u00c1, J. <\/strong>2006. <em>Pr\u00edru\u010dka slovensk\u00e9ho pravopisu pre \u0161koly a prax. <\/em>Bratislava : Ottovo nakladate\u013estvo, 2006.<\/p><p><strong>ROMPORTL, M<\/strong>. 1985. <em>Z\u00e1klady fonetiky. <\/em>Praha : SPN, 1985.<\/p><p><strong>SUOMI, K. \u2014 TOIVANEN, J. \u2014 YLITALO, R. 2008. <\/strong><em>Finnish sound structure: Phonetics, phonology, phonotactics and prosody<\/em><strong><em>. S<\/em><\/strong><strong>tudia Humaniora Ouluensia 9. Oulu: University of Oulu. <\/strong>Dostupn\u00e9 online: <a href=\"https:\/\/oulurepo.oulu.fi\/bitstream\/handle\/10024\/36099\/isbn978-951-42-8984-2.pdf\">https:\/\/oulurepo.oulu.fi\/bitstream\/handle\/10024\/36099\/isbn978-951-42-8984-2.pdf<\/a><\/p>\t\t\t\t\t\t\t\t<\/div>\n\t\t\t\t<\/div>\n\t\t\t\t\t<\/div>\n\t\t<\/div>\n\t\t\t\t\t<\/div>\n\t\t<\/section>\n\t\t\t\t\t<\/div>\n\t\t<\/div>\n\t\t\t\t\t<\/div>\n\t\t<\/section>\n\t\t\t\t<\/div>\n\t\t","protected":false},"excerpt":{"rendered":"<p>JAZYKOV\u00c1 KULT\u00daRA \u2014 P\u00cdSOMN\u00dd A \u00daSTNY PREJAV Literat\u00fara BARTEK, H. 1944. Spr\u00e1vna v\u00fdslovnos\u0165 slovensk\u00e1. Bratislava \u2014 Martin : J\u00e1n Hor\u00e1\u010dek, 1944. BUTLER, MONTAGU C. 1979. Step by step in Esperanto: A simple textbook for English-speaking students, with graduated reading-matter and numerous exercises for class teaching or for home study. Orelia, WA: Esperanto Publishing Co. (Reprint [&hellip;]<\/p>\n","protected":false},"author":3,"featured_media":0,"parent":0,"menu_order":0,"comment_status":"closed","ping_status":"closed","template":"","meta":{"footnotes":""},"class_list":["post-13103","page","type-page","status-publish","hentry"],"_links":{"self":[{"href":"https:\/\/e-ucebnice.ff.ucm.sk\/index.php\/wp-json\/wp\/v2\/pages\/13103","targetHints":{"allow":["GET"]}}],"collection":[{"href":"https:\/\/e-ucebnice.ff.ucm.sk\/index.php\/wp-json\/wp\/v2\/pages"}],"about":[{"href":"https:\/\/e-ucebnice.ff.ucm.sk\/index.php\/wp-json\/wp\/v2\/types\/page"}],"author":[{"embeddable":true,"href":"https:\/\/e-ucebnice.ff.ucm.sk\/index.php\/wp-json\/wp\/v2\/users\/3"}],"replies":[{"embeddable":true,"href":"https:\/\/e-ucebnice.ff.ucm.sk\/index.php\/wp-json\/wp\/v2\/comments?post=13103"}],"version-history":[{"count":4,"href":"https:\/\/e-ucebnice.ff.ucm.sk\/index.php\/wp-json\/wp\/v2\/pages\/13103\/revisions"}],"predecessor-version":[{"id":13121,"href":"https:\/\/e-ucebnice.ff.ucm.sk\/index.php\/wp-json\/wp\/v2\/pages\/13103\/revisions\/13121"}],"wp:attachment":[{"href":"https:\/\/e-ucebnice.ff.ucm.sk\/index.php\/wp-json\/wp\/v2\/media?parent=13103"}],"curies":[{"name":"wp","href":"https:\/\/api.w.org\/{rel}","templated":true}]}}