{"id":13109,"date":"2025-11-13T11:56:38","date_gmt":"2025-11-13T10:56:38","guid":{"rendered":"https:\/\/e-ucebnice.ff.ucm.sk\/?page_id=13109"},"modified":"2025-11-13T12:04:15","modified_gmt":"2025-11-13T11:04:15","slug":"jazykova-kultura-skratky","status":"publish","type":"page","link":"https:\/\/e-ucebnice.ff.ucm.sk\/index.php\/jazykova-kultura-skratky\/","title":{"rendered":"jazykova-kultura-skratky"},"content":{"rendered":"\t\t<div data-elementor-type=\"wp-page\" data-elementor-id=\"13109\" class=\"elementor elementor-13109\" data-elementor-post-type=\"page\">\n\t\t\t\t\t\t<section class=\"elementor-section elementor-top-section elementor-element elementor-element-468cb6a elementor-section-height-min-height elementor-section-boxed elementor-section-height-default elementor-section-items-middle\" data-id=\"468cb6a\" data-element_type=\"section\" data-settings=\"{&quot;background_background&quot;:&quot;classic&quot;}\">\n\t\t\t\t\t\t\t<div class=\"elementor-background-overlay\"><\/div>\n\t\t\t\t\t\t\t<div class=\"elementor-container elementor-column-gap-default\">\n\t\t\t\t\t<div class=\"elementor-column elementor-col-100 elementor-top-column elementor-element elementor-element-c353e91\" data-id=\"c353e91\" data-element_type=\"column\">\n\t\t\t<div class=\"elementor-widget-wrap elementor-element-populated\">\n\t\t\t\t\t\t<div class=\"elementor-element elementor-element-a3d62af elementor-widget elementor-widget-heading\" data-id=\"a3d62af\" data-element_type=\"widget\" data-widget_type=\"heading.default\">\n\t\t\t\t<div class=\"elementor-widget-container\">\n\t\t\t\t\t<h1 class=\"elementor-heading-title elementor-size-default\">JAZYKOV\u00c1 KULT\u00daRA \u2014 P\u00cdSOMN\u00dd A \u00daSTNY PREJAV<\/h1>\t\t\t\t<\/div>\n\t\t\t\t<\/div>\n\t\t\t\t\t<\/div>\n\t\t<\/div>\n\t\t\t\t\t<\/div>\n\t\t<\/section>\n\t\t\t\t<section class=\"elementor-section elementor-top-section elementor-element elementor-element-9f9a241 elementor-section-boxed elementor-section-height-default elementor-section-height-default\" data-id=\"9f9a241\" data-element_type=\"section\">\n\t\t\t\t\t\t<div class=\"elementor-container elementor-column-gap-default\">\n\t\t\t\t\t<div class=\"elementor-column elementor-col-100 elementor-top-column elementor-element elementor-element-36e8d15\" data-id=\"36e8d15\" data-element_type=\"column\">\n\t\t\t<div class=\"elementor-widget-wrap elementor-element-populated\">\n\t\t\t\t\t\t<section class=\"elementor-section elementor-inner-section elementor-element elementor-element-0f7453d elementor-section-boxed elementor-section-height-default elementor-section-height-default\" data-id=\"0f7453d\" data-element_type=\"section\">\n\t\t\t\t\t\t<div class=\"elementor-container elementor-column-gap-default\">\n\t\t\t\t\t<div class=\"elementor-column elementor-col-100 elementor-inner-column elementor-element elementor-element-4973de6\" data-id=\"4973de6\" data-element_type=\"column\">\n\t\t\t<div class=\"elementor-widget-wrap elementor-element-populated\">\n\t\t\t\t\t\t<div class=\"elementor-element elementor-element-198bac6 elementor-widget__width-initial elementor-fixed elementor-widget elementor-widget-button\" data-id=\"198bac6\" data-element_type=\"widget\" data-settings=\"{&quot;_position&quot;:&quot;fixed&quot;}\" data-widget_type=\"button.default\">\n\t\t\t\t<div class=\"elementor-widget-container\">\n\t\t\t\t\t\t\t\t\t<div class=\"elementor-button-wrapper\">\n\t\t\t\t\t<a class=\"elementor-button elementor-button-link elementor-size-sm\" href=\"#Kapitola1\">\n\t\t\t\t\t\t<span class=\"elementor-button-content-wrapper\">\n\t\t\t\t\t\t<span class=\"elementor-button-icon\">\n\t\t\t\t<i aria-hidden=\"true\" class=\"fas fa-arrow-up\"><\/i>\t\t\t<\/span>\n\t\t\t\t\t\t\t\t<\/span>\n\t\t\t\t\t<\/a>\n\t\t\t\t<\/div>\n\t\t\t\t\t\t\t\t<\/div>\n\t\t\t\t<\/div>\n\t\t\t\t\t<\/div>\n\t\t<\/div>\n\t\t\t\t\t<\/div>\n\t\t<\/section>\n\t\t\t\t\t<\/div>\n\t\t<\/div>\n\t\t\t\t\t<\/div>\n\t\t<\/section>\n\t\t\t\t<section class=\"elementor-section elementor-top-section elementor-element elementor-element-2858d6f elementor-section-boxed elementor-section-height-default elementor-section-height-default\" data-id=\"2858d6f\" data-element_type=\"section\">\n\t\t\t\t\t\t<div class=\"elementor-container elementor-column-gap-default\">\n\t\t\t\t\t<div class=\"elementor-column elementor-col-100 elementor-top-column elementor-element elementor-element-e63bd34\" data-id=\"e63bd34\" data-element_type=\"column\">\n\t\t\t<div class=\"elementor-widget-wrap elementor-element-populated\">\n\t\t\t\t\t\t<div class=\"elementor-element elementor-element-6d57ea9 elementor-widget elementor-widget-heading\" data-id=\"6d57ea9\" data-element_type=\"widget\" data-widget_type=\"heading.default\">\n\t\t\t\t<div class=\"elementor-widget-container\">\n\t\t\t\t\t<h3 class=\"elementor-heading-title elementor-size-default\">Zoznam skratiek<\/h3>\t\t\t\t<\/div>\n\t\t\t\t<\/div>\n\t\t\t\t<section class=\"elementor-section elementor-inner-section elementor-element elementor-element-0b79421 elementor-section-boxed elementor-section-height-default elementor-section-height-default\" data-id=\"0b79421\" data-element_type=\"section\">\n\t\t\t\t\t\t<div class=\"elementor-container elementor-column-gap-default\">\n\t\t\t\t\t<div class=\"elementor-column elementor-col-100 elementor-inner-column elementor-element elementor-element-bb0ded5\" data-id=\"bb0ded5\" data-element_type=\"column\">\n\t\t\t<div class=\"elementor-widget-wrap elementor-element-populated\">\n\t\t\t\t\t\t<div class=\"elementor-element elementor-element-5aa9d5d elementor-widget elementor-widget-text-editor\" data-id=\"5aa9d5d\" data-element_type=\"widget\" data-widget_type=\"text-editor.default\">\n\t\t\t\t<div class=\"elementor-widget-container\">\n\t\t\t\t\t\t\t\t\t<table style=\"width: 100%; border-collapse: collapse; background: transparent; border: none;\">\n<tbody>\n<tr>\n<td style=\"width: 15%; text-align: left; border: none; background: transparent;\">A<\/td>\n<td style=\"width: 85%; text-align: left; border: none; background: transparent;\">akuzat\u00edv<\/td>\n<\/tr>\n<tr>\n<td style=\"border: none; background: transparent;\">a i.<\/td>\n<td style=\"border: none; background: transparent;\">a in\u00e9<\/td>\n<\/tr>\n<tr>\n<td style=\"border: none; background: transparent;\">D<\/td>\n<td style=\"border: none; background: transparent;\">dat\u00edv<\/td>\n<\/tr>\n<tr>\n<td style=\"border: none; background: transparent;\">g<\/td>\n<td style=\"border: none; background: transparent;\">gr\u00e9\u010dtina<\/td>\n<\/tr>\n<tr>\n<td style=\"border: none; background: transparent;\">G<\/td>\n<td style=\"border: none; background: transparent;\">genit\u00edv<\/td>\n<\/tr>\n<tr>\n<td style=\"border: none; background: transparent;\">I<\/td>\n<td style=\"border: none; background: transparent;\">in\u0161trument\u00e1l<\/td>\n<\/tr>\n<tr>\n<td style=\"border: none; background: transparent;\">l<\/td>\n<td style=\"border: none; background: transparent;\">latin\u010dina<\/td>\n<\/tr>\n<tr>\n<td style=\"border: none; background: transparent;\">L<\/td>\n<td style=\"border: none; background: transparent;\">lok\u00e1l<\/td>\n<\/tr>\n<tr>\n<td style=\"border: none; background: transparent;\">m. r.<\/td>\n<td style=\"border: none; background: transparent;\">mu\u017esk\u00fd rod<\/td>\n<\/tr>\n<tr>\n<td style=\"border: none; background: transparent;\">N<\/td>\n<td style=\"border: none; background: transparent;\">nominat\u00edv<\/td>\n<\/tr>\n<tr>\n<td style=\"border: none; background: transparent;\">napr.<\/td>\n<td style=\"border: none; background: transparent;\">napr\u00edklad<\/td>\n<\/tr>\n<tr>\n<td style=\"border: none; background: transparent;\">os.<\/td>\n<td style=\"border: none; background: transparent;\">osoby<\/td>\n<\/tr>\n<tr>\n<td style=\"border: none; background: transparent;\">pl.<\/td>\n<td style=\"border: none; background: transparent;\">plur\u00e1l (mno\u017en\u00e9 \u010d\u00edslo)<\/td>\n<\/tr>\n<tr>\n<td style=\"border: none; background: transparent;\">podst. m.<\/td>\n<td style=\"border: none; background: transparent;\">podstatn\u00e9 men\u00e1<\/td>\n<\/tr>\n<tr>\n<td style=\"border: none; background: transparent;\">pr\u00edd. m.<\/td>\n<td style=\"border: none; background: transparent;\">pr\u00eddavn\u00e9 men\u00e1<\/td>\n<\/tr>\n<tr>\n<td style=\"border: none; background: transparent;\">pr\u00edt. \u010d.<\/td>\n<td style=\"border: none; background: transparent;\">pr\u00edtomn\u00fd \u010das<\/td>\n<\/tr>\n<tr>\n<td style=\"border: none; background: transparent;\">PSP<\/td>\n<td style=\"border: none; background: transparent;\">Pravidl\u00e1 slovensk\u00e9ho pravopisu<\/td>\n<\/tr>\n<tr>\n<td style=\"border: none; background: transparent;\">s. r.<\/td>\n<td style=\"border: none; background: transparent;\">stredn\u00fd rod<\/td>\n<\/tr>\n<tr>\n<td style=\"border: none; background: transparent;\">sg.<\/td>\n<td style=\"border: none; background: transparent;\">singul\u00e1r (jednotn\u00e9 \u010d\u00edslo)<\/td>\n<\/tr>\n<tr>\n<td style=\"border: none; background: transparent;\">t. j.<\/td>\n<td style=\"border: none; background: transparent;\">to jest<\/td>\n<\/tr>\n<tr>\n<td style=\"border: none; background: transparent;\">zak.<\/td>\n<td style=\"border: none; background: transparent;\">zakon\u010den\u00fd<\/td>\n<\/tr>\n<tr>\n<td style=\"border: none; background: transparent;\">\u017e. r.<\/td>\n<td style=\"border: none; background: transparent;\">\u017eensk\u00fd rod<\/td>\n<\/tr>\n<\/tbody>\n<\/table>\n\t\t\t\t\t\t\t\t<\/div>\n\t\t\t\t<\/div>\n\t\t\t\t\t<\/div>\n\t\t<\/div>\n\t\t\t\t\t<\/div>\n\t\t<\/section>\n\t\t\t\t\t<\/div>\n\t\t<\/div>\n\t\t\t\t\t<\/div>\n\t\t<\/section>\n\t\t\t\t<\/div>\n\t\t","protected":false},"excerpt":{"rendered":"<p>JAZYKOV\u00c1 KULT\u00daRA \u2014 P\u00cdSOMN\u00dd A \u00daSTNY PREJAV Zoznam skratiek A akuzat\u00edv a i. a in\u00e9 D dat\u00edv g gr\u00e9\u010dtina G genit\u00edv I in\u0161trument\u00e1l l latin\u010dina L lok\u00e1l m. r. mu\u017esk\u00fd rod N nominat\u00edv napr. napr\u00edklad os. osoby pl. plur\u00e1l (mno\u017en\u00e9 \u010d\u00edslo) podst. m. podstatn\u00e9 men\u00e1 pr\u00edd. m. pr\u00eddavn\u00e9 men\u00e1 pr\u00edt. \u010d. pr\u00edtomn\u00fd \u010das PSP Pravidl\u00e1 [&hellip;]<\/p>\n","protected":false},"author":3,"featured_media":0,"parent":0,"menu_order":0,"comment_status":"closed","ping_status":"closed","template":"","meta":{"footnotes":""},"class_list":["post-13109","page","type-page","status-publish","hentry"],"_links":{"self":[{"href":"https:\/\/e-ucebnice.ff.ucm.sk\/index.php\/wp-json\/wp\/v2\/pages\/13109","targetHints":{"allow":["GET"]}}],"collection":[{"href":"https:\/\/e-ucebnice.ff.ucm.sk\/index.php\/wp-json\/wp\/v2\/pages"}],"about":[{"href":"https:\/\/e-ucebnice.ff.ucm.sk\/index.php\/wp-json\/wp\/v2\/types\/page"}],"author":[{"embeddable":true,"href":"https:\/\/e-ucebnice.ff.ucm.sk\/index.php\/wp-json\/wp\/v2\/users\/3"}],"replies":[{"embeddable":true,"href":"https:\/\/e-ucebnice.ff.ucm.sk\/index.php\/wp-json\/wp\/v2\/comments?post=13109"}],"version-history":[{"count":4,"href":"https:\/\/e-ucebnice.ff.ucm.sk\/index.php\/wp-json\/wp\/v2\/pages\/13109\/revisions"}],"predecessor-version":[{"id":13118,"href":"https:\/\/e-ucebnice.ff.ucm.sk\/index.php\/wp-json\/wp\/v2\/pages\/13109\/revisions\/13118"}],"wp:attachment":[{"href":"https:\/\/e-ucebnice.ff.ucm.sk\/index.php\/wp-json\/wp\/v2\/media?parent=13109"}],"curies":[{"name":"wp","href":"https:\/\/api.w.org\/{rel}","templated":true}]}}