{"id":13137,"date":"2025-11-13T12:23:54","date_gmt":"2025-11-13T11:23:54","guid":{"rendered":"https:\/\/e-ucebnice.ff.ucm.sk\/?page_id=13137"},"modified":"2025-11-21T20:03:21","modified_gmt":"2025-11-21T19:03:21","slug":"jayzkova-kultura-autor","status":"publish","type":"page","link":"https:\/\/e-ucebnice.ff.ucm.sk\/index.php\/jayzkova-kultura-autor\/","title":{"rendered":"jayzkova-kultura-autor"},"content":{"rendered":"\t\t<div data-elementor-type=\"wp-page\" data-elementor-id=\"13137\" class=\"elementor elementor-13137\" data-elementor-post-type=\"page\">\n\t\t\t\t\t\t<section class=\"elementor-section elementor-top-section elementor-element elementor-element-4829a87 elementor-section-height-min-height elementor-section-boxed elementor-section-height-default elementor-section-items-middle\" data-id=\"4829a87\" data-element_type=\"section\" data-settings=\"{&quot;background_background&quot;:&quot;classic&quot;}\">\n\t\t\t\t\t\t\t<div class=\"elementor-background-overlay\"><\/div>\n\t\t\t\t\t\t\t<div class=\"elementor-container elementor-column-gap-default\">\n\t\t\t\t\t<div class=\"elementor-column elementor-col-100 elementor-top-column elementor-element elementor-element-4cf6c79\" data-id=\"4cf6c79\" data-element_type=\"column\">\n\t\t\t<div class=\"elementor-widget-wrap elementor-element-populated\">\n\t\t\t\t\t\t<div class=\"elementor-element elementor-element-3e8341c elementor-widget elementor-widget-heading\" data-id=\"3e8341c\" data-element_type=\"widget\" data-widget_type=\"heading.default\">\n\t\t\t\t<div class=\"elementor-widget-container\">\n\t\t\t\t\t<h1 class=\"elementor-heading-title elementor-size-default\">JAZYKOV\u00c1 KULT\u00daRA \u2014 P\u00cdSOMN\u00dd A \u00daSTNY PREJAV<\/h1>\t\t\t\t<\/div>\n\t\t\t\t<\/div>\n\t\t\t\t\t<\/div>\n\t\t<\/div>\n\t\t\t\t\t<\/div>\n\t\t<\/section>\n\t\t\t\t<section class=\"elementor-section elementor-top-section elementor-element elementor-element-df8b87f elementor-section-boxed elementor-section-height-default elementor-section-height-default\" data-id=\"df8b87f\" data-element_type=\"section\">\n\t\t\t\t\t\t<div class=\"elementor-container elementor-column-gap-default\">\n\t\t\t\t\t<div class=\"elementor-column elementor-col-50 elementor-top-column elementor-element elementor-element-2cf456c\" data-id=\"2cf456c\" data-element_type=\"column\">\n\t\t\t<div class=\"elementor-widget-wrap elementor-element-populated\">\n\t\t\t\t\t\t<div class=\"elementor-element elementor-element-4ab0e2d animated-fast elementor-invisible elementor-widget elementor-widget-heading\" data-id=\"4ab0e2d\" data-element_type=\"widget\" data-settings=\"{&quot;_animation&quot;:&quot;fadeIn&quot;}\" data-widget_type=\"heading.default\">\n\t\t\t\t<div class=\"elementor-widget-container\">\n\t\t\t\t\t<h1 class=\"elementor-heading-title elementor-size-default\">Mgr. Zdenka Kumorov\u00e1, PhD.<\/h1>\t\t\t\t<\/div>\n\t\t\t\t<\/div>\n\t\t\t\t<div class=\"elementor-element elementor-element-3fa9a13 elementor-widget__width-auto elementor-view-default elementor-widget elementor-widget-icon\" data-id=\"3fa9a13\" data-element_type=\"widget\" data-widget_type=\"icon.default\">\n\t\t\t\t<div class=\"elementor-widget-container\">\n\t\t\t\t\t\t\t<div class=\"elementor-icon-wrapper\">\n\t\t\t<div class=\"elementor-icon\">\n\t\t\t<i aria-hidden=\"true\" class=\"far fa-envelope\"><\/i>\t\t\t<\/div>\n\t\t<\/div>\n\t\t\t\t\t\t<\/div>\n\t\t\t\t<\/div>\n\t\t\t\t<div class=\"elementor-element elementor-element-0c3340c elementor-widget__width-auto elementor-widget elementor-widget-heading\" data-id=\"0c3340c\" data-element_type=\"widget\" data-widget_type=\"heading.default\">\n\t\t\t\t<div class=\"elementor-widget-container\">\n\t\t\t\t\t<h2 class=\"elementor-heading-title elementor-size-default\"><a href=\"mailto:zdenka.kumorova@ucm.sk\">zdenka.kumorova@ucm.sk<\/a><\/h2>\t\t\t\t<\/div>\n\t\t\t\t<\/div>\n\t\t\t\t<div class=\"elementor-element elementor-element-769490f elementor-invisible elementor-widget elementor-widget-text-editor\" data-id=\"769490f\" data-element_type=\"widget\" data-settings=\"{&quot;_animation&quot;:&quot;fadeIn&quot;}\" data-widget_type=\"text-editor.default\">\n\t\t\t\t<div class=\"elementor-widget-container\">\n\t\t\t\t\t\t\t\t\t<p>Autorka pracuje ako mimoriadna docentka na Katedre slovensk\u00e9ho jazyka a literat\u00fary Filozofickej fakulty Univerzity sv. Cyrila a Metoda v Trnave. Vy\u0161tudovala odbor slovensk\u00fd jazyk a literat\u00fara na Univerzite sv. Cyrila a Metoda v Trnave a doktorandsk\u00e9 \u0161t\u00fadium v odbore pedagogika absolvovala na Trnavskej univerzite v Trnave.<\/p><p>Predmetom jej vedeckov\u00fdskumnej \u010dinnosti je sk\u00famanie jazyka zo synchr\u00f3nneho h\u013eadiska v oblasti lexikol\u00f3gie, jazykovej kult\u00fary, \u0161tylistiky a ortografie slovensk\u00e9ho jazyka. Osobitn\u00fa vedeckov\u00fdskumn\u00fa pozornos\u0165 venuje suprasegment\u00e1lnym javom vo verejn\u00fdch sf\u00e9rach, sociolingvistick\u00fdm javom, dynamike slovensk\u00e9ho jazyka, adapt\u00e1cii inojazy\u010dn\u00fdch lex\u00e9m do slovensk\u00e9ho jazyka a vplyvom tohto procesu na n\u00e1rodn\u00fd jazyk.<\/p><p>V didaktickej oblasti sa zameriava na metodiku osvojovania slovensk\u00e9ho jazyka ako cudzieho jazyka. Predmetom jej s\u00fa\u010dasn\u00e9ho didaktick\u00e9ho z\u00e1ujmu je sk\u00fama\u0165 mo\u017enosti digitaliz\u00e1cie v\u00fdu\u010dby slovensk\u00e9ho jazyka a mo\u017enosti vyu\u017eitia digitalizovan\u00e9ho jazykov\u00e9ho obsahu v \u0161kolskej praxi pri zefekt\u00edv\u0148ovan\u00ed eduka\u010dn\u00e9ho procesu. Zameriava sa konkr\u00e9tne na mo\u017enosti osvojovania si lexikol\u00f3gie slovensk\u00e9ho jazyka prostredn\u00edctvom vyu\u017eitia digitalizovan\u00e9ho vzdel\u00e1vacieho obsahu v pr\u00edprave bud\u00facich u\u010dite\u013eov slovensk\u00e9ho jazyka a literat\u00fary.<\/p>\t\t\t\t\t\t\t\t<\/div>\n\t\t\t\t<\/div>\n\t\t\t\t\t<\/div>\n\t\t<\/div>\n\t\t\t\t<div class=\"elementor-column elementor-col-50 elementor-top-column elementor-element elementor-element-d2bbb58\" data-id=\"d2bbb58\" data-element_type=\"column\">\n\t\t\t<div class=\"elementor-widget-wrap elementor-element-populated\">\n\t\t\t\t\t\t<div class=\"elementor-element elementor-element-d937c3e elementor-widget elementor-widget-image\" data-id=\"d937c3e\" data-element_type=\"widget\" data-widget_type=\"image.default\">\n\t\t\t\t<div class=\"elementor-widget-container\">\n\t\t\t\t\t\t\t\t\t\t\t\t\t\t\t<img fetchpriority=\"high\" decoding=\"async\" width=\"640\" height=\"640\" src=\"https:\/\/e-ucebnice.ff.ucm.sk\/wp-content\/uploads\/2023\/04\/Kumorova_Zdenka.jpg\" class=\"attachment-large size-large wp-image-5697\" alt=\"\" srcset=\"https:\/\/e-ucebnice.ff.ucm.sk\/wp-content\/uploads\/2023\/04\/Kumorova_Zdenka.jpg 640w, https:\/\/e-ucebnice.ff.ucm.sk\/wp-content\/uploads\/2023\/04\/Kumorova_Zdenka-300x300.jpg 300w, https:\/\/e-ucebnice.ff.ucm.sk\/wp-content\/uploads\/2023\/04\/Kumorova_Zdenka-150x150.jpg 150w\" sizes=\"(max-width: 640px) 100vw, 640px\" \/>\t\t\t\t\t\t\t\t\t\t\t\t\t\t\t<\/div>\n\t\t\t\t<\/div>\n\t\t\t\t\t<\/div>\n\t\t<\/div>\n\t\t\t\t\t<\/div>\n\t\t<\/section>\n\t\t\t\t<section class=\"elementor-section elementor-top-section elementor-element elementor-element-9ff3ec4 elementor-section-boxed elementor-section-height-default elementor-section-height-default\" data-id=\"9ff3ec4\" data-element_type=\"section\">\n\t\t\t\t\t\t<div class=\"elementor-container elementor-column-gap-default\">\n\t\t\t\t\t<div class=\"elementor-column elementor-col-50 elementor-top-column elementor-element elementor-element-5f0ecd9\" data-id=\"5f0ecd9\" data-element_type=\"column\">\n\t\t\t<div class=\"elementor-widget-wrap elementor-element-populated\">\n\t\t\t\t\t\t<div class=\"elementor-element elementor-element-162cf77 animated-fast elementor-invisible elementor-widget elementor-widget-heading\" data-id=\"162cf77\" data-element_type=\"widget\" data-settings=\"{&quot;_animation&quot;:&quot;fadeIn&quot;}\" data-widget_type=\"heading.default\">\n\t\t\t\t<div class=\"elementor-widget-container\">\n\t\t\t\t\t<h1 class=\"elementor-heading-title elementor-size-default\">Mgr. Peter Gregor\u00edk, PhD.<\/h1>\t\t\t\t<\/div>\n\t\t\t\t<\/div>\n\t\t\t\t<div class=\"elementor-element elementor-element-b981e0c elementor-widget__width-auto elementor-view-default elementor-widget elementor-widget-icon\" data-id=\"b981e0c\" data-element_type=\"widget\" data-widget_type=\"icon.default\">\n\t\t\t\t<div class=\"elementor-widget-container\">\n\t\t\t\t\t\t\t<div class=\"elementor-icon-wrapper\">\n\t\t\t<div class=\"elementor-icon\">\n\t\t\t<i aria-hidden=\"true\" class=\"far fa-envelope\"><\/i>\t\t\t<\/div>\n\t\t<\/div>\n\t\t\t\t\t\t<\/div>\n\t\t\t\t<\/div>\n\t\t\t\t<div class=\"elementor-element elementor-element-6f5a2bc elementor-widget__width-auto elementor-widget elementor-widget-heading\" data-id=\"6f5a2bc\" data-element_type=\"widget\" data-widget_type=\"heading.default\">\n\t\t\t\t<div class=\"elementor-widget-container\">\n\t\t\t\t\t<h2 class=\"elementor-heading-title elementor-size-default\"><a href=\"mailto:peter.gregorik@ucm.sk\">peter.gregorik@ucm.sk<\/a><\/h2>\t\t\t\t<\/div>\n\t\t\t\t<\/div>\n\t\t\t\t<div class=\"elementor-element elementor-element-6c443f0 elementor-invisible elementor-widget elementor-widget-text-editor\" data-id=\"6c443f0\" data-element_type=\"widget\" data-settings=\"{&quot;_animation&quot;:&quot;fadeIn&quot;}\" data-widget_type=\"text-editor.default\">\n\t\t\t\t<div class=\"elementor-widget-container\">\n\t\t\t\t\t\t\t\t\t<p>Mgr. Peter Gregor\u00edk, PhD. (1979) sa narodil v Topo\u013e\u010danoch. Vy\u0161tudoval slovensk\u00fd jazyk a\u00a0literat\u00faru na Univerzite sv. Cyrila a\u00a0Metoda v\u00a0Trnave a anglick\u00fd jazyk a\u00a0literat\u00faru na Univerzite Kon\u0161tant\u00edna Filozofa v Nitre. Doktorandsk\u00e9 \u0161t\u00fadium v\u00a0odbore slovensk\u00fd jazyk a\u00a0literat\u00fara absolvoval v\u00a0Nitre na Univerzite Kon\u0161tant\u00edna Filozofa.<\/p><p>Od roku 2006 pracuje ako odborn\u00fd asistent na Katedre slovensk\u00e9ho jazyka a literat\u00fary FF UCM v Trnave, kde sa prim\u00e1rne venuje syntaxi slovensk\u00e9ho jazyka, a\u00a0to najm\u00e4 z\u00a0h\u013eadiska opisu jazykov\u00e9ho syst\u00e9mu. Venuje sa aj morfol\u00f3gii, zvukovej str\u00e1nke sloven\u010diny a\u00a0kult\u00fare \u00fastneho prejavu. Je autorom monografi\u00ed <em>Podmet v sloven\u010dine. Form\u00e1lna a s\u00e9mantick\u00e1 charakteristika<\/em> (2022), Pr\u00edsudok a\u00a0vetn\u00fd z\u00e1klad v\u00a0sloven\u010dine (2023), spoluautorom monografie Koncepcia syntaxe s\u00fa\u010dasn\u00e9ho slovensk\u00e9ho jazyka (2015), ako aj autorom vysoko\u0161kolsk\u00fdch u\u010debn\u00edc Z\u00e1klady spisovnej v\u00fdslovnosti (2014) a Veta v sloven\u010dine a jej vlastnosti (2020).<\/p><p>V\u00a0didaktickej oblasti sa venuje aktu\u00e1lnym ot\u00e1zkam vyu\u010dovania slovensk\u00e9ho jazyka a\u00a0vyu\u010dovaniu sloven\u010diny ako cudzieho jazyka. Ako extern\u00fd spolupracovn\u00edk NIVAM-u sa podie\u013eal na pr\u00edprave vzdel\u00e1vac\u00edch \u0161tandardov zo slovensk\u00e9ho jazyka \u00a0a\u00a0pracuje ako lektor a\u00a0mentor v\u00a0Region\u00e1lnom centre podpory u\u010dite\u013eov v\u00a0Topo\u013e\u010danoch.<\/p>\t\t\t\t\t\t\t\t<\/div>\n\t\t\t\t<\/div>\n\t\t\t\t\t<\/div>\n\t\t<\/div>\n\t\t\t\t<div class=\"elementor-column elementor-col-50 elementor-top-column elementor-element elementor-element-3f10d03\" data-id=\"3f10d03\" data-element_type=\"column\">\n\t\t\t<div class=\"elementor-widget-wrap elementor-element-populated\">\n\t\t\t\t\t\t<div class=\"elementor-element elementor-element-5035ed2 elementor-widget elementor-widget-image\" data-id=\"5035ed2\" data-element_type=\"widget\" data-widget_type=\"image.default\">\n\t\t\t\t<div class=\"elementor-widget-container\">\n\t\t\t\t\t\t\t\t\t\t\t\t\t\t\t<img decoding=\"async\" width=\"800\" height=\"993\" src=\"https:\/\/e-ucebnice.ff.ucm.sk\/wp-content\/uploads\/2025\/11\/Gregorik-825x1024.jpg\" class=\"attachment-large size-large wp-image-13353\" alt=\"\" srcset=\"https:\/\/e-ucebnice.ff.ucm.sk\/wp-content\/uploads\/2025\/11\/Gregorik-825x1024.jpg 825w, https:\/\/e-ucebnice.ff.ucm.sk\/wp-content\/uploads\/2025\/11\/Gregorik-768x953.jpg 768w\" sizes=\"(max-width: 800px) 100vw, 800px\" \/>\t\t\t\t\t\t\t\t\t\t\t\t\t\t\t<\/div>\n\t\t\t\t<\/div>\n\t\t\t\t\t<\/div>\n\t\t<\/div>\n\t\t\t\t\t<\/div>\n\t\t<\/section>\n\t\t\t\t<\/div>\n\t\t","protected":false},"excerpt":{"rendered":"<p>JAZYKOV\u00c1 KULT\u00daRA \u2014 P\u00cdSOMN\u00dd A \u00daSTNY PREJAV Mgr. Zdenka Kumorov\u00e1, PhD. zdenka.kumorova@ucm.sk Autorka pracuje ako mimoriadna docentka na Katedre slovensk\u00e9ho jazyka a literat\u00fary Filozofickej fakulty Univerzity sv. Cyrila a Metoda v Trnave. Vy\u0161tudovala odbor slovensk\u00fd jazyk a literat\u00fara na Univerzite sv. Cyrila a Metoda v Trnave a doktorandsk\u00e9 \u0161t\u00fadium v odbore pedagogika absolvovala na Trnavskej [&hellip;]<\/p>\n","protected":false},"author":3,"featured_media":0,"parent":0,"menu_order":0,"comment_status":"closed","ping_status":"closed","template":"","meta":{"footnotes":""},"class_list":["post-13137","page","type-page","status-publish","hentry"],"_links":{"self":[{"href":"https:\/\/e-ucebnice.ff.ucm.sk\/index.php\/wp-json\/wp\/v2\/pages\/13137","targetHints":{"allow":["GET"]}}],"collection":[{"href":"https:\/\/e-ucebnice.ff.ucm.sk\/index.php\/wp-json\/wp\/v2\/pages"}],"about":[{"href":"https:\/\/e-ucebnice.ff.ucm.sk\/index.php\/wp-json\/wp\/v2\/types\/page"}],"author":[{"embeddable":true,"href":"https:\/\/e-ucebnice.ff.ucm.sk\/index.php\/wp-json\/wp\/v2\/users\/3"}],"replies":[{"embeddable":true,"href":"https:\/\/e-ucebnice.ff.ucm.sk\/index.php\/wp-json\/wp\/v2\/comments?post=13137"}],"version-history":[{"count":10,"href":"https:\/\/e-ucebnice.ff.ucm.sk\/index.php\/wp-json\/wp\/v2\/pages\/13137\/revisions"}],"predecessor-version":[{"id":13356,"href":"https:\/\/e-ucebnice.ff.ucm.sk\/index.php\/wp-json\/wp\/v2\/pages\/13137\/revisions\/13356"}],"wp:attachment":[{"href":"https:\/\/e-ucebnice.ff.ucm.sk\/index.php\/wp-json\/wp\/v2\/media?parent=13137"}],"curies":[{"name":"wp","href":"https:\/\/api.w.org\/{rel}","templated":true}]}}