{"id":13138,"date":"2025-11-13T12:24:21","date_gmt":"2025-11-13T11:24:21","guid":{"rendered":"https:\/\/e-ucebnice.ff.ucm.sk\/?page_id=13138"},"modified":"2025-11-13T12:31:35","modified_gmt":"2025-11-13T11:31:35","slug":"jazykova-kultura-about","status":"publish","type":"page","link":"https:\/\/e-ucebnice.ff.ucm.sk\/index.php\/jazykova-kultura-about\/","title":{"rendered":"jazykova-kultura-about"},"content":{"rendered":"\t\t<div data-elementor-type=\"wp-page\" data-elementor-id=\"13138\" class=\"elementor elementor-13138\" data-elementor-post-type=\"page\">\n\t\t\t\t\t\t<section class=\"elementor-section elementor-top-section elementor-element elementor-element-4829a87 elementor-section-height-min-height elementor-section-boxed elementor-section-height-default elementor-section-items-middle\" data-id=\"4829a87\" data-element_type=\"section\" data-settings=\"{&quot;background_background&quot;:&quot;classic&quot;}\">\n\t\t\t\t\t\t\t<div class=\"elementor-background-overlay\"><\/div>\n\t\t\t\t\t\t\t<div class=\"elementor-container elementor-column-gap-default\">\n\t\t\t\t\t<div class=\"elementor-column elementor-col-100 elementor-top-column elementor-element elementor-element-4cf6c79\" data-id=\"4cf6c79\" data-element_type=\"column\">\n\t\t\t<div class=\"elementor-widget-wrap elementor-element-populated\">\n\t\t\t\t\t\t<div class=\"elementor-element elementor-element-3e8341c elementor-widget elementor-widget-heading\" data-id=\"3e8341c\" data-element_type=\"widget\" data-widget_type=\"heading.default\">\n\t\t\t\t<div class=\"elementor-widget-container\">\n\t\t\t\t\t<h1 class=\"elementor-heading-title elementor-size-default\">JAZYKOV\u00c1 KULT\u00daRA \u2014 P\u00cdSOMN\u00dd A \u00daSTNY PREJAV<\/h1>\t\t\t\t<\/div>\n\t\t\t\t<\/div>\n\t\t\t\t\t<\/div>\n\t\t<\/div>\n\t\t\t\t\t<\/div>\n\t\t<\/section>\n\t\t\t\t<section class=\"elementor-section elementor-top-section elementor-element elementor-element-2858d6f elementor-section-boxed elementor-section-height-default elementor-section-height-default\" data-id=\"2858d6f\" data-element_type=\"section\">\n\t\t\t\t\t\t<div class=\"elementor-container elementor-column-gap-default\">\n\t\t\t\t\t<div class=\"elementor-column elementor-col-100 elementor-top-column elementor-element elementor-element-e63bd34\" data-id=\"e63bd34\" data-element_type=\"column\">\n\t\t\t<div class=\"elementor-widget-wrap elementor-element-populated\">\n\t\t\t\t\t\t<section class=\"elementor-section elementor-inner-section elementor-element elementor-element-0b79421 elementor-section-boxed elementor-section-height-default elementor-section-height-default\" data-id=\"0b79421\" data-element_type=\"section\">\n\t\t\t\t\t\t<div class=\"elementor-container elementor-column-gap-default\">\n\t\t\t\t\t<div class=\"elementor-column elementor-col-100 elementor-inner-column elementor-element elementor-element-bb0ded5\" data-id=\"bb0ded5\" data-element_type=\"column\">\n\t\t\t<div class=\"elementor-widget-wrap elementor-element-populated\">\n\t\t\t\t\t\t<div class=\"elementor-element elementor-element-759b076 elementor-widget elementor-widget-heading\" data-id=\"759b076\" data-element_type=\"widget\" data-widget_type=\"heading.default\">\n\t\t\t\t<div class=\"elementor-widget-container\">\n\t\t\t\t\t<h3 class=\"elementor-heading-title elementor-size-default\">JAZYKOV\u00c1 KULT\u00daRA \u2014 P\u00cdSOMN\u00dd A \u00daSTNY PREJAV<\/h3>\t\t\t\t<\/div>\n\t\t\t\t<\/div>\n\t\t\t\t<div class=\"elementor-element elementor-element-5aa9d5d elementor-widget elementor-widget-text-editor\" data-id=\"5aa9d5d\" data-element_type=\"widget\" data-widget_type=\"text-editor.default\">\n\t\t\t\t<div class=\"elementor-widget-container\">\n\t\t\t\t\t\t\t\t\t<p>Publik\u00e1cia bola spracovan\u00e1 ako jeden z v\u00fdstupov rie\u0161enia projektu <strong><em>001UCM-2-1\/2022 Inov\u00e1cia a digitaliz\u00e1cia dopl\u0148uj\u00faceho pedagogick\u00e9ho \u0161t\u00fadia a roz\u0161iruj\u00faceho \u0161t\u00fadia na FF UCM v\u00a0Trnave<\/em><\/strong>. Tematick\u00e1 oblas\u0165: <em>2022.1.<\/em> T\u00e9ma 1: <em>Podpora poskytovania a uskuto\u010d\u0148ovania dopl\u0148uj\u00faceho pedagogick\u00e9ho \u0161t\u00fadia alebo roz\u0161iruj\u00faceho \u0161t\u00fadia.<\/em>\u00a0 Identifik\u00e1tor: 20220816131519110<\/p><p>Autor: \u00a0\u00a0\u00a0\u00a0\u00a0\u00a0\u00a0\u00a0\u00a0\u00a0\u00a0 \u00a0\u00a0Mgr. Zdenka Kumorov\u00e1, PhD.<\/p><p>\u00a0 \u00a0 \u00a0 \u00a0 \u00a0 \u00a0 \u00a0 \u00a0 \u00a0 \u00a0 \u00a0 \u00a0 \u00a0 Mgr. Peter Gregor\u00edk, PhD.<\/p><p>Recenzenti:\u00a0 \u00a0 prof. Dr. Jozef P\u00e1llay\u00a0<\/p><p>\u00a0 \u00a0 \u00a0 \u00a0 \u00a0 \u00a0 \u00a0 \u00a0 \u00a0 \u00a0 \u00a0 \u00a0 \u00a0 PhDr. Jana P\u00ed\u0161ov\u00e1, PhD.<\/p><p>Vydanie vysoko\u0161kolskej u\u010debnice bolo schv\u00e1len\u00e9 Edi\u010dnou radou Univerzity sv. Cyrila a\u00a0Metoda v\u00a0Trnave a\u00a0veden\u00edm Filozofickej fakulty Univerzity sv. Cyrila a\u00a0Metoda v\u00a0Trnave.<\/p><p>\u00a9 Univerzita sv. Cyrila a\u00a0Metoda v\u00a0Trnave<\/p><p>\u00a9\u00a0 Mgr. Zdenka Kumorov\u00e1, PhD.<\/p><p>\u00a9 Mgr. Peter Gregor\u00edk, PhD.<\/p><p>Za obsahov\u00fa str\u00e1nku publik\u00e1cie zodpovedaj\u00fa autori. V\u0161etky pr\u00e1va vyhraden\u00e9. Toto dielo ani jeho \u010das\u0165 nemo\u017eno reprodukova\u0165 bez s\u00fahlasu majite\u013eov autorsk\u00fdch pr\u00e1v.<\/p><p>Vydavate\u013e: Univerzita sv. Cyrila a\u00a0Metoda v\u00a0Trnave, 2025<\/p><p>Vydanie: prv\u00e9<\/p><p>ISBN 978-80-572-0564-7<\/p>\t\t\t\t\t\t\t\t<\/div>\n\t\t\t\t<\/div>\n\t\t\t\t\t<\/div>\n\t\t<\/div>\n\t\t\t\t\t<\/div>\n\t\t<\/section>\n\t\t\t\t\t<\/div>\n\t\t<\/div>\n\t\t\t\t\t<\/div>\n\t\t<\/section>\n\t\t\t\t<\/div>\n\t\t","protected":false},"excerpt":{"rendered":"<p>JAZYKOV\u00c1 KULT\u00daRA \u2014 P\u00cdSOMN\u00dd A \u00daSTNY PREJAV JAZYKOV\u00c1 KULT\u00daRA \u2014 P\u00cdSOMN\u00dd A \u00daSTNY PREJAV Publik\u00e1cia bola spracovan\u00e1 ako jeden z v\u00fdstupov rie\u0161enia projektu 001UCM-2-1\/2022 Inov\u00e1cia a digitaliz\u00e1cia dopl\u0148uj\u00faceho pedagogick\u00e9ho \u0161t\u00fadia a roz\u0161iruj\u00faceho \u0161t\u00fadia na FF UCM v\u00a0Trnave. Tematick\u00e1 oblas\u0165: 2022.1. T\u00e9ma 1: Podpora poskytovania a uskuto\u010d\u0148ovania dopl\u0148uj\u00faceho pedagogick\u00e9ho \u0161t\u00fadia alebo roz\u0161iruj\u00faceho \u0161t\u00fadia.\u00a0 Identifik\u00e1tor: 20220816131519110 Autor: [&hellip;]<\/p>\n","protected":false},"author":3,"featured_media":0,"parent":0,"menu_order":0,"comment_status":"closed","ping_status":"closed","template":"","meta":{"footnotes":""},"class_list":["post-13138","page","type-page","status-publish","hentry"],"_links":{"self":[{"href":"https:\/\/e-ucebnice.ff.ucm.sk\/index.php\/wp-json\/wp\/v2\/pages\/13138","targetHints":{"allow":["GET"]}}],"collection":[{"href":"https:\/\/e-ucebnice.ff.ucm.sk\/index.php\/wp-json\/wp\/v2\/pages"}],"about":[{"href":"https:\/\/e-ucebnice.ff.ucm.sk\/index.php\/wp-json\/wp\/v2\/types\/page"}],"author":[{"embeddable":true,"href":"https:\/\/e-ucebnice.ff.ucm.sk\/index.php\/wp-json\/wp\/v2\/users\/3"}],"replies":[{"embeddable":true,"href":"https:\/\/e-ucebnice.ff.ucm.sk\/index.php\/wp-json\/wp\/v2\/comments?post=13138"}],"version-history":[{"count":10,"href":"https:\/\/e-ucebnice.ff.ucm.sk\/index.php\/wp-json\/wp\/v2\/pages\/13138\/revisions"}],"predecessor-version":[{"id":13153,"href":"https:\/\/e-ucebnice.ff.ucm.sk\/index.php\/wp-json\/wp\/v2\/pages\/13138\/revisions\/13153"}],"wp:attachment":[{"href":"https:\/\/e-ucebnice.ff.ucm.sk\/index.php\/wp-json\/wp\/v2\/media?parent=13138"}],"curies":[{"name":"wp","href":"https:\/\/api.w.org\/{rel}","templated":true}]}}