{"id":1324,"date":"2023-02-26T07:47:12","date_gmt":"2023-02-26T06:47:12","guid":{"rendered":"https:\/\/e-ucebnice.ff.ucm.sk\/?page_id=1324"},"modified":"2023-02-26T09:28:12","modified_gmt":"2023-02-26T08:28:12","slug":"zaklady-pedagogiky-1","status":"publish","type":"page","link":"https:\/\/e-ucebnice.ff.ucm.sk\/index.php\/zaklady-pedagogiky-1\/","title":{"rendered":"Z\u00e1klady pedagogiky-1"},"content":{"rendered":"\t\t<div data-elementor-type=\"wp-page\" data-elementor-id=\"1324\" class=\"elementor elementor-1324\" data-elementor-post-type=\"page\">\n\t\t\t\t\t\t<section class=\"elementor-section elementor-top-section elementor-element elementor-element-52eab80 elementor-section-height-min-height elementor-section-boxed elementor-section-height-default elementor-section-items-middle\" data-id=\"52eab80\" data-element_type=\"section\" data-settings=\"{&quot;background_background&quot;:&quot;classic&quot;}\">\n\t\t\t\t\t\t\t<div class=\"elementor-background-overlay\"><\/div>\n\t\t\t\t\t\t\t<div class=\"elementor-container elementor-column-gap-default\">\n\t\t\t\t\t<div class=\"elementor-column elementor-col-100 elementor-top-column elementor-element elementor-element-0d7e08e\" data-id=\"0d7e08e\" data-element_type=\"column\">\n\t\t\t<div class=\"elementor-widget-wrap elementor-element-populated\">\n\t\t\t\t\t\t<div class=\"elementor-element elementor-element-b9e6c31 elementor-widget elementor-widget-heading\" data-id=\"b9e6c31\" data-element_type=\"widget\" data-widget_type=\"heading.default\">\n\t\t\t\t<div class=\"elementor-widget-container\">\n\t\t\t\t\t<h1 class=\"elementor-heading-title elementor-size-default\">Z\u00c1KLADY PEDAGOGIKY <\/h1>\t\t\t\t<\/div>\n\t\t\t\t<\/div>\n\t\t\t\t\t<\/div>\n\t\t<\/div>\n\t\t\t\t\t<\/div>\n\t\t<\/section>\n\t\t\t\t<section class=\"elementor-section elementor-top-section elementor-element elementor-element-1340877 elementor-section-boxed elementor-section-height-default elementor-section-height-default\" data-id=\"1340877\" data-element_type=\"section\">\n\t\t\t\t\t\t<div class=\"elementor-container elementor-column-gap-default\">\n\t\t\t\t\t<div class=\"elementor-column elementor-col-100 elementor-top-column elementor-element elementor-element-a3d63e2\" data-id=\"a3d63e2\" data-element_type=\"column\">\n\t\t\t<div class=\"elementor-widget-wrap elementor-element-populated\">\n\t\t\t\t\t\t<section class=\"elementor-section elementor-inner-section elementor-element elementor-element-50ffd26 elementor-section-boxed elementor-section-height-default elementor-section-height-default\" data-id=\"50ffd26\" data-element_type=\"section\">\n\t\t\t\t\t\t<div class=\"elementor-container elementor-column-gap-default\">\n\t\t\t\t\t<div class=\"elementor-column elementor-col-100 elementor-inner-column elementor-element elementor-element-b8a87cb\" data-id=\"b8a87cb\" data-element_type=\"column\">\n\t\t\t<div class=\"elementor-widget-wrap elementor-element-populated\">\n\t\t\t\t\t\t<div class=\"elementor-element elementor-element-1268766 elementor-widget elementor-widget-heading\" data-id=\"1268766\" data-element_type=\"widget\" data-widget_type=\"heading.default\">\n\t\t\t\t<div class=\"elementor-widget-container\">\n\t\t\t\t\t<h3 class=\"elementor-heading-title elementor-size-default\">S\u00fastava vied o v\u00fdchove <\/h3>\t\t\t\t<\/div>\n\t\t\t\t<\/div>\n\t\t\t\t<section class=\"elementor-section elementor-inner-section elementor-element elementor-element-3608881 elementor-section-full_width elementor-section-height-default elementor-section-height-default\" data-id=\"3608881\" data-element_type=\"section\">\n\t\t\t\t\t\t<div class=\"elementor-container elementor-column-gap-default\">\n\t\t\t\t\t<div class=\"elementor-column elementor-col-100 elementor-inner-column elementor-element elementor-element-4cf2174\" data-id=\"4cf2174\" data-element_type=\"column\">\n\t\t\t<div class=\"elementor-widget-wrap elementor-element-populated\">\n\t\t\t\t\t\t<div class=\"elementor-element elementor-element-2940a93 elementor-widget__width-auto elementor-widget elementor-widget-heading\" data-id=\"2940a93\" data-element_type=\"widget\" data-widget_type=\"heading.default\">\n\t\t\t\t<div class=\"elementor-widget-container\">\n\t\t\t\t\t<h2 class=\"elementor-heading-title elementor-size-default\">K\u013e\u00fa\u010dov\u00e9 slov\u00e1<\/h2>\t\t\t\t<\/div>\n\t\t\t\t<\/div>\n\t\t\t\t\t<\/div>\n\t\t<\/div>\n\t\t\t\t\t<\/div>\n\t\t<\/section>\n\t\t\t\t<div class=\"elementor-element elementor-element-fbc3a63 elementor-widget elementor-widget-text-editor\" data-id=\"fbc3a63\" data-element_type=\"widget\" data-widget_type=\"text-editor.default\">\n\t\t\t\t<div class=\"elementor-widget-container\">\n\t\t\t\t\t\t\t\t\t<p><em>Vedy o\u00a0v\u00fdchove, pedagogika, andragogika, geragogika, J. F. Herbart, predmet pedagogiky, vertik\u00e1lne \u010dlenenie pedagogick\u00fdch discipl\u00edn, horizont\u00e1lne \u010dlenenie pedagogick\u00fdch discipl\u00edn, z\u00e1kladn\u00e9, aplikovan\u00e9, hrani\u010dn\u00e9 discipl\u00edny pedagogiky, vz\u0165ah pedagogiky k\u00a0in\u00fdm ved\u00e1m.<\/em><\/p>\t\t\t\t\t\t\t\t<\/div>\n\t\t\t\t<\/div>\n\t\t\t\t<div class=\"elementor-element elementor-element-37f819c elementor-widget elementor-widget-text-editor\" data-id=\"37f819c\" data-element_type=\"widget\" data-widget_type=\"text-editor.default\">\n\t\t\t\t<div class=\"elementor-widget-container\">\n\t\t\t\t\t\t\t\t\t<p style=\"text-align: justify;\">Vedy o\u00a0v\u00fdchove \u0161tuduj\u00fa v\u0161etky tie oblasti, ktor\u00e9 sa dot\u00fdkaj\u00fa sk\u00famania \u010dloveka a\u00a0mo\u017enost\u00ed jeho rozvoja a\u00a0ovplyv\u0148ovania naprie\u010d r\u00f4znymi etapami jeho v\u00fdvinu od narodenia a\u017e po starobu.<\/p><p style=\"text-align: justify;\">Pedagogick\u00e1 veda je s\u00fa\u010das\u0165ou komplexu vied, ktor\u00e9 sa zaoberaj\u00fa (1) \u010dlovekom a\u00a0jeho ur\u010dit\u00fdm druhom spr\u00e1vania (2) v\u00a0kontexte soci\u00e1lnych, ekonomick\u00fdch, politick\u00fdch a\u00a0in\u00fdch determin\u00e1nt ur\u010ditej spolo\u010dnosti. Z\u00a0tohto d\u00f4vodu b\u00fdva pedagogick\u00e1 veda v\u00a0r\u00f4znych klasifik\u00e1ci\u00e1ch pova\u017eovan\u00e1 za jednu z\u00a0<strong>humanitn\u00fdch<\/strong> alebo <strong>behavior\u00e1lnych<\/strong> alebo <strong>soci\u00e1lnych<\/strong> vied. V\u00a0na\u0161om pon\u00edman\u00ed ju ch\u00e1peme sk\u00f4r auton\u00f3mne, ako vedu nepatriacu vzh\u013eadom k\u00a0svojmu \u0161pecifick\u00e9mu predmetu jednozna\u010dne do niektorej skupiny vied (Pr\u016fcha, 2009). V\u0161eobecne by sme mohli uvies\u0165, \u017ee ju mo\u017eno zaradi\u0165 k ved\u00e1m o \u010dloveku (pedagogika, psychol\u00f3gia, vedy o \u0161porte).<\/p><p style=\"text-align: justify;\">V\u00a0s\u00fa\u010dasnosti sa vedy o\u00a0v\u00fdchove rozde\u013euj\u00fa pod\u013ea toho, na ak\u00fa kateg\u00f3riu popul\u00e1cie z\u00a0h\u013eadiska veku sa prim\u00e1rne orientuj\u00fa.<\/p><p style=\"text-align: justify;\"><strong>\u00a0\u00a0\u00a0\u00a0\u00a0\u00a0 Pedagogika <\/strong>(veda o\u00a0v\u00fdchove det\u00ed a ml\u00e1de\u017ee) \u2013 <strong>Andragogika <\/strong>(veda o\u00a0v\u00fdchove dospel\u00fdch) \u2013 <strong>Geragogika<\/strong> (veda o\u00a0v\u00fdchove seniorov \u2013 d\u00f4chodcovstvo) patria do <strong>syst\u00e9mu vied o\u00a0v\u00fdchove (eduka\u010dn\u00e1 veda, antropogogika)<\/strong>.<\/p><p style=\"text-align: justify;\">Uveden\u00e9 vedy s\u00fa preva\u017ene praktick\u00e9 odbory vedy o\u00a0v\u00fdchove, diferencuj\u00fa sa do s\u00fastavy preva\u017ene praktick\u00fdch odborov (detsk\u00e9ho, dorastov\u00e9ho, adultn\u00e9ho a\u00a0seniorsk\u00e9ho) u\u010dite\u013estva, vychov\u00e1vate\u013estva a\u00a0poradenstva.<\/p><p style=\"text-align: justify;\">Celkov\u00e1 veda o\u00a0v\u00fdchove \u2192 <strong><em>v\u00fdchovoveda<\/em>\u00a0 <\/strong>\u010di <strong><em>edukol\u00f3gia <\/em><\/strong>(lat. <em>educatio<\/em> \u2550 v\u00fdchova + gr. <em>logos <\/em>\u2550 n\u00e1uka) (\u0160vec, 2015).<\/p>\t\t\t\t\t\t\t\t<\/div>\n\t\t\t\t<\/div>\n\t\t\t\t\t<\/div>\n\t\t<\/div>\n\t\t\t\t\t<\/div>\n\t\t<\/section>\n\t\t\t\t\t<\/div>\n\t\t<\/div>\n\t\t\t\t\t<\/div>\n\t\t<\/section>\n\t\t\t\t<\/div>\n\t\t","protected":false},"excerpt":{"rendered":"<p>Z\u00c1KLADY PEDAGOGIKY S\u00fastava vied o v\u00fdchove K\u013e\u00fa\u010dov\u00e9 slov\u00e1 Vedy o\u00a0v\u00fdchove, pedagogika, andragogika, geragogika, J. F. Herbart, predmet pedagogiky, vertik\u00e1lne \u010dlenenie pedagogick\u00fdch discipl\u00edn, horizont\u00e1lne \u010dlenenie pedagogick\u00fdch discipl\u00edn, z\u00e1kladn\u00e9, aplikovan\u00e9, hrani\u010dn\u00e9 discipl\u00edny pedagogiky, vz\u0165ah pedagogiky k\u00a0in\u00fdm ved\u00e1m. Vedy o\u00a0v\u00fdchove \u0161tuduj\u00fa v\u0161etky tie oblasti, ktor\u00e9 sa dot\u00fdkaj\u00fa sk\u00famania \u010dloveka a\u00a0mo\u017enost\u00ed jeho rozvoja a\u00a0ovplyv\u0148ovania naprie\u010d r\u00f4znymi etapami jeho v\u00fdvinu [&hellip;]<\/p>\n","protected":false},"author":3,"featured_media":0,"parent":0,"menu_order":0,"comment_status":"closed","ping_status":"closed","template":"","meta":{"footnotes":""},"class_list":["post-1324","page","type-page","status-publish","hentry"],"_links":{"self":[{"href":"https:\/\/e-ucebnice.ff.ucm.sk\/index.php\/wp-json\/wp\/v2\/pages\/1324","targetHints":{"allow":["GET"]}}],"collection":[{"href":"https:\/\/e-ucebnice.ff.ucm.sk\/index.php\/wp-json\/wp\/v2\/pages"}],"about":[{"href":"https:\/\/e-ucebnice.ff.ucm.sk\/index.php\/wp-json\/wp\/v2\/types\/page"}],"author":[{"embeddable":true,"href":"https:\/\/e-ucebnice.ff.ucm.sk\/index.php\/wp-json\/wp\/v2\/users\/3"}],"replies":[{"embeddable":true,"href":"https:\/\/e-ucebnice.ff.ucm.sk\/index.php\/wp-json\/wp\/v2\/comments?post=1324"}],"version-history":[{"count":4,"href":"https:\/\/e-ucebnice.ff.ucm.sk\/index.php\/wp-json\/wp\/v2\/pages\/1324\/revisions"}],"predecessor-version":[{"id":1442,"href":"https:\/\/e-ucebnice.ff.ucm.sk\/index.php\/wp-json\/wp\/v2\/pages\/1324\/revisions\/1442"}],"wp:attachment":[{"href":"https:\/\/e-ucebnice.ff.ucm.sk\/index.php\/wp-json\/wp\/v2\/media?parent=1324"}],"curies":[{"name":"wp","href":"https:\/\/api.w.org\/{rel}","templated":true}]}}