{"id":1326,"date":"2023-02-26T07:48:07","date_gmt":"2023-02-26T06:48:07","guid":{"rendered":"https:\/\/e-ucebnice.ff.ucm.sk\/?page_id=1326"},"modified":"2023-02-26T10:16:29","modified_gmt":"2023-02-26T09:16:29","slug":"zaklady-pedagogiky-2","status":"publish","type":"page","link":"https:\/\/e-ucebnice.ff.ucm.sk\/index.php\/zaklady-pedagogiky-2\/","title":{"rendered":"Z\u00e1klady pedagogiky-2"},"content":{"rendered":"\t\t<div data-elementor-type=\"wp-page\" data-elementor-id=\"1326\" class=\"elementor elementor-1326\" data-elementor-post-type=\"page\">\n\t\t\t\t\t\t<section class=\"elementor-section elementor-top-section elementor-element elementor-element-9b17de7 elementor-section-height-min-height elementor-section-boxed elementor-section-height-default elementor-section-items-middle\" data-id=\"9b17de7\" data-element_type=\"section\" data-settings=\"{&quot;background_background&quot;:&quot;classic&quot;}\">\n\t\t\t\t\t\t\t<div class=\"elementor-background-overlay\"><\/div>\n\t\t\t\t\t\t\t<div class=\"elementor-container elementor-column-gap-default\">\n\t\t\t\t\t<div class=\"elementor-column elementor-col-100 elementor-top-column elementor-element elementor-element-2bf27e6\" data-id=\"2bf27e6\" data-element_type=\"column\">\n\t\t\t<div class=\"elementor-widget-wrap elementor-element-populated\">\n\t\t\t\t\t\t<div class=\"elementor-element elementor-element-cc9c342 elementor-widget elementor-widget-heading\" data-id=\"cc9c342\" data-element_type=\"widget\" data-widget_type=\"heading.default\">\n\t\t\t\t<div class=\"elementor-widget-container\">\n\t\t\t\t\t<h1 class=\"elementor-heading-title elementor-size-default\">Z\u00c1KLADY PEDAGOGIKY <\/h1>\t\t\t\t<\/div>\n\t\t\t\t<\/div>\n\t\t\t\t\t<\/div>\n\t\t<\/div>\n\t\t\t\t\t<\/div>\n\t\t<\/section>\n\t\t\t\t<section class=\"elementor-section elementor-top-section elementor-element elementor-element-c7b2341 elementor-section-boxed elementor-section-height-default elementor-section-height-default\" data-id=\"c7b2341\" data-element_type=\"section\">\n\t\t\t\t\t\t<div class=\"elementor-container elementor-column-gap-default\">\n\t\t\t\t\t<div class=\"elementor-column elementor-col-100 elementor-top-column elementor-element elementor-element-0087dd1\" data-id=\"0087dd1\" data-element_type=\"column\">\n\t\t\t<div class=\"elementor-widget-wrap elementor-element-populated\">\n\t\t\t\t\t\t<section class=\"elementor-section elementor-inner-section elementor-element elementor-element-1fd1dbe elementor-section-boxed elementor-section-height-default elementor-section-height-default\" data-id=\"1fd1dbe\" data-element_type=\"section\">\n\t\t\t\t\t\t<div class=\"elementor-container elementor-column-gap-default\">\n\t\t\t\t\t<div class=\"elementor-column elementor-col-100 elementor-inner-column elementor-element elementor-element-7106aa1\" data-id=\"7106aa1\" data-element_type=\"column\">\n\t\t\t<div class=\"elementor-widget-wrap elementor-element-populated\">\n\t\t\t\t\t\t<div class=\"elementor-element elementor-element-594d3d0 elementor-widget elementor-widget-heading\" data-id=\"594d3d0\" data-element_type=\"widget\" data-widget_type=\"heading.default\">\n\t\t\t\t<div class=\"elementor-widget-container\">\n\t\t\t\t\t<h3 class=\"elementor-heading-title elementor-size-default\">Pedagogick\u00e1 terminol\u00f3gia<\/h3>\t\t\t\t<\/div>\n\t\t\t\t<\/div>\n\t\t\t\t<section class=\"elementor-section elementor-inner-section elementor-element elementor-element-f90f511 elementor-section-full_width elementor-section-height-default elementor-section-height-default\" data-id=\"f90f511\" data-element_type=\"section\">\n\t\t\t\t\t\t<div class=\"elementor-container elementor-column-gap-default\">\n\t\t\t\t\t<div class=\"elementor-column elementor-col-100 elementor-inner-column elementor-element elementor-element-29cce0b\" data-id=\"29cce0b\" data-element_type=\"column\">\n\t\t\t<div class=\"elementor-widget-wrap elementor-element-populated\">\n\t\t\t\t\t\t<div class=\"elementor-element elementor-element-e085348 elementor-widget__width-auto elementor-widget elementor-widget-heading\" data-id=\"e085348\" data-element_type=\"widget\" data-widget_type=\"heading.default\">\n\t\t\t\t<div class=\"elementor-widget-container\">\n\t\t\t\t\t<h2 class=\"elementor-heading-title elementor-size-default\">K\u013e\u00fa\u010dov\u00e9 slov\u00e1<\/h2>\t\t\t\t<\/div>\n\t\t\t\t<\/div>\n\t\t\t\t\t<\/div>\n\t\t<\/div>\n\t\t\t\t\t<\/div>\n\t\t<\/section>\n\t\t\t\t<div class=\"elementor-element elementor-element-d83c8f9 elementor-widget elementor-widget-text-editor\" data-id=\"d83c8f9\" data-element_type=\"widget\" data-widget_type=\"text-editor.default\">\n\t\t\t\t<div class=\"elementor-widget-container\">\n\t\t\t\t\t\t\t\t\t<p style=\"text-align: justify;\"><em>v\u00fdchova, sebav\u00fdchova, prev\u00fdchova, vzdel\u00e1vanie, vzdelanie, sebavzdel\u00e1vanie, v\u00fdchovno-vzdel\u00e1vac\u00ed proces, vyu\u010dovanie, u\u010denie a\u00a0u\u010denie sa, vedomosti, zru\u010dnosti, n\u00e1vyky, vlastnosti, schopnosti, vlohy, nadanie, talent, inteligencia, eduk\u00e1cia, eduka\u010dn\u00e9 prostredie, eduk\u00e1tor, edukant, eduka\u010dn\u00e9 kon\u0161trukty, eduka\u010dn\u00e1 realita, kurikulum, kompetencie a kompetentnosti.\u00a0\u00a0\u00a0\u00a0\u00a0\u00a0\u00a0\u00a0 <\/em><\/p>\t\t\t\t\t\t\t\t<\/div>\n\t\t\t\t<\/div>\n\t\t\t\t<div class=\"elementor-element elementor-element-73cc5a8 elementor-widget elementor-widget-text-editor\" data-id=\"73cc5a8\" data-element_type=\"widget\" data-widget_type=\"text-editor.default\">\n\t\t\t\t<div class=\"elementor-widget-container\">\n\t\t\t\t\t\t\t\t\t<p style=\"text-align: justify;\">Vo vz\u0165ahu k\u00a0problematike z\u00e1kladnej pedagogickej terminol\u00f3gie je potrebn\u00e9 uvies\u0165, \u017ee sa vyzna\u010duje nejednotnos\u0165ou. V\u00fdznam pojmov pou\u017e\u00edvan\u00fdch v\u00a0eduka\u010dn\u00fdch ved\u00e1ch sa men\u00ed historick\u00fdm v\u00fdvojom a tie\u017e je ovplyvnen\u00fd myslen\u00edm v r\u00e1mci r\u00f4znych pedagogick\u00fdch smerov. V\u00a0posledn\u00fdch rokoch sa objavuj\u00fa aj komplik\u00e1cie s\u00a0preberan\u00edm terminol\u00f3gie z\u00a0anglick\u00e9ho jazyka ako je napr\u00edklad eduk\u00e1cia, kurikulum, kompetencie apod. Na z\u00e1klade uveden\u00e9ho je pochopite\u013en\u00e9, \u017ee\u00a0 v\u00a0na\u0161ej publik\u00e1cii nemo\u017eno objasni\u0165 pedagogick\u00fa terminol\u00f3giu v\u00a0celej jej \u0161\u00edrke a\u00a0preto sa pok\u00fasime pre potreby z\u00e1kladnej orient\u00e1cie v\u00a0problematike uvies\u0165 iba niektor\u00e9 v\u0161eobecne uzn\u00e1van\u00e9 defin\u00edcie a\u00a0relat\u00edvne naj\u010dastej\u0161ie pertraktovan\u00e9 pojmy. Terminol\u00f3giu pedagogiky pre \u00fa\u010dely na\u0161ej publik\u00e1cie rozde\u013eujeme na klasick\u00e9 z\u00e1kladn\u00e9 pojmy, ktor\u00e9 maj\u00fa dlhodob\u00e9 ukotvenie v\u00a0slovenskej terminol\u00f3gii a\u00a0nov\u0161ie pojmy, ktor\u00e9 prenikli do slovensk\u00e9ho jazyka z medzin\u00e1rodnej terminol\u00f3gie ovplyvnenej angli\u010dtinou. Medzi klasick\u00e9 pojmy pedagogiky zara\u010fujeme pojmy v\u00fdchova, vzdel\u00e1vanie, vzdelanie, vyu\u010dovanie, u\u010denie, vedomosti, zru\u010dnosti, schopnosti a\u00a0s\u00a0nimi s\u00favisiace \u010fal\u0161ie pojmy, ktor\u00e9 bli\u017e\u0161ie objasn\u00edme. Nov\u0161ie pojmy, s\u00a0ktor\u00fdmi sa v\u00a0pedagogike (v\u00a0s\u00falade s\u00a0medzin\u00e1rodnou kodifik\u00e1ciou) stret\u00e1vame napr. u\u00a0autorov Pr\u016fcha (1997), \u0160vec (2002), s\u00fa odvoden\u00e9 od pojmu eduk\u00e1cia.<\/p>\t\t\t\t\t\t\t\t<\/div>\n\t\t\t\t<\/div>\n\t\t\t\t\t<\/div>\n\t\t<\/div>\n\t\t\t\t\t<\/div>\n\t\t<\/section>\n\t\t\t\t\t<\/div>\n\t\t<\/div>\n\t\t\t\t\t<\/div>\n\t\t<\/section>\n\t\t\t\t<\/div>\n\t\t","protected":false},"excerpt":{"rendered":"<p>Z\u00c1KLADY PEDAGOGIKY Pedagogick\u00e1 terminol\u00f3gia K\u013e\u00fa\u010dov\u00e9 slov\u00e1 v\u00fdchova, sebav\u00fdchova, prev\u00fdchova, vzdel\u00e1vanie, vzdelanie, sebavzdel\u00e1vanie, v\u00fdchovno-vzdel\u00e1vac\u00ed proces, vyu\u010dovanie, u\u010denie a\u00a0u\u010denie sa, vedomosti, zru\u010dnosti, n\u00e1vyky, vlastnosti, schopnosti, vlohy, nadanie, talent, inteligencia, eduk\u00e1cia, eduka\u010dn\u00e9 prostredie, eduk\u00e1tor, edukant, eduka\u010dn\u00e9 kon\u0161trukty, eduka\u010dn\u00e1 realita, kurikulum, kompetencie a kompetentnosti.\u00a0\u00a0\u00a0\u00a0\u00a0\u00a0\u00a0\u00a0 Vo vz\u0165ahu k\u00a0problematike z\u00e1kladnej pedagogickej terminol\u00f3gie je potrebn\u00e9 uvies\u0165, \u017ee sa vyzna\u010duje nejednotnos\u0165ou. V\u00fdznam pojmov [&hellip;]<\/p>\n","protected":false},"author":3,"featured_media":0,"parent":0,"menu_order":0,"comment_status":"closed","ping_status":"closed","template":"","meta":{"footnotes":""},"class_list":["post-1326","page","type-page","status-publish","hentry"],"_links":{"self":[{"href":"https:\/\/e-ucebnice.ff.ucm.sk\/index.php\/wp-json\/wp\/v2\/pages\/1326","targetHints":{"allow":["GET"]}}],"collection":[{"href":"https:\/\/e-ucebnice.ff.ucm.sk\/index.php\/wp-json\/wp\/v2\/pages"}],"about":[{"href":"https:\/\/e-ucebnice.ff.ucm.sk\/index.php\/wp-json\/wp\/v2\/types\/page"}],"author":[{"embeddable":true,"href":"https:\/\/e-ucebnice.ff.ucm.sk\/index.php\/wp-json\/wp\/v2\/users\/3"}],"replies":[{"embeddable":true,"href":"https:\/\/e-ucebnice.ff.ucm.sk\/index.php\/wp-json\/wp\/v2\/comments?post=1326"}],"version-history":[{"count":4,"href":"https:\/\/e-ucebnice.ff.ucm.sk\/index.php\/wp-json\/wp\/v2\/pages\/1326\/revisions"}],"predecessor-version":[{"id":1468,"href":"https:\/\/e-ucebnice.ff.ucm.sk\/index.php\/wp-json\/wp\/v2\/pages\/1326\/revisions\/1468"}],"wp:attachment":[{"href":"https:\/\/e-ucebnice.ff.ucm.sk\/index.php\/wp-json\/wp\/v2\/media?parent=1326"}],"curies":[{"name":"wp","href":"https:\/\/api.w.org\/{rel}","templated":true}]}}