{"id":1330,"date":"2023-02-26T07:50:45","date_gmt":"2023-02-26T06:50:45","guid":{"rendered":"https:\/\/e-ucebnice.ff.ucm.sk\/?page_id=1330"},"modified":"2023-02-26T11:01:05","modified_gmt":"2023-02-26T10:01:05","slug":"zaklady-pedagogiky-4","status":"publish","type":"page","link":"https:\/\/e-ucebnice.ff.ucm.sk\/index.php\/zaklady-pedagogiky-4\/","title":{"rendered":"Z\u00e1klady pedagogiky-4"},"content":{"rendered":"\t\t<div data-elementor-type=\"wp-page\" data-elementor-id=\"1330\" class=\"elementor elementor-1330\" data-elementor-post-type=\"page\">\n\t\t\t\t\t\t<section class=\"elementor-section elementor-top-section elementor-element elementor-element-6069874 elementor-section-height-min-height elementor-section-boxed elementor-section-height-default elementor-section-items-middle\" data-id=\"6069874\" data-element_type=\"section\" data-settings=\"{&quot;background_background&quot;:&quot;classic&quot;}\">\n\t\t\t\t\t\t\t<div class=\"elementor-background-overlay\"><\/div>\n\t\t\t\t\t\t\t<div class=\"elementor-container elementor-column-gap-default\">\n\t\t\t\t\t<div class=\"elementor-column elementor-col-100 elementor-top-column elementor-element elementor-element-c7bc396\" data-id=\"c7bc396\" data-element_type=\"column\">\n\t\t\t<div class=\"elementor-widget-wrap elementor-element-populated\">\n\t\t\t\t\t\t<div class=\"elementor-element elementor-element-c8b5042 elementor-widget elementor-widget-heading\" data-id=\"c8b5042\" data-element_type=\"widget\" data-widget_type=\"heading.default\">\n\t\t\t\t<div class=\"elementor-widget-container\">\n\t\t\t\t\t<h1 class=\"elementor-heading-title elementor-size-default\">Z\u00c1KLADY PEDAGOGIKY <\/h1>\t\t\t\t<\/div>\n\t\t\t\t<\/div>\n\t\t\t\t\t<\/div>\n\t\t<\/div>\n\t\t\t\t\t<\/div>\n\t\t<\/section>\n\t\t\t\t<section class=\"elementor-section elementor-top-section elementor-element elementor-element-c7b2341 elementor-section-boxed elementor-section-height-default elementor-section-height-default\" data-id=\"c7b2341\" data-element_type=\"section\">\n\t\t\t\t\t\t<div class=\"elementor-container elementor-column-gap-default\">\n\t\t\t\t\t<div class=\"elementor-column elementor-col-100 elementor-top-column elementor-element elementor-element-0087dd1\" data-id=\"0087dd1\" data-element_type=\"column\">\n\t\t\t<div class=\"elementor-widget-wrap elementor-element-populated\">\n\t\t\t\t\t\t<section class=\"elementor-section elementor-inner-section elementor-element elementor-element-1fd1dbe elementor-section-boxed elementor-section-height-default elementor-section-height-default\" data-id=\"1fd1dbe\" data-element_type=\"section\">\n\t\t\t\t\t\t<div class=\"elementor-container elementor-column-gap-default\">\n\t\t\t\t\t<div class=\"elementor-column elementor-col-100 elementor-inner-column elementor-element elementor-element-7106aa1\" data-id=\"7106aa1\" data-element_type=\"column\">\n\t\t\t<div class=\"elementor-widget-wrap elementor-element-populated\">\n\t\t\t\t\t\t<div class=\"elementor-element elementor-element-594d3d0 elementor-widget elementor-widget-heading\" data-id=\"594d3d0\" data-element_type=\"widget\" data-widget_type=\"heading.default\">\n\t\t\t\t<div class=\"elementor-widget-container\">\n\t\t\t\t\t<h3 class=\"elementor-heading-title elementor-size-default\">Subjekty a \u010dinitele v\u00fdchovy<\/h3>\t\t\t\t<\/div>\n\t\t\t\t<\/div>\n\t\t\t\t<section class=\"elementor-section elementor-inner-section elementor-element elementor-element-f90f511 elementor-section-full_width elementor-section-height-default elementor-section-height-default\" data-id=\"f90f511\" data-element_type=\"section\">\n\t\t\t\t\t\t<div class=\"elementor-container elementor-column-gap-default\">\n\t\t\t\t\t<div class=\"elementor-column elementor-col-100 elementor-inner-column elementor-element elementor-element-29cce0b\" data-id=\"29cce0b\" data-element_type=\"column\">\n\t\t\t<div class=\"elementor-widget-wrap elementor-element-populated\">\n\t\t\t\t\t\t<div class=\"elementor-element elementor-element-e085348 elementor-widget__width-auto elementor-widget elementor-widget-heading\" data-id=\"e085348\" data-element_type=\"widget\" data-widget_type=\"heading.default\">\n\t\t\t\t<div class=\"elementor-widget-container\">\n\t\t\t\t\t<h2 class=\"elementor-heading-title elementor-size-default\">K\u013e\u00fa\u010dov\u00e9 slov\u00e1<\/h2>\t\t\t\t<\/div>\n\t\t\t\t<\/div>\n\t\t\t\t<div class=\"elementor-element elementor-element-7000831 elementor-widget elementor-widget-text-editor\" data-id=\"7000831\" data-element_type=\"widget\" data-widget_type=\"text-editor.default\">\n\t\t\t\t<div class=\"elementor-widget-container\">\n\t\t\t\t\t\t\t\t\t<p style=\"text-align: justify;\"><em>\u017diak<\/em>, <em>edukant,<\/em> <em>vonkaj\u0161ie a\u00a0vn\u00fatorn\u00e9 \u010dinitele formovania osobnosti, \u0161t\u00fdl u\u010denia sa, te\u00f3rie rozvoja osobnosti, u\u010dite\u013e, vychov\u00e1vate\u013e,\u00a0eduk\u00e1tor, pedeutol\u00f3gia, kvalifika\u010dn\u00e9 po\u017eiadavky, typol\u00f3gia osobnosti u\u010dite\u013ea, po\u017eiadavky kladen\u00e9\u00a0 na osobnos\u0165 u\u010dite\u013ea, vyu\u010dovac\u00ed \u0161t\u00fdl u\u010dite\u013ea, v\u00fdchovn\u00fd \u0161t\u00fdl, profesijn\u00e9 kompetencie u\u010dite\u013ea, profesijn\u00fd \u0161tandard, etick\u00fd k\u00f3dex pedagogick\u00fdch zamestnancov a\u00a0odborn\u00fdch zamestnancov. <\/em><\/p>\t\t\t\t\t\t\t\t<\/div>\n\t\t\t\t<\/div>\n\t\t\t\t\t<\/div>\n\t\t<\/div>\n\t\t\t\t\t<\/div>\n\t\t<\/section>\n\t\t\t\t<div class=\"elementor-element elementor-element-73cc5a8 elementor-widget elementor-widget-text-editor\" data-id=\"73cc5a8\" data-element_type=\"widget\" data-widget_type=\"text-editor.default\">\n\t\t\t\t<div class=\"elementor-widget-container\">\n\t\t\t\t\t\t\t\t\t<p style=\"text-align: justify;\">Ako n\u00e1m je u\u017e zn\u00e1me, v\u00fdchova je proces bipol\u00e1rny ( = dvojp\u00f3lov\u00fd), do ktor\u00e9ho vstupuj\u00fa dva z\u00e1kladn\u00e9 \u010dinitele, resp. subjekty, ktor\u00e9 sa vz\u00e1jomne ovplyv\u0148uj\u00fa a\u00a0spolu interaguj\u00fa. Na jednej strane je to eduk\u00e1tor a\u00a0na strane druhej edukant.<\/p><p style=\"text-align: justify;\">V tradi\u010dnom, herbartovskom modeli v\u00fdu\u010dby bol \u017eiak (edukant) do zna\u010dnej miery pova\u017eovan\u00fd za objekt u\u010dite\u013eovho (eduk\u00e1torovho) p\u00f4sobenia. V s\u00fa\u010dasnosti zara\u010fujeme \u017eiaka k akt\u00edvnym \u010dinite\u013eom v\u00fdu\u010dby a uvedomujeme si, \u017ee trval\u00e9 vedomosti, zru\u010dnosti a hodnotov\u00e9 orient\u00e1cie si m\u00f4\u017ee osvoji\u0165 iba vlastn\u00fdm \u00fasil\u00edm (Kosteln\u00edk, 2009).<\/p><p style=\"text-align: justify;\">Eduk\u00e1tor (pojem definovan\u00fd v kap. 2.2) pokr\u00fdva v\u0161eobecne u\u010dite\u013eov, ale aj in\u00fdch \u013eud\u00ed, ktor\u00ed realizuj\u00fa eduka\u010dn\u00e9 procesy aj mimo \u0161kolsk\u00e9ho prostredia. M\u00f4\u017eeme ich rozdeli\u0165 do dvoch skup\u00edn:<\/p><p style=\"text-align: justify;\">1)\u00a0\u00a0\u00a0\u00a0\u00a0 neprofesion\u00e1lni eduk\u00e1tori &#8211; vychov\u00e1vaj\u00fa \u017eivelne, neorganizovane a\u00a0nepriamo (rodina, priatelia)<\/p><p style=\"text-align: justify;\">2)\u00a0\u00a0\u00a0\u00a0\u00a0 profesion\u00e1lni eduk\u00e1tori \u2013 realizuj\u00fa v\u00fdchovu cie\u013eavedome, organizovane a\u00a0pl\u00e1novite (u\u010ditelia, in\u0161truktori, pedag\u00f3govia v\u00a0n\u00e1pravn\u00fdch zariadeniach,&#8230; = pedagogick\u00ed zamestnanci).\u00a0<\/p><p style=\"text-align: justify;\">Edukantom je ka\u017ed\u00fd \u010dlovek, ktor\u00fd sa v\u00a0priebehu eduka\u010dn\u00e9ho procesu u\u010d\u00ed, alebo pod vplyvom eduk\u00e1tora men\u00ed svoje spr\u00e1vanie, \u010di\u017ee tie\u017e je to \u0161irok\u00fd pojem, ktor\u00fd zah\u0155\u0148a r\u00f4zne \u010fal\u0161ie podkateg\u00f3rie \u00fa\u010dastn\u00edkov v\u00fdchovy a\u00a0vzdel\u00e1vania (\u017eiak, vychov\u00e1van\u00fd,&#8230;.).<\/p><p style=\"text-align: justify;\">Na oba tieto subjekty vpl\u00fdvaj\u00fa r\u00f4zne \u010dinitele, ktor\u00e9 determinuj\u00fa ich vlastn\u00fa osobnos\u0165, ale v kone\u010dnom d\u00f4sledku aj to ako bude prebieha\u0165 v\u00fdchovno-vzdel\u00e1vac\u00ed proces a ak\u00e9 bud\u00fa jeho v\u00fdsledky.<\/p>\t\t\t\t\t\t\t\t<\/div>\n\t\t\t\t<\/div>\n\t\t\t\t\t<\/div>\n\t\t<\/div>\n\t\t\t\t\t<\/div>\n\t\t<\/section>\n\t\t\t\t\t<\/div>\n\t\t<\/div>\n\t\t\t\t\t<\/div>\n\t\t<\/section>\n\t\t\t\t<\/div>\n\t\t","protected":false},"excerpt":{"rendered":"<p>Z\u00c1KLADY PEDAGOGIKY Subjekty a \u010dinitele v\u00fdchovy K\u013e\u00fa\u010dov\u00e9 slov\u00e1 \u017diak, edukant, vonkaj\u0161ie a\u00a0vn\u00fatorn\u00e9 \u010dinitele formovania osobnosti, \u0161t\u00fdl u\u010denia sa, te\u00f3rie rozvoja osobnosti, u\u010dite\u013e, vychov\u00e1vate\u013e,\u00a0eduk\u00e1tor, pedeutol\u00f3gia, kvalifika\u010dn\u00e9 po\u017eiadavky, typol\u00f3gia osobnosti u\u010dite\u013ea, po\u017eiadavky kladen\u00e9\u00a0 na osobnos\u0165 u\u010dite\u013ea, vyu\u010dovac\u00ed \u0161t\u00fdl u\u010dite\u013ea, v\u00fdchovn\u00fd \u0161t\u00fdl, profesijn\u00e9 kompetencie u\u010dite\u013ea, profesijn\u00fd \u0161tandard, etick\u00fd k\u00f3dex pedagogick\u00fdch zamestnancov a\u00a0odborn\u00fdch zamestnancov. Ako n\u00e1m je u\u017e zn\u00e1me, [&hellip;]<\/p>\n","protected":false},"author":3,"featured_media":0,"parent":0,"menu_order":0,"comment_status":"closed","ping_status":"closed","template":"","meta":{"footnotes":""},"class_list":["post-1330","page","type-page","status-publish","hentry"],"_links":{"self":[{"href":"https:\/\/e-ucebnice.ff.ucm.sk\/index.php\/wp-json\/wp\/v2\/pages\/1330","targetHints":{"allow":["GET"]}}],"collection":[{"href":"https:\/\/e-ucebnice.ff.ucm.sk\/index.php\/wp-json\/wp\/v2\/pages"}],"about":[{"href":"https:\/\/e-ucebnice.ff.ucm.sk\/index.php\/wp-json\/wp\/v2\/types\/page"}],"author":[{"embeddable":true,"href":"https:\/\/e-ucebnice.ff.ucm.sk\/index.php\/wp-json\/wp\/v2\/users\/3"}],"replies":[{"embeddable":true,"href":"https:\/\/e-ucebnice.ff.ucm.sk\/index.php\/wp-json\/wp\/v2\/comments?post=1330"}],"version-history":[{"count":7,"href":"https:\/\/e-ucebnice.ff.ucm.sk\/index.php\/wp-json\/wp\/v2\/pages\/1330\/revisions"}],"predecessor-version":[{"id":1510,"href":"https:\/\/e-ucebnice.ff.ucm.sk\/index.php\/wp-json\/wp\/v2\/pages\/1330\/revisions\/1510"}],"wp:attachment":[{"href":"https:\/\/e-ucebnice.ff.ucm.sk\/index.php\/wp-json\/wp\/v2\/media?parent=1330"}],"curies":[{"name":"wp","href":"https:\/\/api.w.org\/{rel}","templated":true}]}}