{"id":1332,"date":"2023-02-26T07:51:13","date_gmt":"2023-02-26T06:51:13","guid":{"rendered":"https:\/\/e-ucebnice.ff.ucm.sk\/?page_id=1332"},"modified":"2023-02-26T11:41:21","modified_gmt":"2023-02-26T10:41:21","slug":"zaklady-pedagogiky-5","status":"publish","type":"page","link":"https:\/\/e-ucebnice.ff.ucm.sk\/index.php\/zaklady-pedagogiky-5\/","title":{"rendered":"Z\u00e1klady pedagogiky-5"},"content":{"rendered":"\t\t<div data-elementor-type=\"wp-page\" data-elementor-id=\"1332\" class=\"elementor elementor-1332\" data-elementor-post-type=\"page\">\n\t\t\t\t\t\t<section class=\"elementor-section elementor-top-section elementor-element elementor-element-088dbac elementor-section-height-min-height elementor-section-boxed elementor-section-height-default elementor-section-items-middle\" data-id=\"088dbac\" data-element_type=\"section\" data-settings=\"{&quot;background_background&quot;:&quot;classic&quot;}\">\n\t\t\t\t\t\t\t<div class=\"elementor-background-overlay\"><\/div>\n\t\t\t\t\t\t\t<div class=\"elementor-container elementor-column-gap-default\">\n\t\t\t\t\t<div class=\"elementor-column elementor-col-100 elementor-top-column elementor-element elementor-element-a3e3a8e\" data-id=\"a3e3a8e\" data-element_type=\"column\">\n\t\t\t<div class=\"elementor-widget-wrap elementor-element-populated\">\n\t\t\t\t\t\t<div class=\"elementor-element elementor-element-71e5188 elementor-widget elementor-widget-heading\" data-id=\"71e5188\" data-element_type=\"widget\" data-widget_type=\"heading.default\">\n\t\t\t\t<div class=\"elementor-widget-container\">\n\t\t\t\t\t<h1 class=\"elementor-heading-title elementor-size-default\">Z\u00c1KLADY PEDAGOGIKY <\/h1>\t\t\t\t<\/div>\n\t\t\t\t<\/div>\n\t\t\t\t\t<\/div>\n\t\t<\/div>\n\t\t\t\t\t<\/div>\n\t\t<\/section>\n\t\t\t\t<section class=\"elementor-section elementor-top-section elementor-element elementor-element-c7b2341 elementor-section-boxed elementor-section-height-default elementor-section-height-default\" data-id=\"c7b2341\" data-element_type=\"section\">\n\t\t\t\t\t\t<div class=\"elementor-container elementor-column-gap-default\">\n\t\t\t\t\t<div class=\"elementor-column elementor-col-100 elementor-top-column elementor-element elementor-element-0087dd1\" data-id=\"0087dd1\" data-element_type=\"column\">\n\t\t\t<div class=\"elementor-widget-wrap elementor-element-populated\">\n\t\t\t\t\t\t<section class=\"elementor-section elementor-inner-section elementor-element elementor-element-1fd1dbe elementor-section-boxed elementor-section-height-default elementor-section-height-default\" data-id=\"1fd1dbe\" data-element_type=\"section\">\n\t\t\t\t\t\t<div class=\"elementor-container elementor-column-gap-default\">\n\t\t\t\t\t<div class=\"elementor-column elementor-col-100 elementor-inner-column elementor-element elementor-element-7106aa1\" data-id=\"7106aa1\" data-element_type=\"column\">\n\t\t\t<div class=\"elementor-widget-wrap elementor-element-populated\">\n\t\t\t\t\t\t<div class=\"elementor-element elementor-element-594d3d0 elementor-widget elementor-widget-heading\" data-id=\"594d3d0\" data-element_type=\"widget\" data-widget_type=\"heading.default\">\n\t\t\t\t<div class=\"elementor-widget-container\">\n\t\t\t\t\t<h3 class=\"elementor-heading-title elementor-size-default\">V\u00fdchovn\u00e9 prostredie a z\u00e1kladn\u00e9 v\u00fdchovno-vzdel\u00e1vacie in\u0161tit\u00facie<\/h3>\t\t\t\t<\/div>\n\t\t\t\t<\/div>\n\t\t\t\t<section class=\"elementor-section elementor-inner-section elementor-element elementor-element-f90f511 elementor-section-full_width elementor-section-height-default elementor-section-height-default\" data-id=\"f90f511\" data-element_type=\"section\">\n\t\t\t\t\t\t<div class=\"elementor-container elementor-column-gap-default\">\n\t\t\t\t\t<div class=\"elementor-column elementor-col-100 elementor-inner-column elementor-element elementor-element-29cce0b\" data-id=\"29cce0b\" data-element_type=\"column\">\n\t\t\t<div class=\"elementor-widget-wrap elementor-element-populated\">\n\t\t\t\t\t\t<div class=\"elementor-element elementor-element-e085348 elementor-widget__width-auto elementor-widget elementor-widget-heading\" data-id=\"e085348\" data-element_type=\"widget\" data-widget_type=\"heading.default\">\n\t\t\t\t<div class=\"elementor-widget-container\">\n\t\t\t\t\t<h2 class=\"elementor-heading-title elementor-size-default\">K\u013e\u00fa\u010dov\u00e9 slov\u00e1<\/h2>\t\t\t\t<\/div>\n\t\t\t\t<\/div>\n\t\t\t\t\t<\/div>\n\t\t<\/div>\n\t\t\t\t\t<\/div>\n\t\t<\/section>\n\t\t\t\t<div class=\"elementor-element elementor-element-94466e4 elementor-widget elementor-widget-text-editor\" data-id=\"94466e4\" data-element_type=\"widget\" data-widget_type=\"text-editor.default\">\n\t\t\t\t<div class=\"elementor-widget-container\">\n\t\t\t\t\t\t\t\t\t<p style=\"text-align: justify;\"><em>Druhy v\u00fdchovn\u00e9ho prostredia, rodina, funkcie rodiny, typy rod\u00edn, \u0161t\u00fdly v\u00fdchovy, determinanty rodinnej v\u00fdchovy, pedagogika rodinnej v\u00fdchovy, \u0161kola, funkcie \u0161koly, \u0161kolsk\u00fd syst\u00e9m, klasifik\u00e1cia stup\u0148ov vzdelania ISCED, \u0161kolsk\u00e1 pedagogika, vo\u013en\u00fd \u010das, funkcie vo\u013en\u00e9ho \u010dasu, zariadenia v\u00fdchovy vo vo\u013enom \u010dase, pedagogika vo\u013en\u00e9ho \u010dasu.<\/em><\/p>\t\t\t\t\t\t\t\t<\/div>\n\t\t\t\t<\/div>\n\t\t\t\t<div class=\"elementor-element elementor-element-73cc5a8 elementor-widget elementor-widget-text-editor\" data-id=\"73cc5a8\" data-element_type=\"widget\" data-widget_type=\"text-editor.default\">\n\t\t\t\t<div class=\"elementor-widget-container\">\n\t\t\t\t\t\t\t\t\t<p style=\"text-align: justify;\">\u010clovek sa vyv\u00edja pod vplyvom vn\u00fatorn\u00fdch s\u00edl a\u00a0s\u00fa\u010dasne je formovan\u00fd aj vonkaj\u0161\u00edm prostred\u00edm. Pri v\u00fdchove a vzdel\u00e1van\u00ed maj\u00fa d\u00f4le\u017eit\u00fa \u00falohu r\u00f4zne typy prostredia &#8211; <strong>soci\u00e1lne prostredie<\/strong> (rodinn\u00e9, \u0161kolsk\u00e9, lok\u00e1lne, skupinov\u00e9, pracovn\u00e9 a\u00a0vo\u013eno\u010dasov\u00e9) a <strong>soci\u00e1lne vz\u0165ahy <\/strong>(medzi rodi\u010dmi a\u00a0de\u0165mi, u\u010dite\u013emi a\u00a0\u017eiakmi, spolu\u017eiakmi, vrstovn\u00edkmi, veden\u00edm \u0161koly a\u00a0u\u010dite\u013emi, u\u010dite\u013emi a\u00a0rodi\u010dmi a\u00a0i.). <strong>Soci\u00e1lnymi vz\u0165ahmi a\u00a0vplyvom soci\u00e1lneho prostredia na v\u00fdchovu a\u00a0vzdel\u00e1vanie<\/strong> sa zaober\u00e1 <strong>soci\u00e1lna pedagogika. <\/strong>V\u00a0u\u017e\u0161om zmysle je soci\u00e1lna pedagogika orientovan\u00e1 na pedagogick\u00e9 ovplyv\u0148ovanie soci\u00e1lne probl\u00e9mov\u00fdch jedincov (\u0160varcov\u00e1, 2005).<\/p><p style=\"text-align: justify;\"><strong>V\u00fdchovn\u00e9 prostredie<\/strong> je prostredie, v\u00a0ktorom sa uskuto\u010d\u0148uj\u00fa v\u00fdchovn\u00e9 procesy, kde sa realizuje riaden\u00fd proces u\u010denia (v pedagogike sa pou\u017e\u00edva i\u00a0nov\u0161ie ozna\u010denie eduka\u010dn\u00e9 prostredie \u2013 bli\u017e\u0161ie pozri kap. 2.2). Pozn\u00e1me nieko\u013eko druhov v\u00fdchovn\u00e9ho\u00a0 prostredia, ako napr. rodinn\u00e9 prostredie, \u0161kolsk\u00e9 prostredie, skupinov\u00e9 form\u00e1lne, skupinov\u00e9 neform\u00e1lne, profesn\u00e9, zdravotn\u00edcke, \u0161portov\u00e9, vojensk\u00e9, n\u00e1bo\u017eensk\u00e9 apod. Spomenut\u00e9 jednotliv\u00e9 typy prostred\u00ed sa l\u00ed\u0161ia v\u00a0obsahu, forme a intenzite v\u00fdchovn\u00fdch procesov (Bal\u00e1\u010dkov\u00e1, \u010cern\u00e1kov\u00e1, 2009).<\/p><p style=\"text-align: justify;\">\u00a0\u00a0\u00a0\u00a0 Prostredie m\u00e1 popri dedi\u010dnosti, v\u00fdchove a\u00a0sebautv\u00e1ran\u00ed nezastupite\u013en\u00e9 miesto pri formovan\u00ed osobnosti. Prim\u00e1rne miesto m\u00e1 vo v\u00fdchove rodinn\u00e9 prostredie. Sekund\u00e1rnym prostred\u00edm, ktor\u00e9 zabezpe\u010duje de\u0165om vzdel\u00e1vanie i v\u00fdchovu a\u00a0pln\u00ed \u010fal\u0161ie d\u00f4le\u017eit\u00e9 funkcie je \u0161kolsk\u00e9 prostredie (Bako\u0161ov\u00e1, 2005). Okrem rodinn\u00e9ho a\u00a0\u0161kolsk\u00e9ho prostredia v\u00fdznamnou mierou ovplyv\u0148uje rozvoj osobnosti prostredie v\u00fdchovy vo vo\u013enom \u010dase a\u00a0r\u00f4zne in\u0161tit\u00facie, v\u00a0ktor\u00fdch prebieha v\u00fdchova.<\/p>\t\t\t\t\t\t\t\t<\/div>\n\t\t\t\t<\/div>\n\t\t\t\t\t<\/div>\n\t\t<\/div>\n\t\t\t\t\t<\/div>\n\t\t<\/section>\n\t\t\t\t\t<\/div>\n\t\t<\/div>\n\t\t\t\t\t<\/div>\n\t\t<\/section>\n\t\t\t\t<\/div>\n\t\t","protected":false},"excerpt":{"rendered":"<p>Z\u00c1KLADY PEDAGOGIKY V\u00fdchovn\u00e9 prostredie a z\u00e1kladn\u00e9 v\u00fdchovno-vzdel\u00e1vacie in\u0161tit\u00facie K\u013e\u00fa\u010dov\u00e9 slov\u00e1 Druhy v\u00fdchovn\u00e9ho prostredia, rodina, funkcie rodiny, typy rod\u00edn, \u0161t\u00fdly v\u00fdchovy, determinanty rodinnej v\u00fdchovy, pedagogika rodinnej v\u00fdchovy, \u0161kola, funkcie \u0161koly, \u0161kolsk\u00fd syst\u00e9m, klasifik\u00e1cia stup\u0148ov vzdelania ISCED, \u0161kolsk\u00e1 pedagogika, vo\u013en\u00fd \u010das, funkcie vo\u013en\u00e9ho \u010dasu, zariadenia v\u00fdchovy vo vo\u013enom \u010dase, pedagogika vo\u013en\u00e9ho \u010dasu. \u010clovek sa vyv\u00edja pod vplyvom [&hellip;]<\/p>\n","protected":false},"author":3,"featured_media":0,"parent":0,"menu_order":0,"comment_status":"closed","ping_status":"closed","template":"","meta":{"footnotes":""},"class_list":["post-1332","page","type-page","status-publish","hentry"],"_links":{"self":[{"href":"https:\/\/e-ucebnice.ff.ucm.sk\/index.php\/wp-json\/wp\/v2\/pages\/1332","targetHints":{"allow":["GET"]}}],"collection":[{"href":"https:\/\/e-ucebnice.ff.ucm.sk\/index.php\/wp-json\/wp\/v2\/pages"}],"about":[{"href":"https:\/\/e-ucebnice.ff.ucm.sk\/index.php\/wp-json\/wp\/v2\/types\/page"}],"author":[{"embeddable":true,"href":"https:\/\/e-ucebnice.ff.ucm.sk\/index.php\/wp-json\/wp\/v2\/users\/3"}],"replies":[{"embeddable":true,"href":"https:\/\/e-ucebnice.ff.ucm.sk\/index.php\/wp-json\/wp\/v2\/comments?post=1332"}],"version-history":[{"count":7,"href":"https:\/\/e-ucebnice.ff.ucm.sk\/index.php\/wp-json\/wp\/v2\/pages\/1332\/revisions"}],"predecessor-version":[{"id":1553,"href":"https:\/\/e-ucebnice.ff.ucm.sk\/index.php\/wp-json\/wp\/v2\/pages\/1332\/revisions\/1553"}],"wp:attachment":[{"href":"https:\/\/e-ucebnice.ff.ucm.sk\/index.php\/wp-json\/wp\/v2\/media?parent=1332"}],"curies":[{"name":"wp","href":"https:\/\/api.w.org\/{rel}","templated":true}]}}