{"id":1362,"date":"2023-02-26T08:34:41","date_gmt":"2023-02-26T07:34:41","guid":{"rendered":"https:\/\/e-ucebnice.ff.ucm.sk\/?page_id=1362"},"modified":"2023-02-26T11:50:44","modified_gmt":"2023-02-26T10:50:44","slug":"zaklady-pedagogiky-5-3","status":"publish","type":"page","link":"https:\/\/e-ucebnice.ff.ucm.sk\/index.php\/zaklady-pedagogiky-5-3\/","title":{"rendered":"Z\u00e1klady pedagogiky-5-3"},"content":{"rendered":"\t\t<div data-elementor-type=\"wp-page\" data-elementor-id=\"1362\" class=\"elementor elementor-1362\" data-elementor-post-type=\"page\">\n\t\t\t\t\t\t<section class=\"elementor-section elementor-top-section elementor-element elementor-element-9ece84b elementor-section-height-min-height elementor-section-boxed elementor-section-height-default elementor-section-items-middle\" data-id=\"9ece84b\" data-element_type=\"section\" data-settings=\"{&quot;background_background&quot;:&quot;classic&quot;}\">\n\t\t\t\t\t\t\t<div class=\"elementor-background-overlay\"><\/div>\n\t\t\t\t\t\t\t<div class=\"elementor-container elementor-column-gap-default\">\n\t\t\t\t\t<div class=\"elementor-column elementor-col-100 elementor-top-column elementor-element elementor-element-4ac9a4c\" data-id=\"4ac9a4c\" data-element_type=\"column\">\n\t\t\t<div class=\"elementor-widget-wrap elementor-element-populated\">\n\t\t\t\t\t\t<div class=\"elementor-element elementor-element-c6c9786 elementor-widget elementor-widget-heading\" data-id=\"c6c9786\" data-element_type=\"widget\" data-widget_type=\"heading.default\">\n\t\t\t\t<div class=\"elementor-widget-container\">\n\t\t\t\t\t<h1 class=\"elementor-heading-title elementor-size-default\">Z\u00c1KLADY PEDAGOGIKY <\/h1>\t\t\t\t<\/div>\n\t\t\t\t<\/div>\n\t\t\t\t\t<\/div>\n\t\t<\/div>\n\t\t\t\t\t<\/div>\n\t\t<\/section>\n\t\t\t\t<section class=\"elementor-section elementor-top-section elementor-element elementor-element-c7b2341 elementor-section-boxed elementor-section-height-default elementor-section-height-default\" data-id=\"c7b2341\" data-element_type=\"section\">\n\t\t\t\t\t\t<div class=\"elementor-container elementor-column-gap-default\">\n\t\t\t\t\t<div class=\"elementor-column elementor-col-100 elementor-top-column elementor-element elementor-element-0087dd1\" data-id=\"0087dd1\" data-element_type=\"column\">\n\t\t\t<div class=\"elementor-widget-wrap elementor-element-populated\">\n\t\t\t\t\t\t<section class=\"elementor-section elementor-inner-section elementor-element elementor-element-256368f elementor-section-boxed elementor-section-height-default elementor-section-height-default\" data-id=\"256368f\" data-element_type=\"section\">\n\t\t\t\t\t\t<div class=\"elementor-container elementor-column-gap-default\">\n\t\t\t\t\t<div class=\"elementor-column elementor-col-100 elementor-inner-column elementor-element elementor-element-dedd719\" data-id=\"dedd719\" data-element_type=\"column\">\n\t\t\t<div class=\"elementor-widget-wrap elementor-element-populated\">\n\t\t\t\t\t\t<div class=\"elementor-element elementor-element-16bba02 elementor-widget elementor-widget-heading\" data-id=\"16bba02\" data-element_type=\"widget\" data-widget_type=\"heading.default\">\n\t\t\t\t<div class=\"elementor-widget-container\">\n\t\t\t\t\t<h3 class=\"elementor-heading-title elementor-size-default\">V\u00fdchova vo vo\u013enom \u010dase a in\u0161tit\u00facie v\u00fdchovy v \u010dase mimo vyu\u010dovania<\/h3>\t\t\t\t<\/div>\n\t\t\t\t<\/div>\n\t\t\t\t<div class=\"elementor-element elementor-element-03907ad elementor-widget elementor-widget-text-editor\" data-id=\"03907ad\" data-element_type=\"widget\" data-widget_type=\"text-editor.default\">\n\t\t\t\t<div class=\"elementor-widget-container\">\n\t\t\t\t\t\t\t\t\t<p style=\"text-align: justify;\"><strong>Mimo\u0161kolsk\u00e1<a href=\"#_ftn1\" name=\"_ftnref1\">[1]<\/a> a\u00a0mimotriedna v\u00fdchova<a href=\"#_ftn2\" name=\"_ftnref2\">[2]<\/a><\/strong> s\u00fa s\u00fa\u010dasti <strong>v\u00fdchovy vo vo\u013enom \u010dase<\/strong> so z\u00e1kladom v\u00a0bohatstve bezprostredn\u00fdch z\u00e1\u017eitkov a\u00a0sk\u00fasenost\u00ed a\u00a0realizuj\u00fa sa celou sie\u0165ou <strong>kult\u00farnych in\u0161tit\u00faci\u00ed<\/strong> (m\u00faze\u00e1, gal\u00e9rie, kni\u017enice, divadl\u00e1, botanick\u00e9 a zoologick\u00e9 z\u00e1hrady), <strong>spolo\u010densk\u00fdch a\u00a0\u0161portov\u00fdch organiz\u00e1ci\u00ed<\/strong>,\u00a0masovokomunika\u010dn\u00fdch m\u00e9di\u00ed, <strong>IKT<\/strong> a\u00a0i. Spolu s\u00a0rodinou a\u00a0\u0161kolou, patria k\u00a0najstar\u0161\u00edm in\u0161tit\u00faci\u00e1m v\u00fdchovy a\u00a0vzdel\u00e1vania aj <strong>cirkvi<\/strong> <strong>a\u00a0n\u00e1bo\u017eensk\u00e9 organiz\u00e1cie <\/strong>(Kosteln\u00edk, 2009).<\/p><p style=\"text-align: justify;\">V<strong>\u00a0<\/strong>nasleduj\u00facom texte sa budeme venova\u0165 \u0161irokej <strong>oblasti v\u00fdchovy vo vo\u013enom \u010dase<\/strong>, ktor\u00e1 sa z\u00a0h\u013eadiska modernej terminol\u00f3gie sp\u00e1ja s\u00a0ozna\u010den\u00edm <strong>neform\u00e1lna v\u00fdchova<\/strong> (pozri\u00a0 definovanie v\u00a0kap. 2.1).\u00a0<\/p><p style=\"text-align: justify;\">V\u00a0s\u00fastave pedagogickej vedy sa <strong>te\u00f3ria v\u00fdchovy v\u00a0\u010dase mimo vyu\u010dovania<\/strong> vy\u010dle\u0148ovala postupne. Naj\u010dastej\u0161ie sa uv\u00e1dzala v\u00a0z\u00fa\u017eenom ch\u00e1pan\u00ed &#8211; v\u00a0minulosti ako <strong>mimo\u0161kolsk\u00e1 pedagogika<a href=\"#_ftn3\" name=\"_ftnref3\">[3]<\/a><\/strong> (pritom do obsahu mimo\u0161kolskej pedagogiky nepatrila oblas\u0165 v\u00fdchovy mimo vyu\u010dovania v\u00a0\u0161kole a\u00a0\u0161kolsk\u00fdch zariadeniach) a\u017e napokon v\u00a0komplexnom z\u00e1bere v\u00a0s\u00fa\u010dasnosti ako <strong>pedagogika vo\u013en\u00e9ho \u010dasu<\/strong> (Kratochv\u00edlov\u00e1, 2010).<\/p><p style=\"text-align: justify;\"><strong>Pedagogika vo\u013en\u00e9ho \u010dasu <\/strong>je aplikovanou pedagogickou discipl\u00ednou, ktor\u00e1 <strong>\u00a0<\/strong>sk\u00fama a\u00a0rozpracov\u00e1va uplat\u0148ovanie z\u00e1konitost\u00ed, z\u00e1konov u\u010denia a\u00a0v\u00fdchovy pri utv\u00e1ran\u00ed osobnosti v\u00a0\u0161pecifick\u00fdch podmienkach pr\u00e1ce s\u00a0de\u0165mi a\u00a0ml\u00e1de\u017eou vo vo\u013enom \u010dase. Pedagogika vo\u013en\u00e9ho \u010dasu zastre\u0161uje oblasti mimo\u0161kolskej v\u00fdchovy, v\u00fdchovy v\u00a0\u010dase mimo vyu\u010dovania, \u010di\u017ee sa dot\u00fdka ot\u00e1zok v\u00fdchovy vo vo\u013enom \u010dase.<\/p><p style=\"text-align: justify;\">Pedagogika vo\u013en\u00e9ho \u010dasu sa zaober\u00e1 obsahom, formami a\u00a0prostriedkami vzdel\u00e1vac\u00edch aktiv\u00edt, ktor\u00fdch \u00falohou je jednak spolo\u010densky prospe\u0161ne vyp\u013a\u0148a\u0165 vo\u013en\u00fd \u010das det\u00ed a\u00a0ml\u00e1de\u017ee, a\u00a0taktie\u017e kultivova\u0165 ich osobnos\u0165. \u010eal\u0161ou oblas\u0165ou jej z\u00e1ujmu je \u010dinnos\u0165 \u0161kolsk\u00fdch a\u00a0in\u00fdch zariaden\u00ed, ktor\u00e9 zabezpe\u010duj\u00fa v\u00fdchovu a\u00a0vzdel\u00e1vanie vo vo\u013enom \u010dase (Sirotov\u00e1, Vani\u0161, Ru\u010dkov\u00e1, 2011).<\/p><p style=\"text-align: justify;\">Zjednodu\u0161ene je mo\u017en\u00e9 uvies\u0165, \u017ee <strong>vo\u013en\u00fd \u010das<\/strong> je \u010das, ktor\u00fd n\u00e1m zostane po odpo\u010d\u00edtan\u00ed pracovn\u00e9ho \u010dasu (resp. \u0161kolsk\u00fdch povinnost\u00ed) a\u00a0\u010dasu potrebn\u00e9ho na zabezpe\u010denie z\u00e1kladn\u00fdch biologick\u00fdch potrieb. Jednotlivec m\u00f4\u017ee s\u00a0t\u00fdmto \u010dasom slobodne nar\u00e1ba\u0165. Z\u00e1kladn\u00e1 podmienka \u010dinnost\u00ed vo vo\u013enom \u010dase je dobrovo\u013enos\u0165.<\/p><p style=\"text-align: justify;\"><strong>V\u00fdchova vo vo\u013enom \u010dase<\/strong>, ako p\u00ed\u0161e Kratochv\u00edlov\u00e1 (2001), je vlastne intervenciou do vo\u013en\u00e9ho \u010dasu det\u00ed a\u00a0ml\u00e1de\u017ee. Cel\u00fdm zmyslom ovplyv\u0148ovania vo\u013en\u00e9ho \u010dasu je vytv\u00e1ranie podmienok, pr\u00edle\u017eitost\u00ed a\u00a0pon\u00fak na jeho vhodn\u00e9 vyu\u017e\u00edvanie. K\u00a0tomu m\u00e1 prispie\u0165 odborn\u00e9 usmernenie \u2013 v\u00fdchovn\u00fd vplyv s\u00a0re\u0161pektovan\u00edm \u0161pecif\u00edk vo\u013en\u00e9ho \u010dasu. T\u00fdka sa konkr\u00e9tnych v\u00fdchovn\u00fdch\u00a0 cie\u013eov, obsahu,\u00a0met\u00f3d, prostriedkov a\u00a0organiza\u010dn\u00fdch foriem v\u00fdchovnej pr\u00e1ce, \u0161pecifick\u00fdch z\u00e1sad (ako napr. z\u00e1sada dobrovo\u013enosti, z\u00e1ujmov\u00e9ho zamerania \u010dinnosti, aktivity, samostatnosti a\u00a0tvorivosti, demokracie a\u00a0humanizmu, sebarealiz\u00e1cie, jednoty a\u00a0\u0161pecifickosti v\u00fdchovy) v\u00fdchovy vo vo\u013enom \u010dase. Ide teda o\u00a0neform\u00e1lnu v\u00fdchovu a\u00a0vzdel\u00e1vanie, ktor\u00e9 maj\u00fa svoje osobitosti a\u00a0uplat\u0148uj\u00fa sa v\u00a0nej \u0161pecifick\u00e9 v\u00fdchovn\u00e9 z\u00e1sady. Cel\u00e1 problematika je predmetom z\u00e1ujmu pedagogiky vo\u013en\u00e9ho \u010dasu.<\/p><p style=\"text-align: justify;\"><strong>Funkcie vo\u013en\u00e9ho \u010dasu<\/strong> sa naj\u010dastej\u0161ie formuluj\u00fa nasledovne (Masarikov\u00e1, Masarik, 2002):<\/p><ul style=\"text-align: justify;\"><li><strong>v\u00fdchovno-vzdel\u00e1vacia\u00a0 funkcia \u2013 <\/strong>eduk\u00e1cia, u\u010denie a \u010fal\u0161ie vzdel\u00e1vanie, zah\u0155\u0148a tie\u017e v\u00fdznamn\u00e9 mo\u017enosti vplyvu na formovanie a rozvoj osobnosti, rozv\u00edjanie z\u00e1ujmov, schopnost\u00ed, n\u00e1vykov, v\u00fdchova mravn\u00fdch vlastnost\u00ed charakteru, pozit\u00edvnych hodn\u00f4t, hodnotov\u00e1 orient\u00e1cia,<\/li><li><strong>rekrea\u010dno-relaxa\u010dn\u00e1 funkcia &#8211; <\/strong>predstavuje rekre\u00e1ciu ako oddych a uvo\u013enenie (odpo\u010dinok, \u010dinnosti prospe\u0161n\u00e9 zdraviu),<\/li><li><strong>socializa\u010dn\u00e1 funkcia &#8211; <\/strong>s\u00favis\u00ed s vytv\u00e1ran\u00edm podmienok pre rovesn\u00edcke, \u010fal\u0161ie soci\u00e1lne kontakty, nadv\u00e4zovanie vz\u0165ahov,<\/li><li><strong>sebarealiza\u010dn\u00e1 funkcia &#8211; <\/strong>s\u00favis\u00ed uspokojovan\u00edm a rozvojom potrieb, z\u00e1ujmov, sklonov, schopnost\u00ed jednotlivca v z\u00e1ujmovej \u010dinnosti, aktivita pod\u013ea vlastn\u00e9ho v\u00fdberu a vo\u013eby,<\/li><li><strong>prevent\u00edvna<\/strong> <strong>funkcia<\/strong> &#8211; ochrana det\u00ed a ml\u00e1de\u017ee pred patologick\u00fdmi a negat\u00edvnymi javmi v spolo\u010dnosti (drogy, n\u00e1silie,&#8230;) ako protihodnota s\u00fa pon\u00fakan\u00e9 kr\u00fa\u017eky z\u00e1ujmovej \u010dinnosti v \u0161kole, \u0161kolsk\u00fdch v\u00fdchovno-vzdel\u00e1vac\u00edch zariadeniach at\u010f.<\/li><\/ul><p style=\"text-align: justify;\">\u00a0<\/p><p style=\"text-align: justify;\">Na v\u00fdchovnom ovplyv\u0148ovan\u00ed vo\u013en\u00e9ho \u010dasu a\u00a0vytv\u00e1ran\u00ed podmienok pre jeho pozit\u00edvne a\u00a0zmyslupln\u00e9 vyu\u017e\u00edvanie sa okrem rodiny z\u00fa\u010dast\u0148uj\u00fa aj <strong>\u0161kolsk\u00e9 a\u00a0mimo\u0161kolsk\u00e9 subjekty, <\/strong>ako s\u00fa:<\/p><ul style=\"text-align: justify;\"><li>\u0161t\u00e1tne in\u0161tit\u00facie a\u00a0\u0161t\u00e1tna starostlivos\u0165 vo vz\u0165ahu k\u00a0de\u0165om a\u00a0k\u00a0ml\u00e1de\u017ei hlavne v\u00a0p\u00f4sobnosti rezortov \u0161kolstva, kult\u00fary, verejno-pr\u00e1vne m\u00e9di\u00e1,<\/li><li>ob\u010dianske zdru\u017eenia det\u00ed a\u00a0ml\u00e1de\u017ee, organiz\u00e1cie, spolky, nad\u00e1cie,<\/li><li>cirkev, n\u00e1bo\u017eensk\u00e9 spolo\u010dnosti, rehole,<\/li><li>s\u00fakromn\u00e9 in\u0161tit\u00facie, organiz\u00e1cie, agent\u00fary s\u00a0rozli\u010dn\u00fdm zameran\u00edm (napr. organizovanie rekre\u00e1ci\u00ed, pr\u00e1dzninov\u00fdch pobytov, cestovania, turistiky, \u0161portu, umeleckej a\u00a0inej v\u00fdchovy) (Kratochv\u00edlov\u00e1, 2001).<\/li><\/ul><p style=\"text-align: justify;\"><strong>\u0160kolsk\u00e9 zariadenia<\/strong>, ktor\u00fdch p\u00f4sobnos\u0165 je orientovan\u00e1 najm\u00e4 na oblas\u0165 v\u00fdchovy a\u00a0z\u00e1ujmov\u00e9ho vzdel\u00e1vania, mo\u017eno rozdeli\u0165 na:<\/p><ul style=\"text-align: justify;\"><li><em>\u0161kolsk\u00e9 v\u00fdchovno-vzdel\u00e1vacie zariadenia<\/em> (\u0161kolsk\u00fd klub det\u00ed, centrum vo\u013en\u00e9ho \u010dasu, \u0161kolsk\u00fd intern\u00e1t),<\/li><li><em>\u0161peci\u00e1lne v\u00fdchovn\u00e9 zariadenia<\/em> (diagnostick\u00e9 centrum, reeduka\u010dn\u00e9 centrum, lie\u010debno-v\u00fdchovn\u00e9 sanat\u00f3rium),<\/li><li><em>poradensk\u00e9 <\/em>(centrum poradenstva a prevencie, \u0161pecializovan\u00e9 centrum poradenstva a prevencie),<\/li><li><em>\u0161kolsk\u00e9 \u00fa\u010delov\u00e9 zariadenia<\/em> (\u0161kola v pr\u00edrode, zariadenia \u0161kolsk\u00e9ho stravovania, stredisko slu\u017eieb \u0161kole) (pod\u013ea z\u00e1kona \u010d. 245\/2008 Z. z.).<\/li><\/ul><p style=\"text-align: justify;\">K\u00a0t\u00fdmto zariadeniam mo\u017eno priradi\u0165 aj <em>jazykov\u00fa \u0161kolu<\/em> a\u00a0<em>z\u00e1kladn\u00fa umeleck\u00fa \u0161kolu<\/em>, ktor\u00e9 s\u00fa v\u0161ak zaraden\u00e9 do siete \u0161k\u00f4l, av\u0161ak poskytuj\u00fa najm\u00e4 z\u00e1ujmov\u00e9 vzdel\u00e1vanie.<\/p><hr \/><p style=\"text-align: justify;\"><a href=\"#_ftnref1\" name=\"_ftn1\">[1]<\/a> <em>Mimo\u0161kolsk\u00e1 v\u00fdchova<\/em> predstavuje v\u00fdchovn\u00e9 p\u00f4sobenie in\u00fdch in\u0161tit\u00faci\u00ed ne\u017e \u0161k\u00f4l, napr. centier vo\u013en\u00e9ho \u010dasu, zdru\u017een\u00ed det\u00ed a ml\u00e1de\u017ee a \u010fal\u0161\u00edch subjektov.<\/p><p style=\"text-align: justify;\"><a href=\"#_ftnref2\" name=\"_ftn2\">[2]<\/a> <em>Mimotriedna v\u00fdchova<\/em> sa t\u00fdka v\u00fdchovn\u00e9ho p\u00f4sobenia \u0161koly v dobe mimo povinn\u00fa v\u00fdu\u010dbu, napr. \u010dinnosti z\u00e1ujmov\u00fdch \u00fatvarov, pr\u00edle\u017eitostn\u00fdch a in\u00fdch aktiv\u00edt. Zah\u0155\u0148a tie\u017e \u010dinnosti \u0161kolsk\u00fdch klubov.<\/p><p style=\"text-align: justify;\"><a href=\"#_ftnref3\" name=\"_ftn3\">[3]<\/a> <em>M<\/em><em>imo\u0161kolsk\u00e1 pedagogika<\/em> sa zameriavala na anal\u00fdzu v\u00fdchovn\u00e9ho p\u00f4sobenia v\u00a0r\u00f4znych organiz\u00e1ci\u00e1ch a v\u00a0spolo\u010densk\u00fdch skupin\u00e1ch) (Vi\u0161\u0148ovsk\u00fd, Ka\u010d\u00e1ni, 2002).<\/p>\t\t\t\t\t\t\t\t<\/div>\n\t\t\t\t<\/div>\n\t\t\t\t\t<\/div>\n\t\t<\/div>\n\t\t\t\t\t<\/div>\n\t\t<\/section>\n\t\t\t\t\t<\/div>\n\t\t<\/div>\n\t\t\t\t\t<\/div>\n\t\t<\/section>\n\t\t\t\t<\/div>\n\t\t","protected":false},"excerpt":{"rendered":"<p>Z\u00c1KLADY PEDAGOGIKY V\u00fdchova vo vo\u013enom \u010dase a in\u0161tit\u00facie v\u00fdchovy v \u010dase mimo vyu\u010dovania Mimo\u0161kolsk\u00e1[1] a\u00a0mimotriedna v\u00fdchova[2] s\u00fa s\u00fa\u010dasti v\u00fdchovy vo vo\u013enom \u010dase so z\u00e1kladom v\u00a0bohatstve bezprostredn\u00fdch z\u00e1\u017eitkov a\u00a0sk\u00fasenost\u00ed a\u00a0realizuj\u00fa sa celou sie\u0165ou kult\u00farnych in\u0161tit\u00faci\u00ed (m\u00faze\u00e1, gal\u00e9rie, kni\u017enice, divadl\u00e1, botanick\u00e9 a zoologick\u00e9 z\u00e1hrady), spolo\u010densk\u00fdch a\u00a0\u0161portov\u00fdch organiz\u00e1ci\u00ed,\u00a0masovokomunika\u010dn\u00fdch m\u00e9di\u00ed, IKT a\u00a0i. Spolu s\u00a0rodinou a\u00a0\u0161kolou, patria k\u00a0najstar\u0161\u00edm in\u0161tit\u00faci\u00e1m v\u00fdchovy [&hellip;]<\/p>\n","protected":false},"author":3,"featured_media":0,"parent":0,"menu_order":0,"comment_status":"closed","ping_status":"closed","template":"","meta":{"footnotes":""},"class_list":["post-1362","page","type-page","status-publish","hentry"],"_links":{"self":[{"href":"https:\/\/e-ucebnice.ff.ucm.sk\/index.php\/wp-json\/wp\/v2\/pages\/1362","targetHints":{"allow":["GET"]}}],"collection":[{"href":"https:\/\/e-ucebnice.ff.ucm.sk\/index.php\/wp-json\/wp\/v2\/pages"}],"about":[{"href":"https:\/\/e-ucebnice.ff.ucm.sk\/index.php\/wp-json\/wp\/v2\/types\/page"}],"author":[{"embeddable":true,"href":"https:\/\/e-ucebnice.ff.ucm.sk\/index.php\/wp-json\/wp\/v2\/users\/3"}],"replies":[{"embeddable":true,"href":"https:\/\/e-ucebnice.ff.ucm.sk\/index.php\/wp-json\/wp\/v2\/comments?post=1362"}],"version-history":[{"count":7,"href":"https:\/\/e-ucebnice.ff.ucm.sk\/index.php\/wp-json\/wp\/v2\/pages\/1362\/revisions"}],"predecessor-version":[{"id":1574,"href":"https:\/\/e-ucebnice.ff.ucm.sk\/index.php\/wp-json\/wp\/v2\/pages\/1362\/revisions\/1574"}],"wp:attachment":[{"href":"https:\/\/e-ucebnice.ff.ucm.sk\/index.php\/wp-json\/wp\/v2\/media?parent=1362"}],"curies":[{"name":"wp","href":"https:\/\/api.w.org\/{rel}","templated":true}]}}