{"id":1380,"date":"2023-02-26T08:40:32","date_gmt":"2023-02-26T07:40:32","guid":{"rendered":"https:\/\/e-ucebnice.ff.ucm.sk\/?page_id=1380"},"modified":"2023-02-26T11:37:41","modified_gmt":"2023-02-26T10:37:41","slug":"zaklady-pedagogiky-4-2-3","status":"publish","type":"page","link":"https:\/\/e-ucebnice.ff.ucm.sk\/index.php\/zaklady-pedagogiky-4-2-3\/","title":{"rendered":"Z\u00e1klady pedagogiky-4-2-3"},"content":{"rendered":"\t\t<div data-elementor-type=\"wp-page\" data-elementor-id=\"1380\" class=\"elementor elementor-1380\" data-elementor-post-type=\"page\">\n\t\t\t\t\t\t<section class=\"elementor-section elementor-top-section elementor-element elementor-element-13fa371 elementor-section-height-min-height elementor-section-boxed elementor-section-height-default elementor-section-items-middle\" data-id=\"13fa371\" data-element_type=\"section\" data-settings=\"{&quot;background_background&quot;:&quot;classic&quot;}\">\n\t\t\t\t\t\t\t<div class=\"elementor-background-overlay\"><\/div>\n\t\t\t\t\t\t\t<div class=\"elementor-container elementor-column-gap-default\">\n\t\t\t\t\t<div class=\"elementor-column elementor-col-100 elementor-top-column elementor-element elementor-element-9ffad3b\" data-id=\"9ffad3b\" data-element_type=\"column\">\n\t\t\t<div class=\"elementor-widget-wrap elementor-element-populated\">\n\t\t\t\t\t\t<div class=\"elementor-element elementor-element-036b9ec elementor-widget elementor-widget-heading\" data-id=\"036b9ec\" data-element_type=\"widget\" data-widget_type=\"heading.default\">\n\t\t\t\t<div class=\"elementor-widget-container\">\n\t\t\t\t\t<h1 class=\"elementor-heading-title elementor-size-default\">Z\u00c1KLADY PEDAGOGIKY <\/h1>\t\t\t\t<\/div>\n\t\t\t\t<\/div>\n\t\t\t\t\t<\/div>\n\t\t<\/div>\n\t\t\t\t\t<\/div>\n\t\t<\/section>\n\t\t\t\t<section class=\"elementor-section elementor-top-section elementor-element elementor-element-c7b2341 elementor-section-boxed elementor-section-height-default elementor-section-height-default\" data-id=\"c7b2341\" data-element_type=\"section\">\n\t\t\t\t\t\t<div class=\"elementor-container elementor-column-gap-default\">\n\t\t\t\t\t<div class=\"elementor-column elementor-col-100 elementor-top-column elementor-element elementor-element-0087dd1\" data-id=\"0087dd1\" data-element_type=\"column\">\n\t\t\t<div class=\"elementor-widget-wrap elementor-element-populated\">\n\t\t\t\t\t\t<section class=\"elementor-section elementor-inner-section elementor-element elementor-element-256368f elementor-section-boxed elementor-section-height-default elementor-section-height-default\" data-id=\"256368f\" data-element_type=\"section\">\n\t\t\t\t\t\t<div class=\"elementor-container elementor-column-gap-default\">\n\t\t\t\t\t<div class=\"elementor-column elementor-col-100 elementor-inner-column elementor-element elementor-element-dedd719\" data-id=\"dedd719\" data-element_type=\"column\">\n\t\t\t<div class=\"elementor-widget-wrap elementor-element-populated\">\n\t\t\t\t\t\t<div class=\"elementor-element elementor-element-16bba02 elementor-widget elementor-widget-heading\" data-id=\"16bba02\" data-element_type=\"widget\" data-widget_type=\"heading.default\">\n\t\t\t\t<div class=\"elementor-widget-container\">\n\t\t\t\t\t<h3 class=\"elementor-heading-title elementor-size-default\">Etick\u00fd k\u00f3dex pedagogick\u00fdch zamestnancov a odborn\u00fdch zamestnancov  <\/h3>\t\t\t\t<\/div>\n\t\t\t\t<\/div>\n\t\t\t\t<div class=\"elementor-element elementor-element-03907ad elementor-widget elementor-widget-text-editor\" data-id=\"03907ad\" data-element_type=\"widget\" data-widget_type=\"text-editor.default\">\n\t\t\t\t<div class=\"elementor-widget-container\">\n\t\t\t\t\t\t\t\t\t<p style=\"text-align: justify;\">Profesia u\u010dite\u013ea a\u00a0aj v\u00fdkon \u010dinnosti v\u0161etk\u00fdch ostatn\u00fdch pedagogick\u00fdch a\u00a0odborn\u00fdch zamestnancov s\u00fa ve\u013emi n\u00e1ro\u010dn\u00e9 nie len na ich odborn\u00fa a\u00a0kvalifika\u010dn\u00fa str\u00e1nku, ale na druhej strane s\u00fa vysoko kladen\u00e9 aj po\u017eiadavky na ich mor\u00e1lny profil, ktor\u00fd je aj s\u00fa\u010das\u0165ou legislat\u00edvnych po\u017eiadaviek na v\u00fdkon profesie.<\/p><p style=\"text-align: justify;\">V\u00a0s\u00falade so z\u00e1konom 138\/2019 Z. z. o pedagogick\u00fdch zamestnancoch a odborn\u00fdch zamestnancoch a o zmene a doplnen\u00ed niektor\u00fdch z\u00e1konov v znen\u00ed neskor\u0161\u00edch predpisov (\u010falej len \u201ez\u00e1kon \u010d. 138\/2019 Z. z.\u201c) Ministerstvo \u0161kolstva, vedy, v\u00fdskumu a \u0161portu Slovenskej republiky vyd\u00e1va a zverej\u0148uje Etick\u00fd k\u00f3dex pedagogick\u00fdch zamestnancov a odborn\u00fdch zamestnancov<a href=\"#_ftn1\" name=\"_ftnref1\">[1]<\/a>. Etick\u00fd k\u00f3dex obsahuje z\u00e1kladn\u00fd r\u00e1mec spr\u00e1vania sa pedagogick\u00e9ho zamestnanca a odborn\u00e9ho zamestnanca, vyd\u00e1va a zverej\u0148uje ho ministerstvo \u0161kolstva na svojom webovom s\u00eddle a zamestn\u00e1vate\u013e m\u00f4\u017ee rozpracova\u0165 etick\u00fd k\u00f3dex v pracovnom poriadku v s\u00falade so zameran\u00edm \u0161koly alebo \u0161kolsk\u00e9ho zariadenia.<\/p><p style=\"text-align: justify;\">Cie\u013eom etick\u00e9ho k\u00f3dexu je poskytn\u00fa\u0165 z\u00e1kladn\u00fd r\u00e1mec spr\u00e1vania sa pedagogick\u00e9ho zamestnanca. Obsahom etick\u00e9ho k\u00f3dexu s\u00fa z\u00e1kladn\u00e9 mor\u00e1lne princ\u00edpy, ktor\u00e9 by mal pedagogick\u00fd zamestnanec alebo odborn\u00fd zamestnanec dodr\u017eiava\u0165 <strong>vo vz\u0165ahu k sebe<\/strong>, <strong>ostatn\u00fdm zamestnancom<\/strong> \u0161koly, <strong>\u017eiakom<\/strong>, <strong>rodi\u010dom<\/strong> alebo in\u00fdm fyzick\u00fdm osob\u00e1m ne\u017e rodi\u010dom, ktor\u00ed maj\u00fa die\u0165a zveren\u00e9 do osobnej starostlivosti alebo do pest\u00fanskej starostlivosti na z\u00e1klade rozhodnutia s\u00fadu alebo z\u00e1stupcom zariaden\u00ed, v ktor\u00fdch sa vykon\u00e1va \u00fastavn\u00e1 starostlivos\u0165, v\u00fdchovn\u00e9 opatrenie, neodkladn\u00e9 opatrenie alebo ochrann\u00e1 v\u00fdchova, v\u00fdkon v\u00e4zby alebo v\u00fdkon trestu od\u0148atia slobody a k <strong>verejnosti<\/strong>. Etick\u00fd k\u00f3dex m\u00e1 sl\u00fa\u017ei\u0165 na ochranu najvy\u0161\u0161\u00edch \u013eudsk\u00fdch hodn\u00f4t, d\u00f4stojnosti \u010dloveka a slobody na ceste za vzdelan\u00edm v duchu demokratick\u00fdch a kult\u00farnych princ\u00edpov, zakotven\u00fdch v \u00dastave Slovenskej republiky a pr\u00e1vnom poriadku Slovenskej republiky.<\/p><p style=\"text-align: justify;\">Ka\u017ed\u00fd pedagogick\u00fd zamestnanec alebo odborn\u00fd zamestnanec m\u00e1 by\u0165 mor\u00e1lnou a odbornou autoritou, ale aj pomocn\u00edkom a sprievodcom det\u00ed a \u017eiakov pri ich v\u00fdchove a vzdel\u00e1van\u00ed a optimaliz\u00e1cii osobnostn\u00e9ho v\u00fdvinu. Mor\u00e1lne kvality pedagogick\u00e9ho zamestnanca alebo odborn\u00e9ho zamestnanca a schopnos\u0165 rie\u0161i\u0165 etick\u00e9 probl\u00e9my predstavuj\u00fa jeden z k\u013e\u00fa\u010dov\u00fdch atrib\u00fatov \u00faspe\u0161n\u00e9ho v\u00fdkonu pracovnej \u010dinnosti. Zmyslom etick\u00e9ho k\u00f3dexu je podporova\u0165 pozit\u00edvnu pracovn\u00fa motiv\u00e1ciu pedagogick\u00e9ho zamestnanca alebo odborn\u00e9ho zamestnanca vychov\u00e1va\u0165 a vzdel\u00e1va\u0165 \u017eiakov ako osobnosti, ktor\u00e9 si nielen n\u00e1jdu uplatnenie na trhu pr\u00e1ce, ale bud\u00fa aj mor\u00e1lne vyspel\u00fdmi bytos\u0165ami s etick\u00fdmi normami a hodnotami, s ktor\u00fdmi s\u00fa vn\u00fatorne stoto\u017enen\u00ed.<\/p><p style=\"text-align: justify;\">Bli\u017e\u0161ie s\u00fa v etickom k\u00f3dexe rozpracovan\u00e9 \u010dasti ako Preambula; I. Poslanie a mor\u00e1lka pedagogick\u00e9ho zamestnanca alebo odborn\u00e9ho zamestnanca; II. Vz\u0165ah pedagogick\u00e9ho zamestnanca alebo odborn\u00e9ho zamestnanca k sebe sam\u00e9mu a k v\u00fdkonu pracovnej \u010dinnosti ; III. Vz\u0165ah pedagogick\u00e9ho zamestnanca alebo odborn\u00e9ho zamestnanca k \u017eiakom, z\u00e1konn\u00fdm z\u00e1stupcom a k z\u00e1stupcom zariadenia; IV. Vz\u0165ah pedagogick\u00e9ho zamestnanca alebo odborn\u00e9ho zamestnanca k sebe sam\u00e9mu, ku kolegom, k \u017eiakom, ku \u0161kole a k\u00a0verejnosti.<\/p><p style=\"text-align: justify;\">\u00a0\u00a0\u00a0\u00a0\u00a0\u00a0\u00a0\u00a0\u00a0\u00a0\u00a0\u00a0\u00a0\u00a0\u00a0\u00a0\u00a0\u00a0\u00a0<\/p><p style=\"text-align: justify;\"><strong><em>Ot\u00e1zky a\u00a0\u00falohy na opakovanie<\/em><\/strong><\/p><ol style=\"text-align: justify;\"><li><em>C<\/em><em>ez kni\u017eni\u010dn\u00e9 slu\u017eby va\u0161ej vysokej \u0161koly (alebo vyh\u013eadajte na internete) si zabezpe\u010dte 2 pedagogick\u00e9 monografie, 2 zborn\u00edky z pedagogick\u00fdch konferenci\u00ed, 2 pedagogick\u00e9 \u010dasopisy, v ktor\u00fdch sa pojedn\u00e1va o\u00a0vn\u00fatorn\u00fdch a\u00a0vonkaj\u0161\u00edch \u010dinite\u013eoch vpl\u00fdvaj\u00facich na osobnos\u0165 edukanta. Pod\u013ea pravidiel citovania, vybran\u00e9 \u010dinitele definujte. Pod ka\u017edou citovanou defin\u00edciou uvediete bibliografick\u00fd z\u00e1znam zdroja, z\u00a0ktor\u00e9ho ste defin\u00edciu prevzali. Spolu by malo by\u0165 vypracovan\u00fdch 6 defin\u00edci\u00ed vybran\u00fdch s\u00fa\u010dast\u00ed vn\u00fatorn\u00fdch a vonkaj\u0161\u00edch \u010dinite\u013eov p\u00f4sobiacich na osobnos\u0165 edukanta. <\/em><\/li><\/ol><p style=\"text-align: justify;\"><em>\u00a0<\/em><\/p><ol style=\"text-align: justify;\" start=\"2\"><li><em>Prostredn\u00edctvom samo\u0161t\u00fadia si na\u0161tudujte vymedzenie u\u010dite\u013ea a u\u010dite\u013eskej profesie v\u00a0slovenskej legislat\u00edve a pr\u00e1va a povinnosti pedagogick\u00e9ho zamestnanca. Pre\u0161tudujte si z\u00e1kon \u010d. 317\/2009 Z. z. o pedagogick\u00fdch a odborn\u00fdch zamestnancoch (dostupn\u00fd na internete: www.minedu.sk). Na vybran\u00fa \u010das\u0165 uveden\u00e9ho z\u00e1kona odborn\u00fdm jazykom vypracujte recenziu. Analyzujte, pos\u00fa\u010fte a zhodno\u0165te vybran\u00fa \u010das\u0165 z\u00e1kona z h\u013eadiska pozit\u00edvnych a negat\u00edvnych dopadov na p\u00f4sobenie u\u010dite\u013ea v praxi (v rozsahu max. 1700 znakov). <\/em><\/li><\/ol><p style=\"text-align: justify;\"><em>\u00a0<\/em><\/p><p style=\"text-align: justify;\"><em>3.Pre\u0161tudujte si Vyhl\u00e1\u0161ku <\/em><em>Ministerstva \u0161kolstva, vedy, v\u00fdskumu a \u0161portu Slovenskej republiky o kvalifika\u010dn\u00fdch predpokladoch pedagogick\u00fdch zamestnancov a odborn\u00fdch zamestnancov <\/em><em>(dostupn\u00e1 na internete: <\/em><a href=\"https:\/\/www.minedu.sk\/26353-sk\/pravne-predpisy\/\"><em>https:\/\/www.minedu.sk\/26353-sk\/pravne-predpisy\/<\/em><\/a><em>) a\u00a0identifikujte v nej v\u00a0s\u00falade s\u00a0Va\u0161\u00edm dosiahnut\u00fdm vzdelan\u00edm a\u00a0prebiehaj\u00facim \u0161t\u00fadiom ak\u00e9 bud\u00fa Va\u0161e mo\u017enosti uplatnenia v\u00a0eduka\u010dnej praxi.<\/em><\/p><hr \/><p style=\"text-align: justify;\"><a href=\"#_ftnref1\" name=\"_ftn1\">[1]<\/a> <em>Etick\u00fd k\u00f3dex pedagogick\u00fdch zamestnancov a\u00a0odborn\u00fdch zamestnancov<\/em> je dostupn\u00fd na webovej str\u00e1nke Ministerstva \u0161kolstva, vedy, v\u00fdskumu a\u00a0\u0161portu SR. Dostupn\u00e9 na: <a href=\"https:\/\/www.minedu.sk\/eticky-kodex-pedagogickych-zamestnancov-a-odbornych-zamestnancov\/\">https:\/\/www.minedu.sk\/eticky-kodex-pedagogickych-zamestnancov-a-odbornych-zamestnancov<\/a><a href=\"https:\/\/www.minedu.sk\/eticky-kodex-pedagogickych-zamestnancov-a-odbornych-zamestnancov\/\">\/<\/a><\/p><p style=\"text-align: justify;\">\u00a0<\/p>\t\t\t\t\t\t\t\t<\/div>\n\t\t\t\t<\/div>\n\t\t\t\t\t<\/div>\n\t\t<\/div>\n\t\t\t\t\t<\/div>\n\t\t<\/section>\n\t\t\t\t\t<\/div>\n\t\t<\/div>\n\t\t\t\t\t<\/div>\n\t\t<\/section>\n\t\t\t\t<\/div>\n\t\t","protected":false},"excerpt":{"rendered":"<p>Z\u00c1KLADY PEDAGOGIKY Etick\u00fd k\u00f3dex pedagogick\u00fdch zamestnancov a odborn\u00fdch zamestnancov Profesia u\u010dite\u013ea a\u00a0aj v\u00fdkon \u010dinnosti v\u0161etk\u00fdch ostatn\u00fdch pedagogick\u00fdch a\u00a0odborn\u00fdch zamestnancov s\u00fa ve\u013emi n\u00e1ro\u010dn\u00e9 nie len na ich odborn\u00fa a\u00a0kvalifika\u010dn\u00fa str\u00e1nku, ale na druhej strane s\u00fa vysoko kladen\u00e9 aj po\u017eiadavky na ich mor\u00e1lny profil, ktor\u00fd je aj s\u00fa\u010das\u0165ou legislat\u00edvnych po\u017eiadaviek na v\u00fdkon profesie. V\u00a0s\u00falade so z\u00e1konom 138\/2019 [&hellip;]<\/p>\n","protected":false},"author":3,"featured_media":0,"parent":0,"menu_order":0,"comment_status":"closed","ping_status":"closed","template":"","meta":{"footnotes":""},"class_list":["post-1380","page","type-page","status-publish","hentry"],"_links":{"self":[{"href":"https:\/\/e-ucebnice.ff.ucm.sk\/index.php\/wp-json\/wp\/v2\/pages\/1380","targetHints":{"allow":["GET"]}}],"collection":[{"href":"https:\/\/e-ucebnice.ff.ucm.sk\/index.php\/wp-json\/wp\/v2\/pages"}],"about":[{"href":"https:\/\/e-ucebnice.ff.ucm.sk\/index.php\/wp-json\/wp\/v2\/types\/page"}],"author":[{"embeddable":true,"href":"https:\/\/e-ucebnice.ff.ucm.sk\/index.php\/wp-json\/wp\/v2\/users\/3"}],"replies":[{"embeddable":true,"href":"https:\/\/e-ucebnice.ff.ucm.sk\/index.php\/wp-json\/wp\/v2\/comments?post=1380"}],"version-history":[{"count":4,"href":"https:\/\/e-ucebnice.ff.ucm.sk\/index.php\/wp-json\/wp\/v2\/pages\/1380\/revisions"}],"predecessor-version":[{"id":1547,"href":"https:\/\/e-ucebnice.ff.ucm.sk\/index.php\/wp-json\/wp\/v2\/pages\/1380\/revisions\/1547"}],"wp:attachment":[{"href":"https:\/\/e-ucebnice.ff.ucm.sk\/index.php\/wp-json\/wp\/v2\/media?parent=1380"}],"curies":[{"name":"wp","href":"https:\/\/api.w.org\/{rel}","templated":true}]}}