{"id":1622,"date":"2023-02-28T13:07:56","date_gmt":"2023-02-28T12:07:56","guid":{"rendered":"https:\/\/e-ucebnice.ff.ucm.sk\/?page_id=1622"},"modified":"2023-05-05T08:33:39","modified_gmt":"2023-05-05T06:33:39","slug":"lexikologia-slovenskeho-jazyka-v-ucitelskej-praxi-uvod","status":"publish","type":"page","link":"https:\/\/e-ucebnice.ff.ucm.sk\/index.php\/lexikologia-slovenskeho-jazyka-v-ucitelskej-praxi-uvod\/","title":{"rendered":"Lexikol\u00f3gia slovensk\u00e9ho jazyka v u\u010dite\u013eskej praxi &#8211; uvod"},"content":{"rendered":"\t\t<div data-elementor-type=\"wp-page\" data-elementor-id=\"1622\" class=\"elementor elementor-1622\" data-elementor-post-type=\"page\">\n\t\t\t\t\t\t<section class=\"elementor-section elementor-top-section elementor-element elementor-element-4829a87 elementor-section-height-min-height elementor-section-boxed elementor-section-height-default elementor-section-items-middle\" data-id=\"4829a87\" data-element_type=\"section\" data-settings=\"{&quot;background_background&quot;:&quot;classic&quot;}\">\n\t\t\t\t\t\t\t<div class=\"elementor-background-overlay\"><\/div>\n\t\t\t\t\t\t\t<div class=\"elementor-container elementor-column-gap-default\">\n\t\t\t\t\t<div class=\"elementor-column elementor-col-100 elementor-top-column elementor-element elementor-element-4cf6c79\" data-id=\"4cf6c79\" data-element_type=\"column\">\n\t\t\t<div class=\"elementor-widget-wrap elementor-element-populated\">\n\t\t\t\t\t\t<div class=\"elementor-element elementor-element-3e8341c elementor-widget elementor-widget-heading\" data-id=\"3e8341c\" data-element_type=\"widget\" data-widget_type=\"heading.default\">\n\t\t\t\t<div class=\"elementor-widget-container\">\n\t\t\t\t\t<h1 class=\"elementor-heading-title elementor-size-default\">LEXIKOL\u00d3GIA SLOVENSK\u00c9HO JAZYKA V U\u010cITE\u013dSKEJ PRAXI<\/h1>\t\t\t\t<\/div>\n\t\t\t\t<\/div>\n\t\t\t\t\t<\/div>\n\t\t<\/div>\n\t\t\t\t\t<\/div>\n\t\t<\/section>\n\t\t\t\t<section class=\"elementor-section elementor-top-section elementor-element elementor-element-2858d6f elementor-section-boxed elementor-section-height-default elementor-section-height-default\" data-id=\"2858d6f\" data-element_type=\"section\">\n\t\t\t\t\t\t<div class=\"elementor-container elementor-column-gap-default\">\n\t\t\t\t\t<div class=\"elementor-column elementor-col-100 elementor-top-column elementor-element elementor-element-e63bd34\" data-id=\"e63bd34\" data-element_type=\"column\">\n\t\t\t<div class=\"elementor-widget-wrap elementor-element-populated\">\n\t\t\t\t\t\t<section class=\"elementor-section elementor-inner-section elementor-element elementor-element-0b79421 elementor-section-boxed elementor-section-height-default elementor-section-height-default\" data-id=\"0b79421\" data-element_type=\"section\">\n\t\t\t\t\t\t<div class=\"elementor-container elementor-column-gap-default\">\n\t\t\t\t\t<div class=\"elementor-column elementor-col-100 elementor-inner-column elementor-element elementor-element-bb0ded5\" data-id=\"bb0ded5\" data-element_type=\"column\">\n\t\t\t<div class=\"elementor-widget-wrap elementor-element-populated\">\n\t\t\t\t\t\t<div class=\"elementor-element elementor-element-759b076 elementor-widget elementor-widget-heading\" data-id=\"759b076\" data-element_type=\"widget\" data-widget_type=\"heading.default\">\n\t\t\t\t<div class=\"elementor-widget-container\">\n\t\t\t\t\t<h3 class=\"elementor-heading-title elementor-size-default\">\u00davod<\/h3>\t\t\t\t<\/div>\n\t\t\t\t<\/div>\n\t\t\t\t<div class=\"elementor-element elementor-element-5aa9d5d elementor-widget elementor-widget-text-editor\" data-id=\"5aa9d5d\" data-element_type=\"widget\" data-widget_type=\"text-editor.default\">\n\t\t\t\t<div class=\"elementor-widget-container\">\n\t\t\t\t\t\t\t\t\t<p style=\"text-align: justify;\">&nbsp;&nbsp;&nbsp;&nbsp; T\u00e1to publik\u00e1cia je ur\u010den\u00e1 \u0161tudentom dopl\u0148uj\u00faceho pedagogick\u00e9ho \u0161t\u00fadia v&nbsp;odbore slovensk\u00fd jazyk a&nbsp;literat\u00fara, preto sa pri tvorbe u\u010debnice kl\u00e1dol d\u00f4raz na aplika\u010dno-vzdel\u00e1vaciu str\u00e1nku publik\u00e1cie. N\u00e1zov u\u010debnice <em>Lexikol\u00f3gia slovensk\u00e9ho jazyka v u\u010dite\u013eskej praxi <\/em>reflektuje motiv\u00e1ciu zostavenia publik\u00e1cie na nosn\u00fdch t\u00e9mach z&nbsp;lexik\u00e1lneho subsyst\u00e9mu slovensk\u00e9ho jazyka, kde s\u00fa redukovane z&nbsp;h\u013eadiska filologick\u00e9ho obsahu lexikol\u00f3gie obsiahnut\u00e9 z\u00e1kladn\u00e9 t\u00e9my z lexik\u00e1lnej s\u00e9mantiky, supras\u00e9mantiky a slovotvorby.<\/p>\n<p style=\"text-align: justify;\">&nbsp;&nbsp;&nbsp;&nbsp; Lexik\u00e1lny subsyst\u00e9m slovensk\u00e9ho jazyka predstavuje v&nbsp;jazykovom syst\u00e9me, ako aj v&nbsp;jazykovom vzdel\u00e1van\u00ed d\u00f4le\u017eit\u00fd vz\u0165ahov\u00fd re\u0165azec \u2013 jeho komplexn\u00e9 osvojenie a&nbsp;spr\u00e1vne uchopenie pre u\u010dite\u013eov predmetu slovensk\u00e9ho jazyka a&nbsp;literat\u00fary zna\u010d\u00ed optim\u00e1lne pouk\u00e1zanie na vz\u0165ahy lexik\u00e1lnej roviny s&nbsp;ostatn\u00fdmi rovinami a&nbsp;jednotkami jazykov\u00e9ho syst\u00e9mu, na bohato \u0161trukt\u00farovan\u00e9 vz\u0165ahy medzi lexik\u00e1lnymi jednotkami navz\u00e1jom a&nbsp;z\u00e1rove\u0148 na vz\u0165ahy lexik\u00e1lnej roviny s&nbsp;in\u00fdmi lingvistick\u00fdmi a&nbsp;nelingvistick\u00fdmi discipl\u00ednami, do ktor\u00fdch lexik\u00e1lne discipl\u00edny vstupuj\u00fa. \u010ealej sme upriamili pozornos\u0165 na dynamick\u00e9 procesy v&nbsp;lexike, ktor\u00e9 s\u00favisia s&nbsp;obohacovan\u00edm lexiky prostredn\u00edctvom viacer\u00fdch postupov \u2013 v\u00fdsledkom je bohatos\u0165 a&nbsp;rozmanitos\u0165 lexik\u00e1lnych jednotiek, ktor\u00e9 v&nbsp;r\u00e1mci ostatn\u00fdch jednotiek jazykov\u00e9ho syst\u00e9mu tvoria bezpochyby naj\u0161ir\u0161\u00ed diapaz\u00f3n jazykov\u00fdch jednotiek, ktor\u00e9 neust\u00e1le do n\u00e1rodn\u00e9ho jazyka prib\u00fadaj\u00fa a&nbsp;rozv\u00edjaj\u00fa sie\u0165 vz\u0165ahov medzi jazykov\u00fdmi prvkami.<\/p>\n<p style=\"text-align: justify;\">&nbsp;&nbsp;&nbsp;&nbsp; U\u010debnica je \u0161trukt\u00farovan\u00e1 do 10 samostatn\u00fdch kapitol, ktor\u00e9 obsahuj\u00fa zhrnutie k\u013e\u00fa\u010dov\u00fdch pojmov v&nbsp;podobe pojmovej mapy a kontroln\u00e9 ot\u00e1zky.<\/p>\n<p style=\"text-align: justify;\">&nbsp;&nbsp;&nbsp;&nbsp;&nbsp; Cie\u013eom u\u010debnice je poskytn\u00fa\u0165 \u0161tudentom dopl\u0148uj\u00faceho pedagogick\u00e9ho \u0161t\u00fadia v&nbsp;odbore slovensk\u00fd jazyk a&nbsp;literat\u00fara s\u00fahrnn\u00e9 poznatky z&nbsp;lexik\u00e1lnej problematiky, aby didakticky efekt\u00edvne aplikovali jazykov\u00e9 poznatky v&nbsp;jazykovom vzdel\u00e1van\u00ed slovensk\u00e9ho jazyka, ako aj v in\u00fdch zlo\u017ek\u00e1ch predmetu (slohov\u00e1 v\u00fdchova a&nbsp;literat\u00fara). U\u010debnica sprostredkuje vybran\u00e9 t\u00e9my z lexikol\u00f3gie slovensk\u00e9ho jazyka, v&nbsp;\u017eiadnom pr\u00edpadne nie je komplexnou publik\u00e1ciou reflektuj\u00facou detailne lexik\u00e1lnu problematiku, preto sa predpoklad\u00e1 pri osvojovan\u00ed subsyst\u00e9mu lexikol\u00f3gie slovensk\u00e9ho jazyka \u0161ir\u0161ie \u0161t\u00fadium lexikol\u00f3gie z&nbsp;r\u00f4znych lexikologick\u00fdch discipl\u00edn, predov\u0161etk\u00fdm diel odkazuj\u00facich na dan\u00fa problematiku v&nbsp;zozname literat\u00fary v&nbsp;z\u00e1vere ka\u017edej kapitoly. Ide prim\u00e1rne o&nbsp;zdroje, z&nbsp;ktor\u00fdch sme vych\u00e1dzali pri koncipovan\u00ed u\u010debn\u00e9ho materi\u00e1lu.<\/p>\t\t\t\t\t\t\t\t<\/div>\n\t\t\t\t<\/div>\n\t\t\t\t\t<\/div>\n\t\t<\/div>\n\t\t\t\t\t<\/div>\n\t\t<\/section>\n\t\t\t\t\t<\/div>\n\t\t<\/div>\n\t\t\t\t\t<\/div>\n\t\t<\/section>\n\t\t\t\t<\/div>\n\t\t","protected":false},"excerpt":{"rendered":"<p>LEXIKOL\u00d3GIA SLOVENSK\u00c9HO JAZYKA V U\u010cITE\u013dSKEJ PRAXI \u00davod &nbsp;&nbsp;&nbsp;&nbsp; T\u00e1to publik\u00e1cia je ur\u010den\u00e1 \u0161tudentom dopl\u0148uj\u00faceho pedagogick\u00e9ho \u0161t\u00fadia v&nbsp;odbore slovensk\u00fd jazyk a&nbsp;literat\u00fara, preto sa pri tvorbe u\u010debnice kl\u00e1dol d\u00f4raz na aplika\u010dno-vzdel\u00e1vaciu str\u00e1nku publik\u00e1cie. N\u00e1zov u\u010debnice Lexikol\u00f3gia slovensk\u00e9ho jazyka v u\u010dite\u013eskej praxi reflektuje motiv\u00e1ciu zostavenia publik\u00e1cie na nosn\u00fdch t\u00e9mach z&nbsp;lexik\u00e1lneho subsyst\u00e9mu slovensk\u00e9ho jazyka, kde s\u00fa redukovane z&nbsp;h\u013eadiska filologick\u00e9ho [&hellip;]<\/p>\n","protected":false},"author":3,"featured_media":0,"parent":0,"menu_order":0,"comment_status":"closed","ping_status":"closed","template":"","meta":{"footnotes":""},"class_list":["post-1622","page","type-page","status-publish","hentry"],"_links":{"self":[{"href":"https:\/\/e-ucebnice.ff.ucm.sk\/index.php\/wp-json\/wp\/v2\/pages\/1622","targetHints":{"allow":["GET"]}}],"collection":[{"href":"https:\/\/e-ucebnice.ff.ucm.sk\/index.php\/wp-json\/wp\/v2\/pages"}],"about":[{"href":"https:\/\/e-ucebnice.ff.ucm.sk\/index.php\/wp-json\/wp\/v2\/types\/page"}],"author":[{"embeddable":true,"href":"https:\/\/e-ucebnice.ff.ucm.sk\/index.php\/wp-json\/wp\/v2\/users\/3"}],"replies":[{"embeddable":true,"href":"https:\/\/e-ucebnice.ff.ucm.sk\/index.php\/wp-json\/wp\/v2\/comments?post=1622"}],"version-history":[{"count":7,"href":"https:\/\/e-ucebnice.ff.ucm.sk\/index.php\/wp-json\/wp\/v2\/pages\/1622\/revisions"}],"predecessor-version":[{"id":7029,"href":"https:\/\/e-ucebnice.ff.ucm.sk\/index.php\/wp-json\/wp\/v2\/pages\/1622\/revisions\/7029"}],"wp:attachment":[{"href":"https:\/\/e-ucebnice.ff.ucm.sk\/index.php\/wp-json\/wp\/v2\/media?parent=1622"}],"curies":[{"name":"wp","href":"https:\/\/api.w.org\/{rel}","templated":true}]}}