{"id":1631,"date":"2023-02-28T13:11:16","date_gmt":"2023-02-28T12:11:16","guid":{"rendered":"https:\/\/e-ucebnice.ff.ucm.sk\/?page_id=1631"},"modified":"2023-05-05T10:19:59","modified_gmt":"2023-05-05T08:19:59","slug":"lexikologia-slovenskeho-jazyka-v-ucitelskej-praxi-4","status":"publish","type":"page","link":"https:\/\/e-ucebnice.ff.ucm.sk\/index.php\/lexikologia-slovenskeho-jazyka-v-ucitelskej-praxi-4\/","title":{"rendered":"Lexikol\u00f3gia slovensk\u00e9ho jazyka v u\u010dite\u013eskej praxi-4"},"content":{"rendered":"\t\t<div data-elementor-type=\"wp-page\" data-elementor-id=\"1631\" class=\"elementor elementor-1631\" data-elementor-post-type=\"page\">\n\t\t\t\t\t\t<section class=\"elementor-section elementor-top-section elementor-element elementor-element-9a2643c elementor-section-height-min-height elementor-section-boxed elementor-section-height-default elementor-section-items-middle\" data-id=\"9a2643c\" data-element_type=\"section\" data-settings=\"{&quot;background_background&quot;:&quot;classic&quot;}\">\n\t\t\t\t\t\t\t<div class=\"elementor-background-overlay\"><\/div>\n\t\t\t\t\t\t\t<div class=\"elementor-container elementor-column-gap-default\">\n\t\t\t\t\t<div class=\"elementor-column elementor-col-100 elementor-top-column elementor-element elementor-element-2a083a2\" data-id=\"2a083a2\" data-element_type=\"column\">\n\t\t\t<div class=\"elementor-widget-wrap elementor-element-populated\">\n\t\t\t\t\t\t<div class=\"elementor-element elementor-element-7444af7 elementor-widget elementor-widget-heading\" data-id=\"7444af7\" data-element_type=\"widget\" data-widget_type=\"heading.default\">\n\t\t\t\t<div class=\"elementor-widget-container\">\n\t\t\t\t\t<h1 class=\"elementor-heading-title elementor-size-default\">LEXIKOL\u00d3GIA SLOVENSK\u00c9HO JAZYKA V U\u010cITE\u013dSKEJ PRAXI<\/h1>\t\t\t\t<\/div>\n\t\t\t\t<\/div>\n\t\t\t\t\t<\/div>\n\t\t<\/div>\n\t\t\t\t\t<\/div>\n\t\t<\/section>\n\t\t\t\t<section class=\"elementor-section elementor-top-section elementor-element elementor-element-9f9a241 elementor-section-boxed elementor-section-height-default elementor-section-height-default\" data-id=\"9f9a241\" data-element_type=\"section\">\n\t\t\t\t\t\t<div class=\"elementor-container elementor-column-gap-default\">\n\t\t\t\t\t<div class=\"elementor-column elementor-col-100 elementor-top-column elementor-element elementor-element-36e8d15\" data-id=\"36e8d15\" data-element_type=\"column\">\n\t\t\t<div class=\"elementor-widget-wrap elementor-element-populated\">\n\t\t\t\t\t\t<section class=\"elementor-section elementor-inner-section elementor-element elementor-element-0f7453d elementor-section-boxed elementor-section-height-default elementor-section-height-default\" data-id=\"0f7453d\" data-element_type=\"section\">\n\t\t\t\t\t\t<div class=\"elementor-container elementor-column-gap-default\">\n\t\t\t\t\t<div class=\"elementor-column elementor-col-100 elementor-inner-column elementor-element elementor-element-4973de6\" data-id=\"4973de6\" data-element_type=\"column\">\n\t\t\t<div class=\"elementor-widget-wrap elementor-element-populated\">\n\t\t\t\t\t\t<div class=\"elementor-element elementor-element-198bac6 elementor-widget__width-initial elementor-fixed elementor-widget elementor-widget-button\" data-id=\"198bac6\" data-element_type=\"widget\" data-settings=\"{&quot;_position&quot;:&quot;fixed&quot;}\" data-widget_type=\"button.default\">\n\t\t\t\t<div class=\"elementor-widget-container\">\n\t\t\t\t\t\t\t\t\t<div class=\"elementor-button-wrapper\">\n\t\t\t\t\t<a class=\"elementor-button elementor-button-link elementor-size-sm\" href=\"#Kapitola1\">\n\t\t\t\t\t\t<span class=\"elementor-button-content-wrapper\">\n\t\t\t\t\t\t<span class=\"elementor-button-icon\">\n\t\t\t\t<i aria-hidden=\"true\" class=\"fas fa-arrow-up\"><\/i>\t\t\t<\/span>\n\t\t\t\t\t\t\t\t<\/span>\n\t\t\t\t\t<\/a>\n\t\t\t\t<\/div>\n\t\t\t\t\t\t\t\t<\/div>\n\t\t\t\t<\/div>\n\t\t\t\t\t<\/div>\n\t\t<\/div>\n\t\t\t\t\t<\/div>\n\t\t<\/section>\n\t\t\t\t\t<\/div>\n\t\t<\/div>\n\t\t\t\t\t<\/div>\n\t\t<\/section>\n\t\t\t\t<section class=\"elementor-section elementor-top-section elementor-element elementor-element-2858d6f elementor-section-boxed elementor-section-height-default elementor-section-height-default\" data-id=\"2858d6f\" data-element_type=\"section\">\n\t\t\t\t\t\t<div class=\"elementor-container elementor-column-gap-default\">\n\t\t\t\t\t<div class=\"elementor-column elementor-col-100 elementor-top-column elementor-element elementor-element-e63bd34\" data-id=\"e63bd34\" data-element_type=\"column\">\n\t\t\t<div class=\"elementor-widget-wrap elementor-element-populated\">\n\t\t\t\t\t\t<section class=\"elementor-section elementor-inner-section elementor-element elementor-element-0b79421 elementor-section-boxed elementor-section-height-default elementor-section-height-default\" data-id=\"0b79421\" data-element_type=\"section\">\n\t\t\t\t\t\t<div class=\"elementor-container elementor-column-gap-default\">\n\t\t\t\t\t<div class=\"elementor-column elementor-col-100 elementor-inner-column elementor-element elementor-element-bb0ded5\" data-id=\"bb0ded5\" data-element_type=\"column\">\n\t\t\t<div class=\"elementor-widget-wrap elementor-element-populated\">\n\t\t\t\t\t\t<div class=\"elementor-element elementor-element-759b076 elementor-widget elementor-widget-heading\" data-id=\"759b076\" data-element_type=\"widget\" data-widget_type=\"heading.default\">\n\t\t\t\t<div class=\"elementor-widget-container\">\n\t\t\t\t\t<h3 class=\"elementor-heading-title elementor-size-default\">\u010cLENENIE SLOVNEJ Z\u00c1SOBY ZO \u0160TYLISTICK\u00c9HO H\u013dADISKA<\/h3>\t\t\t\t<\/div>\n\t\t\t\t<\/div>\n\t\t\t\t<div class=\"elementor-element elementor-element-5aa9d5d elementor-widget elementor-widget-text-editor\" data-id=\"5aa9d5d\" data-element_type=\"widget\" data-widget_type=\"text-editor.default\">\n\t\t\t\t<div class=\"elementor-widget-container\">\n\t\t\t\t\t\t\t\t\t<p style=\"text-align: justify;\">Slovn\u00fa z\u00e1sobu rozli\u0161ujeme zo \u0161tylistick\u00e9ho h\u013eadiska, pri\u010dom diferencuj\u00facim faktorom s\u00fa pr\u00edznakov\u00e9 slov\u00e1. Ide o\u00a0n\u00e1protivky \u0161tylisticky neutr\u00e1lnych (bezpr\u00edznakov\u00fdch) slov ako lexik\u00e1lnych jednotiek, ktor\u00e9 s\u00fa univerz\u00e1lne uplatnite\u013en\u00e9 v textoch r\u00f4znych \u0161t\u00fdlov\u00fdch dom\u00e9n. Pr\u00edznakov\u00e9 slov\u00e1 s\u00fa ur\u010den\u00e9 na pou\u017e\u00edvanie v istej \u0161t\u00fdlovej dom\u00e9ne a vyzna\u010duj\u00fa sa ohrani\u010denos\u0165ou vyu\u017e\u00edvania v jednotliv\u00fdch \u0161t\u00fdloch (Orgo\u0148ov\u00e1, Bohunick\u00e1, 2011, s. 166). Vyu\u017e\u00edvanie \u0161tylisticky pr\u00edznakov\u00fdch slov je bezpr\u00edznakov\u00e9, ke\u010f sa vyskytn\u00fa v ich vlastnej \u0161t\u00fdlovej dom\u00e9ne, ale ich pou\u017eitie mimo tejto dom\u00e9ny je pr\u00edznakov\u00e9. \u0160tylisticky pr\u00edznakov\u00e9 slov\u00e1 sa vyu\u017e\u00edvaj\u00fa na funk\u010dn\u00e9 dosiahnutie osobitn\u00e9ho \u0161tylistick\u00e9ho efektu. Pr\u00edznakov\u00fd efekt m\u00e1 napr\u00edklad pou\u017eitie nespisovnej lexiky v\u00a0odbornej alebo administrat\u00edvnej sf\u00e9re.<\/p><p style=\"text-align: justify;\">Slov\u00e1 pod\u013ea inherentn\u00e9ho \u0161tylistick\u00e9ho pr\u00edznaku zara\u010fujeme do t\u00fdchto \u0161tylisticky a vrstvovo pr\u00edznakov\u00fdch skup\u00edn, ktor\u00e9 sa ozna\u010duj\u00fa vo v\u00fdkladov\u00fdch slovn\u00edkoch \u0161tylistick\u00fdm kvalifik\u00e1torom vo forme skratky:<\/p><ul><li style=\"text-align: justify;\">hovorov\u00e9 slov\u00e1 (kolokvializmy) <em>hovor.<\/em> ,<\/li><li style=\"text-align: justify;\">odborn\u00e9 slov\u00e1 <em>odb.<\/em>,<\/li><li style=\"text-align: justify;\">konfesionalizmy (n\u00e1bo\u017eensk\u00e9 slov\u00e1) <em>konf.<\/em>,<\/li><li style=\"text-align: justify;\">administrat\u00edvne slov\u00e1 (administrativizmy) <em>admin.<\/em> ,<\/li><li style=\"text-align: justify;\">publicizmy (\u017eurnalizmy) <em>publ.\/\u017eurn.<\/em>,<\/li><li style=\"text-align: justify;\">kni\u017en\u00e9 slov\u00e1 <em>kni\u017e.<\/em><\/li><\/ul>\t\t\t\t\t\t\t\t<\/div>\n\t\t\t\t<\/div>\n\t\t\t\t\t<\/div>\n\t\t<\/div>\n\t\t\t\t\t<\/div>\n\t\t<\/section>\n\t\t\t\t\t<\/div>\n\t\t<\/div>\n\t\t\t\t\t<\/div>\n\t\t<\/section>\n\t\t\t\t<\/div>\n\t\t","protected":false},"excerpt":{"rendered":"<p>LEXIKOL\u00d3GIA SLOVENSK\u00c9HO JAZYKA V U\u010cITE\u013dSKEJ PRAXI \u010cLENENIE SLOVNEJ Z\u00c1SOBY ZO \u0160TYLISTICK\u00c9HO H\u013dADISKA Slovn\u00fa z\u00e1sobu rozli\u0161ujeme zo \u0161tylistick\u00e9ho h\u013eadiska, pri\u010dom diferencuj\u00facim faktorom s\u00fa pr\u00edznakov\u00e9 slov\u00e1. Ide o\u00a0n\u00e1protivky \u0161tylisticky neutr\u00e1lnych (bezpr\u00edznakov\u00fdch) slov ako lexik\u00e1lnych jednotiek, ktor\u00e9 s\u00fa univerz\u00e1lne uplatnite\u013en\u00e9 v textoch r\u00f4znych \u0161t\u00fdlov\u00fdch dom\u00e9n. Pr\u00edznakov\u00e9 slov\u00e1 s\u00fa ur\u010den\u00e9 na pou\u017e\u00edvanie v istej \u0161t\u00fdlovej dom\u00e9ne a vyzna\u010duj\u00fa sa [&hellip;]<\/p>\n","protected":false},"author":3,"featured_media":0,"parent":0,"menu_order":0,"comment_status":"closed","ping_status":"closed","template":"","meta":{"footnotes":""},"class_list":["post-1631","page","type-page","status-publish","hentry"],"_links":{"self":[{"href":"https:\/\/e-ucebnice.ff.ucm.sk\/index.php\/wp-json\/wp\/v2\/pages\/1631","targetHints":{"allow":["GET"]}}],"collection":[{"href":"https:\/\/e-ucebnice.ff.ucm.sk\/index.php\/wp-json\/wp\/v2\/pages"}],"about":[{"href":"https:\/\/e-ucebnice.ff.ucm.sk\/index.php\/wp-json\/wp\/v2\/types\/page"}],"author":[{"embeddable":true,"href":"https:\/\/e-ucebnice.ff.ucm.sk\/index.php\/wp-json\/wp\/v2\/users\/3"}],"replies":[{"embeddable":true,"href":"https:\/\/e-ucebnice.ff.ucm.sk\/index.php\/wp-json\/wp\/v2\/comments?post=1631"}],"version-history":[{"count":7,"href":"https:\/\/e-ucebnice.ff.ucm.sk\/index.php\/wp-json\/wp\/v2\/pages\/1631\/revisions"}],"predecessor-version":[{"id":7092,"href":"https:\/\/e-ucebnice.ff.ucm.sk\/index.php\/wp-json\/wp\/v2\/pages\/1631\/revisions\/7092"}],"wp:attachment":[{"href":"https:\/\/e-ucebnice.ff.ucm.sk\/index.php\/wp-json\/wp\/v2\/media?parent=1631"}],"curies":[{"name":"wp","href":"https:\/\/api.w.org\/{rel}","templated":true}]}}