{"id":1635,"date":"2023-02-28T13:11:57","date_gmt":"2023-02-28T12:11:57","guid":{"rendered":"https:\/\/e-ucebnice.ff.ucm.sk\/?page_id=1635"},"modified":"2023-03-01T09:24:38","modified_gmt":"2023-03-01T08:24:38","slug":"lexikologia-slovenskeho-jazyka-v-ucitelskej-praxi-6","status":"publish","type":"page","link":"https:\/\/e-ucebnice.ff.ucm.sk\/index.php\/lexikologia-slovenskeho-jazyka-v-ucitelskej-praxi-6\/","title":{"rendered":"Lexikol\u00f3gia slovensk\u00e9ho jazyka v u\u010dite\u013eskej praxi-6"},"content":{"rendered":"\t\t<div data-elementor-type=\"wp-page\" data-elementor-id=\"1635\" class=\"elementor elementor-1635\" data-elementor-post-type=\"page\">\n\t\t\t\t\t\t<section class=\"elementor-section elementor-top-section elementor-element elementor-element-15addf1 elementor-section-height-min-height elementor-section-boxed elementor-section-height-default elementor-section-items-middle\" data-id=\"15addf1\" data-element_type=\"section\" data-settings=\"{&quot;background_background&quot;:&quot;classic&quot;}\">\n\t\t\t\t\t\t\t<div class=\"elementor-background-overlay\"><\/div>\n\t\t\t\t\t\t\t<div class=\"elementor-container elementor-column-gap-default\">\n\t\t\t\t\t<div class=\"elementor-column elementor-col-100 elementor-top-column elementor-element elementor-element-d249d1b\" data-id=\"d249d1b\" data-element_type=\"column\">\n\t\t\t<div class=\"elementor-widget-wrap elementor-element-populated\">\n\t\t\t\t\t\t<div class=\"elementor-element elementor-element-e361b2a elementor-widget elementor-widget-heading\" data-id=\"e361b2a\" data-element_type=\"widget\" data-widget_type=\"heading.default\">\n\t\t\t\t<div class=\"elementor-widget-container\">\n\t\t\t\t\t<h1 class=\"elementor-heading-title elementor-size-default\">LEXIKOL\u00d3GIA SLOVENSK\u00c9HO JAZYKA V U\u010cITE\u013dSKEJ PRAXI<\/h1>\t\t\t\t<\/div>\n\t\t\t\t<\/div>\n\t\t\t\t\t<\/div>\n\t\t<\/div>\n\t\t\t\t\t<\/div>\n\t\t<\/section>\n\t\t\t\t<section class=\"elementor-section elementor-top-section elementor-element elementor-element-9f9a241 elementor-section-boxed elementor-section-height-default elementor-section-height-default\" data-id=\"9f9a241\" data-element_type=\"section\">\n\t\t\t\t\t\t<div class=\"elementor-container elementor-column-gap-default\">\n\t\t\t\t\t<div class=\"elementor-column elementor-col-100 elementor-top-column elementor-element elementor-element-36e8d15\" data-id=\"36e8d15\" data-element_type=\"column\">\n\t\t\t<div class=\"elementor-widget-wrap elementor-element-populated\">\n\t\t\t\t\t\t<section class=\"elementor-section elementor-inner-section elementor-element elementor-element-0f7453d elementor-section-boxed elementor-section-height-default elementor-section-height-default\" data-id=\"0f7453d\" data-element_type=\"section\">\n\t\t\t\t\t\t<div class=\"elementor-container elementor-column-gap-default\">\n\t\t\t\t\t<div class=\"elementor-column elementor-col-100 elementor-inner-column elementor-element elementor-element-4973de6\" data-id=\"4973de6\" data-element_type=\"column\">\n\t\t\t<div class=\"elementor-widget-wrap elementor-element-populated\">\n\t\t\t\t\t\t<div class=\"elementor-element elementor-element-198bac6 elementor-widget__width-initial elementor-fixed elementor-widget elementor-widget-button\" data-id=\"198bac6\" data-element_type=\"widget\" data-settings=\"{&quot;_position&quot;:&quot;fixed&quot;}\" data-widget_type=\"button.default\">\n\t\t\t\t<div class=\"elementor-widget-container\">\n\t\t\t\t\t\t\t\t\t<div class=\"elementor-button-wrapper\">\n\t\t\t\t\t<a class=\"elementor-button elementor-button-link elementor-size-sm\" href=\"#Kapitola1\">\n\t\t\t\t\t\t<span class=\"elementor-button-content-wrapper\">\n\t\t\t\t\t\t<span class=\"elementor-button-icon\">\n\t\t\t\t<i aria-hidden=\"true\" class=\"fas fa-arrow-up\"><\/i>\t\t\t<\/span>\n\t\t\t\t\t\t\t\t<\/span>\n\t\t\t\t\t<\/a>\n\t\t\t\t<\/div>\n\t\t\t\t\t\t\t\t<\/div>\n\t\t\t\t<\/div>\n\t\t\t\t\t<\/div>\n\t\t<\/div>\n\t\t\t\t\t<\/div>\n\t\t<\/section>\n\t\t\t\t\t<\/div>\n\t\t<\/div>\n\t\t\t\t\t<\/div>\n\t\t<\/section>\n\t\t\t\t<section class=\"elementor-section elementor-top-section elementor-element elementor-element-2858d6f elementor-section-boxed elementor-section-height-default elementor-section-height-default\" data-id=\"2858d6f\" data-element_type=\"section\">\n\t\t\t\t\t\t<div class=\"elementor-container elementor-column-gap-default\">\n\t\t\t\t\t<div class=\"elementor-column elementor-col-100 elementor-top-column elementor-element elementor-element-e63bd34\" data-id=\"e63bd34\" data-element_type=\"column\">\n\t\t\t<div class=\"elementor-widget-wrap elementor-element-populated\">\n\t\t\t\t\t\t<section class=\"elementor-section elementor-inner-section elementor-element elementor-element-0b79421 elementor-section-boxed elementor-section-height-default elementor-section-height-default\" data-id=\"0b79421\" data-element_type=\"section\">\n\t\t\t\t\t\t<div class=\"elementor-container elementor-column-gap-default\">\n\t\t\t\t\t<div class=\"elementor-column elementor-col-100 elementor-inner-column elementor-element elementor-element-bb0ded5\" data-id=\"bb0ded5\" data-element_type=\"column\">\n\t\t\t<div class=\"elementor-widget-wrap elementor-element-populated\">\n\t\t\t\t\t\t<div class=\"elementor-element elementor-element-759b076 elementor-widget elementor-widget-heading\" data-id=\"759b076\" data-element_type=\"widget\" data-widget_type=\"heading.default\">\n\t\t\t\t<div class=\"elementor-widget-container\">\n\t\t\t\t\t<h3 class=\"elementor-heading-title elementor-size-default\">\u010cLENENIE SLOVNEJ Z\u00c1SOBY Z EMOCION\u00c1LNO-EXPRES\u00cdVNEHO H\u013dADISKA<\/h3>\t\t\t\t<\/div>\n\t\t\t\t<\/div>\n\t\t\t\t<div class=\"elementor-element elementor-element-5aa9d5d elementor-widget elementor-widget-text-editor\" data-id=\"5aa9d5d\" data-element_type=\"widget\" data-widget_type=\"text-editor.default\">\n\t\t\t\t<div class=\"elementor-widget-container\">\n\t\t\t\t\t\t\t\t\t<p style=\"text-align: justify;\">Z\u00a0h\u013eadiska pr\u00edtomnosti\/nepr\u00edtomnosti citov\u00e9ho pr\u00edznaku mo\u017eno vymedzi\u0165 dve skupiny slov:<\/p><ol style=\"text-align: justify;\"><li>nocion\u00e1lne slov\u00e1,<\/li><li>emocion\u00e1lno-expres\u00edvne slov\u00e1.<\/li><\/ol><p style=\"text-align: justify;\">\u00a0<\/p><p style=\"text-align: justify;\">N<strong>ocion\u00e1lne<\/strong> <strong>slov\u00e1 <\/strong>s\u00fa citovo neutr\u00e1lne slov\u00e1, ktor\u00e9 nevyjadruj\u00fa subjekt\u00edvny postoj hovoriaceho a ktor\u00e9 vecne, objekt\u00edvne pomen\u00favaj\u00fa realitu. Naz\u00fdvaj\u00fa sa pojmov\u00e9 slov\u00e1 alebo kognit\u00edvne \u010di intelektu\u00e1lne slov\u00e1.<\/p><p style=\"text-align: justify;\"><strong>\u00a0<\/strong><\/p><p style=\"text-align: justify;\"><strong>Emocion\u00e1lno-expres\u00edvne slov\u00e1<\/strong> s\u00fa pr\u00edznakov\u00e9 slov\u00e1, prostredn\u00edctvom ktor\u00fdch \u010dlovek vyjadruje svoj pozit\u00edvny alebo negat\u00edvny subjekt\u00edvny postoj k pomen\u00favan\u00e9mu javu. Ak s\u00fa v\u00a0prejave hovoriaceho pr\u00edtomn\u00e9 tak\u00e9 s\u00e9manticky relevantn\u00e9 pr\u00edznaky, ktor\u00e9 reprezentuj\u00fa hodnotiaci postoj a citov\u00fd hodnotiaci vz\u0165ah k ozna\u010dovanej entite, ide o hodnotiace slov\u00e1. Toto pre\u017e\u00edvanie tvor\u00ed obsah citu a je z\u00e1kladom emocion\u00e1lneho hodnotenia, pri\u010dom nosite\u013eom emocion\u00e1lneho hodnotiaceho komponentu s\u00fa aj deminut\u00edvne a augmentat\u00edvne sufixy (Orgo\u0148ov\u00e1, Bohunick\u00e1, 2011, s. 48 \u2013 51). V\u00a0texte p\u00fataj\u00fa na seba pozornos\u0165 hlavne v\u00fdraznou form\u00e1lnou str\u00e1nkou, \u010dasto aj prostredn\u00edctvom osobit\u00fdch pr\u00edpon (-isko, -\u010dek, -\u00e1nsky, -\u00edk), naz\u00fdvaj\u00fa sa <strong><em>osobn\u00e9 slov\u00e1<\/em><\/strong>. V sloven\u010dine existuj\u00fa slov\u00e1 s emocion\u00e1lnym a afekt\u00edvnym hodnotiacim lexik\u00e1lnym v\u00fdznamom napr\u00edklad vo forme deminut\u00edvnych, augumentat\u00edvnych, pejorat\u00edvnych a\u00a0in\u00fdch emocion\u00e1lne hodnotiacich v\u00fdrazov (porov. Kumorov\u00e1, 2021).<\/p>\t\t\t\t\t\t\t\t<\/div>\n\t\t\t\t<\/div>\n\t\t\t\t\t<\/div>\n\t\t<\/div>\n\t\t\t\t\t<\/div>\n\t\t<\/section>\n\t\t\t\t\t<\/div>\n\t\t<\/div>\n\t\t\t\t\t<\/div>\n\t\t<\/section>\n\t\t\t\t<section class=\"elementor-section elementor-top-section elementor-element elementor-element-c7b2341 elementor-section-boxed elementor-section-height-default elementor-section-height-default\" data-id=\"c7b2341\" data-element_type=\"section\">\n\t\t\t\t\t\t<div class=\"elementor-container elementor-column-gap-default\">\n\t\t\t\t\t<div class=\"elementor-column elementor-col-100 elementor-top-column elementor-element elementor-element-0087dd1\" data-id=\"0087dd1\" data-element_type=\"column\">\n\t\t\t<div class=\"elementor-widget-wrap\">\n\t\t\t\t\t\t\t<\/div>\n\t\t<\/div>\n\t\t\t\t\t<\/div>\n\t\t<\/section>\n\t\t\t\t<\/div>\n\t\t","protected":false},"excerpt":{"rendered":"<p>LEXIKOL\u00d3GIA SLOVENSK\u00c9HO JAZYKA V U\u010cITE\u013dSKEJ PRAXI \u010cLENENIE SLOVNEJ Z\u00c1SOBY Z EMOCION\u00c1LNO-EXPRES\u00cdVNEHO H\u013dADISKA Z\u00a0h\u013eadiska pr\u00edtomnosti\/nepr\u00edtomnosti citov\u00e9ho pr\u00edznaku mo\u017eno vymedzi\u0165 dve skupiny slov: nocion\u00e1lne slov\u00e1, emocion\u00e1lno-expres\u00edvne slov\u00e1. \u00a0 Nocion\u00e1lne slov\u00e1 s\u00fa citovo neutr\u00e1lne slov\u00e1, ktor\u00e9 nevyjadruj\u00fa subjekt\u00edvny postoj hovoriaceho a ktor\u00e9 vecne, objekt\u00edvne pomen\u00favaj\u00fa realitu. Naz\u00fdvaj\u00fa sa pojmov\u00e9 slov\u00e1 alebo kognit\u00edvne \u010di intelektu\u00e1lne slov\u00e1. \u00a0 Emocion\u00e1lno-expres\u00edvne slov\u00e1 [&hellip;]<\/p>\n","protected":false},"author":3,"featured_media":0,"parent":0,"menu_order":0,"comment_status":"closed","ping_status":"closed","template":"","meta":{"footnotes":""},"class_list":["post-1635","page","type-page","status-publish","hentry"],"_links":{"self":[{"href":"https:\/\/e-ucebnice.ff.ucm.sk\/index.php\/wp-json\/wp\/v2\/pages\/1635","targetHints":{"allow":["GET"]}}],"collection":[{"href":"https:\/\/e-ucebnice.ff.ucm.sk\/index.php\/wp-json\/wp\/v2\/pages"}],"about":[{"href":"https:\/\/e-ucebnice.ff.ucm.sk\/index.php\/wp-json\/wp\/v2\/types\/page"}],"author":[{"embeddable":true,"href":"https:\/\/e-ucebnice.ff.ucm.sk\/index.php\/wp-json\/wp\/v2\/users\/3"}],"replies":[{"embeddable":true,"href":"https:\/\/e-ucebnice.ff.ucm.sk\/index.php\/wp-json\/wp\/v2\/comments?post=1635"}],"version-history":[{"count":10,"href":"https:\/\/e-ucebnice.ff.ucm.sk\/index.php\/wp-json\/wp\/v2\/pages\/1635\/revisions"}],"predecessor-version":[{"id":1940,"href":"https:\/\/e-ucebnice.ff.ucm.sk\/index.php\/wp-json\/wp\/v2\/pages\/1635\/revisions\/1940"}],"wp:attachment":[{"href":"https:\/\/e-ucebnice.ff.ucm.sk\/index.php\/wp-json\/wp\/v2\/media?parent=1635"}],"curies":[{"name":"wp","href":"https:\/\/api.w.org\/{rel}","templated":true}]}}