{"id":1639,"date":"2023-02-28T13:12:38","date_gmt":"2023-02-28T12:12:38","guid":{"rendered":"https:\/\/e-ucebnice.ff.ucm.sk\/?page_id=1639"},"modified":"2023-05-05T12:14:06","modified_gmt":"2023-05-05T10:14:06","slug":"lexikologia-slovenskeho-jazyka-v-ucitelskej-praxi-8","status":"publish","type":"page","link":"https:\/\/e-ucebnice.ff.ucm.sk\/index.php\/lexikologia-slovenskeho-jazyka-v-ucitelskej-praxi-8\/","title":{"rendered":"Lexikol\u00f3gia slovensk\u00e9ho jazyka v u\u010dite\u013eskej praxi-8"},"content":{"rendered":"\t\t<div data-elementor-type=\"wp-page\" data-elementor-id=\"1639\" class=\"elementor elementor-1639\" data-elementor-post-type=\"page\">\n\t\t\t\t\t\t<section class=\"elementor-section elementor-top-section elementor-element elementor-element-ad4b179 elementor-section-height-min-height elementor-section-boxed elementor-section-height-default elementor-section-items-middle\" data-id=\"ad4b179\" data-element_type=\"section\" data-settings=\"{&quot;background_background&quot;:&quot;classic&quot;}\">\n\t\t\t\t\t\t\t<div class=\"elementor-background-overlay\"><\/div>\n\t\t\t\t\t\t\t<div class=\"elementor-container elementor-column-gap-default\">\n\t\t\t\t\t<div class=\"elementor-column elementor-col-100 elementor-top-column elementor-element elementor-element-2accbd2\" data-id=\"2accbd2\" data-element_type=\"column\">\n\t\t\t<div class=\"elementor-widget-wrap elementor-element-populated\">\n\t\t\t\t\t\t<div class=\"elementor-element elementor-element-d2c5898 elementor-widget elementor-widget-heading\" data-id=\"d2c5898\" data-element_type=\"widget\" data-widget_type=\"heading.default\">\n\t\t\t\t<div class=\"elementor-widget-container\">\n\t\t\t\t\t<h1 class=\"elementor-heading-title elementor-size-default\">LEXIKOL\u00d3GIA SLOVENSK\u00c9HO JAZYKA V U\u010cITE\u013dSKEJ PRAXI<\/h1>\t\t\t\t<\/div>\n\t\t\t\t<\/div>\n\t\t\t\t\t<\/div>\n\t\t<\/div>\n\t\t\t\t\t<\/div>\n\t\t<\/section>\n\t\t\t\t<section class=\"elementor-section elementor-top-section elementor-element elementor-element-9f9a241 elementor-section-boxed elementor-section-height-default elementor-section-height-default\" data-id=\"9f9a241\" data-element_type=\"section\">\n\t\t\t\t\t\t<div class=\"elementor-container elementor-column-gap-default\">\n\t\t\t\t\t<div class=\"elementor-column elementor-col-100 elementor-top-column elementor-element elementor-element-36e8d15\" data-id=\"36e8d15\" data-element_type=\"column\">\n\t\t\t<div class=\"elementor-widget-wrap elementor-element-populated\">\n\t\t\t\t\t\t<section class=\"elementor-section elementor-inner-section elementor-element elementor-element-0f7453d elementor-section-boxed elementor-section-height-default elementor-section-height-default\" data-id=\"0f7453d\" data-element_type=\"section\">\n\t\t\t\t\t\t<div class=\"elementor-container elementor-column-gap-default\">\n\t\t\t\t\t<div class=\"elementor-column elementor-col-100 elementor-inner-column elementor-element elementor-element-4973de6\" data-id=\"4973de6\" data-element_type=\"column\">\n\t\t\t<div class=\"elementor-widget-wrap elementor-element-populated\">\n\t\t\t\t\t\t<div class=\"elementor-element elementor-element-198bac6 elementor-widget__width-initial elementor-fixed elementor-widget elementor-widget-button\" data-id=\"198bac6\" data-element_type=\"widget\" data-settings=\"{&quot;_position&quot;:&quot;fixed&quot;}\" data-widget_type=\"button.default\">\n\t\t\t\t<div class=\"elementor-widget-container\">\n\t\t\t\t\t\t\t\t\t<div class=\"elementor-button-wrapper\">\n\t\t\t\t\t<a class=\"elementor-button elementor-button-link elementor-size-sm\" href=\"#Kapitola1\">\n\t\t\t\t\t\t<span class=\"elementor-button-content-wrapper\">\n\t\t\t\t\t\t<span class=\"elementor-button-icon\">\n\t\t\t\t<i aria-hidden=\"true\" class=\"fas fa-arrow-up\"><\/i>\t\t\t<\/span>\n\t\t\t\t\t\t\t\t<\/span>\n\t\t\t\t\t<\/a>\n\t\t\t\t<\/div>\n\t\t\t\t\t\t\t\t<\/div>\n\t\t\t\t<\/div>\n\t\t\t\t\t<\/div>\n\t\t<\/div>\n\t\t\t\t\t<\/div>\n\t\t<\/section>\n\t\t\t\t\t<\/div>\n\t\t<\/div>\n\t\t\t\t\t<\/div>\n\t\t<\/section>\n\t\t\t\t<section class=\"elementor-section elementor-top-section elementor-element elementor-element-2858d6f elementor-section-boxed elementor-section-height-default elementor-section-height-default\" data-id=\"2858d6f\" data-element_type=\"section\">\n\t\t\t\t\t\t<div class=\"elementor-container elementor-column-gap-default\">\n\t\t\t\t\t<div class=\"elementor-column elementor-col-100 elementor-top-column elementor-element elementor-element-e63bd34\" data-id=\"e63bd34\" data-element_type=\"column\">\n\t\t\t<div class=\"elementor-widget-wrap elementor-element-populated\">\n\t\t\t\t\t\t<section class=\"elementor-section elementor-inner-section elementor-element elementor-element-0b79421 elementor-section-boxed elementor-section-height-default elementor-section-height-default\" data-id=\"0b79421\" data-element_type=\"section\">\n\t\t\t\t\t\t<div class=\"elementor-container elementor-column-gap-default\">\n\t\t\t\t\t<div class=\"elementor-column elementor-col-100 elementor-inner-column elementor-element elementor-element-bb0ded5\" data-id=\"bb0ded5\" data-element_type=\"column\">\n\t\t\t<div class=\"elementor-widget-wrap elementor-element-populated\">\n\t\t\t\t\t\t<div class=\"elementor-element elementor-element-759b076 elementor-widget elementor-widget-heading\" data-id=\"759b076\" data-element_type=\"widget\" data-widget_type=\"heading.default\">\n\t\t\t\t<div class=\"elementor-widget-container\">\n\t\t\t\t\t<h3 class=\"elementor-heading-title elementor-size-default\">VIACSLOVN\u00c9 POMENOVANIA: LEXIKALIZOVAN\u00c9 SPOJENIA A FRAZ\u00c9MY<\/h3>\t\t\t\t<\/div>\n\t\t\t\t<\/div>\n\t\t\t\t<div class=\"elementor-element elementor-element-5aa9d5d elementor-widget elementor-widget-text-editor\" data-id=\"5aa9d5d\" data-element_type=\"widget\" data-widget_type=\"text-editor.default\">\n\t\t\t\t<div class=\"elementor-widget-container\">\n\t\t\t\t\t\t\t\t\t<p style=\"text-align: justify;\">Slovn\u00fa z\u00e1sobu n\u00e1rodn\u00e9ho jazyka tvoria lexik\u00e1lne jednotky rozli\u010dn\u00e9ho typu. Rozli\u0161ujeme <strong>slov\u00e1<\/strong> (jednoslovn\u00e9 jazykov\u00e9 znaky), <strong>viacslovn\u00e9 pomenovania (VP)<\/strong> \u2013 <strong><em>ust\u00e1len\u00e9 lexikalizovan\u00e9 spojenia (LS)<\/em><\/strong><strong>\/<em>zdru\u017een\u00e9 pomenovania (ZP)<\/em><\/strong> jednoslovn\u00fdch jazykov\u00fdch znakov a&nbsp;<strong><em>vo\u013en\u00e9 syntagmatick\u00e9 spojenia<\/em><\/strong>.<\/p>\n<p style=\"text-align: justify;\"><strong>&nbsp;<\/strong><\/p>\n<p style=\"text-align: justify;\"><strong>UST\u00c1LEN\u00c9 SPOJENIE<\/strong> je pomenovacia lexik\u00e1lna jednotka zlo\u017een\u00e1 z dvoch i viacer\u00fdch slov, ktor\u00e9 s\u00fa k sebe tak tesne viazan\u00e9, \u017ee tvoria jedin\u00fd obsah, v\u00fdznamov\u00fa jednotku, napr. <em>\u010dierna k\u00e1va, ma\u0165 n\u00e1mietky, dr\u017ea\u0165 jazyk za zubami<\/em>. Lexikalizovan\u00e9 spojenia funguj\u00fa na lexik\u00e1lnej rovine syst\u00e9mu jazyka a&nbsp;vo\u013en\u00e9 syntaktick\u00e9 spojenia funguj\u00fa na syntaktickej rovine syst\u00e9mu jazyka (porov. Ka\u010dala, 1997, 2002). Ust\u00e1len\u00e9 spojenia sa odli\u0161uj\u00fa od vo\u013en\u00fdch syntagmatick\u00fdch spojen\u00ed t\u00fdmito viacer\u00fdmi opozitn\u00fdmi vlastnos\u0165ami: ust\u00e1lenos\u0165 \u2194 neust\u00e1lenos\u0165 (<em>siv\u00e1 eminencia <\/em>\u2194<em> siv\u00fd holub<\/em>), reprodukovanos\u0165 (netvoria sa zaka\u017ed\u00fdm&nbsp;znova, len sa reprodukuj\u00fa pri re\u010dovom akte) \u2194 produkovanos\u0165 (tvoria sa spont\u00e1nne v re\u010di), siln\u00e1 zviazanos\u0165 s vecou, ktor\u00fa pomen\u00favaj\u00fa (<em>\u010dierna k\u00e1va<\/em>) \u2194 slab\u0161\u00ed vz\u0165ah s vecou, ktor\u00fa pomen\u00favaj\u00fa (<em>hor\u00faca k\u00e1va<\/em>). Viacslovn\u00e9 pomenovania umo\u017e\u0148uj\u00fa maxim\u00e1lnu mieru explicitnosti (Doln\u00edk, 2003, s. 161).<\/p>\n<p style=\"text-align: justify;\">\n<\/p><p style=\"text-align: justify;\">Rozozn\u00e1vame tieto ust\u00e1len\u00e9 spojenia:<\/p>\n<ol>\n<li style=\"text-align: justify;\"><strong>lexikalizovan\u00e9 spojenia<\/strong> (zdru\u017een\u00e9 pomenovania\/priame pomenovania);<\/li>\n<li style=\"text-align: justify;\"><strong>fraz\u00e9my<\/strong> (nepriame, teda odvoden\u00e9 metaforick\u00e9 pomenovania).<\/li>\n<\/ol>\t\t\t\t\t\t\t\t<\/div>\n\t\t\t\t<\/div>\n\t\t\t\t\t<\/div>\n\t\t<\/div>\n\t\t\t\t\t<\/div>\n\t\t<\/section>\n\t\t\t\t\t<\/div>\n\t\t<\/div>\n\t\t\t\t\t<\/div>\n\t\t<\/section>\n\t\t\t\t<\/div>\n\t\t","protected":false},"excerpt":{"rendered":"<p>LEXIKOL\u00d3GIA SLOVENSK\u00c9HO JAZYKA V U\u010cITE\u013dSKEJ PRAXI VIACSLOVN\u00c9 POMENOVANIA: LEXIKALIZOVAN\u00c9 SPOJENIA A FRAZ\u00c9MY Slovn\u00fa z\u00e1sobu n\u00e1rodn\u00e9ho jazyka tvoria lexik\u00e1lne jednotky rozli\u010dn\u00e9ho typu. Rozli\u0161ujeme slov\u00e1 (jednoslovn\u00e9 jazykov\u00e9 znaky), viacslovn\u00e9 pomenovania (VP) \u2013 ust\u00e1len\u00e9 lexikalizovan\u00e9 spojenia (LS)\/zdru\u017een\u00e9 pomenovania (ZP) jednoslovn\u00fdch jazykov\u00fdch znakov a&nbsp;vo\u013en\u00e9 syntagmatick\u00e9 spojenia. &nbsp; UST\u00c1LEN\u00c9 SPOJENIE je pomenovacia lexik\u00e1lna jednotka zlo\u017een\u00e1 z dvoch i viacer\u00fdch slov, [&hellip;]<\/p>\n","protected":false},"author":3,"featured_media":0,"parent":0,"menu_order":0,"comment_status":"closed","ping_status":"closed","template":"","meta":{"footnotes":""},"class_list":["post-1639","page","type-page","status-publish","hentry"],"_links":{"self":[{"href":"https:\/\/e-ucebnice.ff.ucm.sk\/index.php\/wp-json\/wp\/v2\/pages\/1639","targetHints":{"allow":["GET"]}}],"collection":[{"href":"https:\/\/e-ucebnice.ff.ucm.sk\/index.php\/wp-json\/wp\/v2\/pages"}],"about":[{"href":"https:\/\/e-ucebnice.ff.ucm.sk\/index.php\/wp-json\/wp\/v2\/types\/page"}],"author":[{"embeddable":true,"href":"https:\/\/e-ucebnice.ff.ucm.sk\/index.php\/wp-json\/wp\/v2\/users\/3"}],"replies":[{"embeddable":true,"href":"https:\/\/e-ucebnice.ff.ucm.sk\/index.php\/wp-json\/wp\/v2\/comments?post=1639"}],"version-history":[{"count":7,"href":"https:\/\/e-ucebnice.ff.ucm.sk\/index.php\/wp-json\/wp\/v2\/pages\/1639\/revisions"}],"predecessor-version":[{"id":7119,"href":"https:\/\/e-ucebnice.ff.ucm.sk\/index.php\/wp-json\/wp\/v2\/pages\/1639\/revisions\/7119"}],"wp:attachment":[{"href":"https:\/\/e-ucebnice.ff.ucm.sk\/index.php\/wp-json\/wp\/v2\/media?parent=1639"}],"curies":[{"name":"wp","href":"https:\/\/api.w.org\/{rel}","templated":true}]}}