{"id":1673,"date":"2023-02-28T13:19:53","date_gmt":"2023-02-28T12:19:53","guid":{"rendered":"https:\/\/e-ucebnice.ff.ucm.sk\/?page_id=1673"},"modified":"2023-03-01T08:50:57","modified_gmt":"2023-03-01T07:50:57","slug":"lexikologia-slovenskeho-jazyka-v-ucitelskej-praxi-4-4","status":"publish","type":"page","link":"https:\/\/e-ucebnice.ff.ucm.sk\/index.php\/lexikologia-slovenskeho-jazyka-v-ucitelskej-praxi-4-4\/","title":{"rendered":"Lexikol\u00f3gia slovensk\u00e9ho jazyka v u\u010dite\u013eskej praxi-4-4"},"content":{"rendered":"\t\t<div data-elementor-type=\"wp-page\" data-elementor-id=\"1673\" class=\"elementor elementor-1673\" data-elementor-post-type=\"page\">\n\t\t\t\t\t\t<section class=\"elementor-section elementor-top-section elementor-element elementor-element-6490408 elementor-section-height-min-height elementor-section-boxed elementor-section-height-default elementor-section-items-middle\" data-id=\"6490408\" data-element_type=\"section\" data-settings=\"{&quot;background_background&quot;:&quot;classic&quot;}\">\n\t\t\t\t\t\t\t<div class=\"elementor-background-overlay\"><\/div>\n\t\t\t\t\t\t\t<div class=\"elementor-container elementor-column-gap-default\">\n\t\t\t\t\t<div class=\"elementor-column elementor-col-100 elementor-top-column elementor-element elementor-element-28159a1\" data-id=\"28159a1\" data-element_type=\"column\">\n\t\t\t<div class=\"elementor-widget-wrap elementor-element-populated\">\n\t\t\t\t\t\t<div class=\"elementor-element elementor-element-049b0f6 elementor-widget elementor-widget-heading\" data-id=\"049b0f6\" data-element_type=\"widget\" data-widget_type=\"heading.default\">\n\t\t\t\t<div class=\"elementor-widget-container\">\n\t\t\t\t\t<h1 class=\"elementor-heading-title elementor-size-default\">LEXIKOL\u00d3GIA SLOVENSK\u00c9HO JAZYKA V U\u010cITE\u013dSKEJ PRAXI<\/h1>\t\t\t\t<\/div>\n\t\t\t\t<\/div>\n\t\t\t\t\t<\/div>\n\t\t<\/div>\n\t\t\t\t\t<\/div>\n\t\t<\/section>\n\t\t\t\t<section class=\"elementor-section elementor-top-section elementor-element elementor-element-9f9a241 elementor-section-boxed elementor-section-height-default elementor-section-height-default\" data-id=\"9f9a241\" data-element_type=\"section\">\n\t\t\t\t\t\t<div class=\"elementor-container elementor-column-gap-default\">\n\t\t\t\t\t<div class=\"elementor-column elementor-col-100 elementor-top-column elementor-element elementor-element-36e8d15\" data-id=\"36e8d15\" data-element_type=\"column\">\n\t\t\t<div class=\"elementor-widget-wrap elementor-element-populated\">\n\t\t\t\t\t\t<section class=\"elementor-section elementor-inner-section elementor-element elementor-element-0f7453d elementor-section-boxed elementor-section-height-default elementor-section-height-default\" data-id=\"0f7453d\" data-element_type=\"section\">\n\t\t\t\t\t\t<div class=\"elementor-container elementor-column-gap-default\">\n\t\t\t\t\t<div class=\"elementor-column elementor-col-100 elementor-inner-column elementor-element elementor-element-4973de6\" data-id=\"4973de6\" data-element_type=\"column\">\n\t\t\t<div class=\"elementor-widget-wrap elementor-element-populated\">\n\t\t\t\t\t\t<div class=\"elementor-element elementor-element-198bac6 elementor-widget__width-initial elementor-fixed elementor-widget elementor-widget-button\" data-id=\"198bac6\" data-element_type=\"widget\" data-settings=\"{&quot;_position&quot;:&quot;fixed&quot;}\" data-widget_type=\"button.default\">\n\t\t\t\t<div class=\"elementor-widget-container\">\n\t\t\t\t\t\t\t\t\t<div class=\"elementor-button-wrapper\">\n\t\t\t\t\t<a class=\"elementor-button elementor-button-link elementor-size-sm\" href=\"#Kapitola1\">\n\t\t\t\t\t\t<span class=\"elementor-button-content-wrapper\">\n\t\t\t\t\t\t<span class=\"elementor-button-icon\">\n\t\t\t\t<i aria-hidden=\"true\" class=\"fas fa-arrow-up\"><\/i>\t\t\t<\/span>\n\t\t\t\t\t\t\t\t<\/span>\n\t\t\t\t\t<\/a>\n\t\t\t\t<\/div>\n\t\t\t\t\t\t\t\t<\/div>\n\t\t\t\t<\/div>\n\t\t\t\t\t<\/div>\n\t\t<\/div>\n\t\t\t\t\t<\/div>\n\t\t<\/section>\n\t\t\t\t\t<\/div>\n\t\t<\/div>\n\t\t\t\t\t<\/div>\n\t\t<\/section>\n\t\t\t\t<section class=\"elementor-section elementor-top-section elementor-element elementor-element-2858d6f elementor-section-boxed elementor-section-height-default elementor-section-height-default\" data-id=\"2858d6f\" data-element_type=\"section\">\n\t\t\t\t\t\t<div class=\"elementor-container elementor-column-gap-default\">\n\t\t\t\t\t<div class=\"elementor-column elementor-col-100 elementor-top-column elementor-element elementor-element-e63bd34\" data-id=\"e63bd34\" data-element_type=\"column\">\n\t\t\t<div class=\"elementor-widget-wrap elementor-element-populated\">\n\t\t\t\t\t\t<section class=\"elementor-section elementor-inner-section elementor-element elementor-element-0b79421 elementor-section-boxed elementor-section-height-default elementor-section-height-default\" data-id=\"0b79421\" data-element_type=\"section\">\n\t\t\t\t\t\t<div class=\"elementor-container elementor-column-gap-default\">\n\t\t\t\t\t<div class=\"elementor-column elementor-col-100 elementor-inner-column elementor-element elementor-element-bb0ded5\" data-id=\"bb0ded5\" data-element_type=\"column\">\n\t\t\t<div class=\"elementor-widget-wrap elementor-element-populated\">\n\t\t\t\t\t\t<div class=\"elementor-element elementor-element-759b076 elementor-widget elementor-widget-heading\" data-id=\"759b076\" data-element_type=\"widget\" data-widget_type=\"heading.default\">\n\t\t\t\t<div class=\"elementor-widget-container\">\n\t\t\t\t\t<h3 class=\"elementor-heading-title elementor-size-default\">Administrat\u00edvne slov\u00e1<\/h3>\t\t\t\t<\/div>\n\t\t\t\t<\/div>\n\t\t\t\t<div class=\"elementor-element elementor-element-5aa9d5d elementor-widget elementor-widget-text-editor\" data-id=\"5aa9d5d\" data-element_type=\"widget\" data-widget_type=\"text-editor.default\">\n\t\t\t\t<div class=\"elementor-widget-container\">\n\t\t\t\t\t\t\t\t\t<p style=\"text-align: justify;\">Administrativizmy sa pou\u017e\u00edvaj\u00fa v \u00faradnej komunik\u00e1cii a\u00a0maj\u00fa pom\u00e1ha\u0165 dosiahnu\u0165 jasnos\u0165 a\u00a0presnos\u0165 \u00faradn\u00e9ho, administrat\u00edvneho \u0161t\u00fdlu. Pri \u00faradn\u00fdch aktoch je evidentn\u00fd presah term\u00ednov a kni\u017en\u00fdch slov do oblasti administrat\u00edvnej komunik\u00e1cie.<\/p><p style=\"text-align: justify;\">\u00a0<\/p><p style=\"text-align: justify;\">Administrat\u00edvne slov\u00e1 sa vrstvia do dvoch skup\u00edn:<\/p><ul style=\"text-align: justify;\"><li><strong>administrat\u00edvne term\u00edny<\/strong> \u2013 term\u00edny pomen\u00favaj\u00face denot\u00e1ty zo sf\u00e9ry administrat\u00edvy <em>(vestn\u00edk, glob\u00e1l, skart\u00e1cia, definit\u00edva, inventariz\u00e1cia)<\/em>;<\/li><li><strong>lexik\u00e1lne jednotky vyu\u017e\u00edvan\u00e9 v oblasti administrat\u00edvnej komunik\u00e1cie<\/strong> v\u00a0\u00faradn\u00fdch, ekonomick\u00fdch, finan\u010dn\u00edckych a pr\u00e1vnych dokumentoch <em>(agenda, fakt\u00fara, preddavok, reklam\u00e1cia<\/em><em>)<\/em> \u010di v hospod\u00e1rskej kore\u0161pondencii <em>(protokol, obe\u017en\u00edk, zmluva, predvolanie, vyhl\u00e1\u0161ka, smernica, da\u0148ov\u00e9 priznanie, \u00faradn\u00e1 \u017eiados\u0165, upomienka)<\/em>.<\/li><\/ul><p style=\"text-align: justify;\"><strong>\u00a0<\/strong><\/p><p style=\"text-align: justify;\"><strong>Z\u00e1kladn\u00e9 vlastnosti administrat\u00edvnych slov<\/strong> s\u00fa <em>verejnos\u0165, p\u00edsanos\u0165, odmeranos\u0165, strohos\u0165, pr\u00edsna vecnos\u0165, di\u0161tan\u010dnos\u0165 <\/em>(pr\u00e1vnymi normami podmienen\u00fd odstup medzi komunikantmi) a<em> in\u0161titucion\u00e1lnos\u0165.<\/em><\/p><p style=\"text-align: justify;\"><strong>\u00a0<\/strong><\/p><p style=\"text-align: justify;\"><strong>\u0160tylistick\u00e9 vyu\u017eitie administrat\u00edvnych slov: <\/strong>kancelarizmy sa vyu\u017e\u00edvaj\u00fa prim\u00e1rne v\u00a0administrat\u00edvnom \u0161t\u00fdle, kde sa poci\u0165uj\u00fa ako bezpr\u00edznakov\u00e9 lexik\u00e1lne jednotky. V\u00a0umeleckom \u0161t\u00fdle sa vyu\u017e\u00edvaj\u00fa s\u00a0ist\u00fdm z\u00e1merom na charakteriza\u010dn\u00e9 ciele.<\/p>\t\t\t\t\t\t\t\t<\/div>\n\t\t\t\t<\/div>\n\t\t\t\t\t<\/div>\n\t\t<\/div>\n\t\t\t\t\t<\/div>\n\t\t<\/section>\n\t\t\t\t\t<\/div>\n\t\t<\/div>\n\t\t\t\t\t<\/div>\n\t\t<\/section>\n\t\t\t\t<\/div>\n\t\t","protected":false},"excerpt":{"rendered":"<p>LEXIKOL\u00d3GIA SLOVENSK\u00c9HO JAZYKA V U\u010cITE\u013dSKEJ PRAXI Administrat\u00edvne slov\u00e1 Administrativizmy sa pou\u017e\u00edvaj\u00fa v \u00faradnej komunik\u00e1cii a\u00a0maj\u00fa pom\u00e1ha\u0165 dosiahnu\u0165 jasnos\u0165 a\u00a0presnos\u0165 \u00faradn\u00e9ho, administrat\u00edvneho \u0161t\u00fdlu. Pri \u00faradn\u00fdch aktoch je evidentn\u00fd presah term\u00ednov a kni\u017en\u00fdch slov do oblasti administrat\u00edvnej komunik\u00e1cie. \u00a0 Administrat\u00edvne slov\u00e1 sa vrstvia do dvoch skup\u00edn: administrat\u00edvne term\u00edny \u2013 term\u00edny pomen\u00favaj\u00face denot\u00e1ty zo sf\u00e9ry administrat\u00edvy (vestn\u00edk, glob\u00e1l, [&hellip;]<\/p>\n","protected":false},"author":3,"featured_media":0,"parent":0,"menu_order":0,"comment_status":"closed","ping_status":"closed","template":"","meta":{"footnotes":""},"class_list":["post-1673","page","type-page","status-publish","hentry"],"_links":{"self":[{"href":"https:\/\/e-ucebnice.ff.ucm.sk\/index.php\/wp-json\/wp\/v2\/pages\/1673","targetHints":{"allow":["GET"]}}],"collection":[{"href":"https:\/\/e-ucebnice.ff.ucm.sk\/index.php\/wp-json\/wp\/v2\/pages"}],"about":[{"href":"https:\/\/e-ucebnice.ff.ucm.sk\/index.php\/wp-json\/wp\/v2\/types\/page"}],"author":[{"embeddable":true,"href":"https:\/\/e-ucebnice.ff.ucm.sk\/index.php\/wp-json\/wp\/v2\/users\/3"}],"replies":[{"embeddable":true,"href":"https:\/\/e-ucebnice.ff.ucm.sk\/index.php\/wp-json\/wp\/v2\/comments?post=1673"}],"version-history":[{"count":4,"href":"https:\/\/e-ucebnice.ff.ucm.sk\/index.php\/wp-json\/wp\/v2\/pages\/1673\/revisions"}],"predecessor-version":[{"id":1907,"href":"https:\/\/e-ucebnice.ff.ucm.sk\/index.php\/wp-json\/wp\/v2\/pages\/1673\/revisions\/1907"}],"wp:attachment":[{"href":"https:\/\/e-ucebnice.ff.ucm.sk\/index.php\/wp-json\/wp\/v2\/media?parent=1673"}],"curies":[{"name":"wp","href":"https:\/\/api.w.org\/{rel}","templated":true}]}}