{"id":1675,"date":"2023-02-28T13:20:14","date_gmt":"2023-02-28T12:20:14","guid":{"rendered":"https:\/\/e-ucebnice.ff.ucm.sk\/?page_id=1675"},"modified":"2023-03-01T08:52:07","modified_gmt":"2023-03-01T07:52:07","slug":"lexikologia-slovenskeho-jazyka-v-ucitelskej-praxi-4-5","status":"publish","type":"page","link":"https:\/\/e-ucebnice.ff.ucm.sk\/index.php\/lexikologia-slovenskeho-jazyka-v-ucitelskej-praxi-4-5\/","title":{"rendered":"Lexikol\u00f3gia slovensk\u00e9ho jazyka v u\u010dite\u013eskej praxi-4-5"},"content":{"rendered":"\t\t<div data-elementor-type=\"wp-page\" data-elementor-id=\"1675\" class=\"elementor elementor-1675\" data-elementor-post-type=\"page\">\n\t\t\t\t\t\t<section class=\"elementor-section elementor-top-section elementor-element elementor-element-b83a6d3 elementor-section-height-min-height elementor-section-boxed elementor-section-height-default elementor-section-items-middle\" data-id=\"b83a6d3\" data-element_type=\"section\" data-settings=\"{&quot;background_background&quot;:&quot;classic&quot;}\">\n\t\t\t\t\t\t\t<div class=\"elementor-background-overlay\"><\/div>\n\t\t\t\t\t\t\t<div class=\"elementor-container elementor-column-gap-default\">\n\t\t\t\t\t<div class=\"elementor-column elementor-col-100 elementor-top-column elementor-element elementor-element-012bd4d\" data-id=\"012bd4d\" data-element_type=\"column\">\n\t\t\t<div class=\"elementor-widget-wrap elementor-element-populated\">\n\t\t\t\t\t\t<div class=\"elementor-element elementor-element-af38564 elementor-widget elementor-widget-heading\" data-id=\"af38564\" data-element_type=\"widget\" data-widget_type=\"heading.default\">\n\t\t\t\t<div class=\"elementor-widget-container\">\n\t\t\t\t\t<h1 class=\"elementor-heading-title elementor-size-default\">LEXIKOL\u00d3GIA SLOVENSK\u00c9HO JAZYKA V U\u010cITE\u013dSKEJ PRAXI<\/h1>\t\t\t\t<\/div>\n\t\t\t\t<\/div>\n\t\t\t\t\t<\/div>\n\t\t<\/div>\n\t\t\t\t\t<\/div>\n\t\t<\/section>\n\t\t\t\t<section class=\"elementor-section elementor-top-section elementor-element elementor-element-9f9a241 elementor-section-boxed elementor-section-height-default elementor-section-height-default\" data-id=\"9f9a241\" data-element_type=\"section\">\n\t\t\t\t\t\t<div class=\"elementor-container elementor-column-gap-default\">\n\t\t\t\t\t<div class=\"elementor-column elementor-col-100 elementor-top-column elementor-element elementor-element-36e8d15\" data-id=\"36e8d15\" data-element_type=\"column\">\n\t\t\t<div class=\"elementor-widget-wrap elementor-element-populated\">\n\t\t\t\t\t\t<section class=\"elementor-section elementor-inner-section elementor-element elementor-element-0f7453d elementor-section-boxed elementor-section-height-default elementor-section-height-default\" data-id=\"0f7453d\" data-element_type=\"section\">\n\t\t\t\t\t\t<div class=\"elementor-container elementor-column-gap-default\">\n\t\t\t\t\t<div class=\"elementor-column elementor-col-100 elementor-inner-column elementor-element elementor-element-4973de6\" data-id=\"4973de6\" data-element_type=\"column\">\n\t\t\t<div class=\"elementor-widget-wrap elementor-element-populated\">\n\t\t\t\t\t\t<div class=\"elementor-element elementor-element-198bac6 elementor-widget__width-initial elementor-fixed elementor-widget elementor-widget-button\" data-id=\"198bac6\" data-element_type=\"widget\" data-settings=\"{&quot;_position&quot;:&quot;fixed&quot;}\" data-widget_type=\"button.default\">\n\t\t\t\t<div class=\"elementor-widget-container\">\n\t\t\t\t\t\t\t\t\t<div class=\"elementor-button-wrapper\">\n\t\t\t\t\t<a class=\"elementor-button elementor-button-link elementor-size-sm\" href=\"#Kapitola1\">\n\t\t\t\t\t\t<span class=\"elementor-button-content-wrapper\">\n\t\t\t\t\t\t<span class=\"elementor-button-icon\">\n\t\t\t\t<i aria-hidden=\"true\" class=\"fas fa-arrow-up\"><\/i>\t\t\t<\/span>\n\t\t\t\t\t\t\t\t<\/span>\n\t\t\t\t\t<\/a>\n\t\t\t\t<\/div>\n\t\t\t\t\t\t\t\t<\/div>\n\t\t\t\t<\/div>\n\t\t\t\t\t<\/div>\n\t\t<\/div>\n\t\t\t\t\t<\/div>\n\t\t<\/section>\n\t\t\t\t\t<\/div>\n\t\t<\/div>\n\t\t\t\t\t<\/div>\n\t\t<\/section>\n\t\t\t\t<section class=\"elementor-section elementor-top-section elementor-element elementor-element-2858d6f elementor-section-boxed elementor-section-height-default elementor-section-height-default\" data-id=\"2858d6f\" data-element_type=\"section\">\n\t\t\t\t\t\t<div class=\"elementor-container elementor-column-gap-default\">\n\t\t\t\t\t<div class=\"elementor-column elementor-col-100 elementor-top-column elementor-element elementor-element-e63bd34\" data-id=\"e63bd34\" data-element_type=\"column\">\n\t\t\t<div class=\"elementor-widget-wrap elementor-element-populated\">\n\t\t\t\t\t\t<section class=\"elementor-section elementor-inner-section elementor-element elementor-element-0b79421 elementor-section-boxed elementor-section-height-default elementor-section-height-default\" data-id=\"0b79421\" data-element_type=\"section\">\n\t\t\t\t\t\t<div class=\"elementor-container elementor-column-gap-default\">\n\t\t\t\t\t<div class=\"elementor-column elementor-col-100 elementor-inner-column elementor-element elementor-element-bb0ded5\" data-id=\"bb0ded5\" data-element_type=\"column\">\n\t\t\t<div class=\"elementor-widget-wrap elementor-element-populated\">\n\t\t\t\t\t\t<div class=\"elementor-element elementor-element-759b076 elementor-widget elementor-widget-heading\" data-id=\"759b076\" data-element_type=\"widget\" data-widget_type=\"heading.default\">\n\t\t\t\t<div class=\"elementor-widget-container\">\n\t\t\t\t\t<h3 class=\"elementor-heading-title elementor-size-default\">Publicistick\u00e9 slov\u00e1<\/h3>\t\t\t\t<\/div>\n\t\t\t\t<\/div>\n\t\t\t\t<div class=\"elementor-element elementor-element-5aa9d5d elementor-widget elementor-widget-text-editor\" data-id=\"5aa9d5d\" data-element_type=\"widget\" data-widget_type=\"text-editor.default\">\n\t\t\t\t<div class=\"elementor-widget-container\">\n\t\t\t\t\t\t\t\t\t<p style=\"text-align: justify;\">Publicistick\u00e9 slov\u00e1 (publicizmy, \u017eurnalizmy) s\u00fa frekventovane vyu\u017e\u00edvan\u00e9 v masov\u00fdch m\u00e9di\u00e1ch, ide o\u00a0slov\u00e1 zo spolo\u010densko-politick\u00e9ho \u017eivota a\u00a0vyzna\u010duj\u00fa sa intelektu\u00e1lnym charakterom (porov. Va\u0148ko, Kr\u00e1\u013e, Kral\u010d\u00e1k, 2006). Mnoh\u00e9 publicizmy s\u00fa adaptovan\u00e9 ako cudzie v\u00fdrazy (<em>samit, m\u00edting<\/em>), odvoden\u00e9 slov\u00e1 <em>(zvolebnieva\u0165 sa)<\/em>, zlo\u017een\u00e9 slov\u00e1 <em>(euroob\u010dan)<\/em>, viacslovn\u00e9 pomenovania \u010di u\u017e fraz\u00e9my <em>(uhorkov\u00e1 sez\u00f3na)<\/em>, alebo zdru\u017een\u00e9 pomenovania <em>(biele zlato)<\/em>, expres\u00edvne pomenovania <em>(ban\u00e1nov\u00e1 republika)<\/em>.<\/p><p style=\"text-align: justify;\">\u00a0<\/p><p style=\"text-align: justify;\">Publicizmy \u010dlen\u00edme pod\u013ea oblasti \u010di sf\u00e9ry vyu\u017e\u00edvania na dve vrstvy (Orgo\u0148ov\u00e1, Bohunick\u00e1, 2011, s. 175):<\/p><ul style=\"text-align: justify;\"><li><strong>publicizmy vymedzen\u00e9 funk\u010dnou oblas\u0165ou<\/strong>, teda publicistikou, ktor\u00e9 ozna\u010duj\u00fa veci v publicistickej sf\u00e9re <em>(st\u013apec, \u00favodn\u00edk, fejt\u00f3n, printov\u00e9 m\u00e9dium)<\/em>;<\/li><li><strong>publicizmy vymedzen\u00e9 denota\u010dnou oblas\u0165ou<\/strong>, ktor\u00e9 predstavuj\u00fa entity zo spolo\u010densk\u00e9ho \u017eivota mimo publicistickej sf\u00e9ry (z oblasti pr\u00e1va, ekonomiky, politiky), na ktor\u00e9 publicistika reaguje <em>(demon\u0161tr\u00e1cia, egalita, br\u00edfing, mapova\u0165 (situ\u00e1ciu), kauza)<\/em>, teda sa \u010diasto\u010dne publicizmy prekr\u00fdvaj\u00fa s\u00a0odborn\u00fdmi term\u00ednmi.<\/li><\/ul><p style=\"text-align: justify;\"><strong>Z\u00e1kladn\u00e9 vlastnosti publicizmov:<\/strong> <em>verejnos\u0165, p\u00edsanos\u0165, jednoduch\u00e1 v\u00fdsti\u017enos\u0165, aktu\u00e1lnos\u0165, optim\u00e1lna (verejn\u00e1) aproximovate\u013enos\u0165 <\/em>(vhodn\u00e9 pribl\u00ed\u017eenie sa adres\u00e1tovi)<em>.<\/em><\/p><p style=\"text-align: justify;\"><strong>\u00a0<\/strong><\/p><p style=\"text-align: justify;\"><strong>\u0160tylistick\u00e9 vyu\u017eitie publicizmov: <\/strong>Publicizmy sa vyu\u017e\u00edvaj\u00fa prim\u00e1rne v\u00a0publicistickom \u0161t\u00fdle, tam p\u00f4sobia spolu s\u00a0neutr\u00e1lnymi lex\u00e9mami bezpr\u00edznakovo. Ak sa publicistick\u00fd text bl\u00ed\u017ei k\u00a0n\u00e1u\u010dn\u00fdm \u00fatvarom, pou\u017e\u00edvaj\u00fa sa v\u00a0\u0148om slov\u00e1 typick\u00e9 pre n\u00e1u\u010dn\u00fd \u0161t\u00fdl, ak sa text bl\u00ed\u017ei k\u00a0beletristick\u00fdm \u00fatvarom, v\u00fdber slov je typick\u00fd pre umeleck\u00fd \u0161t\u00fdl.<\/p>\t\t\t\t\t\t\t\t<\/div>\n\t\t\t\t<\/div>\n\t\t\t\t\t<\/div>\n\t\t<\/div>\n\t\t\t\t\t<\/div>\n\t\t<\/section>\n\t\t\t\t\t<\/div>\n\t\t<\/div>\n\t\t\t\t\t<\/div>\n\t\t<\/section>\n\t\t\t\t<\/div>\n\t\t","protected":false},"excerpt":{"rendered":"<p>LEXIKOL\u00d3GIA SLOVENSK\u00c9HO JAZYKA V U\u010cITE\u013dSKEJ PRAXI Publicistick\u00e9 slov\u00e1 Publicistick\u00e9 slov\u00e1 (publicizmy, \u017eurnalizmy) s\u00fa frekventovane vyu\u017e\u00edvan\u00e9 v masov\u00fdch m\u00e9di\u00e1ch, ide o\u00a0slov\u00e1 zo spolo\u010densko-politick\u00e9ho \u017eivota a\u00a0vyzna\u010duj\u00fa sa intelektu\u00e1lnym charakterom (porov. Va\u0148ko, Kr\u00e1\u013e, Kral\u010d\u00e1k, 2006). Mnoh\u00e9 publicizmy s\u00fa adaptovan\u00e9 ako cudzie v\u00fdrazy (samit, m\u00edting), odvoden\u00e9 slov\u00e1 (zvolebnieva\u0165 sa), zlo\u017een\u00e9 slov\u00e1 (euroob\u010dan), viacslovn\u00e9 pomenovania \u010di u\u017e fraz\u00e9my (uhorkov\u00e1 sez\u00f3na), [&hellip;]<\/p>\n","protected":false},"author":3,"featured_media":0,"parent":0,"menu_order":0,"comment_status":"closed","ping_status":"closed","template":"","meta":{"footnotes":""},"class_list":["post-1675","page","type-page","status-publish","hentry"],"_links":{"self":[{"href":"https:\/\/e-ucebnice.ff.ucm.sk\/index.php\/wp-json\/wp\/v2\/pages\/1675","targetHints":{"allow":["GET"]}}],"collection":[{"href":"https:\/\/e-ucebnice.ff.ucm.sk\/index.php\/wp-json\/wp\/v2\/pages"}],"about":[{"href":"https:\/\/e-ucebnice.ff.ucm.sk\/index.php\/wp-json\/wp\/v2\/types\/page"}],"author":[{"embeddable":true,"href":"https:\/\/e-ucebnice.ff.ucm.sk\/index.php\/wp-json\/wp\/v2\/users\/3"}],"replies":[{"embeddable":true,"href":"https:\/\/e-ucebnice.ff.ucm.sk\/index.php\/wp-json\/wp\/v2\/comments?post=1675"}],"version-history":[{"count":4,"href":"https:\/\/e-ucebnice.ff.ucm.sk\/index.php\/wp-json\/wp\/v2\/pages\/1675\/revisions"}],"predecessor-version":[{"id":1910,"href":"https:\/\/e-ucebnice.ff.ucm.sk\/index.php\/wp-json\/wp\/v2\/pages\/1675\/revisions\/1910"}],"wp:attachment":[{"href":"https:\/\/e-ucebnice.ff.ucm.sk\/index.php\/wp-json\/wp\/v2\/media?parent=1675"}],"curies":[{"name":"wp","href":"https:\/\/api.w.org\/{rel}","templated":true}]}}