{"id":1685,"date":"2023-02-28T13:22:10","date_gmt":"2023-02-28T12:22:10","guid":{"rendered":"https:\/\/e-ucebnice.ff.ucm.sk\/?page_id=1685"},"modified":"2023-03-01T09:28:16","modified_gmt":"2023-03-01T08:28:16","slug":"lexikologia-slovenskeho-jazyka-v-ucitelskej-praxi-6-2","status":"publish","type":"page","link":"https:\/\/e-ucebnice.ff.ucm.sk\/index.php\/lexikologia-slovenskeho-jazyka-v-ucitelskej-praxi-6-2\/","title":{"rendered":"Lexikol\u00f3gia slovensk\u00e9ho jazyka v u\u010dite\u013eskej praxi-6-2"},"content":{"rendered":"\t\t<div data-elementor-type=\"wp-page\" data-elementor-id=\"1685\" class=\"elementor elementor-1685\" data-elementor-post-type=\"page\">\n\t\t\t\t\t\t<section class=\"elementor-section elementor-top-section elementor-element elementor-element-8cf232e elementor-section-height-min-height elementor-section-boxed elementor-section-height-default elementor-section-items-middle\" data-id=\"8cf232e\" data-element_type=\"section\" data-settings=\"{&quot;background_background&quot;:&quot;classic&quot;}\">\n\t\t\t\t\t\t\t<div class=\"elementor-background-overlay\"><\/div>\n\t\t\t\t\t\t\t<div class=\"elementor-container elementor-column-gap-default\">\n\t\t\t\t\t<div class=\"elementor-column elementor-col-100 elementor-top-column elementor-element elementor-element-4460a00\" data-id=\"4460a00\" data-element_type=\"column\">\n\t\t\t<div class=\"elementor-widget-wrap elementor-element-populated\">\n\t\t\t\t\t\t<div class=\"elementor-element elementor-element-6fbcf43 elementor-widget elementor-widget-heading\" data-id=\"6fbcf43\" data-element_type=\"widget\" data-widget_type=\"heading.default\">\n\t\t\t\t<div class=\"elementor-widget-container\">\n\t\t\t\t\t<h1 class=\"elementor-heading-title elementor-size-default\">LEXIKOL\u00d3GIA SLOVENSK\u00c9HO JAZYKA V U\u010cITE\u013dSKEJ PRAXI<\/h1>\t\t\t\t<\/div>\n\t\t\t\t<\/div>\n\t\t\t\t\t<\/div>\n\t\t<\/div>\n\t\t\t\t\t<\/div>\n\t\t<\/section>\n\t\t\t\t<section class=\"elementor-section elementor-top-section elementor-element elementor-element-9f9a241 elementor-section-boxed elementor-section-height-default elementor-section-height-default\" data-id=\"9f9a241\" data-element_type=\"section\">\n\t\t\t\t\t\t<div class=\"elementor-container elementor-column-gap-default\">\n\t\t\t\t\t<div class=\"elementor-column elementor-col-100 elementor-top-column elementor-element elementor-element-36e8d15\" data-id=\"36e8d15\" data-element_type=\"column\">\n\t\t\t<div class=\"elementor-widget-wrap elementor-element-populated\">\n\t\t\t\t\t\t<section class=\"elementor-section elementor-inner-section elementor-element elementor-element-0f7453d elementor-section-boxed elementor-section-height-default elementor-section-height-default\" data-id=\"0f7453d\" data-element_type=\"section\">\n\t\t\t\t\t\t<div class=\"elementor-container elementor-column-gap-default\">\n\t\t\t\t\t<div class=\"elementor-column elementor-col-100 elementor-inner-column elementor-element elementor-element-4973de6\" data-id=\"4973de6\" data-element_type=\"column\">\n\t\t\t<div class=\"elementor-widget-wrap elementor-element-populated\">\n\t\t\t\t\t\t<div class=\"elementor-element elementor-element-198bac6 elementor-widget__width-initial elementor-fixed elementor-widget elementor-widget-button\" data-id=\"198bac6\" data-element_type=\"widget\" data-settings=\"{&quot;_position&quot;:&quot;fixed&quot;}\" data-widget_type=\"button.default\">\n\t\t\t\t<div class=\"elementor-widget-container\">\n\t\t\t\t\t\t\t\t\t<div class=\"elementor-button-wrapper\">\n\t\t\t\t\t<a class=\"elementor-button elementor-button-link elementor-size-sm\" href=\"#Kapitola1\">\n\t\t\t\t\t\t<span class=\"elementor-button-content-wrapper\">\n\t\t\t\t\t\t<span class=\"elementor-button-icon\">\n\t\t\t\t<i aria-hidden=\"true\" class=\"fas fa-arrow-up\"><\/i>\t\t\t<\/span>\n\t\t\t\t\t\t\t\t<\/span>\n\t\t\t\t\t<\/a>\n\t\t\t\t<\/div>\n\t\t\t\t\t\t\t\t<\/div>\n\t\t\t\t<\/div>\n\t\t\t\t\t<\/div>\n\t\t<\/div>\n\t\t\t\t\t<\/div>\n\t\t<\/section>\n\t\t\t\t\t<\/div>\n\t\t<\/div>\n\t\t\t\t\t<\/div>\n\t\t<\/section>\n\t\t\t\t<section class=\"elementor-section elementor-top-section elementor-element elementor-element-2858d6f elementor-section-boxed elementor-section-height-default elementor-section-height-default\" data-id=\"2858d6f\" data-element_type=\"section\">\n\t\t\t\t\t\t<div class=\"elementor-container elementor-column-gap-default\">\n\t\t\t\t\t<div class=\"elementor-column elementor-col-100 elementor-top-column elementor-element elementor-element-e63bd34\" data-id=\"e63bd34\" data-element_type=\"column\">\n\t\t\t<div class=\"elementor-widget-wrap elementor-element-populated\">\n\t\t\t\t\t\t<section class=\"elementor-section elementor-inner-section elementor-element elementor-element-0b79421 elementor-section-boxed elementor-section-height-default elementor-section-height-default\" data-id=\"0b79421\" data-element_type=\"section\">\n\t\t\t\t\t\t<div class=\"elementor-container elementor-column-gap-default\">\n\t\t\t\t\t<div class=\"elementor-column elementor-col-100 elementor-inner-column elementor-element elementor-element-bb0ded5\" data-id=\"bb0ded5\" data-element_type=\"column\">\n\t\t\t<div class=\"elementor-widget-wrap elementor-element-populated\">\n\t\t\t\t\t\t<div class=\"elementor-element elementor-element-759b076 elementor-widget elementor-widget-heading\" data-id=\"759b076\" data-element_type=\"widget\" data-widget_type=\"heading.default\">\n\t\t\t\t<div class=\"elementor-widget-container\">\n\t\t\t\t\t<h3 class=\"elementor-heading-title elementor-size-default\">EXPRES\u00cdVNE SLOV\u00c1 S KLADN\u00ddM ODTIENKOM<\/h3>\t\t\t\t<\/div>\n\t\t\t\t<\/div>\n\t\t\t\t<div class=\"elementor-element elementor-element-5aa9d5d elementor-widget elementor-widget-text-editor\" data-id=\"5aa9d5d\" data-element_type=\"widget\" data-widget_type=\"text-editor.default\">\n\t\t\t\t<div class=\"elementor-widget-container\">\n\t\t\t\t\t\t\t\t\t<p style=\"text-align: justify;\"><strong>Deminut\u00edva <\/strong>(zdrobneniny) <em>zdrob.<\/em> vyjadruj\u00fa kvantitu, resp. men\u0161\u00ed rozmer, men\u0161iu mieru nie\u010doho alebo ist\u00fd postoj prostredn\u00edctvom typick\u00fdch zdrob\u0148uj\u00facich pr\u00edpon (<em>&#8211;<\/em>\u010dek, -e\u010dko, -\u00edk, -ok, -o\u010dka), napr. <em>kon\u00edk, gu\u013e\u00f4\u010dka, kvietok<\/em>. Deminut\u00edva vyjadruj\u00fa aj kvalitu, m\u00f4\u017eu vyjadrova\u0165 kladn\u00fd (<em>mamulienka, dc\u00e9ru\u0161ka<\/em>) alebo z\u00e1porn\u00fd expres\u00edvny postoj hovoriaceho \u2013 ir\u00f3niu, napr. <em>rom\u00e1nik<\/em>. Niektor\u00e9 pomenovania, najm\u00e4 term\u00edny, sa v\u00a0jazykovom vedom\u00ed nepoci\u0165uj\u00fa ako zdrobnen\u00e9 \u010di expres\u00edvne, napr. <em>hodinky, p\u00edlka, ly\u017ei\u010dka<\/em>.<\/p><p style=\"text-align: justify;\"><strong>\u00a0<\/strong><\/p><p style=\"text-align: justify;\"><strong>Eufemizmy <\/strong>(zjem\u0148uj\u00face slov\u00e1, meliorat\u00edva) <em>zjemn.<\/em> zjem\u0148uj\u00fa v\u00fdznam slova tak\u00fdm sp\u00f4sobom, \u017ee nepr\u00edjemn\u00e9 alebo spolo\u010densky nevhodn\u00e9 javy vyjadruj\u00fa zastreto, jemnej\u0161ie, obrazne, napr. <em>neboh\u00fd<\/em> (namiesto <em>m\u0155tvy<\/em>), <em>zaokr\u00fahli\u0165 sa <\/em>(namiesto <em>stu\u010dnie\u0165<\/em>). Oproti nocion\u00e1lnemu v\u00fdrazu s\u00fa meliorat\u00edva nosite\u013emi kladn\u00e9ho vz\u0165ahu k\u00a0pomen\u00favan\u00e9mu objektu (<em>popapa\u0165<\/em>), ale niekedy sa vyu\u017e\u00edvaj\u00fa aj s\u00a0ironick\u00fdm v\u00fdznamom. Vyskytuj\u00fa sa vo verejn\u00fdch\u00a0 a\u00a0sl\u00e1vnostn\u00fdch prejavoch s\u00a0cie\u013eom prekry\u0165 alebo jemne vyjadri\u0165 drastick\u00fa skuto\u010dnos\u0165.<\/p><p style=\"text-align: justify;\"><strong>\u00a0<\/strong><\/p><p style=\"text-align: justify;\"><strong>Famili\u00e1rne slov\u00e1<\/strong> (familiarizmy) <em>fam.<\/em> s\u00fa expres\u00edvne dom\u00e1ce oslovenia, ktor\u00e9 sa pou\u017e\u00edvaj\u00fa v\u00a0d\u00f4vernom styku bl\u00edzkych os\u00f4b v\u00a0kruhu rodiny a bl\u00edzkych zn\u00e1mych, napr. <em>stark\u00fd<\/em> (oslovenie man\u017eela), <em>zlatko, zlat\u00ed\u010dko<\/em>. Popri pojmovej, rozumovej zlo\u017eke sa pri nich prejavuje aj kladn\u00e9 citov\u00e9 alebo v\u00f4\u013eov\u00e9 zafarbenie. Famili\u00e1rne oslovenia m\u00f4\u017eu ma\u0165 zo\u00a0slovnodruhov\u00e9ho h\u013eadiska podobu podstatn\u00e9ho mena <em>(srdce, zlatko)<\/em> alebo z\u00e1mena <em>(m\u00f4j, moja)<\/em>. Famili\u00e1rne oslovenia s\u00fa spo\u010diatku motivovan\u00e9 a\u00a0plnov\u00fdznamov\u00e9 (<em>stark\u00e1, srdie\u010dko, mil\u00e1\u010dik<\/em>), ale postupne sa motiv\u00e1cia str\u00e1ca a\u00a0opakovan\u00edm \u00faplne vymizne (Ripka, Imrichov\u00e1, 2004, s. 91). Spo\u010diatku kles\u00e1 frekvencia v\u00fdskytu famili\u00e1rneho oslovenia a\u00a0nahr\u00e1dza ho iba z\u00e1meno, no a\u00a0nakoniec sa vytrat\u00ed aj oslovenie z\u00e1menom a adres\u00e1t reaguje len na v\u00fdzvu dan\u00fa pohybom hlavy, o\u010d\u00ed \u010di dotykom \u2013 \u010di\u017ee famili\u00e1rne oslovenia nahradia neverb\u00e1lne prostriedky v\u00a0prirodzenom procese demotiv\u00e1cie (porov. Mistr\u00edk, 1998, s. 55).<\/p><p style=\"text-align: justify;\"><strong>\u00a0<\/strong><\/p><p style=\"text-align: justify;\"><strong>Hypokoristik\u00e1 <\/strong>(laudat\u00edva) <em>hypok.<\/em> s\u00fa d\u00f4vern\u00e9, maznav\u00e9 a\u00a0int\u00edmne expres\u00edvne slov\u00e1, ktor\u00e9 sa pou\u017e\u00edvaj\u00fa v\u00a0d\u00f4vernom styku rodiny a\u00a0pr\u00edbuzn\u00fdch, bl\u00edzkych os\u00f4b najm\u00e4 v osloveniach. Tvoria sa od v\u0161eobecn\u00fdch podstatn\u00fdch mien pomocou pr\u00edpon -u\u013eka, -\u00edk, -\u010dek, -\u010dka, -i\u010dka, -ok, -ienka, napr. <em>tato, mamka, babka, dedo, mamu\u013eka, srdienko, nevesti\u010dka<\/em> a\u00a0od vlastn\u00fdch rodn\u00fdch mien, napr. <em>Jan\u00edk, Evi\u010dka, Jo\u017eko, Ka\u0165a<\/em>.<\/p><p style=\"text-align: justify;\"><strong>\u00a0<\/strong><\/p><p style=\"text-align: justify;\"><strong>Detsk\u00e9 slov\u00e1<\/strong> <em>det.<\/em> s\u00fa v\u00fdrazy detskej re\u010di, ktor\u00e9 s\u00fa maznav\u00e9 a\u00a0l\u00e1skaj\u00face, niekedy sa vy\u010dle\u0148uj\u00fa samostatne, inokedy sa pri\u010dle\u0148uj\u00fa k\u00a0hypokoristik\u00e1m, napr. <em>havo<\/em>, <em>ha\u010dka\u0165 si,<\/em> <em>papa\u0165<\/em>, <em>\u010da\u010da, hami<\/em>. Pod\u013ea Z. Ondr\u00e1\u010dkovej (2008, s. 251) je pre detsk\u00e9 slov\u00e1 charakteristick\u00e1 vysok\u00e1 miera citovej zaanga\u017eovanosti. Z\u00e1rove\u0148 s\u00fa to slov\u00e1 pr\u00edzna\u010dn\u00e9 nielen pre deti, teda slov\u00e1 detskej re\u010di, ale aj slov\u00e1, ktor\u00e9 sa pou\u017e\u00edvaj\u00fa v rozhovore s de\u0165mi, teda v komunik\u00e1cii dospel\u00fdch (alebo star\u0161\u00edch det\u00ed) s\u00a0de\u0165mi (Ondr\u00e1\u010dkov\u00e1, 2008, s. 253).<\/p>\t\t\t\t\t\t\t\t<\/div>\n\t\t\t\t<\/div>\n\t\t\t\t\t<\/div>\n\t\t<\/div>\n\t\t\t\t\t<\/div>\n\t\t<\/section>\n\t\t\t\t\t<\/div>\n\t\t<\/div>\n\t\t\t\t\t<\/div>\n\t\t<\/section>\n\t\t\t\t<\/div>\n\t\t","protected":false},"excerpt":{"rendered":"<p>LEXIKOL\u00d3GIA SLOVENSK\u00c9HO JAZYKA V U\u010cITE\u013dSKEJ PRAXI EXPRES\u00cdVNE SLOV\u00c1 S KLADN\u00ddM ODTIENKOM Deminut\u00edva (zdrobneniny) zdrob. vyjadruj\u00fa kvantitu, resp. men\u0161\u00ed rozmer, men\u0161iu mieru nie\u010doho alebo ist\u00fd postoj prostredn\u00edctvom typick\u00fdch zdrob\u0148uj\u00facich pr\u00edpon (&#8211;\u010dek, -e\u010dko, -\u00edk, -ok, -o\u010dka), napr. kon\u00edk, gu\u013e\u00f4\u010dka, kvietok. Deminut\u00edva vyjadruj\u00fa aj kvalitu, m\u00f4\u017eu vyjadrova\u0165 kladn\u00fd (mamulienka, dc\u00e9ru\u0161ka) alebo z\u00e1porn\u00fd expres\u00edvny postoj hovoriaceho \u2013 ir\u00f3niu, napr. [&hellip;]<\/p>\n","protected":false},"author":3,"featured_media":0,"parent":0,"menu_order":0,"comment_status":"closed","ping_status":"closed","template":"","meta":{"footnotes":""},"class_list":["post-1685","page","type-page","status-publish","hentry"],"_links":{"self":[{"href":"https:\/\/e-ucebnice.ff.ucm.sk\/index.php\/wp-json\/wp\/v2\/pages\/1685","targetHints":{"allow":["GET"]}}],"collection":[{"href":"https:\/\/e-ucebnice.ff.ucm.sk\/index.php\/wp-json\/wp\/v2\/pages"}],"about":[{"href":"https:\/\/e-ucebnice.ff.ucm.sk\/index.php\/wp-json\/wp\/v2\/types\/page"}],"author":[{"embeddable":true,"href":"https:\/\/e-ucebnice.ff.ucm.sk\/index.php\/wp-json\/wp\/v2\/users\/3"}],"replies":[{"embeddable":true,"href":"https:\/\/e-ucebnice.ff.ucm.sk\/index.php\/wp-json\/wp\/v2\/comments?post=1685"}],"version-history":[{"count":4,"href":"https:\/\/e-ucebnice.ff.ucm.sk\/index.php\/wp-json\/wp\/v2\/pages\/1685\/revisions"}],"predecessor-version":[{"id":1946,"href":"https:\/\/e-ucebnice.ff.ucm.sk\/index.php\/wp-json\/wp\/v2\/pages\/1685\/revisions\/1946"}],"wp:attachment":[{"href":"https:\/\/e-ucebnice.ff.ucm.sk\/index.php\/wp-json\/wp\/v2\/media?parent=1685"}],"curies":[{"name":"wp","href":"https:\/\/api.w.org\/{rel}","templated":true}]}}