{"id":1697,"date":"2023-02-28T13:24:49","date_gmt":"2023-02-28T12:24:49","guid":{"rendered":"https:\/\/e-ucebnice.ff.ucm.sk\/?page_id=1697"},"modified":"2023-05-05T12:16:16","modified_gmt":"2023-05-05T10:16:16","slug":"lexikologia-slovenskeho-jazyka-v-ucitelskej-praxi-8-1","status":"publish","type":"page","link":"https:\/\/e-ucebnice.ff.ucm.sk\/index.php\/lexikologia-slovenskeho-jazyka-v-ucitelskej-praxi-8-1\/","title":{"rendered":"Lexikol\u00f3gia slovensk\u00e9ho jazyka v u\u010dite\u013eskej praxi-8-1"},"content":{"rendered":"\t\t<div data-elementor-type=\"wp-page\" data-elementor-id=\"1697\" class=\"elementor elementor-1697\" data-elementor-post-type=\"page\">\n\t\t\t\t\t\t<section class=\"elementor-section elementor-top-section elementor-element elementor-element-3452680 elementor-section-height-min-height elementor-section-boxed elementor-section-height-default elementor-section-items-middle\" data-id=\"3452680\" data-element_type=\"section\" data-settings=\"{&quot;background_background&quot;:&quot;classic&quot;}\">\n\t\t\t\t\t\t\t<div class=\"elementor-background-overlay\"><\/div>\n\t\t\t\t\t\t\t<div class=\"elementor-container elementor-column-gap-default\">\n\t\t\t\t\t<div class=\"elementor-column elementor-col-100 elementor-top-column elementor-element elementor-element-131e8d7\" data-id=\"131e8d7\" data-element_type=\"column\">\n\t\t\t<div class=\"elementor-widget-wrap elementor-element-populated\">\n\t\t\t\t\t\t<div class=\"elementor-element elementor-element-e03e6e3 elementor-widget elementor-widget-heading\" data-id=\"e03e6e3\" data-element_type=\"widget\" data-widget_type=\"heading.default\">\n\t\t\t\t<div class=\"elementor-widget-container\">\n\t\t\t\t\t<h1 class=\"elementor-heading-title elementor-size-default\">LEXIKOL\u00d3GIA SLOVENSK\u00c9HO JAZYKA V U\u010cITE\u013dSKEJ PRAXI<\/h1>\t\t\t\t<\/div>\n\t\t\t\t<\/div>\n\t\t\t\t\t<\/div>\n\t\t<\/div>\n\t\t\t\t\t<\/div>\n\t\t<\/section>\n\t\t\t\t<section class=\"elementor-section elementor-top-section elementor-element elementor-element-9f9a241 elementor-section-boxed elementor-section-height-default elementor-section-height-default\" data-id=\"9f9a241\" data-element_type=\"section\">\n\t\t\t\t\t\t<div class=\"elementor-container elementor-column-gap-default\">\n\t\t\t\t\t<div class=\"elementor-column elementor-col-100 elementor-top-column elementor-element elementor-element-36e8d15\" data-id=\"36e8d15\" data-element_type=\"column\">\n\t\t\t<div class=\"elementor-widget-wrap elementor-element-populated\">\n\t\t\t\t\t\t<section class=\"elementor-section elementor-inner-section elementor-element elementor-element-0f7453d elementor-section-boxed elementor-section-height-default elementor-section-height-default\" data-id=\"0f7453d\" data-element_type=\"section\">\n\t\t\t\t\t\t<div class=\"elementor-container elementor-column-gap-default\">\n\t\t\t\t\t<div class=\"elementor-column elementor-col-100 elementor-inner-column elementor-element elementor-element-4973de6\" data-id=\"4973de6\" data-element_type=\"column\">\n\t\t\t<div class=\"elementor-widget-wrap elementor-element-populated\">\n\t\t\t\t\t\t<div class=\"elementor-element elementor-element-198bac6 elementor-widget__width-initial elementor-fixed elementor-widget elementor-widget-button\" data-id=\"198bac6\" data-element_type=\"widget\" data-settings=\"{&quot;_position&quot;:&quot;fixed&quot;}\" data-widget_type=\"button.default\">\n\t\t\t\t<div class=\"elementor-widget-container\">\n\t\t\t\t\t\t\t\t\t<div class=\"elementor-button-wrapper\">\n\t\t\t\t\t<a class=\"elementor-button elementor-button-link elementor-size-sm\" href=\"#Kapitola1\">\n\t\t\t\t\t\t<span class=\"elementor-button-content-wrapper\">\n\t\t\t\t\t\t<span class=\"elementor-button-icon\">\n\t\t\t\t<i aria-hidden=\"true\" class=\"fas fa-arrow-up\"><\/i>\t\t\t<\/span>\n\t\t\t\t\t\t\t\t<\/span>\n\t\t\t\t\t<\/a>\n\t\t\t\t<\/div>\n\t\t\t\t\t\t\t\t<\/div>\n\t\t\t\t<\/div>\n\t\t\t\t\t<\/div>\n\t\t<\/div>\n\t\t\t\t\t<\/div>\n\t\t<\/section>\n\t\t\t\t\t<\/div>\n\t\t<\/div>\n\t\t\t\t\t<\/div>\n\t\t<\/section>\n\t\t\t\t<section class=\"elementor-section elementor-top-section elementor-element elementor-element-2858d6f elementor-section-boxed elementor-section-height-default elementor-section-height-default\" data-id=\"2858d6f\" data-element_type=\"section\">\n\t\t\t\t\t\t<div class=\"elementor-container elementor-column-gap-default\">\n\t\t\t\t\t<div class=\"elementor-column elementor-col-100 elementor-top-column elementor-element elementor-element-e63bd34\" data-id=\"e63bd34\" data-element_type=\"column\">\n\t\t\t<div class=\"elementor-widget-wrap elementor-element-populated\">\n\t\t\t\t\t\t<section class=\"elementor-section elementor-inner-section elementor-element elementor-element-0b79421 elementor-section-boxed elementor-section-height-default elementor-section-height-default\" data-id=\"0b79421\" data-element_type=\"section\">\n\t\t\t\t\t\t<div class=\"elementor-container elementor-column-gap-default\">\n\t\t\t\t\t<div class=\"elementor-column elementor-col-100 elementor-inner-column elementor-element elementor-element-bb0ded5\" data-id=\"bb0ded5\" data-element_type=\"column\">\n\t\t\t<div class=\"elementor-widget-wrap elementor-element-populated\">\n\t\t\t\t\t\t<div class=\"elementor-element elementor-element-759b076 elementor-widget elementor-widget-heading\" data-id=\"759b076\" data-element_type=\"widget\" data-widget_type=\"heading.default\">\n\t\t\t\t<div class=\"elementor-widget-container\">\n\t\t\t\t\t<h3 class=\"elementor-heading-title elementor-size-default\">LEXIKALIZOVAN\u00c9 SPOJENIA<\/h3>\t\t\t\t<\/div>\n\t\t\t\t<\/div>\n\t\t\t\t<div class=\"elementor-element elementor-element-5aa9d5d elementor-widget elementor-widget-text-editor\" data-id=\"5aa9d5d\" data-element_type=\"widget\" data-widget_type=\"text-editor.default\">\n\t\t\t\t<div class=\"elementor-widget-container\">\n\t\t\t\t\t\t\t\t\t<p style=\"text-align: justify;\"><strong>Lexikalizovan\u00e9 spojenia (zdru\u017een\u00e9 pomenovania)<\/strong> s\u00fa spojenia dvoch alebo aj viacer\u00fdch slov, ktor\u00fdmi sa vyjadruje jeden intelektu\u00e1lny v\u00fdznam. U\u017e\u0161ie sa spres\u0148uj\u00fa ako pomenovania, v\u00a0ktor\u00fdch s\u00edce ide o\u00a0nov\u00fd obsah, ale nov\u00e1 forma sa nevyjadruje nov\u00fdmi v\u00fdrazmi, ale nov\u00fdm spojen\u00edm u\u017e zn\u00e1mych slov do nov\u00e9ho celku. J. Doln\u00edk (2003, s. 153) vymedzuje zdru\u017een\u00e9 pomenovania ako tie, ktor\u00e9 <em>\u201enemaj\u00fa v\u00a0pozad\u00ed vo\u013en\u00e9 spojenia\u201c<\/em>. A. Jaro\u0161ov\u00e1 (2000, s. 383) z\u00a0d\u00f4vodu odl\u00ed\u0161enia terminologick\u00fdch pomenovan\u00ed (zdru\u017een\u00e9 pomenovania) od\u00a0neterminologick\u00fdch viacslovn\u00fdch pomenovan\u00ed uv\u00e1dza pojem <em>lexikalizovan\u00e9 spojenia<\/em>. J. Pavlovi\u010d (2015) ich ozna\u010duje pojmami\u00a0 slovn\u00e9 spojenia, zdru\u017een\u00e9 pomenovania alebo zdru\u017eeniny a\u00a0definuje ich ako viazan\u00e9 slovn\u00e9 spojenia, ktor\u00e9 s\u00fa ust\u00e1len\u00e9 a\u00a0ktor\u00e9 tvoria element\u00e1rnu lexik\u00e1lnu jednotku, pre ktor\u00fa je charakteristick\u00e1 st\u00e1los\u0165 komponentov spojenia (ust\u00e1lenos\u0165 formy) a celostnos\u0165 v\u00fdznamu.<\/p>\n<p style=\"text-align: justify;\">\u010casto sa pou\u017e\u00edvaj\u00fa v odbornom n\u00e1zvoslov\u00ed, napr. <em>mlie\u010dnik chvojkov\u00fd, slez nebadan\u00fd, z\u00e1ru\u017elie mo\u010diarne<\/em>; je pre ne charakteristick\u00fd obr\u00e1ten\u00fd slovosled.<\/p>\n<p style=\"text-align: justify;\"><\/p>\n<p style=\"text-align: justify;\">Vo v\u00fdkladovom slovn\u00edku sa lexikalizovan\u00e9 spojenia ako dvoj- alebo viacslovn\u00fd typ pomenovania (KSSJ, 2003, s. 32) ozna\u010duj\u00fa dvojako, a\u00a0to pod\u013ea pr\u00edtomnosti substant\u00edvneho alebo slovesn\u00e9ho z\u00e1kladu:<\/p>\n\n<ul style=\"text-align: justify;\">\n \t<li><strong><em>lexikalizovan\u00e9 spojenia so substant\u00edvnym z\u00e1kladom<\/em><\/strong> s\u00fa neterminologick\u00e9 (<em>zubn\u00e1 kefka, diplomov\u00e1 pr\u00e1ca, cestovn\u00e1 kancel\u00e1ria, \u010ditate\u013esk\u00e1 verejnos\u0165<\/em>) a\u00a0terminologick\u00e9 (<em>kyselina s\u00edrov\u00e1<\/em>), tie sa uv\u00e1dzaj\u00fa aj pri podstatnom, aj pri pr\u00eddavnom mene;<\/li>\n<li><strong><em>lexikalizovan\u00e9 spojenia so slovesn\u00fdm z\u00e1kladom<\/em><\/strong> s\u00fa analytick\u00e9 pomenovania a\u00a0roz\u0161\u00edren\u00e9 s\u00fa v\u00a0be\u017enom aj odbornom vyjadrovan\u00ed, napr. <em>robi\u0165 v\u00fdskum, kl\u00e1s\u0165 d\u00f4raz, da\u0165 po\u017eehnanie, pr\u00eds\u0165 na svet, dosta\u0165 do pomykova, by\u0165 v \u00fazkych<\/em>. Uv\u00e1dzaj\u00fa sa aj v\u00a0hesl\u00e1ch pri sloves\u00e1ch, aj podstatn\u00fdch men\u00e1ch alebo pr\u00edslovk\u00e1ch. Ak jestvuje jednoslovn\u00e9 synonymum, uv\u00e1dza sa ako v\u00fdklad. Umiest\u0148uj\u00fa sa za osobitn\u00fdm znakom \u25a1 na konci v\u0161etk\u00fdch v\u00fdznamov a\u00a0pred frazeol\u00f3giou.<\/li>\n<\/ul>\t\t\t\t\t\t\t\t<\/div>\n\t\t\t\t<\/div>\n\t\t\t\t\t<\/div>\n\t\t<\/div>\n\t\t\t\t\t<\/div>\n\t\t<\/section>\n\t\t\t\t\t<\/div>\n\t\t<\/div>\n\t\t\t\t\t<\/div>\n\t\t<\/section>\n\t\t\t\t<\/div>\n\t\t","protected":false},"excerpt":{"rendered":"<p>LEXIKOL\u00d3GIA SLOVENSK\u00c9HO JAZYKA V U\u010cITE\u013dSKEJ PRAXI LEXIKALIZOVAN\u00c9 SPOJENIA Lexikalizovan\u00e9 spojenia (zdru\u017een\u00e9 pomenovania) s\u00fa spojenia dvoch alebo aj viacer\u00fdch slov, ktor\u00fdmi sa vyjadruje jeden intelektu\u00e1lny v\u00fdznam. U\u017e\u0161ie sa spres\u0148uj\u00fa ako pomenovania, v\u00a0ktor\u00fdch s\u00edce ide o\u00a0nov\u00fd obsah, ale nov\u00e1 forma sa nevyjadruje nov\u00fdmi v\u00fdrazmi, ale nov\u00fdm spojen\u00edm u\u017e zn\u00e1mych slov do nov\u00e9ho celku. J. Doln\u00edk (2003, s. [&hellip;]<\/p>\n","protected":false},"author":3,"featured_media":0,"parent":0,"menu_order":0,"comment_status":"closed","ping_status":"closed","template":"","meta":{"footnotes":""},"class_list":["post-1697","page","type-page","status-publish","hentry"],"_links":{"self":[{"href":"https:\/\/e-ucebnice.ff.ucm.sk\/index.php\/wp-json\/wp\/v2\/pages\/1697","targetHints":{"allow":["GET"]}}],"collection":[{"href":"https:\/\/e-ucebnice.ff.ucm.sk\/index.php\/wp-json\/wp\/v2\/pages"}],"about":[{"href":"https:\/\/e-ucebnice.ff.ucm.sk\/index.php\/wp-json\/wp\/v2\/types\/page"}],"author":[{"embeddable":true,"href":"https:\/\/e-ucebnice.ff.ucm.sk\/index.php\/wp-json\/wp\/v2\/users\/3"}],"replies":[{"embeddable":true,"href":"https:\/\/e-ucebnice.ff.ucm.sk\/index.php\/wp-json\/wp\/v2\/comments?post=1697"}],"version-history":[{"count":10,"href":"https:\/\/e-ucebnice.ff.ucm.sk\/index.php\/wp-json\/wp\/v2\/pages\/1697\/revisions"}],"predecessor-version":[{"id":7125,"href":"https:\/\/e-ucebnice.ff.ucm.sk\/index.php\/wp-json\/wp\/v2\/pages\/1697\/revisions\/7125"}],"wp:attachment":[{"href":"https:\/\/e-ucebnice.ff.ucm.sk\/index.php\/wp-json\/wp\/v2\/media?parent=1697"}],"curies":[{"name":"wp","href":"https:\/\/api.w.org\/{rel}","templated":true}]}}