{"id":2060,"date":"2023-03-01T12:44:33","date_gmt":"2023-03-01T11:44:33","guid":{"rendered":"https:\/\/e-ucebnice.ff.ucm.sk\/?page_id=2060"},"modified":"2023-03-01T14:28:06","modified_gmt":"2023-03-01T13:28:06","slug":"kapitoly-z-dejin-slovenska-uvod","status":"publish","type":"page","link":"https:\/\/e-ucebnice.ff.ucm.sk\/index.php\/kapitoly-z-dejin-slovenska-uvod\/","title":{"rendered":"Kapitoly z dej\u00edn Slovenska-uvod"},"content":{"rendered":"\t\t<div data-elementor-type=\"wp-page\" data-elementor-id=\"2060\" class=\"elementor elementor-2060\" data-elementor-post-type=\"page\">\n\t\t\t\t\t\t<section class=\"elementor-section elementor-top-section elementor-element elementor-element-c14cd70 elementor-section-height-min-height elementor-section-boxed elementor-section-height-default elementor-section-items-middle\" data-id=\"c14cd70\" data-element_type=\"section\" data-settings=\"{&quot;background_background&quot;:&quot;classic&quot;}\">\n\t\t\t\t\t\t\t<div class=\"elementor-background-overlay\"><\/div>\n\t\t\t\t\t\t\t<div class=\"elementor-container elementor-column-gap-default\">\n\t\t\t\t\t<div class=\"elementor-column elementor-col-100 elementor-top-column elementor-element elementor-element-72880c7\" data-id=\"72880c7\" data-element_type=\"column\">\n\t\t\t<div class=\"elementor-widget-wrap elementor-element-populated\">\n\t\t\t\t\t\t<div class=\"elementor-element elementor-element-351a94a elementor-widget elementor-widget-heading\" data-id=\"351a94a\" data-element_type=\"widget\" data-widget_type=\"heading.default\">\n\t\t\t\t<div class=\"elementor-widget-container\">\n\t\t\t\t\t<h1 class=\"elementor-heading-title elementor-size-default\">Kapitoly z dej\u00edn Slovenska 1740 \u2013 1945<\/h1>\t\t\t\t<\/div>\n\t\t\t\t<\/div>\n\t\t\t\t\t<\/div>\n\t\t<\/div>\n\t\t\t\t\t<\/div>\n\t\t<\/section>\n\t\t\t\t<section class=\"elementor-section elementor-top-section elementor-element elementor-element-2858d6f elementor-section-boxed elementor-section-height-default elementor-section-height-default\" data-id=\"2858d6f\" data-element_type=\"section\">\n\t\t\t\t\t\t<div class=\"elementor-container elementor-column-gap-default\">\n\t\t\t\t\t<div class=\"elementor-column elementor-col-100 elementor-top-column elementor-element elementor-element-e63bd34\" data-id=\"e63bd34\" data-element_type=\"column\">\n\t\t\t<div class=\"elementor-widget-wrap elementor-element-populated\">\n\t\t\t\t\t\t<section class=\"elementor-section elementor-inner-section elementor-element elementor-element-0b79421 elementor-section-boxed elementor-section-height-default elementor-section-height-default\" data-id=\"0b79421\" data-element_type=\"section\">\n\t\t\t\t\t\t<div class=\"elementor-container elementor-column-gap-default\">\n\t\t\t\t\t<div class=\"elementor-column elementor-col-100 elementor-inner-column elementor-element elementor-element-bb0ded5\" data-id=\"bb0ded5\" data-element_type=\"column\">\n\t\t\t<div class=\"elementor-widget-wrap elementor-element-populated\">\n\t\t\t\t\t\t<div class=\"elementor-element elementor-element-759b076 elementor-widget elementor-widget-heading\" data-id=\"759b076\" data-element_type=\"widget\" data-widget_type=\"heading.default\">\n\t\t\t\t<div class=\"elementor-widget-container\">\n\t\t\t\t\t<h3 class=\"elementor-heading-title elementor-size-default\">\u00davod<\/h3>\t\t\t\t<\/div>\n\t\t\t\t<\/div>\n\t\t\t\t<div class=\"elementor-element elementor-element-5aa9d5d elementor-widget elementor-widget-text-editor\" data-id=\"5aa9d5d\" data-element_type=\"widget\" data-widget_type=\"text-editor.default\">\n\t\t\t\t<div class=\"elementor-widget-container\">\n\t\t\t\t\t\t\t\t\t<p style=\"text-align: justify;\">Predkladan\u00e1 vysoko\u0161kolsk\u00e1 u\u010debnica predstavuje jeden z fin\u00e1lnych v\u00fdstupov projektu 001UCM-2-1\/2022 <em>Inov\u00e1cia a digitaliz\u00e1cia dopl\u0148uj\u00faceho pedagogick\u00e9ho \u0161t\u00fadia a\u00a0roz\u0161iruj\u00faceho \u0161t\u00fadia na FF UCM v Trnave<\/em>. Publik\u00e1cia je prim\u00e1rne ur\u010den\u00e1 posluch\u00e1\u010dom roz\u0161iruj\u00faceho \u0161t\u00fadia, ktor\u00ed si dop\u013a\u0148aj\u00fa svoju aprob\u00e1ciu o predmet dejepis. Sekund\u00e1rne predstavuje vhodn\u00fd \u0161tudijn\u00fd materi\u00e1l pre posluch\u00e1\u010dov jednoodborovej hist\u00f3rie a\u00a0u\u010dite\u013estva hist\u00f3rie v\u00a0kombin\u00e1cii v dennej i externej forme. U\u010debnica je vydan\u00e1 v dvoch verzi\u00e1ch: v tla\u010denej a elektronickej. V\u0161etci traja autori realizuj\u00fa v\u00fdu\u010dbu slovensk\u00fdch dej\u00edn na <em>Katedre historick\u00fdch vied a stredoeur\u00f3pskych \u0161t\u00fadi\u00ed na FF UCM <\/em>vo v\u0161etk\u00fdch pon\u00fakan\u00fdch form\u00e1ch vzdel\u00e1vania. Navy\u0161e Mgr. Ivana Dendys, PhD. predstavuje odborn\u00fa garantku didaktiky na pracovisku. Cie\u013eom bolo vytvori\u0165 vo\u013ene dostupn\u00fd \u0161tudijn\u00fd materi\u00e1l k t\u00e9me slovensk\u00fdch dej\u00edn od osvietensk\u00e9ho absolutizmu po obnovenie \u010ceskoslovenskej republiky v roku 1945. U\u010debnica pritom nezachyt\u00e1va cel\u00fd dejinn\u00fd v\u00fdvoj, ale \u201elen\u201c vybran\u00e9 \u0165a\u017eiskov\u00e9 t\u00e9my zodpovedaj\u00face jednotliv\u00fdm kapitol\u00e1m.<\/p><p style=\"text-align: justify;\">Jadro je rozdelen\u00e9 na tri ve\u013ek\u00e9 tematick\u00e9 celky. Prv\u00fd celok je venovan\u00fd obdobiu osvietensk\u00e9ho absolutizmu v habsburskej monarchii, chronologicky vymedzen\u00e9ho rokmi 1740 a\u017e 1792. Celok tvoria tri kapitoly, z ktor\u00fdch ka\u017ed\u00e1 analyzuje p\u00f4sobenie v\u017edy jedn\u00e9ho osvietensk\u00e9ho panovn\u00edka. Prv\u00e1 kapitola je zameran\u00e1 na vl\u00e1du habsburskej panovn\u00ed\u010dky M\u00e1rie Ter\u00e9zie. V \u00favode je op\u00edsan\u00e1 jej mlados\u0165, vzdel\u00e1vanie, osobn\u00fd \u017eivot a okolnosti n\u00e1stupu na tr\u00f3n. Nasleduje obdobie vojen o rak\u00faske, respekt\u00edve habsbursk\u00e9 dedi\u010dstvo, po\u010das ktor\u00fdch musela panovn\u00ed\u010dka vojensky h\u00e1ji\u0165 \u00fazemn\u00fa integritu monarchie proti n\u00e1rokom jednotliv\u00fdch eur\u00f3pskych \u0161t\u00e1tov. \u010ealej je priestor venovan\u00fd vybran\u00fdm reform\u00e1m M\u00e1rie Ter\u00e9zie a vysvetleniu historick\u00fdch pojmov ako \u201eosvietenstvo\u201c \u010di \u201eosvietensk\u00fd absolutizmus\u201c. Druh\u00e1 kapitola je z tematick\u00e9ho h\u013eadiska zameran\u00e1 na dobu vl\u00e1dy Jozefa II. V \u00favodnej \u010dasti je op\u00edsan\u00e9 jeho dospievanie a vzdel\u00e1vanie. \u010eal\u0161ia \u010das\u0165 sa venuje obdobiu Jozefovej spoluvl\u00e1dy s jeho matkou M\u00e1riou Ter\u00e9ziou, ke\u010f vtedaj\u0161\u00ed rak\u00fasky arcivojvoda podnikal nieko\u013eko ciest v r\u00e1mci habsbursk\u00fdch dedi\u010dn\u00fdch kraj\u00edn a tie\u017e niektor\u00fdch susedn\u00fdch \u0161t\u00e1tov. Z\u00e1vere\u010dn\u00e1 \u010das\u0165 druhej kapitoly je zameran\u00e1 na peri\u00f3du Jozefovej samovl\u00e1dy, po\u010das ktorej panovn\u00edk zaviedol do praxe viacero d\u00f4le\u017eit\u00fdch reformn\u00fdch opatren\u00ed. Tretia kapitola je obsahovo zameran\u00e1 na obdobie panovania Leopolda II. V \u00favode je op\u00edsan\u00e1 jeho mlados\u0165, dospievanie a p\u00f4sobenie v Tosk\u00e1nskom ve\u013ekovojvodstve. Z\u00e1vere\u010dn\u00e1 \u010das\u0165 tretej kapitoly sa venuje udalostiam, ktor\u00e9 nastali po Leopoldovom n\u00e1stupe na panovn\u00edcky tr\u00f3n habsburskej monarchie.\u00a0<\/p><p style=\"text-align: justify;\">Druh\u00fd celok mapuje tzv. dlh\u00e9 19. storo\u010die, ktor\u00e9 je v u\u010debnici vymedzen\u00e9 rokmi 1790 &#8211; 1914, a pozost\u00e1va zo \u0161tyroch kapitol, ktor\u00e9 zachyt\u00e1vaj\u00fa ve\u013ek\u00e9 t\u00e9my tiahnuce sa naprie\u010d cel\u00fdm sledovan\u00fdm obdob\u00edm. \u0160tvrt\u00e1 kapitola sa zaober\u00e1 osobnos\u0165ami knie\u017ea\u0165a Klemensa Wenzela von Metternicha a bar\u00f3na Alexandra von Bacha s d\u00f4razom na ich vn\u00fatorn\u00fa politiku. Cie\u013eom je pribl\u00ed\u017ei\u0165 vplyv <em>metternichovsk\u00e9ho absolutizmu <\/em>a<em> neoabsolutizmu<\/em> na mo\u017enosti formovania slovensk\u00e9ho n\u00e1rodn\u00e9ho hnutia. Piata kapitola sa zameriava na objasnenie kult\u00farno-politickej situ\u00e1cie v habsburskej monarchii prostredn\u00edctvom n\u00e1rodn\u00e9ho hnutia Slov\u00e1kov a dokumentov, ktor\u00e9 formulovali s cie\u013eom z\u00edska\u0165 priznanie svojich n\u00e1rodn\u00fdch i politick\u00fdch pr\u00e1v. Nosn\u00fa \u010das\u0165 kapitoly tvor\u00ed \u0161es\u0165 vybran\u00fdch dokumentov, pri ktor\u00fdch analyzujeme okolnosti ich vzniku a v\u00fdznam pre slovensk\u00e9 n\u00e1rodn\u00e9 hnutie. \u0160iesta kapitola je venovan\u00e1 spolkom a kult\u00farnym ustanovizniam, v ktor\u00fdch sa zdru\u017eovali Slov\u00e1ci v sledovanom obdob\u00ed nielen doma, ale aj v Amerike. \u0164a\u017eiskov\u00e1 \u010das\u0165 kapitoly pribli\u017euje okolnosti vzniku, hlavn\u00fa \u010dinnos\u0165, ciele, k\u013e\u00fa\u010dov\u00e9 osobnosti a okolnosti z\u00e1niku 11 vybran\u00fdch spolkov a kult\u00farnych ustanovizn\u00ed s celon\u00e1rodnou i region\u00e1lnou p\u00f4sobnos\u0165ou a v\u00fdznamom. Siedma kapitola predstavuje vys\u0165ahovalectvo ako neopomenute\u013en\u00fd fenom\u00e9n 19. storo\u010dia. V jednotliv\u00fdch podkapitol\u00e1ch s\u00fa zachyten\u00e9 hlavn\u00e9 pr\u00ed\u010diny vys\u0165ahovalectva z n\u00e1\u0161ho \u00fazemia, spolo\u010densko-politick\u00e1 situ\u00e1cia na Slovensku a aktivita Slov\u00e1kov v Amerike.<\/p><p style=\"text-align: justify;\">Posledn\u00fd celok sa sklad\u00e1 zo \u0161tyroch kapitol a chronologicky zachyt\u00e1va obdobie prvej polovice 20. storo\u010dia. V porad\u00ed \u00f4sma kapitola sa zaober\u00e1 vznikom \u010ceskoslovenska v roku 1918. T\u00fato udalos\u0165 mo\u017eno pova\u017eova\u0165 za v\u00fdznamn\u00fd dejinn\u00fd m\u00ed\u013enik. Analyzovan\u00e1 je najm\u00e4 \u010dinnos\u0165 zahrani\u010dn\u00e9ho a dom\u00e1ceho odboja. N\u00e1sledne je venovan\u00fd priestor okolnostiam vyhl\u00e1senia spolo\u010dn\u00e9ho \u0161t\u00e1tu v Prahe, ako aj deklara\u010dn\u00e9mu zhroma\u017edeniu v Tur\u010dianskom Sv\u00e4tom Martine. Deviata kapitola pojedn\u00e1va o agres\u00edvnej zahrani\u010dnej politike nacistick\u00e9ho Nemecka, ktor\u00e1 v roku 1938 viedla k hrani\u010dn\u00fdm zmen\u00e1m. Vo vz\u0165ahu k hrani\u010dn\u00fdm zmen\u00e1m s\u00fa analyzovan\u00e9 dopady <em>Mn\u00edchovskej dohody<\/em>, <em>Viedenskej arbitr\u00e1\u017ee<\/em> a po\u013esk\u00e9ho z\u00e1boru. Samotn\u00e9 rozbitie republiky je predmetom predposlednej kapitoly. D\u00f4raz je kladen\u00fd na situ\u00e1ciu na Slovensku a \u010dinnos\u0165 <em>Hlinkovej slovenskej \u013eudovej strany<\/em>. Z\u00e1vere\u010dn\u00e1 kapitola sa zameriava na proces obnovenia \u010ceskoslovenska v rokoch 1939 a\u017e 1945. Pomerne podrobne rozober\u00e1 kroky zahrani\u010dn\u00e9ho exilu a slovensk\u00e9ho dom\u00e1ceho odboja. Priestor je tak isto venovan\u00fd v\u00fdznamu a d\u00f4sledkom <em>Slovensk\u00e9ho n\u00e1rodn\u00e9ho povstania<\/em>, moskovsk\u00fdch rokovan\u00ed ako aj <em>Ko\u0161ick\u00e9ho vl\u00e1dneho programu<\/em>.<\/p><p style=\"text-align: justify;\">V\u0161etky celky obsahuj\u00fa okrem historickej aj didaktick\u00fa \u010das\u0165. T\u00e1 sa nach\u00e1dza na konci ka\u017edej kapitoly a je reprezentovan\u00e1 v\u017edy aspo\u0148 jedn\u00fdm dobov\u00fdm materi\u00e1lom, tromi ot\u00e1zkami \u010di \u00falohami ako aj dopl\u0148uj\u00facou literat\u00farou. V pr\u00edpade dobov\u00fdch materi\u00e1lov s\u00fa uverejnen\u00e9 texty v p\u00f4vodnej jazykovej mut\u00e1cii (sloven\u010dina alebo \u010de\u0161tina), bez korektorsk\u00fdch z\u00e1sahov. Dodr\u017ean\u00e9 s\u00fa v\u0161etky gramatick\u00e9 a \u0161tylistick\u00e9 n\u00e1le\u017eitosti origin\u00e1lu, a to aj vtedy, ak s\u00fa v rozpore s dnes platnou normou spisovn\u00e9ho jazyka. V r\u00e1mci ot\u00e1zok a \u00faloh sme pripravili faktografick\u00e9 i komplexn\u00e9 zadania. Komplexn\u00e9 \u00falohy reprezentuj\u00fa napr\u00edklad anal\u00fdza dobov\u00e9ho audiovizu\u00e1lneho dokumentu, pr\u00e1ca s online datab\u00e1zami, rozbor p\u00edsomn\u00fdch prame\u0148ov a pod. D\u00f4raz je kladen\u00fd na \u0161tudentovu vlastn\u00fa interpret\u00e1ciu a kreativitu. Elektronick\u00e1 verzia u\u010debnice je navy\u0161e doplnen\u00e1 o \u201espr\u00e1vne\u201c odpovede. Ka\u017ed\u00e1 kapitola obsahuje odpor\u00fa\u010dan\u00fa literat\u00faru. Pre lep\u0161iu orient\u00e1ciu je pri jednotliv\u00fdch publik\u00e1ci\u00e1ch uveden\u00e1 stru\u010dn\u00e1 charakteristika ich tematick\u00e9ho zamerania.<\/p>\t\t\t\t\t\t\t\t<\/div>\n\t\t\t\t<\/div>\n\t\t\t\t\t<\/div>\n\t\t<\/div>\n\t\t\t\t\t<\/div>\n\t\t<\/section>\n\t\t\t\t\t<\/div>\n\t\t<\/div>\n\t\t\t\t\t<\/div>\n\t\t<\/section>\n\t\t\t\t<\/div>\n\t\t","protected":false},"excerpt":{"rendered":"<p>Kapitoly z dej\u00edn Slovenska 1740 \u2013 1945 \u00davod Predkladan\u00e1 vysoko\u0161kolsk\u00e1 u\u010debnica predstavuje jeden z fin\u00e1lnych v\u00fdstupov projektu 001UCM-2-1\/2022 Inov\u00e1cia a digitaliz\u00e1cia dopl\u0148uj\u00faceho pedagogick\u00e9ho \u0161t\u00fadia a\u00a0roz\u0161iruj\u00faceho \u0161t\u00fadia na FF UCM v Trnave. Publik\u00e1cia je prim\u00e1rne ur\u010den\u00e1 posluch\u00e1\u010dom roz\u0161iruj\u00faceho \u0161t\u00fadia, ktor\u00ed si dop\u013a\u0148aj\u00fa svoju aprob\u00e1ciu o predmet dejepis. Sekund\u00e1rne predstavuje vhodn\u00fd \u0161tudijn\u00fd materi\u00e1l pre posluch\u00e1\u010dov jednoodborovej hist\u00f3rie [&hellip;]<\/p>\n","protected":false},"author":3,"featured_media":0,"parent":0,"menu_order":0,"comment_status":"closed","ping_status":"closed","template":"","meta":{"footnotes":""},"class_list":["post-2060","page","type-page","status-publish","hentry"],"_links":{"self":[{"href":"https:\/\/e-ucebnice.ff.ucm.sk\/index.php\/wp-json\/wp\/v2\/pages\/2060","targetHints":{"allow":["GET"]}}],"collection":[{"href":"https:\/\/e-ucebnice.ff.ucm.sk\/index.php\/wp-json\/wp\/v2\/pages"}],"about":[{"href":"https:\/\/e-ucebnice.ff.ucm.sk\/index.php\/wp-json\/wp\/v2\/types\/page"}],"author":[{"embeddable":true,"href":"https:\/\/e-ucebnice.ff.ucm.sk\/index.php\/wp-json\/wp\/v2\/users\/3"}],"replies":[{"embeddable":true,"href":"https:\/\/e-ucebnice.ff.ucm.sk\/index.php\/wp-json\/wp\/v2\/comments?post=2060"}],"version-history":[{"count":4,"href":"https:\/\/e-ucebnice.ff.ucm.sk\/index.php\/wp-json\/wp\/v2\/pages\/2060\/revisions"}],"predecessor-version":[{"id":2116,"href":"https:\/\/e-ucebnice.ff.ucm.sk\/index.php\/wp-json\/wp\/v2\/pages\/2060\/revisions\/2116"}],"wp:attachment":[{"href":"https:\/\/e-ucebnice.ff.ucm.sk\/index.php\/wp-json\/wp\/v2\/media?parent=2060"}],"curies":[{"name":"wp","href":"https:\/\/api.w.org\/{rel}","templated":true}]}}