{"id":2064,"date":"2023-03-01T12:45:15","date_gmt":"2023-03-01T11:45:15","guid":{"rendered":"https:\/\/e-ucebnice.ff.ucm.sk\/?page_id=2064"},"modified":"2023-03-01T18:23:54","modified_gmt":"2023-03-01T17:23:54","slug":"kapitoly-z-dejin-slovenska-2","status":"publish","type":"page","link":"https:\/\/e-ucebnice.ff.ucm.sk\/index.php\/kapitoly-z-dejin-slovenska-2\/","title":{"rendered":"Kapitoly z dej\u00edn Slovenska-2"},"content":{"rendered":"\t\t<div data-elementor-type=\"wp-page\" data-elementor-id=\"2064\" class=\"elementor elementor-2064\" data-elementor-post-type=\"page\">\n\t\t\t\t\t\t<section class=\"elementor-section elementor-top-section elementor-element elementor-element-1ce400b elementor-section-height-min-height elementor-section-boxed elementor-section-height-default elementor-section-items-middle\" data-id=\"1ce400b\" data-element_type=\"section\" data-settings=\"{&quot;background_background&quot;:&quot;classic&quot;}\">\n\t\t\t\t\t\t\t<div class=\"elementor-background-overlay\"><\/div>\n\t\t\t\t\t\t\t<div class=\"elementor-container elementor-column-gap-default\">\n\t\t\t\t\t<div class=\"elementor-column elementor-col-100 elementor-top-column elementor-element elementor-element-ed4a397\" data-id=\"ed4a397\" data-element_type=\"column\">\n\t\t\t<div class=\"elementor-widget-wrap elementor-element-populated\">\n\t\t\t\t\t\t<div class=\"elementor-element elementor-element-6714302 elementor-widget elementor-widget-heading\" data-id=\"6714302\" data-element_type=\"widget\" data-widget_type=\"heading.default\">\n\t\t\t\t<div class=\"elementor-widget-container\">\n\t\t\t\t\t<h1 class=\"elementor-heading-title elementor-size-default\">Kapitoly z dej\u00edn Slovenska 1740 \u2013 1945<\/h1>\t\t\t\t<\/div>\n\t\t\t\t<\/div>\n\t\t\t\t\t<\/div>\n\t\t<\/div>\n\t\t\t\t\t<\/div>\n\t\t<\/section>\n\t\t\t\t<section class=\"elementor-section elementor-top-section elementor-element elementor-element-2858d6f elementor-section-boxed elementor-section-height-default elementor-section-height-default\" data-id=\"2858d6f\" data-element_type=\"section\">\n\t\t\t\t\t\t<div class=\"elementor-container elementor-column-gap-default\">\n\t\t\t\t\t<div class=\"elementor-column elementor-col-100 elementor-top-column elementor-element elementor-element-e63bd34\" data-id=\"e63bd34\" data-element_type=\"column\">\n\t\t\t<div class=\"elementor-widget-wrap elementor-element-populated\">\n\t\t\t\t\t\t<section class=\"elementor-section elementor-inner-section elementor-element elementor-element-0b79421 elementor-section-boxed elementor-section-height-default elementor-section-height-default\" data-id=\"0b79421\" data-element_type=\"section\">\n\t\t\t\t\t\t<div class=\"elementor-container elementor-column-gap-default\">\n\t\t\t\t\t<div class=\"elementor-column elementor-col-100 elementor-inner-column elementor-element elementor-element-bb0ded5\" data-id=\"bb0ded5\" data-element_type=\"column\">\n\t\t\t<div class=\"elementor-widget-wrap elementor-element-populated\">\n\t\t\t\t\t\t<div class=\"elementor-element elementor-element-759b076 elementor-widget elementor-widget-heading\" data-id=\"759b076\" data-element_type=\"widget\" data-widget_type=\"heading.default\">\n\t\t\t\t<div class=\"elementor-widget-container\">\n\t\t\t\t\t<h3 class=\"elementor-heading-title elementor-size-default\">Jozef II. \u2013 cestovate\u013e a radik\u00e1lny reform\u00e1tor<\/h3>\t\t\t\t<\/div>\n\t\t\t\t<\/div>\n\t\t\t\t<div class=\"elementor-element elementor-element-5aa9d5d elementor-widget elementor-widget-text-editor\" data-id=\"5aa9d5d\" data-element_type=\"widget\" data-widget_type=\"text-editor.default\">\n\t\t\t\t<div class=\"elementor-widget-container\">\n\t\t\t\t\t\t\t\t\t<p style=\"text-align: justify;\">Kapitola je tematicky zameran\u00e1 na osobu habsbursk\u00e9ho panovn\u00edka Jozefa II. Z\u00a0obsahovej str\u00e1nky sa prv\u00e1 \u010das\u0165 venuje obdobiu dospievania a\u00a0vzdel\u00e1vania, kedy neskor\u0161\u00ed monarcha formoval svoje prvotn\u00e9 n\u00e1zorov\u00e9 postoje. Nasleduj\u00faca \u010das\u0165 je zameran\u00e1 na peri\u00f3du Jozefovej spoluvl\u00e1dy s\u00a0jeho matkou, po\u010das ktorej prezentoval svoje predstavy na spravovanie mnohon\u00e1rodnostn\u00e9ho \u0161t\u00e1tu a\u00a0z\u00e1rove\u0148 podnikal cesty naprie\u010d eur\u00f3pskym kontinentom. V\u00a0z\u00e1vere\u010dnej \u010dasti, kedy u\u017e bol v\u00a0poz\u00edci\u00ed samostatn\u00e9ho vl\u00e1dcu, s\u00fa op\u00edsan\u00e9 jeho najd\u00f4le\u017eitej\u0161ie reformn\u00e9 opatrenia, ktor\u00e9 zav\u00e1dzal v\u00a0jednotliv\u00fdch krajin\u00e1ch monarchie.<\/p>\t\t\t\t\t\t\t\t<\/div>\n\t\t\t\t<\/div>\n\t\t\t\t\t<\/div>\n\t\t<\/div>\n\t\t\t\t\t<\/div>\n\t\t<\/section>\n\t\t\t\t\t<\/div>\n\t\t<\/div>\n\t\t\t\t\t<\/div>\n\t\t<\/section>\n\t\t\t\t<\/div>\n\t\t","protected":false},"excerpt":{"rendered":"<p>Kapitoly z dej\u00edn Slovenska 1740 \u2013 1945 Jozef II. \u2013 cestovate\u013e a radik\u00e1lny reform\u00e1tor Kapitola je tematicky zameran\u00e1 na osobu habsbursk\u00e9ho panovn\u00edka Jozefa II. Z\u00a0obsahovej str\u00e1nky sa prv\u00e1 \u010das\u0165 venuje obdobiu dospievania a\u00a0vzdel\u00e1vania, kedy neskor\u0161\u00ed monarcha formoval svoje prvotn\u00e9 n\u00e1zorov\u00e9 postoje. Nasleduj\u00faca \u010das\u0165 je zameran\u00e1 na peri\u00f3du Jozefovej spoluvl\u00e1dy s\u00a0jeho matkou, po\u010das ktorej prezentoval svoje [&hellip;]<\/p>\n","protected":false},"author":3,"featured_media":0,"parent":0,"menu_order":0,"comment_status":"closed","ping_status":"closed","template":"","meta":{"footnotes":""},"class_list":["post-2064","page","type-page","status-publish","hentry"],"_links":{"self":[{"href":"https:\/\/e-ucebnice.ff.ucm.sk\/index.php\/wp-json\/wp\/v2\/pages\/2064","targetHints":{"allow":["GET"]}}],"collection":[{"href":"https:\/\/e-ucebnice.ff.ucm.sk\/index.php\/wp-json\/wp\/v2\/pages"}],"about":[{"href":"https:\/\/e-ucebnice.ff.ucm.sk\/index.php\/wp-json\/wp\/v2\/types\/page"}],"author":[{"embeddable":true,"href":"https:\/\/e-ucebnice.ff.ucm.sk\/index.php\/wp-json\/wp\/v2\/users\/3"}],"replies":[{"embeddable":true,"href":"https:\/\/e-ucebnice.ff.ucm.sk\/index.php\/wp-json\/wp\/v2\/comments?post=2064"}],"version-history":[{"count":4,"href":"https:\/\/e-ucebnice.ff.ucm.sk\/index.php\/wp-json\/wp\/v2\/pages\/2064\/revisions"}],"predecessor-version":[{"id":2191,"href":"https:\/\/e-ucebnice.ff.ucm.sk\/index.php\/wp-json\/wp\/v2\/pages\/2064\/revisions\/2191"}],"wp:attachment":[{"href":"https:\/\/e-ucebnice.ff.ucm.sk\/index.php\/wp-json\/wp\/v2\/media?parent=2064"}],"curies":[{"name":"wp","href":"https:\/\/api.w.org\/{rel}","templated":true}]}}