{"id":2072,"date":"2023-03-01T12:46:43","date_gmt":"2023-03-01T11:46:43","guid":{"rendered":"https:\/\/e-ucebnice.ff.ucm.sk\/?page_id=2072"},"modified":"2023-03-02T09:01:51","modified_gmt":"2023-03-02T08:01:51","slug":"kapitoly-z-dejin-slovenska-6","status":"publish","type":"page","link":"https:\/\/e-ucebnice.ff.ucm.sk\/index.php\/kapitoly-z-dejin-slovenska-6\/","title":{"rendered":"Kapitoly z dej\u00edn Slovenska-6"},"content":{"rendered":"\t\t<div data-elementor-type=\"wp-page\" data-elementor-id=\"2072\" class=\"elementor elementor-2072\" data-elementor-post-type=\"page\">\n\t\t\t\t\t\t<section class=\"elementor-section elementor-top-section elementor-element elementor-element-c27d9b3 elementor-section-height-min-height elementor-section-boxed elementor-section-height-default elementor-section-items-middle\" data-id=\"c27d9b3\" data-element_type=\"section\" data-settings=\"{&quot;background_background&quot;:&quot;classic&quot;}\">\n\t\t\t\t\t\t\t<div class=\"elementor-background-overlay\"><\/div>\n\t\t\t\t\t\t\t<div class=\"elementor-container elementor-column-gap-default\">\n\t\t\t\t\t<div class=\"elementor-column elementor-col-100 elementor-top-column elementor-element elementor-element-3769909\" data-id=\"3769909\" data-element_type=\"column\">\n\t\t\t<div class=\"elementor-widget-wrap elementor-element-populated\">\n\t\t\t\t\t\t<div class=\"elementor-element elementor-element-07324f2 elementor-widget elementor-widget-heading\" data-id=\"07324f2\" data-element_type=\"widget\" data-widget_type=\"heading.default\">\n\t\t\t\t<div class=\"elementor-widget-container\">\n\t\t\t\t\t<h1 class=\"elementor-heading-title elementor-size-default\">Kapitoly z dej\u00edn Slovenska 1740 \u2013 1945<\/h1>\t\t\t\t<\/div>\n\t\t\t\t<\/div>\n\t\t\t\t\t<\/div>\n\t\t<\/div>\n\t\t\t\t\t<\/div>\n\t\t<\/section>\n\t\t\t\t<section class=\"elementor-section elementor-top-section elementor-element elementor-element-2858d6f elementor-section-boxed elementor-section-height-default elementor-section-height-default\" data-id=\"2858d6f\" data-element_type=\"section\">\n\t\t\t\t\t\t<div class=\"elementor-container elementor-column-gap-default\">\n\t\t\t\t\t<div class=\"elementor-column elementor-col-100 elementor-top-column elementor-element elementor-element-e63bd34\" data-id=\"e63bd34\" data-element_type=\"column\">\n\t\t\t<div class=\"elementor-widget-wrap elementor-element-populated\">\n\t\t\t\t\t\t<section class=\"elementor-section elementor-inner-section elementor-element elementor-element-0b79421 elementor-section-boxed elementor-section-height-default elementor-section-height-default\" data-id=\"0b79421\" data-element_type=\"section\">\n\t\t\t\t\t\t<div class=\"elementor-container elementor-column-gap-default\">\n\t\t\t\t\t<div class=\"elementor-column elementor-col-100 elementor-inner-column elementor-element elementor-element-bb0ded5\" data-id=\"bb0ded5\" data-element_type=\"column\">\n\t\t\t<div class=\"elementor-widget-wrap elementor-element-populated\">\n\t\t\t\t\t\t<div class=\"elementor-element elementor-element-759b076 elementor-widget elementor-widget-heading\" data-id=\"759b076\" data-element_type=\"widget\" data-widget_type=\"heading.default\">\n\t\t\t\t<div class=\"elementor-widget-container\">\n\t\t\t\t\t<h3 class=\"elementor-heading-title elementor-size-default\">Spolky a kult\u00farne ustanovizne v \u201edlhom\u201c 19. Storo\u010d\u00ed<\/h3>\t\t\t\t<\/div>\n\t\t\t\t<\/div>\n\t\t\t\t<div class=\"elementor-element elementor-element-5aa9d5d elementor-widget elementor-widget-text-editor\" data-id=\"5aa9d5d\" data-element_type=\"widget\" data-widget_type=\"text-editor.default\">\n\t\t\t\t<div class=\"elementor-widget-container\">\n\t\t\t\t\t\t\t\t\t<p style=\"text-align: justify;\">Kapitola sa v\u00a0\u00favode venuje pribl\u00ed\u017eeniu okolnost\u00ed okolo vzniku spolkov \u010di in\u0161tit\u00faci\u00ed, ktor\u00e9 zdru\u017eovali \u013eud\u00ed na z\u00e1klade ur\u010dit\u00fdch \u0161pecifick\u00fdch spolo\u010dn\u00fdch motiv\u00e1ci\u00ed, a\u00a0n\u00e1sledne predstavuje najv\u00fdznamnej\u0161ie spolky, ktor\u00e9 vznikli z\u00a0iniciat\u00edvy slovensk\u00fdch vzdelancov. Jednotliv\u00e9 podkapitoly sa venuj\u00fa vybran\u00fdm spolkom celon\u00e1rodn\u00e9ho v\u00fdznamu, ktor\u00e9 v\u00fdrazn\u00fdm sp\u00f4sobom zasiahli do slovensk\u00e9ho n\u00e1rodn\u00e9ho hnutia a\u00a0do procesu formovania modern\u00e9ho slovensk\u00e9ho n\u00e1roda. Op\u00edsan\u00e9 s\u00fa okolnosti ich vzniku, hlavn\u00e1 \u010dinnos\u0165, ciele a\u00a0k\u013e\u00fa\u010dov\u00e9 osobnosti a\u00a0napokon okolnosti z\u00e1niku.<\/p>\t\t\t\t\t\t\t\t<\/div>\n\t\t\t\t<\/div>\n\t\t\t\t\t<\/div>\n\t\t<\/div>\n\t\t\t\t\t<\/div>\n\t\t<\/section>\n\t\t\t\t\t<\/div>\n\t\t<\/div>\n\t\t\t\t\t<\/div>\n\t\t<\/section>\n\t\t\t\t<\/div>\n\t\t","protected":false},"excerpt":{"rendered":"<p>Kapitoly z dej\u00edn Slovenska 1740 \u2013 1945 Spolky a kult\u00farne ustanovizne v \u201edlhom\u201c 19. Storo\u010d\u00ed Kapitola sa v\u00a0\u00favode venuje pribl\u00ed\u017eeniu okolnost\u00ed okolo vzniku spolkov \u010di in\u0161tit\u00faci\u00ed, ktor\u00e9 zdru\u017eovali \u013eud\u00ed na z\u00e1klade ur\u010dit\u00fdch \u0161pecifick\u00fdch spolo\u010dn\u00fdch motiv\u00e1ci\u00ed, a\u00a0n\u00e1sledne predstavuje najv\u00fdznamnej\u0161ie spolky, ktor\u00e9 vznikli z\u00a0iniciat\u00edvy slovensk\u00fdch vzdelancov. Jednotliv\u00e9 podkapitoly sa venuj\u00fa vybran\u00fdm spolkom celon\u00e1rodn\u00e9ho v\u00fdznamu, ktor\u00e9 v\u00fdrazn\u00fdm sp\u00f4sobom [&hellip;]<\/p>\n","protected":false},"author":3,"featured_media":0,"parent":0,"menu_order":0,"comment_status":"closed","ping_status":"closed","template":"","meta":{"footnotes":""},"class_list":["post-2072","page","type-page","status-publish","hentry"],"_links":{"self":[{"href":"https:\/\/e-ucebnice.ff.ucm.sk\/index.php\/wp-json\/wp\/v2\/pages\/2072","targetHints":{"allow":["GET"]}}],"collection":[{"href":"https:\/\/e-ucebnice.ff.ucm.sk\/index.php\/wp-json\/wp\/v2\/pages"}],"about":[{"href":"https:\/\/e-ucebnice.ff.ucm.sk\/index.php\/wp-json\/wp\/v2\/types\/page"}],"author":[{"embeddable":true,"href":"https:\/\/e-ucebnice.ff.ucm.sk\/index.php\/wp-json\/wp\/v2\/users\/3"}],"replies":[{"embeddable":true,"href":"https:\/\/e-ucebnice.ff.ucm.sk\/index.php\/wp-json\/wp\/v2\/comments?post=2072"}],"version-history":[{"count":4,"href":"https:\/\/e-ucebnice.ff.ucm.sk\/index.php\/wp-json\/wp\/v2\/pages\/2072\/revisions"}],"predecessor-version":[{"id":2418,"href":"https:\/\/e-ucebnice.ff.ucm.sk\/index.php\/wp-json\/wp\/v2\/pages\/2072\/revisions\/2418"}],"wp:attachment":[{"href":"https:\/\/e-ucebnice.ff.ucm.sk\/index.php\/wp-json\/wp\/v2\/media?parent=2072"}],"curies":[{"name":"wp","href":"https:\/\/api.w.org\/{rel}","templated":true}]}}