{"id":2076,"date":"2023-03-01T12:47:23","date_gmt":"2023-03-01T11:47:23","guid":{"rendered":"https:\/\/e-ucebnice.ff.ucm.sk\/?page_id=2076"},"modified":"2023-03-02T10:29:32","modified_gmt":"2023-03-02T09:29:32","slug":"kapitoly-z-dejin-slovenska-8","status":"publish","type":"page","link":"https:\/\/e-ucebnice.ff.ucm.sk\/index.php\/kapitoly-z-dejin-slovenska-8\/","title":{"rendered":"Kapitoly z dej\u00edn Slovenska-8"},"content":{"rendered":"\t\t<div data-elementor-type=\"wp-page\" data-elementor-id=\"2076\" class=\"elementor elementor-2076\" data-elementor-post-type=\"page\">\n\t\t\t\t\t\t<section class=\"elementor-section elementor-top-section elementor-element elementor-element-1bfcb84 elementor-section-height-min-height elementor-section-boxed elementor-section-height-default elementor-section-items-middle\" data-id=\"1bfcb84\" data-element_type=\"section\" data-settings=\"{&quot;background_background&quot;:&quot;classic&quot;}\">\n\t\t\t\t\t\t\t<div class=\"elementor-background-overlay\"><\/div>\n\t\t\t\t\t\t\t<div class=\"elementor-container elementor-column-gap-default\">\n\t\t\t\t\t<div class=\"elementor-column elementor-col-100 elementor-top-column elementor-element elementor-element-98d5174\" data-id=\"98d5174\" data-element_type=\"column\">\n\t\t\t<div class=\"elementor-widget-wrap elementor-element-populated\">\n\t\t\t\t\t\t<div class=\"elementor-element elementor-element-9d253b9 elementor-widget elementor-widget-heading\" data-id=\"9d253b9\" data-element_type=\"widget\" data-widget_type=\"heading.default\">\n\t\t\t\t<div class=\"elementor-widget-container\">\n\t\t\t\t\t<h1 class=\"elementor-heading-title elementor-size-default\">Kapitoly z dej\u00edn Slovenska 1740 \u2013 1945<\/h1>\t\t\t\t<\/div>\n\t\t\t\t<\/div>\n\t\t\t\t\t<\/div>\n\t\t<\/div>\n\t\t\t\t\t<\/div>\n\t\t<\/section>\n\t\t\t\t<section class=\"elementor-section elementor-top-section elementor-element elementor-element-2858d6f elementor-section-boxed elementor-section-height-default elementor-section-height-default\" data-id=\"2858d6f\" data-element_type=\"section\">\n\t\t\t\t\t\t<div class=\"elementor-container elementor-column-gap-default\">\n\t\t\t\t\t<div class=\"elementor-column elementor-col-100 elementor-top-column elementor-element elementor-element-e63bd34\" data-id=\"e63bd34\" data-element_type=\"column\">\n\t\t\t<div class=\"elementor-widget-wrap elementor-element-populated\">\n\t\t\t\t\t\t<section class=\"elementor-section elementor-inner-section elementor-element elementor-element-0b79421 elementor-section-boxed elementor-section-height-default elementor-section-height-default\" data-id=\"0b79421\" data-element_type=\"section\">\n\t\t\t\t\t\t<div class=\"elementor-container elementor-column-gap-default\">\n\t\t\t\t\t<div class=\"elementor-column elementor-col-100 elementor-inner-column elementor-element elementor-element-bb0ded5\" data-id=\"bb0ded5\" data-element_type=\"column\">\n\t\t\t<div class=\"elementor-widget-wrap elementor-element-populated\">\n\t\t\t\t\t\t<div class=\"elementor-element elementor-element-759b076 elementor-widget elementor-widget-heading\" data-id=\"759b076\" data-element_type=\"widget\" data-widget_type=\"heading.default\">\n\t\t\t\t<div class=\"elementor-widget-container\">\n\t\t\t\t\t<h3 class=\"elementor-heading-title elementor-size-default\">Vznik \u010ceskoslovenska<\/h3>\t\t\t\t<\/div>\n\t\t\t\t<\/div>\n\t\t\t\t<div class=\"elementor-element elementor-element-5aa9d5d elementor-widget elementor-widget-text-editor\" data-id=\"5aa9d5d\" data-element_type=\"widget\" data-widget_type=\"text-editor.default\">\n\t\t\t\t<div class=\"elementor-widget-container\">\n\t\t\t\t\t\t\t\t\t<p style=\"text-align: justify;\">Prezentovan\u00e1 kapitola sa v\u00a0\u00favode stru\u010dne zaober\u00e1 situ\u00e1ciou na hlavn\u00fdch eur\u00f3pskych frontoch prvej svetovej vojny v\u00a0roku 1918. Predmetom s\u00fa najm\u00e4 vojensk\u00e9 ne\u00faspechy \u00fastredn\u00fdch mocnost\u00ed, medzi ktor\u00e9 patrilo aj Rak\u00fasko-Uhorsko. \u010eal\u0161ia \u010das\u0165 sa obsahovo zameriava na najv\u00fdznamnej\u0161ie osobnosti, kroky, org\u00e1ny a\u00a0memorand\u00e1 zahrani\u010dn\u00e9ho i\u00a0dom\u00e1ceho odboja. V\u00a0z\u00e1vere s\u00fa analyzovan\u00e9 okolnosti vyhl\u00e1senia spolo\u010dn\u00e9ho \u0161t\u00e1tu v\u00a0Prahe. V\u00a0kontexte Slovenska je venovan\u00fd priestor prijatiu <em>Deklar\u00e1cie slovensk\u00e9ho n\u00e1roda<\/em> v\u00a0Tur\u010dianskom Sv\u00e4tom Martine.<\/p>\t\t\t\t\t\t\t\t<\/div>\n\t\t\t\t<\/div>\n\t\t\t\t\t<\/div>\n\t\t<\/div>\n\t\t\t\t\t<\/div>\n\t\t<\/section>\n\t\t\t\t\t<\/div>\n\t\t<\/div>\n\t\t\t\t\t<\/div>\n\t\t<\/section>\n\t\t\t\t<\/div>\n\t\t","protected":false},"excerpt":{"rendered":"<p>Kapitoly z dej\u00edn Slovenska 1740 \u2013 1945 Vznik \u010ceskoslovenska Prezentovan\u00e1 kapitola sa v\u00a0\u00favode stru\u010dne zaober\u00e1 situ\u00e1ciou na hlavn\u00fdch eur\u00f3pskych frontoch prvej svetovej vojny v\u00a0roku 1918. Predmetom s\u00fa najm\u00e4 vojensk\u00e9 ne\u00faspechy \u00fastredn\u00fdch mocnost\u00ed, medzi ktor\u00e9 patrilo aj Rak\u00fasko-Uhorsko. \u010eal\u0161ia \u010das\u0165 sa obsahovo zameriava na najv\u00fdznamnej\u0161ie osobnosti, kroky, org\u00e1ny a\u00a0memorand\u00e1 zahrani\u010dn\u00e9ho i\u00a0dom\u00e1ceho odboja. V\u00a0z\u00e1vere s\u00fa analyzovan\u00e9 okolnosti [&hellip;]<\/p>\n","protected":false},"author":3,"featured_media":0,"parent":0,"menu_order":0,"comment_status":"closed","ping_status":"closed","template":"","meta":{"footnotes":""},"class_list":["post-2076","page","type-page","status-publish","hentry"],"_links":{"self":[{"href":"https:\/\/e-ucebnice.ff.ucm.sk\/index.php\/wp-json\/wp\/v2\/pages\/2076","targetHints":{"allow":["GET"]}}],"collection":[{"href":"https:\/\/e-ucebnice.ff.ucm.sk\/index.php\/wp-json\/wp\/v2\/pages"}],"about":[{"href":"https:\/\/e-ucebnice.ff.ucm.sk\/index.php\/wp-json\/wp\/v2\/types\/page"}],"author":[{"embeddable":true,"href":"https:\/\/e-ucebnice.ff.ucm.sk\/index.php\/wp-json\/wp\/v2\/users\/3"}],"replies":[{"embeddable":true,"href":"https:\/\/e-ucebnice.ff.ucm.sk\/index.php\/wp-json\/wp\/v2\/comments?post=2076"}],"version-history":[{"count":4,"href":"https:\/\/e-ucebnice.ff.ucm.sk\/index.php\/wp-json\/wp\/v2\/pages\/2076\/revisions"}],"predecessor-version":[{"id":2556,"href":"https:\/\/e-ucebnice.ff.ucm.sk\/index.php\/wp-json\/wp\/v2\/pages\/2076\/revisions\/2556"}],"wp:attachment":[{"href":"https:\/\/e-ucebnice.ff.ucm.sk\/index.php\/wp-json\/wp\/v2\/media?parent=2076"}],"curies":[{"name":"wp","href":"https:\/\/api.w.org\/{rel}","templated":true}]}}