{"id":2078,"date":"2023-03-01T12:47:41","date_gmt":"2023-03-01T11:47:41","guid":{"rendered":"https:\/\/e-ucebnice.ff.ucm.sk\/?page_id=2078"},"modified":"2023-03-02T10:48:50","modified_gmt":"2023-03-02T09:48:50","slug":"kapitoly-z-dejin-slovenska-9","status":"publish","type":"page","link":"https:\/\/e-ucebnice.ff.ucm.sk\/index.php\/kapitoly-z-dejin-slovenska-9\/","title":{"rendered":"Kapitoly z dej\u00edn Slovenska-9"},"content":{"rendered":"\t\t<div data-elementor-type=\"wp-page\" data-elementor-id=\"2078\" class=\"elementor elementor-2078\" data-elementor-post-type=\"page\">\n\t\t\t\t\t\t<section class=\"elementor-section elementor-top-section elementor-element elementor-element-aaf2311 elementor-section-height-min-height elementor-section-boxed elementor-section-height-default elementor-section-items-middle\" data-id=\"aaf2311\" data-element_type=\"section\" data-settings=\"{&quot;background_background&quot;:&quot;classic&quot;}\">\n\t\t\t\t\t\t\t<div class=\"elementor-background-overlay\"><\/div>\n\t\t\t\t\t\t\t<div class=\"elementor-container elementor-column-gap-default\">\n\t\t\t\t\t<div class=\"elementor-column elementor-col-100 elementor-top-column elementor-element elementor-element-7a6f6a8\" data-id=\"7a6f6a8\" data-element_type=\"column\">\n\t\t\t<div class=\"elementor-widget-wrap elementor-element-populated\">\n\t\t\t\t\t\t<div class=\"elementor-element elementor-element-62aa996 elementor-widget elementor-widget-heading\" data-id=\"62aa996\" data-element_type=\"widget\" data-widget_type=\"heading.default\">\n\t\t\t\t<div class=\"elementor-widget-container\">\n\t\t\t\t\t<h1 class=\"elementor-heading-title elementor-size-default\">Kapitoly z dej\u00edn Slovenska 1740 \u2013 1945<\/h1>\t\t\t\t<\/div>\n\t\t\t\t<\/div>\n\t\t\t\t\t<\/div>\n\t\t<\/div>\n\t\t\t\t\t<\/div>\n\t\t<\/section>\n\t\t\t\t<section class=\"elementor-section elementor-top-section elementor-element elementor-element-2858d6f elementor-section-boxed elementor-section-height-default elementor-section-height-default\" data-id=\"2858d6f\" data-element_type=\"section\">\n\t\t\t\t\t\t<div class=\"elementor-container elementor-column-gap-default\">\n\t\t\t\t\t<div class=\"elementor-column elementor-col-100 elementor-top-column elementor-element elementor-element-e63bd34\" data-id=\"e63bd34\" data-element_type=\"column\">\n\t\t\t<div class=\"elementor-widget-wrap elementor-element-populated\">\n\t\t\t\t\t\t<section class=\"elementor-section elementor-inner-section elementor-element elementor-element-0b79421 elementor-section-boxed elementor-section-height-default elementor-section-height-default\" data-id=\"0b79421\" data-element_type=\"section\">\n\t\t\t\t\t\t<div class=\"elementor-container elementor-column-gap-default\">\n\t\t\t\t\t<div class=\"elementor-column elementor-col-100 elementor-inner-column elementor-element elementor-element-bb0ded5\" data-id=\"bb0ded5\" data-element_type=\"column\">\n\t\t\t<div class=\"elementor-widget-wrap elementor-element-populated\">\n\t\t\t\t\t\t<div class=\"elementor-element elementor-element-759b076 elementor-widget elementor-widget-heading\" data-id=\"759b076\" data-element_type=\"widget\" data-widget_type=\"heading.default\">\n\t\t\t\t<div class=\"elementor-widget-container\">\n\t\t\t\t\t<h3 class=\"elementor-heading-title elementor-size-default\">Rozpad bezpe\u010dnostn\u00e9ho syst\u00e9mu v Eur\u00f3pe, Mn\u00edchovsk\u00e1 dohoda a Viedensk\u00e1 arbitr\u00e1\u017e<\/h3>\t\t\t\t<\/div>\n\t\t\t\t<\/div>\n\t\t\t\t<div class=\"elementor-element elementor-element-5aa9d5d elementor-widget elementor-widget-text-editor\" data-id=\"5aa9d5d\" data-element_type=\"widget\" data-widget_type=\"text-editor.default\">\n\t\t\t\t<div class=\"elementor-widget-container\">\n\t\t\t\t\t\t\t\t\t<p style=\"text-align: justify;\">Kapitola sa v\u00a0\u00favode venuje nemeckej zahrani\u010dnej politike od n\u00e1stupu Adolfa Hitlera k moci, jej revizionistick\u00fdm a militaristick\u00fdm prejavom. Nasleduje stru\u010dn\u00e1 anal\u00fdza \u010deskoslovenskej zahrani\u010dnej politiky a\u00a0spojenectiev do roku 1935. V\u00a0\u010fal\u0161\u00edch \u010dastiach s\u00fa zachyten\u00e9 udalosti (zahrani\u010dn\u00e9 i\u00a0tuzemsk\u00e9), ktor\u00e9 viedli <em>k\u00a0Mn\u00edchovskej dohode<\/em>, <em>Viedenskej arbitr\u00e1\u017ei<\/em> a\u00a0po\u013esk\u00e9mu \u00fazemn\u00e9mu z\u00e1boru. Z\u00e1rove\u0148 je pop\u00edsan\u00fd samotn\u00fd priebeh konferenci\u00ed a ich najpodstatnej\u0161ie v\u00fdsledky.<\/p>\t\t\t\t\t\t\t\t<\/div>\n\t\t\t\t<\/div>\n\t\t\t\t\t<\/div>\n\t\t<\/div>\n\t\t\t\t\t<\/div>\n\t\t<\/section>\n\t\t\t\t\t<\/div>\n\t\t<\/div>\n\t\t\t\t\t<\/div>\n\t\t<\/section>\n\t\t\t\t<\/div>\n\t\t","protected":false},"excerpt":{"rendered":"<p>Kapitoly z dej\u00edn Slovenska 1740 \u2013 1945 Rozpad bezpe\u010dnostn\u00e9ho syst\u00e9mu v Eur\u00f3pe, Mn\u00edchovsk\u00e1 dohoda a Viedensk\u00e1 arbitr\u00e1\u017e Kapitola sa v\u00a0\u00favode venuje nemeckej zahrani\u010dnej politike od n\u00e1stupu Adolfa Hitlera k moci, jej revizionistick\u00fdm a militaristick\u00fdm prejavom. Nasleduje stru\u010dn\u00e1 anal\u00fdza \u010deskoslovenskej zahrani\u010dnej politiky a\u00a0spojenectiev do roku 1935. V\u00a0\u010fal\u0161\u00edch \u010dastiach s\u00fa zachyten\u00e9 udalosti (zahrani\u010dn\u00e9 i\u00a0tuzemsk\u00e9), ktor\u00e9 viedli k\u00a0Mn\u00edchovskej [&hellip;]<\/p>\n","protected":false},"author":3,"featured_media":0,"parent":0,"menu_order":0,"comment_status":"closed","ping_status":"closed","template":"","meta":{"footnotes":""},"class_list":["post-2078","page","type-page","status-publish","hentry"],"_links":{"self":[{"href":"https:\/\/e-ucebnice.ff.ucm.sk\/index.php\/wp-json\/wp\/v2\/pages\/2078","targetHints":{"allow":["GET"]}}],"collection":[{"href":"https:\/\/e-ucebnice.ff.ucm.sk\/index.php\/wp-json\/wp\/v2\/pages"}],"about":[{"href":"https:\/\/e-ucebnice.ff.ucm.sk\/index.php\/wp-json\/wp\/v2\/types\/page"}],"author":[{"embeddable":true,"href":"https:\/\/e-ucebnice.ff.ucm.sk\/index.php\/wp-json\/wp\/v2\/users\/3"}],"replies":[{"embeddable":true,"href":"https:\/\/e-ucebnice.ff.ucm.sk\/index.php\/wp-json\/wp\/v2\/comments?post=2078"}],"version-history":[{"count":4,"href":"https:\/\/e-ucebnice.ff.ucm.sk\/index.php\/wp-json\/wp\/v2\/pages\/2078\/revisions"}],"predecessor-version":[{"id":2596,"href":"https:\/\/e-ucebnice.ff.ucm.sk\/index.php\/wp-json\/wp\/v2\/pages\/2078\/revisions\/2596"}],"wp:attachment":[{"href":"https:\/\/e-ucebnice.ff.ucm.sk\/index.php\/wp-json\/wp\/v2\/media?parent=2078"}],"curies":[{"name":"wp","href":"https:\/\/api.w.org\/{rel}","templated":true}]}}