{"id":2082,"date":"2023-03-01T12:48:16","date_gmt":"2023-03-01T11:48:16","guid":{"rendered":"https:\/\/e-ucebnice.ff.ucm.sk\/?page_id=2082"},"modified":"2023-03-02T11:39:35","modified_gmt":"2023-03-02T10:39:35","slug":"kapitoly-z-dejin-slovenska-11","status":"publish","type":"page","link":"https:\/\/e-ucebnice.ff.ucm.sk\/index.php\/kapitoly-z-dejin-slovenska-11\/","title":{"rendered":"Kapitoly z dej\u00edn Slovenska-11"},"content":{"rendered":"\t\t<div data-elementor-type=\"wp-page\" data-elementor-id=\"2082\" class=\"elementor elementor-2082\" data-elementor-post-type=\"page\">\n\t\t\t\t\t\t<section class=\"elementor-section elementor-top-section elementor-element elementor-element-2a794c2 elementor-section-height-min-height elementor-section-boxed elementor-section-height-default elementor-section-items-middle\" data-id=\"2a794c2\" data-element_type=\"section\" data-settings=\"{&quot;background_background&quot;:&quot;classic&quot;}\">\n\t\t\t\t\t\t\t<div class=\"elementor-background-overlay\"><\/div>\n\t\t\t\t\t\t\t<div class=\"elementor-container elementor-column-gap-default\">\n\t\t\t\t\t<div class=\"elementor-column elementor-col-100 elementor-top-column elementor-element elementor-element-1ebcdbc\" data-id=\"1ebcdbc\" data-element_type=\"column\">\n\t\t\t<div class=\"elementor-widget-wrap elementor-element-populated\">\n\t\t\t\t\t\t<div class=\"elementor-element elementor-element-072422f elementor-widget elementor-widget-heading\" data-id=\"072422f\" data-element_type=\"widget\" data-widget_type=\"heading.default\">\n\t\t\t\t<div class=\"elementor-widget-container\">\n\t\t\t\t\t<h1 class=\"elementor-heading-title elementor-size-default\">Kapitoly z dej\u00edn Slovenska 1740 \u2013 1945<\/h1>\t\t\t\t<\/div>\n\t\t\t\t<\/div>\n\t\t\t\t\t<\/div>\n\t\t<\/div>\n\t\t\t\t\t<\/div>\n\t\t<\/section>\n\t\t\t\t<section class=\"elementor-section elementor-top-section elementor-element elementor-element-2858d6f elementor-section-boxed elementor-section-height-default elementor-section-height-default\" data-id=\"2858d6f\" data-element_type=\"section\">\n\t\t\t\t\t\t<div class=\"elementor-container elementor-column-gap-default\">\n\t\t\t\t\t<div class=\"elementor-column elementor-col-100 elementor-top-column elementor-element elementor-element-e63bd34\" data-id=\"e63bd34\" data-element_type=\"column\">\n\t\t\t<div class=\"elementor-widget-wrap elementor-element-populated\">\n\t\t\t\t\t\t<section class=\"elementor-section elementor-inner-section elementor-element elementor-element-0b79421 elementor-section-boxed elementor-section-height-default elementor-section-height-default\" data-id=\"0b79421\" data-element_type=\"section\">\n\t\t\t\t\t\t<div class=\"elementor-container elementor-column-gap-default\">\n\t\t\t\t\t<div class=\"elementor-column elementor-col-100 elementor-inner-column elementor-element elementor-element-bb0ded5\" data-id=\"bb0ded5\" data-element_type=\"column\">\n\t\t\t<div class=\"elementor-widget-wrap elementor-element-populated\">\n\t\t\t\t\t\t<div class=\"elementor-element elementor-element-759b076 elementor-widget elementor-widget-heading\" data-id=\"759b076\" data-element_type=\"widget\" data-widget_type=\"heading.default\">\n\t\t\t\t<div class=\"elementor-widget-container\">\n\t\t\t\t\t<h3 class=\"elementor-heading-title elementor-size-default\">Obnovenie \u010ceskoslovenskej republiky<\/h3>\t\t\t\t<\/div>\n\t\t\t\t<\/div>\n\t\t\t\t<div class=\"elementor-element elementor-element-5aa9d5d elementor-widget elementor-widget-text-editor\" data-id=\"5aa9d5d\" data-element_type=\"widget\" data-widget_type=\"text-editor.default\">\n\t\t\t\t<div class=\"elementor-widget-container\">\n\t\t\t\t\t\t\t\t\t<p style=\"text-align: justify;\">\u00dastrednou t\u00e9mou kapitoly s\u00fa kroky ved\u00face k\u00a0obnoveniu \u010ceskoslovenskej republiky. Prv\u00e1 \u010das\u0165 sa zameriava na \u010dinnos\u0165 z\u00e1padn\u00e9ho zahrani\u010dn\u00e9ho exilu, v\u00fdchodn\u00fd rozober\u00e1 len okrajovo. Snaha lond\u00fdnskeho centra pod veden\u00edm Edvarda Bene\u0161a sa pretavila do vytvorenia a medzin\u00e1rodn\u00e9ho uznania do\u010dasn\u00e9ho \u0161t\u00e1tneho zriadenia. Vo vz\u0165ahu k\u00a0dom\u00e1cemu odboju na Slovensku je venovan\u00fd najm\u00e4 priestor zjednoteniu ob\u010dianskeho a\u00a0komunistick\u00e9ho odboja v\u00a0roku 1943. Druh\u00e1 \u010das\u0165 analyzuje v\u00fdznam <em>Slovensk\u00e9ho n\u00e1rodn\u00e9ho povstania<\/em> pre \u010desk\u00e9 a\u00a0slovensk\u00e9 vz\u0165ahy. Z\u00e1ver zachyt\u00e1va priebeh moskovsk\u00fdch rokovan\u00ed, prijatie <em>Ko\u0161ick\u00e9ho vl\u00e1dneho programu<\/em>, ako aj definit\u00edvne oslobodenie a\u00a0obnovenie republiky.<\/p>\t\t\t\t\t\t\t\t<\/div>\n\t\t\t\t<\/div>\n\t\t\t\t\t<\/div>\n\t\t<\/div>\n\t\t\t\t\t<\/div>\n\t\t<\/section>\n\t\t\t\t\t<\/div>\n\t\t<\/div>\n\t\t\t\t\t<\/div>\n\t\t<\/section>\n\t\t\t\t<\/div>\n\t\t","protected":false},"excerpt":{"rendered":"<p>Kapitoly z dej\u00edn Slovenska 1740 \u2013 1945 Obnovenie \u010ceskoslovenskej republiky \u00dastrednou t\u00e9mou kapitoly s\u00fa kroky ved\u00face k\u00a0obnoveniu \u010ceskoslovenskej republiky. Prv\u00e1 \u010das\u0165 sa zameriava na \u010dinnos\u0165 z\u00e1padn\u00e9ho zahrani\u010dn\u00e9ho exilu, v\u00fdchodn\u00fd rozober\u00e1 len okrajovo. Snaha lond\u00fdnskeho centra pod veden\u00edm Edvarda Bene\u0161a sa pretavila do vytvorenia a medzin\u00e1rodn\u00e9ho uznania do\u010dasn\u00e9ho \u0161t\u00e1tneho zriadenia. Vo vz\u0165ahu k\u00a0dom\u00e1cemu odboju na Slovensku [&hellip;]<\/p>\n","protected":false},"author":3,"featured_media":0,"parent":0,"menu_order":0,"comment_status":"closed","ping_status":"closed","template":"","meta":{"footnotes":""},"class_list":["post-2082","page","type-page","status-publish","hentry"],"_links":{"self":[{"href":"https:\/\/e-ucebnice.ff.ucm.sk\/index.php\/wp-json\/wp\/v2\/pages\/2082","targetHints":{"allow":["GET"]}}],"collection":[{"href":"https:\/\/e-ucebnice.ff.ucm.sk\/index.php\/wp-json\/wp\/v2\/pages"}],"about":[{"href":"https:\/\/e-ucebnice.ff.ucm.sk\/index.php\/wp-json\/wp\/v2\/types\/page"}],"author":[{"embeddable":true,"href":"https:\/\/e-ucebnice.ff.ucm.sk\/index.php\/wp-json\/wp\/v2\/users\/3"}],"replies":[{"embeddable":true,"href":"https:\/\/e-ucebnice.ff.ucm.sk\/index.php\/wp-json\/wp\/v2\/comments?post=2082"}],"version-history":[{"count":7,"href":"https:\/\/e-ucebnice.ff.ucm.sk\/index.php\/wp-json\/wp\/v2\/pages\/2082\/revisions"}],"predecessor-version":[{"id":2694,"href":"https:\/\/e-ucebnice.ff.ucm.sk\/index.php\/wp-json\/wp\/v2\/pages\/2082\/revisions\/2694"}],"wp:attachment":[{"href":"https:\/\/e-ucebnice.ff.ucm.sk\/index.php\/wp-json\/wp\/v2\/media?parent=2082"}],"curies":[{"name":"wp","href":"https:\/\/api.w.org\/{rel}","templated":true}]}}