{"id":2110,"date":"2023-03-01T14:25:44","date_gmt":"2023-03-01T13:25:44","guid":{"rendered":"https:\/\/e-ucebnice.ff.ucm.sk\/?page_id=2110"},"modified":"2023-03-01T14:32:58","modified_gmt":"2023-03-01T13:32:58","slug":"kapitoly-z-dejin-slovenska-1-1","status":"publish","type":"page","link":"https:\/\/e-ucebnice.ff.ucm.sk\/index.php\/kapitoly-z-dejin-slovenska-1-1\/","title":{"rendered":"Kapitoly z dej\u00edn Slovenska-1-1"},"content":{"rendered":"\t\t<div data-elementor-type=\"wp-page\" data-elementor-id=\"2110\" class=\"elementor elementor-2110\" data-elementor-post-type=\"page\">\n\t\t\t\t\t\t<section class=\"elementor-section elementor-top-section elementor-element elementor-element-01dddfd elementor-section-height-min-height elementor-section-boxed elementor-section-height-default elementor-section-items-middle\" data-id=\"01dddfd\" data-element_type=\"section\" data-settings=\"{&quot;background_background&quot;:&quot;classic&quot;}\">\n\t\t\t\t\t\t\t<div class=\"elementor-background-overlay\"><\/div>\n\t\t\t\t\t\t\t<div class=\"elementor-container elementor-column-gap-default\">\n\t\t\t\t\t<div class=\"elementor-column elementor-col-100 elementor-top-column elementor-element elementor-element-563f7c1\" data-id=\"563f7c1\" data-element_type=\"column\">\n\t\t\t<div class=\"elementor-widget-wrap elementor-element-populated\">\n\t\t\t\t\t\t<div class=\"elementor-element elementor-element-befc536 elementor-widget elementor-widget-heading\" data-id=\"befc536\" data-element_type=\"widget\" data-widget_type=\"heading.default\">\n\t\t\t\t<div class=\"elementor-widget-container\">\n\t\t\t\t\t<h1 class=\"elementor-heading-title elementor-size-default\">Kapitoly z dej\u00edn Slovenska 1740 \u2013 1945<\/h1>\t\t\t\t<\/div>\n\t\t\t\t<\/div>\n\t\t\t\t\t<\/div>\n\t\t<\/div>\n\t\t\t\t\t<\/div>\n\t\t<\/section>\n\t\t\t\t<section class=\"elementor-section elementor-top-section elementor-element elementor-element-2858d6f elementor-section-boxed elementor-section-height-default elementor-section-height-default\" data-id=\"2858d6f\" data-element_type=\"section\">\n\t\t\t\t\t\t<div class=\"elementor-container elementor-column-gap-default\">\n\t\t\t\t\t<div class=\"elementor-column elementor-col-100 elementor-top-column elementor-element elementor-element-e63bd34\" data-id=\"e63bd34\" data-element_type=\"column\">\n\t\t\t<div class=\"elementor-widget-wrap elementor-element-populated\">\n\t\t\t\t\t\t<section class=\"elementor-section elementor-inner-section elementor-element elementor-element-0b79421 elementor-section-boxed elementor-section-height-default elementor-section-height-default\" data-id=\"0b79421\" data-element_type=\"section\">\n\t\t\t\t\t\t<div class=\"elementor-container elementor-column-gap-default\">\n\t\t\t\t\t<div class=\"elementor-column elementor-col-100 elementor-inner-column elementor-element elementor-element-bb0ded5\" data-id=\"bb0ded5\" data-element_type=\"column\">\n\t\t\t<div class=\"elementor-widget-wrap elementor-element-populated\">\n\t\t\t\t\t\t<div class=\"elementor-element elementor-element-759b076 elementor-widget elementor-widget-heading\" data-id=\"759b076\" data-element_type=\"widget\" data-widget_type=\"heading.default\">\n\t\t\t\t<div class=\"elementor-widget-container\">\n\t\t\t\t\t<h3 class=\"elementor-heading-title elementor-size-default\">Pragmatick\u00e1 sankcia<\/h3>\t\t\t\t<\/div>\n\t\t\t\t<\/div>\n\t\t\t\t<div class=\"elementor-element elementor-element-5aa9d5d elementor-widget elementor-widget-text-editor\" data-id=\"5aa9d5d\" data-element_type=\"widget\" data-widget_type=\"text-editor.default\">\n\t\t\t\t<div class=\"elementor-widget-container\">\n\t\t\t\t\t\t\t\t\t<p style=\"text-align: justify;\">Za\u010diatok 18. storo\u010dia bol pre habsbursk\u00fa dynastiu v\u00a0jej dvoch rodov\u00fdch l\u00edni\u00e1ch (v\u00a0\u0161panielskej a\u00a0rak\u00faskej) obdob\u00edm neistoty. Sp\u00f4soben\u00e9 to bolo predov\u0161etk\u00fdm ub\u00fadan\u00edm mu\u017esk\u00fdch pr\u00edslu\u0161n\u00edkov dynastie. Po\u010das vojny o\u00a0<em>\u0161panielske dedi\u010dstvo<\/em> (1701 \u00ad\u2013 1714), vymrela po me\u010di v\u00a0roku 1700 \u0161panielska rodov\u00e1 vetva. Cis\u00e1r Sv\u00e4tej r\u00ed\u0161e r\u00edmskej, \u010desk\u00fd a\u00a0uhorsk\u00fd kr\u00e1\u013e, rak\u00fasky arcivojvoda Leopold I. (1658 \u2013 1705), nechcel dopusti\u0165, aby sa tak\u00e1to situ\u00e1cia opakovala aj v bud\u00facnosti a rozhodol sa to rie\u0161i\u0165. V\u00a0roku 1703 uzavrel so svojimi synmi Jozefom a\u00a0Karolom tajn\u00fa dohodu o\u00a0n\u00e1stupn\u00edctve <em>(pactum mutuae sucessionis)<\/em>. T\u00e1 okrem in\u00e9ho ur\u010dovala, \u017ee habsbursk\u00e9 d\u0155\u017eavy m\u00f4\u017eu zdedi\u0165 mu\u017esk\u00ed potomkovia. Pokia\u013e by v\u0161ak Jozef ani Karol nemali mu\u017esk\u00e9ho potomka, n\u00e1stupn\u00edcke pr\u00e1vo by pre\u0161lo najprv na Jozefove a\u00a0a\u017e potom na Karolove dc\u00e9ry. Leopold zomrel o\u00a0dva roky nesk\u00f4r a\u00a0na jeho miesto nast\u00fapil star\u0161\u00ed zo synov \u2013 Jozef. (vl\u00e1dol ako Jozef I. v\u00a0rokoch 1705 \u2013 1711). Ke\u010f\u017ee panoval len \u0161es\u0165 rokov, na jeho miesto nast\u00fapil Karol, ako Karol VI. (1711 \u2013 1740). V Uhorsku vl\u00e1dol ako Karol III. a v\u00a0\u010cech\u00e1ch ako Karol II.<\/p><p style=\"text-align: justify;\">Cis\u00e1rovi Karolovi VI. a\u00a0jeho man\u017eelke sa dlho nedarilo splodi\u0165 potomka. Karol bol posledn\u00fdm mu\u017esk\u00fdm pr\u00edslu\u0161n\u00edkom habsbursk\u00e9ho rodu a\u00a0ob\u00e1val sa osudu svojho star\u0161ieho brata, ktor\u00fd zomrel bez mu\u017esk\u00e9ho dedi\u010da. Ak by podobn\u00e1 situ\u00e1cia nastala aj v\u00a0jeho pr\u00edpade, habsburskej monarchii by hrozil rozpad. Preto v roku 1713 nechal vyda\u0165 svoj vlastn\u00fd n\u00e1stupn\u00edcky poriadok, tzv. <em>Pragmatick\u00fa sankciu (Sanctio Pragmatica)<\/em>. Na jednej strane v\u00a0dokumente prevent\u00edvne ustanovil nedelite\u013enos\u0165 habsbursk\u00fdch dedi\u010dn\u00fdch kraj\u00edn. Z\u00e1rove\u0148 s\u00edce potvrdil, \u017ee dedi\u010dsk\u00e9 pr\u00e1vo prech\u00e1dza aj na \u017eenu z\u00a0habsbursk\u00e9ho rodu, ak vymr\u00fa v\u0161etci mu\u017esk\u00ed pr\u00edslu\u0161n\u00edci rodu, no vedome opomenul svoje netere (dc\u00e9ry Jozefa I.). K\u00fdm zmluva z\u00a0roku 1703 ponech\u00e1vala z\u00e1le\u017eitosti \u017eensk\u00e9ho n\u00e1stupn\u00edctva viac menej otvoren\u00e9, <em>Pragmatick\u00e1 sankcia<\/em> upres\u0148ovala, \u017ee toto pr\u00e1vo prech\u00e1dza na dc\u00e9ru posledn\u00e9ho vl\u00e1dnuceho Habsburga. V\u00a0tomto pr\u00edpade na M\u00e1riu Ter\u00e9ziu naroden\u00fa v\u00a0roku 1717.<\/p><p style=\"text-align: justify;\">Karol VI. tento dokument najprv predlo\u017eil na schv\u00e1lenie krajinsk\u00fdm snemom, vr\u00e1tane uhorsk\u00e9ho. Z\u00e1rove\u0148 sa sna\u017eil o\u00a0to, aby ho uznali eur\u00f3pske mocnosti. Niektor\u00e9 krajiny monarchie (rak\u00faske arcivojvodstv\u00e1, \u010cechy a\u00a0Morava) ju prijali bez v\u00e4\u010d\u0161ieho v\u00e1hania, ale stavovsk\u00fd snem v\u00a0Uhorsku ju schv\u00e1lil a\u017e v\u00a0roku 1723. Pred prijat\u00edm si v\u0161ak \u0161\u013eachta dala potvrdi\u0165 svoje pr\u00e1va a\u00a0v\u00fdsady, ako aj trval\u00e9 oslobodenie od akejko\u013evek dane v\u00a0bud\u00facnosti. Presadenie <em>Pragmatickej sankcie<\/em> u\u00a0takmer v\u0161etk\u00fdch eur\u00f3pskych mocnost\u00ed sa mu podarilo len za cenu viacer\u00fdch politick\u00fdch a\u00a0\u00fazemn\u00fdch \u00fastupkov. Udalosti po smrti Karola VI., ako by predpovedali slov\u00e1 jedn\u00e9ho z\u00a0najvplyvnej\u0161\u00edch \u013eud\u00ed v\u00a0monarchii, vojvodcu Eugena Savojsk\u00e9ho. Pod\u013ea neho bola 200 000 arm\u00e1da lep\u0161ia, ne\u017e ak\u00e9ko\u013evek uzatvoren\u00e9 zmluvy.<\/p><p style=\"text-align: justify;\">Karolovi VI. sa napokon podarilo v\u00a0roku 1716 splodi\u0165 syna (Leopold J\u00e1n), av\u0161ak ten u\u017e nieko\u013eko mesiacov po naroden\u00ed zomrel. \u010eal\u0161\u00ed mu\u017esk\u00fd potomok sa cis\u00e1rskemu p\u00e1ru u\u017e nenarodil a\u00a0dospelosti sa do\u017eili dve dc\u00e9ry \u2013 M\u00e1ria Ter\u00e9zia a\u00a0M\u00e1ria Anna. Neskor\u0161ia panovn\u00ed\u010dka habsburskej monarchie M\u00e1ria Ter\u00e9zia sa narodila 13. m\u00e1ja 1717. Kv\u00f4li jej krstu bola dokonca privezen\u00e1 voda z\u00a0rieky Jord\u00e1n a\u00a0na olt\u00e1ri boli vystaven\u00e9 najv\u00e4\u010d\u0161ie poklady z\u00a0habsbursk\u00e9ho relikvi\u00e1ra: t\u0155\u0148 z\u00a0Kristovej koruny, klinec z\u00a0jeho kr\u00ed\u017ea a\u00a0ampulka s\u00a0jeho krvou. Ka\u017ed\u00fd, kto v\u00a0monarchii nie\u010do znamenal, obdr\u017eal pam\u00e4tn\u00fa medailu, na ktorej matka dr\u017eala v\u00a0n\u00e1ru\u010d\u00ed die\u0165a le\u017eiace v\u00a0rohu hojnosti s\u00a0n\u00e1pisom <em>znovuzroden\u00e1 n\u00e1dej sveta <\/em>(<em>Renascens spes orbis<\/em>). Ke\u010f\u017ee habsbursk\u00e1 dynastia bola zna\u010dne prepojen\u00e1 s\u00a0katol\u00edckou vierou, doh\u013eadom na vzdel\u00e1vanie mladej princeznej boli poveren\u00ed najm\u00e4 jezuiti. N\u00e1bo\u017eensk\u00fa v\u00fdchovu mal na starosti Franz Xaver Vogel a\u00a0dve discipl\u00edny vyhraden\u00e9 na v\u00fdu\u010dbu princov \u2013 latin\u010dinu a\u00a0hist\u00f3riu, mal na starosti Gottfried Spannagl. V\u00fdu\u010dbu matematiky mal v\u00a0kompetencii Talian J\u00e1n Jakub Marinoni, ktor\u00fd je okrem in\u00e9ho napr\u00edklad aj autorom prvej geometricky presnej mapy bratislavsk\u00fdch n\u00edv Dunaja z\u00a0roku 1712. Ako bolo u\u00a0Habsburgovcov zvykom, osobitn\u00e1 pozornos\u0165 sa venovala vyu\u010dovaniu jazykov. V\u010faka tomu M\u00e1ria Ter\u00e9zia ovl\u00e1dala okrem nem\u010diny franc\u00faz\u0161tinu, talian\u010dinu, \u0161paniel\u010dinu a\u00a0latin\u010dinu. Niektor\u00ed autori taktie\u017e uv\u00e1dzaj\u00fa, \u017ee vedela rozpr\u00e1va\u0165 aj po ma\u010farsky a \u010desky. Okrem tradi\u010dn\u00fdch predmetov sa v\u00a0u\u010debnom pl\u00e1ne M\u00e1rie Ter\u00e9zie nach\u00e1dzal aj dostato\u010dn\u00fd priestor pre v\u00fdu\u010dbu hudby a\u00a0tanca. Oba predmety ju vyu\u010dovali Taliani, \u010do len potvrdzuje siln\u00fd vplyv talianskej kult\u00fary na vtedaj\u0161om cis\u00e1rskom dvore vo Viedni. Pozit\u00edvny vz\u0165ah M\u00e1rie Ter\u00e9zie k\u00a0hudbe je evidentn\u00fd t\u00fdm, \u017ee u\u017e\u00a0v\u00a0siedmich rokoch spievala v\u00a0opere. V\u00a0roku 1739 dokonca za duet so sl\u00e1vnym tenoristom Bernardim zo\u017eala od publika vo Florencii b\u00farliv\u00fd aplauz.<\/p><p style=\"text-align: justify;\">Sotva mal Karol VI. v\u0161eobecn\u00e9 potvrdenie <em>Pragmatickej sankcie<\/em>, za\u010dal pre svoju najstar\u0161iu dc\u00e9ru h\u013eada\u0165 vhodn\u00e9ho man\u017eela. Ke\u010f\u017ee sa o\u010dak\u00e1valo, \u017ee sa jeho bud\u00faci za\u0165 stane taktie\u017e bud\u00facim cis\u00e1rom, rozhodol sa posl\u00fachnu\u0165 naliehanie britsk\u00e9ho a\u00a0\u00edrskeho kr\u00e1\u013ea Juraja II. (1727 \u2013 1760), sleduj\u00faceho tradi\u010dn\u00fd smer britskej politiky mocenskej rovnov\u00e1hy v\u00a0Eur\u00f3pe a\u00a0vyda\u0165 M\u00e1riu Ter\u00e9ziu za katol\u00edckeho princa z\u00a0nejak\u00e9ho menej v\u00fdznamn\u00e9ho rodu. Vo\u013eba padla na n\u00e1sledn\u00edka lotrinsk\u00e9ho tr\u00f3nu Leopolda Klementa, ktor\u00fd bol o\u00a0desa\u0165 rokov star\u0161\u00ed ne\u017e jeho dc\u00e9ra. Ke\u010f v\u0161ak v\u00a0roku 1723 pred\u010dasne zomrel, post\u00fapil na prv\u00e9 miesto v\u00a0n\u00e1sledn\u00edctve aj medzi kandid\u00e1tmi na man\u017eelstvo s\u00a0M\u00e1riou Ter\u00e9ziou jeho mlad\u0161\u00ed brat Franti\u0161ek \u0160tefan (neskor\u0161\u00ed cis\u00e1r Franti\u0161ek I. \u0160tefan 1745 \u2013 1765). Od roku 1724 \u017eil princ na cis\u00e1rskom dvore vo viedenskom Hofburgu v\u00a0osobitnom trakte. Vl\u00e1du v\u00a0Lotrinsku prebral po smrti otca Leopolda v\u00a0roku 1729. V\u00a0roku 1735 v\u0161ak o\u00a0svoje lotrinsk\u00e9 vojvodstvo pri\u0161iel. Ke\u010f\u017ee Karol VI. st\u00e1l na strane porazen\u00fdch vo vojne o\u00a0po\u013esk\u00e9 dedi\u010dstvo (1733 \u2013 1735), bol n\u00faten\u00fd presved\u010di\u0165 Franti\u0161ka \u0160tefana k\u00a0tomu, aby sa vzdal svojej krajiny v\u00a0prospech svokra franc\u00fazskeho kr\u00e1\u013ea \u013dudov\u00edta XV. (1715 \u2013 1774), Stanislava Leszczy\u0144sk\u00e9ho. V\u00fdmenou za Lotrinsko z\u00edskal Tosk\u00e1nske ve\u013ekovojvodstvo, kde v\u00a030. rokoch 18. storo\u010dia do\u017e\u00edval posledn\u00fd mu\u017esk\u00fd pr\u00edslu\u0161n\u00edk Mediciovcov Giovanni Gastone. Okrem Tosk\u00e1nska (titul ve\u013ekovojvodu z\u00edskal v\u00a0roku 1737), obdr\u017eal od Karola VI. taktie\u017e definit\u00edvny pr\u00eds\u013eub na sob\u00e1\u0161 s\u00a0jeho dc\u00e9rou. Man\u017eelsk\u00fd zv\u00e4zok medzi Franti\u0161kom \u0160tefanom a\u00a0M\u00e1riou Ter\u00e9ziou bol uzavret\u00fd d\u0148a 12. febru\u00e1ra 1736 v\u00a0kostole augustini\u00e1nov ne\u010faleko Hofburgu. Z\u00a0historick\u00e9ho h\u013eadiska je z\u00e1rove\u0148 d\u00f4le\u017eit\u00e9, \u017ee t\u00fdmto sob\u00e1\u0161om pri\u0161lo k\u00a0spojeniu dvoch rodov a\u00a0rodovej n\u00e1slednosti pod spolo\u010dn\u00fdm menom (Habsbursko-lotrinsk\u00e1 dynastia). Po\u010das pomerne harmonick\u00e9ho man\u017eelstva M\u00e1ria Ter\u00e9zia po\u010dala celkovo 16 det\u00ed, z\u00a0toho 11 sa do\u017eilo dospel\u00e9ho veku.<\/p>\t\t\t\t\t\t\t\t<\/div>\n\t\t\t\t<\/div>\n\t\t\t\t\t<\/div>\n\t\t<\/div>\n\t\t\t\t\t<\/div>\n\t\t<\/section>\n\t\t\t\t\t<\/div>\n\t\t<\/div>\n\t\t\t\t\t<\/div>\n\t\t<\/section>\n\t\t\t\t<\/div>\n\t\t","protected":false},"excerpt":{"rendered":"<p>Kapitoly z dej\u00edn Slovenska 1740 \u2013 1945 Pragmatick\u00e1 sankcia Za\u010diatok 18. storo\u010dia bol pre habsbursk\u00fa dynastiu v\u00a0jej dvoch rodov\u00fdch l\u00edni\u00e1ch (v\u00a0\u0161panielskej a\u00a0rak\u00faskej) obdob\u00edm neistoty. Sp\u00f4soben\u00e9 to bolo predov\u0161etk\u00fdm ub\u00fadan\u00edm mu\u017esk\u00fdch pr\u00edslu\u0161n\u00edkov dynastie. Po\u010das vojny o\u00a0\u0161panielske dedi\u010dstvo (1701 \u00ad\u2013 1714), vymrela po me\u010di v\u00a0roku 1700 \u0161panielska rodov\u00e1 vetva. Cis\u00e1r Sv\u00e4tej r\u00ed\u0161e r\u00edmskej, \u010desk\u00fd a\u00a0uhorsk\u00fd kr\u00e1\u013e, rak\u00fasky [&hellip;]<\/p>\n","protected":false},"author":3,"featured_media":0,"parent":0,"menu_order":0,"comment_status":"closed","ping_status":"closed","template":"","meta":{"footnotes":""},"class_list":["post-2110","page","type-page","status-publish","hentry"],"_links":{"self":[{"href":"https:\/\/e-ucebnice.ff.ucm.sk\/index.php\/wp-json\/wp\/v2\/pages\/2110","targetHints":{"allow":["GET"]}}],"collection":[{"href":"https:\/\/e-ucebnice.ff.ucm.sk\/index.php\/wp-json\/wp\/v2\/pages"}],"about":[{"href":"https:\/\/e-ucebnice.ff.ucm.sk\/index.php\/wp-json\/wp\/v2\/types\/page"}],"author":[{"embeddable":true,"href":"https:\/\/e-ucebnice.ff.ucm.sk\/index.php\/wp-json\/wp\/v2\/users\/3"}],"replies":[{"embeddable":true,"href":"https:\/\/e-ucebnice.ff.ucm.sk\/index.php\/wp-json\/wp\/v2\/comments?post=2110"}],"version-history":[{"count":4,"href":"https:\/\/e-ucebnice.ff.ucm.sk\/index.php\/wp-json\/wp\/v2\/pages\/2110\/revisions"}],"predecessor-version":[{"id":2123,"href":"https:\/\/e-ucebnice.ff.ucm.sk\/index.php\/wp-json\/wp\/v2\/pages\/2110\/revisions\/2123"}],"wp:attachment":[{"href":"https:\/\/e-ucebnice.ff.ucm.sk\/index.php\/wp-json\/wp\/v2\/media?parent=2110"}],"curies":[{"name":"wp","href":"https:\/\/api.w.org\/{rel}","templated":true}]}}