{"id":2135,"date":"2023-03-01T14:39:27","date_gmt":"2023-03-01T13:39:27","guid":{"rendered":"https:\/\/e-ucebnice.ff.ucm.sk\/?page_id=2135"},"modified":"2023-03-01T14:56:31","modified_gmt":"2023-03-01T13:56:31","slug":"kapitoly-z-dejin-slovenska-1-5","status":"publish","type":"page","link":"https:\/\/e-ucebnice.ff.ucm.sk\/index.php\/kapitoly-z-dejin-slovenska-1-5\/","title":{"rendered":"Kapitoly z dej\u00edn Slovenska-1-5"},"content":{"rendered":"\t\t<div data-elementor-type=\"wp-page\" data-elementor-id=\"2135\" class=\"elementor elementor-2135\" data-elementor-post-type=\"page\">\n\t\t\t\t\t\t<section class=\"elementor-section elementor-top-section elementor-element elementor-element-044d63c elementor-section-height-min-height elementor-section-boxed elementor-section-height-default elementor-section-items-middle\" data-id=\"044d63c\" data-element_type=\"section\" data-settings=\"{&quot;background_background&quot;:&quot;classic&quot;}\">\n\t\t\t\t\t\t\t<div class=\"elementor-background-overlay\"><\/div>\n\t\t\t\t\t\t\t<div class=\"elementor-container elementor-column-gap-default\">\n\t\t\t\t\t<div class=\"elementor-column elementor-col-100 elementor-top-column elementor-element elementor-element-58519f2\" data-id=\"58519f2\" data-element_type=\"column\">\n\t\t\t<div class=\"elementor-widget-wrap elementor-element-populated\">\n\t\t\t\t\t\t<div class=\"elementor-element elementor-element-bae60d7 elementor-widget elementor-widget-heading\" data-id=\"bae60d7\" data-element_type=\"widget\" data-widget_type=\"heading.default\">\n\t\t\t\t<div class=\"elementor-widget-container\">\n\t\t\t\t\t<h1 class=\"elementor-heading-title elementor-size-default\">Kapitoly z dej\u00edn Slovenska 1740 \u2013 1945<\/h1>\t\t\t\t<\/div>\n\t\t\t\t<\/div>\n\t\t\t\t\t<\/div>\n\t\t<\/div>\n\t\t\t\t\t<\/div>\n\t\t<\/section>\n\t\t\t\t<section class=\"elementor-section elementor-top-section elementor-element elementor-element-2858d6f elementor-section-boxed elementor-section-height-default elementor-section-height-default\" data-id=\"2858d6f\" data-element_type=\"section\">\n\t\t\t\t\t\t<div class=\"elementor-container elementor-column-gap-default\">\n\t\t\t\t\t<div class=\"elementor-column elementor-col-100 elementor-top-column elementor-element elementor-element-e63bd34\" data-id=\"e63bd34\" data-element_type=\"column\">\n\t\t\t<div class=\"elementor-widget-wrap elementor-element-populated\">\n\t\t\t\t\t\t<section class=\"elementor-section elementor-inner-section elementor-element elementor-element-0b79421 elementor-section-boxed elementor-section-height-default elementor-section-height-default\" data-id=\"0b79421\" data-element_type=\"section\">\n\t\t\t\t\t\t<div class=\"elementor-container elementor-column-gap-default\">\n\t\t\t\t\t<div class=\"elementor-column elementor-col-100 elementor-inner-column elementor-element elementor-element-bb0ded5\" data-id=\"bb0ded5\" data-element_type=\"column\">\n\t\t\t<div class=\"elementor-widget-wrap elementor-element-populated\">\n\t\t\t\t\t\t<div class=\"elementor-element elementor-element-759b076 elementor-widget elementor-widget-heading\" data-id=\"759b076\" data-element_type=\"widget\" data-widget_type=\"heading.default\">\n\t\t\t\t<div class=\"elementor-widget-container\">\n\t\t\t\t\t<h3 class=\"elementor-heading-title elementor-size-default\">Reformy proti v\u00f4li uhorsk\u00fdch stavov<\/h3>\t\t\t\t<\/div>\n\t\t\t\t<\/div>\n\t\t\t\t<div class=\"elementor-element elementor-element-5aa9d5d elementor-widget elementor-widget-text-editor\" data-id=\"5aa9d5d\" data-element_type=\"widget\" data-widget_type=\"text-editor.default\">\n\t\t\t\t<div class=\"elementor-widget-container\">\n\t\t\t\t\t\t\t\t\t<p style=\"text-align: justify;\">Napriek centraliza\u010dn\u00fdm snah\u00e1m M\u00e1rie Ter\u00e9zie a\u00a0jej radcov sa v\u00a0monarchii ani po administrat\u00edvnych reform\u00e1ch v\u00a0rokoch 1749 \u2013 1761 nepodarilo vytvori\u0165 unit\u00e1rny syst\u00e9m vl\u00e1dy. Nejednotn\u00e9mu administrat\u00edvnemu syst\u00e9mu a\u00a0r\u00f4znej miere vplyvu viedensk\u00e9ho dvora v\u00a0jednotliv\u00fdch krajin\u00e1ch monarchie zodpovedal aj rozdielny postup a\u00a0r\u00fdchlos\u0165 pri presadzovan\u00ed reformn\u00fdch opatren\u00ed. Odpor vo\u010di zmen\u00e1m bol mimoriadne siln\u00fd predov\u0161etk\u00fdm v\u00a0Uhorsku, kde sa panovn\u00edcke nariadenia \u010dasto realizovali a\u017e po op\u00e4tovn\u00fdch urgenci\u00e1ch a\u00a0so zna\u010dn\u00fdm \u010dasov\u00fdm sklzom. Pri rie\u0161en\u00ed uhorskej problematiky naliehal gr\u00f3f Kaunitz na M\u00e1riu Ter\u00e9ziu t\u00fdmito slovami: <em>\u201eKeby sa podarilo vtesna\u0165 ve\u013ek\u00e9 a\u00a0\u00farodn\u00e9 Uhorsk\u00e9 kr\u00e1\u013eovstvo do organiza\u010dnej s\u00fastavy \u0161t\u00e1tu, moc panovn\u00edckeho rodu by sa dvojn\u00e1sobne zv\u00e4\u010d\u0161ila\u201c<\/em>. Panovn\u00ed\u010dka v\u0161ak dlh\u00fa dobu odmietala poru\u0161i\u0165 s\u013euby, ktor\u00e9 dala uhorsk\u00fdm stavom po\u010das najkritickej\u0161\u00edch chv\u00ed\u013e svojej vl\u00e1dy, ke\u010f bojovala o\u00a0zachovanie monarchie. Preto postupovala pri presadzovan\u00ed svojich reformn\u00fdch pl\u00e1nov s\u00a0mimoriadnou rozvahou. Spoliehala sa <em>\u201ena dobr\u00fa v\u00f4\u013eu a\u00a0zdrav\u00fd rozum n\u00e1roda, s\u00a0ktor\u00fdm je mo\u017en\u00e9 dosiahnu\u0165 v\u0161etko, ak sa s\u00a0n\u00edm bude dobre zaobch\u00e1dza\u0165 a\u00a0bude mu preukazovan\u00e1 priaze\u0148\u201c<\/em>. Rokovanie s\u00a0uhorskou \u0161\u013eachtou v\u0161ak bolo komplikovan\u00e9. Napr\u00edklad na sneme v\u00a0roku 1751 stavy panovn\u00ed\u010dke neschv\u00e1lili po\u017eadovan\u00fdch 3,5 mili\u00f3na zlat\u00fdch ako vojensk\u00fa kontrib\u00faciu, ale len 3,2 mili\u00f3na.<\/p><p style=\"text-align: justify;\">M\u00e1ria Ter\u00e9zia ne\u0161etrila vo\u010di Uhorsku prejavmi v\u010faky a\u00a0starostlivosti. Ke\u010f zalo\u017eila r\u00e1d, ktor\u00fd bol civiln\u00fdm n\u00e1protivkom vojensk\u00e9ho r\u00e1du M\u00e1rie Ter\u00e9zie, pomenovala ho R\u00e1dom sv\u00e4t\u00e9ho \u0160tefana. Nebol s\u00edce ur\u010den\u00fd len pre Uhrov, ale tri osoby spomedzi prv\u00fdch \u0161tyroch, ktor\u00fdm ho udelili, poch\u00e1dzali z\u00a0Uhorska. Na ruin\u00e1ch stredovek\u00e9ho hradu v\u00a0Bud\u00edne schv\u00e1lila dokon\u010denie nov\u00e9ho kr\u00e1\u013eovsk\u00e9ho pal\u00e1ca a rovnako v\u00fdznamn\u00fdm prejavom panovn\u00ed\u010dkinej priazne bola jej uhorsk\u00e1 garda, ktor\u00e1 pozost\u00e1vala z\u00a0mlad\u00fdch uhorsk\u00fdch \u0161\u013eachticov. Po konci <em>Sedemro\u010dnej vojny<\/em> sa v\u0161ak M\u00e1ria Ter\u00e9zia rozhodla zahrn\u00fa\u0165 do svojich reformn\u00fdch z\u00e1merov aj Uhorsko, ktor\u00e9ho pr\u00edspevok do r\u00ed\u0161skej pokladnice bol omnoho men\u0161\u00ed ako jeho re\u00e1lne mo\u017enosti.<\/p><p style=\"text-align: justify;\">Po skon\u010den\u00ed <em>Sedemro\u010dnej vojny<\/em> sa panovn\u00ed\u010dka op\u00e4\u0165 rozhodla zvola\u0165 snem, ktor\u00fd prebiehal od 17. j\u00fana 1764. O\u010dak\u00e1vala od neho prerokovanie a\u00a0schv\u00e1lenie viacer\u00fdch hospod\u00e1rskych a\u00a0finan\u010dn\u00fdch reforiem. K\u00a0najd\u00f4le\u017eitej\u0161\u00edm patrilo zv\u00fd\u0161enie uhorskej kontrib\u00facie o\u00a01\u00a0000 000 zlat\u00fdch ro\u010dne, nahradenie \u0161\u013eachtickej insurekcie pravideln\u00fdm poplatkom na vydr\u017eiavanie st\u00e1lej arm\u00e1dy a\u00a0taktie\u017e pr\u00e1vna ochrana poddansk\u00e9ho obyvate\u013estva a\u00a0z\u00fa\u017eenie ich povinnost\u00ed vo\u010di zemep\u00e1nom. Snem sa skon\u010dil kompromisom. Na\u010falej ostala zachovan\u00e1 \u0161\u013eachtick\u00e1 insurekcia, uhorsk\u00e1 kontrib\u00facia sa zv\u00fd\u0161ila len o\u00a0polovicu navrhovanej sumy a\u00a0uhorsk\u00fdmi stavmi bola \u00faplne odmietnut\u00e1 snaha o\u00a0zn\u00ed\u017eenie poddansk\u00fdch povinnost\u00ed. V\u00a0kone\u010dnom d\u00f4sledku bol dohodnut\u00fd kompromis pre viedensk\u00fd dvor neprijate\u013en\u00fd. Svoju averziu vo\u010di postoju uhorskej \u0161\u013eachty dala M\u00e1ria Ter\u00e9zia jasne najavo. Po smrti palat\u00edna \u013dudov\u00edta Batthy\u00e1nyho v\u00a0roku 1765 prakticky zru\u0161ila post palat\u00edna a\u00a0za uhorsk\u00e9ho miestodr\u017eite\u013ea vymenovala svojho za\u0165a Albrechta Sasko-T\u011b\u0161\u00ednskeho. Uhorsk\u00fd snem u\u017e panovn\u00ed\u010dka viackr\u00e1t nezvolala a\u00a0nasleduj\u00facich p\u00e4tn\u00e1s\u0165 rokov vl\u00e1dla v\u00a0krajine prostredn\u00edctvom kr\u00e1\u013eovsk\u00fdch nariaden\u00ed (patentov) adresovan\u00fdch Miestodr\u017eite\u013eskej rade, ktor\u00e1 ich sprostredk\u00favala miestnym jurisdikci\u00e1m.<\/p><p style=\"text-align: justify;\">Najv\u00fdznamnej\u0161\u00ed z\u00e1sah M\u00e1rie Ter\u00e9zie v\u00a0Uhorsku predstavovala tzv. urb\u00e1rska reforma, teda snaha o\u00a0\u00fapravu poddansk\u00fdch povinnost\u00ed sp\u00edsan\u00fdch v\u00a0tzv. urb\u00e1roch. Ich rozsah ako aj v\u00fd\u0161ka natur\u00e1lnych d\u00e1vok sa mali zos\u00faladi\u0165 s\u00a0v\u00fdmerou a\u00a0taktie\u017e bonitou obhospodarovanej p\u00f4dy. Po\u010das snemu v\u00a0rokoch 1764 \u2013 1765 bol pokus o\u00a0presadenie tejto reformy ne\u00faspe\u0161n\u00fd. Ke\u010f\u017ee nesk\u00f4r sa u\u017e \u017eiadny snem nekonal, nariadila panovn\u00ed\u010dka prostredn\u00edctvom vydania patentu z\u00a023. janu\u00e1ra 1767 urb\u00e1rsku reformu priamo vykona\u0165. Toto nariadenie malo z\u00e1sadn\u00fd v\u00fdznam pre \u010fal\u0161\u00ed v\u00fdvoj poddansko-zemepansk\u00fdch vz\u0165ahov. Z\u00a0h\u013eadiska \u0161t\u00e1tu rie\u0161il najm\u00e4 tri \u00falohy: stanovenie rozlohy poddanskej usadlosti a\u00a0primeran\u00e9 \u00fa\u017eitky poddan\u00fdch, ochranu sedliackej p\u00f4dy pred vyvlastnen\u00edm zemep\u00e1nmi a\u00a0stanovenie objemu poddansk\u00fdch povinnost\u00ed v\u00a0z\u00e1vislosti od ve\u013ekosti usadlosti.<\/p><p style=\"text-align: justify;\">Realiz\u00e1cia urb\u00e1rskej reformy mala nieko\u013eko et\u00e1p. Na za\u010diatku sa uskuto\u010dnilo d\u00f4kladn\u00e9 zaznamenanie dan\u00e9ho stavu formou odpoved\u00ed na dev\u00e4\u0165 predp\u00edsan\u00fdch ot\u00e1zok (<em>examen ad novem puncta interrogatria<\/em>), ktor\u00e9 boli p\u00edsan\u00e9 v\u00a0jazyku \u013eudu (na \u00fazem\u00ed dne\u0161n\u00e9ho Slovenska bola pou\u017eit\u00e1 biblick\u00e1 \u010de\u0161tina). Na tieto ot\u00e1zky odpovedal richt\u00e1r alebo jeho pr\u00edsa\u017en\u00ed. \u010eal\u0161\u00edm krokom bolo prerozde\u013eovanie p\u00f4dy v\u00a0chot\u00e1ri medzi jednotliv\u00e9 dom\u00e1cnosti a\u00a0nakoniec stanovenie poddansk\u00fdch povinnost\u00ed na tla\u010dou vydanom dokumente \u2013 urb\u00e1ri. S\u00fa\u010das\u0165ou bola aj tabu\u013eka, do ktorej sa zapisovalo krstn\u00e9 a\u00a0rodov\u00e9 meno gazdu, rozsah p\u00f4dy v\u00a0jeho u\u017e\u00edvan\u00ed a\u00a0v\u0161etky jeho d\u00e1vky a\u00a0povinnosti. P\u00f4da, ktor\u00e1 bola v\u00a0u\u017e\u00edvan\u00ed poddan\u00fdch sa na z\u00e1klade urb\u00e1ru delila na intravil\u00e1n (domov\u00fd grunt), ktor\u00fd bol tvoren\u00fd pozemkami na b\u00fdvanie spolu so staj\u0148ami pre zvierat\u00e1 a\u00a0extravil\u00e1n (chot\u00e1rny grunt), teda polia a\u00a0l\u00faky, kde sa pestovala \u00faroda. Sedliak hospod\u00e1riaci na celej usadlosti musel odpracova\u0165 na dominik\u00e1li (pansk\u00e1 p\u00f4da) 52 dn\u00ed so z\u00e1prahom alebo 104 dn\u00ed pe\u0161o. Sedliakom, ktor\u00ed mali polovi\u010dn\u00fa, \u0161tvrtinov\u00fa alebo osminov\u00fa usadlos\u0165, sa robota \u00famerne zmen\u0161ovala. \u017deliari, ktor\u00ed boli poddan\u00fdmi a\u00a0vlastnili dom, museli na panskej p\u00f4de odpracova\u0165 18 dn\u00ed ro\u010dne. \u017deliari, ktor\u00ed nemali dom a\u00a0p\u00f4du, odpracovali 12 dn\u00ed. Pri urb\u00e1rskej reforme je nutn\u00e9 poznamena\u0165, \u017ee cie\u013eom panovn\u00edckeho dvora nebolo nutne zlep\u0161i\u0165 postavenie poddan\u00fdch, ale viac menej zabr\u00e1ni\u0165 nadmern\u00e9mu zdieraniu sedliakov zemep\u00e1nmi. Sedliaci toti\u017e mali by\u0165 schopn\u00ed plati\u0165 aj st\u00e1le sa zvy\u0161uj\u00facu \u0161t\u00e1tnu da\u0148.<\/p><p style=\"text-align: justify;\">Menej zn\u00e1mou, av\u0161ak v\u00fdznamnou reformou M\u00e1rie Ter\u00e9zie v\u00a0Uhorsku bolo vydanie dokumentu zn\u00e1meho pod n\u00e1zvom <em>Lesn\u00fd poriadok pre Uhorsko (Holz- und Waldordnung f\u00fcr das K\u00f6nigsreich Ungarn) <\/em>z\u00a0roku 1769. Vo vtedaj\u0161om z\u00e1padoslovenskom n\u00e1re\u010d\u00ed vy\u0161iel pod n\u00e1zvom <em>Por\u00e1dek hor, aneb lesuw zachov\u00e1n\u00ed<\/em>. Vydaniu z\u00e1kona predch\u00e1dzalo dlh\u0161ie obdobie pr\u00edprav a\u00a0pripomienkovania, ktor\u00e9ho v\u00fdsledkom boli v\u0161eobecne z\u00e1v\u00e4zn\u00e9 nariadenia platn\u00e9 predov\u0161etk\u00fdm pre komorsk\u00e9 panstv\u00e1 a\u00a0kr\u00e1\u013eovsk\u00e9 mest\u00e1, ale aj pre ostatn\u00fdch (s\u00fakromn\u00fdch) majite\u013eov lesn\u00fdch pl\u00f4ch. Terezi\u00e1nsky lesn\u00fd poriadok uzatvoril obdobie devast\u00e1cie lesov, ukon\u010dil etapu primit\u00edvnych met\u00f3d hospod\u00e1renia a\u00a0s\u00fa\u010dasne umo\u017enil vznik a\u00a0v\u00fdvoj novodob\u00e9ho lesn\u00edctva. Sklad\u00e1 sa z\u00a055 bodov a\u00a0ur\u010duje z\u00e1sady spr\u00e1vnej \u0165a\u017eby a\u00a0pestovania lesa na zabezpe\u010denie trval\u00e9ho \u00fa\u017eitku. Person\u00e1lnym ot\u00e1zkam sa z\u00e1kon venuje len v\u00a0r\u00e1mci posledn\u00e9ho bodu. Lesn\u00fd poriadok nevyjadroval stav dom\u00e1cich odborn\u00fdch lesn\u00edckych vedomost\u00ed, ale bol obrazom cudzozemsk\u00fdch lesn\u00edckych znalost\u00ed. Za najstar\u0161\u00ed lesn\u00fd hospod\u00e1rsky pl\u00e1n pre \u00fazemie s\u00fa\u010dasn\u00e9ho Slovenska je pova\u017eovan\u00fd dokument z\u00a0roku 1761, ktor\u00fd bol vyhotoven\u00fd pre cis\u00e1rske panstv\u00e1 Hol\u00ed\u010d a\u00a0\u0160a\u0161t\u00edn. Jeho vypracovanie potvrdzuje skuto\u010dnos\u0165, \u017ee cis\u00e1rska rodina venovala svojim majetkom vo vtedaj\u0161om Uhorsku mimoriadnu pozornos\u0165, ktor\u00e1 viedla k\u00a0ich cie\u013eavedom\u00e9mu rozvoju.<\/p><p style=\"text-align: justify;\">Napriek tomu, \u017ee priebeh snemu z\u00a0rokov 1764 \u2013 1765 M\u00e1riu Ter\u00e9ziu sklamal, jej vz\u0165ah k\u00a0Uhorsku to natrvalo nepozna\u010dilo. Sved\u010d\u00ed o\u00a0tom napr\u00edklad nad\u0161en\u00e1 chv\u00e1la krajiny v\u00a0liste, ktor\u00fd adresovala svojmu synovi Maximili\u00e1novi Franti\u0161kovi v\u00a0roku 1774. Snem v\u0161ak panovn\u00ed\u010dku pou\u010dil v\u00a0tom, \u017ee politika \u00fastupkov a\u00a0\u010dastokr\u00e1t pr\u00edli\u0161n\u00e9ho re\u0161pektu vo\u010di Uhorsku, ktor\u00e1 pramenila z\u00a0udalost\u00ed tesne po jej n\u00e1stupe do \u010dela monarchie, bola z\u00e1rove\u0148 limituj\u00facim faktorom jej reformn\u00fdch amb\u00edci\u00ed. Aj ke\u010f niektor\u00e9 reformy M\u00e1rie Ter\u00e9zie (urb\u00e1rska regul\u00e1cia) ve\u013ek\u00e1 \u010das\u0165 uhorskej \u0161\u013eachty vn\u00edmala negat\u00edvne, nikdy sa proti nej nesformovala tak\u00e1 siln\u00e1 opoz\u00edcia ako proti reform\u00e1m jej syna Jozefa II.<\/p>\t\t\t\t\t\t\t\t<\/div>\n\t\t\t\t<\/div>\n\t\t\t\t\t<\/div>\n\t\t<\/div>\n\t\t\t\t\t<\/div>\n\t\t<\/section>\n\t\t\t\t\t<\/div>\n\t\t<\/div>\n\t\t\t\t\t<\/div>\n\t\t<\/section>\n\t\t\t\t<\/div>\n\t\t","protected":false},"excerpt":{"rendered":"<p>Kapitoly z dej\u00edn Slovenska 1740 \u2013 1945 Reformy proti v\u00f4li uhorsk\u00fdch stavov Napriek centraliza\u010dn\u00fdm snah\u00e1m M\u00e1rie Ter\u00e9zie a\u00a0jej radcov sa v\u00a0monarchii ani po administrat\u00edvnych reform\u00e1ch v\u00a0rokoch 1749 \u2013 1761 nepodarilo vytvori\u0165 unit\u00e1rny syst\u00e9m vl\u00e1dy. Nejednotn\u00e9mu administrat\u00edvnemu syst\u00e9mu a\u00a0r\u00f4znej miere vplyvu viedensk\u00e9ho dvora v\u00a0jednotliv\u00fdch krajin\u00e1ch monarchie zodpovedal aj rozdielny postup a\u00a0r\u00fdchlos\u0165 pri presadzovan\u00ed reformn\u00fdch opatren\u00ed. Odpor [&hellip;]<\/p>\n","protected":false},"author":3,"featured_media":0,"parent":0,"menu_order":0,"comment_status":"closed","ping_status":"closed","template":"","meta":{"footnotes":""},"class_list":["post-2135","page","type-page","status-publish","hentry"],"_links":{"self":[{"href":"https:\/\/e-ucebnice.ff.ucm.sk\/index.php\/wp-json\/wp\/v2\/pages\/2135","targetHints":{"allow":["GET"]}}],"collection":[{"href":"https:\/\/e-ucebnice.ff.ucm.sk\/index.php\/wp-json\/wp\/v2\/pages"}],"about":[{"href":"https:\/\/e-ucebnice.ff.ucm.sk\/index.php\/wp-json\/wp\/v2\/types\/page"}],"author":[{"embeddable":true,"href":"https:\/\/e-ucebnice.ff.ucm.sk\/index.php\/wp-json\/wp\/v2\/users\/3"}],"replies":[{"embeddable":true,"href":"https:\/\/e-ucebnice.ff.ucm.sk\/index.php\/wp-json\/wp\/v2\/comments?post=2135"}],"version-history":[{"count":4,"href":"https:\/\/e-ucebnice.ff.ucm.sk\/index.php\/wp-json\/wp\/v2\/pages\/2135\/revisions"}],"predecessor-version":[{"id":2157,"href":"https:\/\/e-ucebnice.ff.ucm.sk\/index.php\/wp-json\/wp\/v2\/pages\/2135\/revisions\/2157"}],"wp:attachment":[{"href":"https:\/\/e-ucebnice.ff.ucm.sk\/index.php\/wp-json\/wp\/v2\/media?parent=2135"}],"curies":[{"name":"wp","href":"https:\/\/api.w.org\/{rel}","templated":true}]}}