{"id":2137,"date":"2023-03-01T14:39:42","date_gmt":"2023-03-01T13:39:42","guid":{"rendered":"https:\/\/e-ucebnice.ff.ucm.sk\/?page_id=2137"},"modified":"2023-03-01T14:57:36","modified_gmt":"2023-03-01T13:57:36","slug":"kapitoly-z-dejin-slovenska-1-6","status":"publish","type":"page","link":"https:\/\/e-ucebnice.ff.ucm.sk\/index.php\/kapitoly-z-dejin-slovenska-1-6\/","title":{"rendered":"Kapitoly z dej\u00edn Slovenska-1-6"},"content":{"rendered":"\t\t<div data-elementor-type=\"wp-page\" data-elementor-id=\"2137\" class=\"elementor elementor-2137\" data-elementor-post-type=\"page\">\n\t\t\t\t\t\t<section class=\"elementor-section elementor-top-section elementor-element elementor-element-044d63c elementor-section-height-min-height elementor-section-boxed elementor-section-height-default elementor-section-items-middle\" data-id=\"044d63c\" data-element_type=\"section\" data-settings=\"{&quot;background_background&quot;:&quot;classic&quot;}\">\n\t\t\t\t\t\t\t<div class=\"elementor-background-overlay\"><\/div>\n\t\t\t\t\t\t\t<div class=\"elementor-container elementor-column-gap-default\">\n\t\t\t\t\t<div class=\"elementor-column elementor-col-100 elementor-top-column elementor-element elementor-element-58519f2\" data-id=\"58519f2\" data-element_type=\"column\">\n\t\t\t<div class=\"elementor-widget-wrap elementor-element-populated\">\n\t\t\t\t\t\t<div class=\"elementor-element elementor-element-bae60d7 elementor-widget elementor-widget-heading\" data-id=\"bae60d7\" data-element_type=\"widget\" data-widget_type=\"heading.default\">\n\t\t\t\t<div class=\"elementor-widget-container\">\n\t\t\t\t\t<h1 class=\"elementor-heading-title elementor-size-default\">Kapitoly z dej\u00edn Slovenska 1740 \u2013 1945<\/h1>\t\t\t\t<\/div>\n\t\t\t\t<\/div>\n\t\t\t\t\t<\/div>\n\t\t<\/div>\n\t\t\t\t\t<\/div>\n\t\t<\/section>\n\t\t\t\t<section class=\"elementor-section elementor-top-section elementor-element elementor-element-2858d6f elementor-section-boxed elementor-section-height-default elementor-section-height-default\" data-id=\"2858d6f\" data-element_type=\"section\">\n\t\t\t\t\t\t<div class=\"elementor-container elementor-column-gap-default\">\n\t\t\t\t\t<div class=\"elementor-column elementor-col-100 elementor-top-column elementor-element elementor-element-e63bd34\" data-id=\"e63bd34\" data-element_type=\"column\">\n\t\t\t<div class=\"elementor-widget-wrap elementor-element-populated\">\n\t\t\t\t\t\t<section class=\"elementor-section elementor-inner-section elementor-element elementor-element-0b79421 elementor-section-boxed elementor-section-height-default elementor-section-height-default\" data-id=\"0b79421\" data-element_type=\"section\">\n\t\t\t\t\t\t<div class=\"elementor-container elementor-column-gap-default\">\n\t\t\t\t\t<div class=\"elementor-column elementor-col-100 elementor-inner-column elementor-element elementor-element-bb0ded5\" data-id=\"bb0ded5\" data-element_type=\"column\">\n\t\t\t<div class=\"elementor-widget-wrap elementor-element-populated\">\n\t\t\t\t\t\t<div class=\"elementor-element elementor-element-759b076 elementor-widget elementor-widget-heading\" data-id=\"759b076\" data-element_type=\"widget\" data-widget_type=\"heading.default\">\n\t\t\t\t<div class=\"elementor-widget-container\">\n\t\t\t\t\t<h3 class=\"elementor-heading-title elementor-size-default\">Dobov\u00e9 materi\u00e1ly a cit\u00e1ty:<\/h3>\t\t\t\t<\/div>\n\t\t\t\t<\/div>\n\t\t\t\t<div class=\"elementor-element elementor-element-5aa9d5d elementor-widget elementor-widget-text-editor\" data-id=\"5aa9d5d\" data-element_type=\"widget\" data-widget_type=\"text-editor.default\">\n\t\t\t\t<div class=\"elementor-widget-container\">\n\t\t\t\t\t\t\t\t\t<p style=\"text-align: justify;\">Vyhl\u00e1senie insurekcie v\u00a0Bratislavskej stolici, 29. janu\u00e1r 1741:<\/p><p style=\"text-align: justify;\"><em>\u201eNajvzne\u0161enej\u0161\u00ed, najznamenitej\u0161\u00ed, najosvietenej\u0161\u00ed, najd\u00f4stojnej\u0161\u00ed a\u00a0nadmieru d\u00f4stojn\u00ed, urodzen\u00ed a\u00a0ve\u013ekomo\u017en\u00ed, preosvieten\u00ed a\u00a0\u0161\u013eachetn\u00ed p\u00e1ni, mojou osobou v\u017edy v\u00e1\u017een\u00ed a\u00a0cten\u00ed!<\/em><\/p><p style=\"text-align: justify;\"><em>Prusk\u00fd kr\u00e1\u013e v\u00a0tomto zimnom \u010dase pozdvihol zbrane proti ni\u010d netu\u0161iacej na\u0161ej l\u00e1skavej kr\u00e1\u013eovnej. T\u00fdmto zavrhnutiahodn\u00fdm, tr\u00fafal\u00fdm, nez\u00e1konn\u00fdm i\u00a0nesl\u00fdchan\u00fdm \u010dinom poru\u0161il dobrovo\u013ene prijat\u00fa Pragmatick\u00fa sankciu, ako aj svoju pr\u00edsahu. Bez akejko\u013evek pr\u00ed\u010diny a\u00a0nemaj\u00fac k\u00a0tomu ani \u017eiadne z\u00e1konn\u00e9 d\u00f4vody silou a\u00a0mocou zaujal u\u017e takmer cel\u00e9 Sliezsko. Jeho opov\u00e1\u017elivos\u0165 je V\u00e1m zaiste zn\u00e1ma. U\u017e sa pribl\u00ed\u017eil k\u00a0hraniciam Markgr\u00f3fstva Moravsk\u00e9ho, ktor\u00e9 chce tie\u017e zauja\u0165. V\u00a0tejto s\u00favislosti panuj\u00fa obavy, \u017ee by mohol vpadn\u00fa\u0165 do pohrani\u010dia Uhorska a\u00a0tu l\u00fapi\u0165, a\u00a0tak sp\u00f4sobi\u0165 nesl\u00fdchan\u00e9 utrpenie, biedu a\u00a0z\u00e1hubu. Som zaviazan\u00fd pr\u00edsahou odvr\u00e1ti\u0165 tak\u00fdto pokus a\u00a0obranu Uhorska zabezpe\u010di\u0165 aj preliat\u00edm vlastnej krvi. Preto V\u00e1m najd\u00f4raznej\u0161ie prikazujem, v\u00a0pr\u00edpade ak spomenut\u00fd nepriate\u013e vpadne cez hranice do vn\u00fatrozemia Uhorska, spolo\u010dne s\u00a0Nemcami i\u00a0Uhrami ste povinn\u00ed zmu\u017eilo sa proti nemu osobne postavi\u0165. Z\u00a0tohto d\u00f4vodu po\u017eadujem a\u00a0\u017eiadam V\u00e1s, aby ste sa \u010do najr\u00fdchlej\u0161ie ku mne sem (do Bratislavy) dostavili s\u00a0ko\u0148om a\u00a0potrebnou v\u00fdzbrojou. Tu, pod veden\u00edm sk\u00fasen\u00fdch d\u00f4stojn\u00edkov budete zaraden\u00ed do prv\u00fdch radov m\u00f4jho vojska a\u00a0spolu so mnou budeme tiahnu\u0165 tam, kde si to potreba alebo nepriate\u013esk\u00fd \u00fatok bude vy\u017eadova\u0165. Budete ma\u0165 mo\u017enos\u0165 slobodnej koristi a\u00a0popri tom (dostanete) chlieb a\u00a0seno i\u00a0ovos pre kone. Nech V\u00e1s, horespom\u00ednan\u00fdch p\u00e1nov ochra\u0148uje Boh, zost\u00e1vajte dlho zdrav\u00ed.<\/em><\/p><p style=\"text-align: justify;\"><em>V\u00e1\u0161 najzaviazanej\u0161\u00ed slu\u017eobn\u00edk \u017eupan J\u00e1n P\u00e1lfi.<\/em><\/p><p style=\"text-align: justify;\"><em>\u00a0<\/em><\/p><p style=\"text-align: justify;\"><em>Bratislava, 1741, janu\u00e1r 29<\/em><\/p><p style=\"text-align: justify;\"><em>\u00a0<\/em><\/p><p style=\"text-align: justify;\"><em>Adresa: Najznamenitej\u0161\u00edm, najosvietenej\u0161\u00edm, najd\u00f4stojnej\u0161\u00edm a\u00a0nadmieru d\u00f4stojn\u00fdm urodzen\u00fdm a\u00a0ve\u013ekomo\u017en\u00fdm, preosvieten\u00fdm a\u00a0\u0161\u013eachetn\u00fdm, p\u00e1nom pod\u017eupanom, sl\u00fa\u017enym, pr\u00edsa\u017en\u00fdm a\u00a0pospolitos\u0165 prel\u00e1tov, bar\u00f3nov, magn\u00e1tov a\u00a0\u0161\u013eachticov v\u00a0Bratislavskej stolici, p\u00e1ni mnou osobitne v\u00e1\u017een\u00ed a\u00a0cten\u00ed.\u201c<\/em><\/p><p style=\"text-align: justify;\"><strong>Zdroj:<\/strong> SEGE\u0160, Vladim\u00edr \u2013 \u0160E\u010eOV\u00c1, Bo\u017eena (eds.). <em>Pramene k\u00a0vojensk\u00fdm dejin\u00e1m Slovenska III\/1. 1711 \u2013 1792<\/em>. Bratislava: Vojensk\u00fd historick\u00fd \u00fastav, 2019, s. 92-93.<\/p>\t\t\t\t\t\t\t\t<\/div>\n\t\t\t\t<\/div>\n\t\t\t\t\t<\/div>\n\t\t<\/div>\n\t\t\t\t\t<\/div>\n\t\t<\/section>\n\t\t\t\t\t<\/div>\n\t\t<\/div>\n\t\t\t\t\t<\/div>\n\t\t<\/section>\n\t\t\t\t<\/div>\n\t\t","protected":false},"excerpt":{"rendered":"<p>Kapitoly z dej\u00edn Slovenska 1740 \u2013 1945 Dobov\u00e9 materi\u00e1ly a cit\u00e1ty: Vyhl\u00e1senie insurekcie v\u00a0Bratislavskej stolici, 29. janu\u00e1r 1741: \u201eNajvzne\u0161enej\u0161\u00ed, najznamenitej\u0161\u00ed, najosvietenej\u0161\u00ed, najd\u00f4stojnej\u0161\u00ed a\u00a0nadmieru d\u00f4stojn\u00ed, urodzen\u00ed a\u00a0ve\u013ekomo\u017en\u00ed, preosvieten\u00ed a\u00a0\u0161\u013eachetn\u00ed p\u00e1ni, mojou osobou v\u017edy v\u00e1\u017een\u00ed a\u00a0cten\u00ed! Prusk\u00fd kr\u00e1\u013e v\u00a0tomto zimnom \u010dase pozdvihol zbrane proti ni\u010d netu\u0161iacej na\u0161ej l\u00e1skavej kr\u00e1\u013eovnej. T\u00fdmto zavrhnutiahodn\u00fdm, tr\u00fafal\u00fdm, nez\u00e1konn\u00fdm i\u00a0nesl\u00fdchan\u00fdm \u010dinom poru\u0161il dobrovo\u013ene [&hellip;]<\/p>\n","protected":false},"author":3,"featured_media":0,"parent":0,"menu_order":0,"comment_status":"closed","ping_status":"closed","template":"","meta":{"footnotes":""},"class_list":["post-2137","page","type-page","status-publish","hentry"],"_links":{"self":[{"href":"https:\/\/e-ucebnice.ff.ucm.sk\/index.php\/wp-json\/wp\/v2\/pages\/2137","targetHints":{"allow":["GET"]}}],"collection":[{"href":"https:\/\/e-ucebnice.ff.ucm.sk\/index.php\/wp-json\/wp\/v2\/pages"}],"about":[{"href":"https:\/\/e-ucebnice.ff.ucm.sk\/index.php\/wp-json\/wp\/v2\/types\/page"}],"author":[{"embeddable":true,"href":"https:\/\/e-ucebnice.ff.ucm.sk\/index.php\/wp-json\/wp\/v2\/users\/3"}],"replies":[{"embeddable":true,"href":"https:\/\/e-ucebnice.ff.ucm.sk\/index.php\/wp-json\/wp\/v2\/comments?post=2137"}],"version-history":[{"count":4,"href":"https:\/\/e-ucebnice.ff.ucm.sk\/index.php\/wp-json\/wp\/v2\/pages\/2137\/revisions"}],"predecessor-version":[{"id":2160,"href":"https:\/\/e-ucebnice.ff.ucm.sk\/index.php\/wp-json\/wp\/v2\/pages\/2137\/revisions\/2160"}],"wp:attachment":[{"href":"https:\/\/e-ucebnice.ff.ucm.sk\/index.php\/wp-json\/wp\/v2\/media?parent=2137"}],"curies":[{"name":"wp","href":"https:\/\/api.w.org\/{rel}","templated":true}]}}