{"id":2141,"date":"2023-03-01T14:40:20","date_gmt":"2023-03-01T13:40:20","guid":{"rendered":"https:\/\/e-ucebnice.ff.ucm.sk\/?page_id=2141"},"modified":"2023-05-16T13:43:46","modified_gmt":"2023-05-16T11:43:46","slug":"kapitoly-z-dejin-slovenska-1-8","status":"publish","type":"page","link":"https:\/\/e-ucebnice.ff.ucm.sk\/index.php\/kapitoly-z-dejin-slovenska-1-8\/","title":{"rendered":"Kapitoly z dej\u00edn Slovenska-1-8"},"content":{"rendered":"\t\t<div data-elementor-type=\"wp-page\" data-elementor-id=\"2141\" class=\"elementor elementor-2141\" data-elementor-post-type=\"page\">\n\t\t\t\t\t\t<section class=\"elementor-section elementor-top-section elementor-element elementor-element-044d63c elementor-section-height-min-height elementor-section-boxed elementor-section-height-default elementor-section-items-middle\" data-id=\"044d63c\" data-element_type=\"section\" data-settings=\"{&quot;background_background&quot;:&quot;classic&quot;}\">\n\t\t\t\t\t\t\t<div class=\"elementor-background-overlay\"><\/div>\n\t\t\t\t\t\t\t<div class=\"elementor-container elementor-column-gap-default\">\n\t\t\t\t\t<div class=\"elementor-column elementor-col-100 elementor-top-column elementor-element elementor-element-58519f2\" data-id=\"58519f2\" data-element_type=\"column\">\n\t\t\t<div class=\"elementor-widget-wrap elementor-element-populated\">\n\t\t\t\t\t\t<div class=\"elementor-element elementor-element-bae60d7 elementor-widget elementor-widget-heading\" data-id=\"bae60d7\" data-element_type=\"widget\" data-widget_type=\"heading.default\">\n\t\t\t\t<div class=\"elementor-widget-container\">\n\t\t\t\t\t<h1 class=\"elementor-heading-title elementor-size-default\">Kapitoly z dej\u00edn Slovenska 1740 \u2013 1945<\/h1>\t\t\t\t<\/div>\n\t\t\t\t<\/div>\n\t\t\t\t\t<\/div>\n\t\t<\/div>\n\t\t\t\t\t<\/div>\n\t\t<\/section>\n\t\t\t\t<section class=\"elementor-section elementor-top-section elementor-element elementor-element-2858d6f elementor-section-boxed elementor-section-height-default elementor-section-height-default\" data-id=\"2858d6f\" data-element_type=\"section\">\n\t\t\t\t\t\t<div class=\"elementor-container elementor-column-gap-default\">\n\t\t\t\t\t<div class=\"elementor-column elementor-col-100 elementor-top-column elementor-element elementor-element-e63bd34\" data-id=\"e63bd34\" data-element_type=\"column\">\n\t\t\t<div class=\"elementor-widget-wrap elementor-element-populated\">\n\t\t\t\t\t\t<section class=\"elementor-section elementor-inner-section elementor-element elementor-element-0b79421 elementor-section-boxed elementor-section-height-default elementor-section-height-default\" data-id=\"0b79421\" data-element_type=\"section\">\n\t\t\t\t\t\t<div class=\"elementor-container elementor-column-gap-default\">\n\t\t\t\t\t<div class=\"elementor-column elementor-col-100 elementor-inner-column elementor-element elementor-element-bb0ded5\" data-id=\"bb0ded5\" data-element_type=\"column\">\n\t\t\t<div class=\"elementor-widget-wrap elementor-element-populated\">\n\t\t\t\t\t\t<div class=\"elementor-element elementor-element-759b076 elementor-widget elementor-widget-heading\" data-id=\"759b076\" data-element_type=\"widget\" data-widget_type=\"heading.default\">\n\t\t\t\t<div class=\"elementor-widget-container\">\n\t\t\t\t\t<h3 class=\"elementor-heading-title elementor-size-default\">Dopl\u0148uj\u00faca literat\u00fara<\/h3>\t\t\t\t<\/div>\n\t\t\t\t<\/div>\n\t\t\t\t<div class=\"elementor-element elementor-element-5aa9d5d elementor-widget elementor-widget-text-editor\" data-id=\"5aa9d5d\" data-element_type=\"widget\" data-widget_type=\"text-editor.default\">\n\t\t\t\t<div class=\"elementor-widget-container\">\n\t\t\t\t\t\t\t\t\t<ol>\n \t<li>HRBEK, Ji\u0159\u00ed. <em>Evropa a absolutismus v 17. a 18.stolet\u00ed (1648 \u2013 1789)<\/em>. Praha: Triton, 2012, 202 s. \u2013 Monografia \u010desk\u00e9ho autora predstavuje s\u00fahrn najzn\u00e1mej\u0161\u00edch te\u00f3ri\u00ed t\u00fdkaj\u00facich sa pojmu absolutizmus. Z\u00e1rove\u0148 obsahuje opis jednotliv\u00fdch absolutistick\u00fdch re\u017eimov v\u00a0r\u00e1mci eur\u00f3pskeho kontinentu.<\/li>\n \t<li>KOWALSK\u00c1, Eva. <em>Evanjelick\u00e9 a. v. spolo\u010denstvo v 18. storo\u010d\u00ed. Hlavn\u00e9 probl\u00e9my jeho v\u00fdvoja a fungovania v\u00a0spolo\u010dnosti<\/em>. Bratislava: Veda, 2001, 220 s. \u2013 Dielo vych\u00e1dzaj\u00face z\u00a0dlhodob\u00e9ho v\u00fdskumu slovenskej histori\u010dky, je obrazom dobov\u00fdch pomerov najpo\u010detnej\u0161ej protestantskej cirkvi na Slovensku.<\/li>\n<li>TARABA, Lubo\u0161. <em>Sukn\u011b proti kalhot\u00e1m. V\u00e1lka o rakousk\u00e9 d\u011bdictv\u00ed 1740-1748<\/em>. Praha: Epocha, 2019, 462 s. \u2013 Vedeck\u00e1 monografia z\u00a0pera \u010desk\u00e9ho historika je tematicky zameran\u00e1 na obdobie vojen o\u00a0rak\u00faske dedi\u010dstvo. Z\u00a0\u010dasov\u00e9ho h\u013eadiska sa autor venoval konkr\u00e9tne rokom 1740 \u2013 1748.<\/li><\/ol>\t\t\t\t\t\t\t\t<\/div>\n\t\t\t\t<\/div>\n\t\t\t\t\t<\/div>\n\t\t<\/div>\n\t\t\t\t\t<\/div>\n\t\t<\/section>\n\t\t\t\t\t<\/div>\n\t\t<\/div>\n\t\t\t\t\t<\/div>\n\t\t<\/section>\n\t\t\t\t<\/div>\n\t\t","protected":false},"excerpt":{"rendered":"<p>Kapitoly z dej\u00edn Slovenska 1740 \u2013 1945 Dopl\u0148uj\u00faca literat\u00fara HRBEK, Ji\u0159\u00ed. Evropa a absolutismus v 17. a 18.stolet\u00ed (1648 \u2013 1789). Praha: Triton, 2012, 202 s. \u2013 Monografia \u010desk\u00e9ho autora predstavuje s\u00fahrn najzn\u00e1mej\u0161\u00edch te\u00f3ri\u00ed t\u00fdkaj\u00facich sa pojmu absolutizmus. Z\u00e1rove\u0148 obsahuje opis jednotliv\u00fdch absolutistick\u00fdch re\u017eimov v\u00a0r\u00e1mci eur\u00f3pskeho kontinentu. KOWALSK\u00c1, Eva. Evanjelick\u00e9 a. v. spolo\u010denstvo v 18. [&hellip;]<\/p>\n","protected":false},"author":3,"featured_media":0,"parent":0,"menu_order":0,"comment_status":"closed","ping_status":"closed","template":"","meta":{"footnotes":""},"class_list":["post-2141","page","type-page","status-publish","hentry"],"_links":{"self":[{"href":"https:\/\/e-ucebnice.ff.ucm.sk\/index.php\/wp-json\/wp\/v2\/pages\/2141","targetHints":{"allow":["GET"]}}],"collection":[{"href":"https:\/\/e-ucebnice.ff.ucm.sk\/index.php\/wp-json\/wp\/v2\/pages"}],"about":[{"href":"https:\/\/e-ucebnice.ff.ucm.sk\/index.php\/wp-json\/wp\/v2\/types\/page"}],"author":[{"embeddable":true,"href":"https:\/\/e-ucebnice.ff.ucm.sk\/index.php\/wp-json\/wp\/v2\/users\/3"}],"replies":[{"embeddable":true,"href":"https:\/\/e-ucebnice.ff.ucm.sk\/index.php\/wp-json\/wp\/v2\/comments?post=2141"}],"version-history":[{"count":7,"href":"https:\/\/e-ucebnice.ff.ucm.sk\/index.php\/wp-json\/wp\/v2\/pages\/2141\/revisions"}],"predecessor-version":[{"id":7930,"href":"https:\/\/e-ucebnice.ff.ucm.sk\/index.php\/wp-json\/wp\/v2\/pages\/2141\/revisions\/7930"}],"wp:attachment":[{"href":"https:\/\/e-ucebnice.ff.ucm.sk\/index.php\/wp-json\/wp\/v2\/media?parent=2141"}],"curies":[{"name":"wp","href":"https:\/\/api.w.org\/{rel}","templated":true}]}}