{"id":2167,"date":"2023-03-01T15:13:56","date_gmt":"2023-03-01T14:13:56","guid":{"rendered":"https:\/\/e-ucebnice.ff.ucm.sk\/?page_id=2167"},"modified":"2023-05-05T13:04:52","modified_gmt":"2023-05-05T11:04:52","slug":"kapitoly-z-dejin-slovenska-2-1","status":"publish","type":"page","link":"https:\/\/e-ucebnice.ff.ucm.sk\/index.php\/kapitoly-z-dejin-slovenska-2-1\/","title":{"rendered":"Kapitoly z dej\u00edn Slovenska-2-1"},"content":{"rendered":"\t\t<div data-elementor-type=\"wp-page\" data-elementor-id=\"2167\" class=\"elementor elementor-2167\" data-elementor-post-type=\"page\">\n\t\t\t\t\t\t<section class=\"elementor-section elementor-top-section elementor-element elementor-element-01dddfd elementor-section-height-min-height elementor-section-boxed elementor-section-height-default elementor-section-items-middle\" data-id=\"01dddfd\" data-element_type=\"section\" data-settings=\"{&quot;background_background&quot;:&quot;classic&quot;}\">\n\t\t\t\t\t\t\t<div class=\"elementor-background-overlay\"><\/div>\n\t\t\t\t\t\t\t<div class=\"elementor-container elementor-column-gap-default\">\n\t\t\t\t\t<div class=\"elementor-column elementor-col-100 elementor-top-column elementor-element elementor-element-563f7c1\" data-id=\"563f7c1\" data-element_type=\"column\">\n\t\t\t<div class=\"elementor-widget-wrap elementor-element-populated\">\n\t\t\t\t\t\t<div class=\"elementor-element elementor-element-befc536 elementor-widget elementor-widget-heading\" data-id=\"befc536\" data-element_type=\"widget\" data-widget_type=\"heading.default\">\n\t\t\t\t<div class=\"elementor-widget-container\">\n\t\t\t\t\t<h1 class=\"elementor-heading-title elementor-size-default\">Kapitoly z dej\u00edn Slovenska 1740 \u2013 1945<\/h1>\t\t\t\t<\/div>\n\t\t\t\t<\/div>\n\t\t\t\t\t<\/div>\n\t\t<\/div>\n\t\t\t\t\t<\/div>\n\t\t<\/section>\n\t\t\t\t<section class=\"elementor-section elementor-top-section elementor-element elementor-element-2858d6f elementor-section-boxed elementor-section-height-default elementor-section-height-default\" data-id=\"2858d6f\" data-element_type=\"section\">\n\t\t\t\t\t\t<div class=\"elementor-container elementor-column-gap-default\">\n\t\t\t\t\t<div class=\"elementor-column elementor-col-100 elementor-top-column elementor-element elementor-element-e63bd34\" data-id=\"e63bd34\" data-element_type=\"column\">\n\t\t\t<div class=\"elementor-widget-wrap elementor-element-populated\">\n\t\t\t\t\t\t<section class=\"elementor-section elementor-inner-section elementor-element elementor-element-0b79421 elementor-section-boxed elementor-section-height-default elementor-section-height-default\" data-id=\"0b79421\" data-element_type=\"section\">\n\t\t\t\t\t\t<div class=\"elementor-container elementor-column-gap-default\">\n\t\t\t\t\t<div class=\"elementor-column elementor-col-100 elementor-inner-column elementor-element elementor-element-bb0ded5\" data-id=\"bb0ded5\" data-element_type=\"column\">\n\t\t\t<div class=\"elementor-widget-wrap elementor-element-populated\">\n\t\t\t\t\t\t<div class=\"elementor-element elementor-element-759b076 elementor-widget elementor-widget-heading\" data-id=\"759b076\" data-element_type=\"widget\" data-widget_type=\"heading.default\">\n\t\t\t\t<div class=\"elementor-widget-container\">\n\t\t\t\t\t<h3 class=\"elementor-heading-title elementor-size-default\">Mlados\u0165 osvietensk\u00e9ho pretendenta <\/h3>\t\t\t\t<\/div>\n\t\t\t\t<\/div>\n\t\t\t\t<div class=\"elementor-element elementor-element-5aa9d5d elementor-widget elementor-widget-text-editor\" data-id=\"5aa9d5d\" data-element_type=\"widget\" data-widget_type=\"text-editor.default\">\n\t\t\t\t<div class=\"elementor-widget-container\">\n\t\t\t\t\t\t\t\t\t<p>Na za\u010diatku vojen o&nbsp;rak\u00faske dedi\u010dstvo porodila M\u00e1ria Ter\u00e9zia 13. marca 1741 svoje v&nbsp;porad\u00ed \u0161tvrt\u00e9 die\u0165a a&nbsp;z\u00e1rove\u0148 prv\u00e9ho syna. Bol pokrsten\u00fd e\u0161te v&nbsp;de\u0148 narodenia a&nbsp;dostal meno po sv\u00e4tom Jozefovi, ku ktor\u00e9mu sa v&nbsp;dobe svojho tehotenstva panovn\u00ed\u010dka \u010dasto modlila. Vo vtedaj\u0161\u00edch vl\u00e1dnych novin\u00e1ch Wiener Diarium (predchodca Wiener Zeitung) bola uveden\u00e1 spr\u00e1va o&nbsp;tom, \u017ee rovno po krste sa n\u00e1sledn\u00edk tr\u00f3nu stal najmlad\u0161\u00edm rytierom r\u00e1du Zlat\u00e9ho r\u00fana. Obyvate\u013estvo Viedne prijalo spr\u00e1vu o&nbsp;naroden\u00ed prv\u00e9ho mu\u017esk\u00e9ho potomka vl\u00e1dnucej dynastie s&nbsp;nad\u0161en\u00edm. V&nbsp;uliciach mesta sa spievalo a domy boli sl\u00e1vnostne osvetlen\u00e9. \u0160t\u00e1tna mincov\u0148a dokonca dala na po\u010des\u0165 tejto udalosti razi\u0165 mince, na ktor\u00fdch bol \u010derstvo naroden\u00fd Jozef spodobnen\u00fd ako b\u00e1jny gr\u00e9cky hrdina Herakles \u0161krtiaci dva obrovsk\u00e9 hady, ktor\u00e9 ho chceli zahubi\u0165.<\/p>\n<p>Koordin\u00e1torom v\u00fdchovy mlad\u00e9ho arcivojvodu sa v&nbsp;roku 1748 stal uhorsk\u00fd gr\u00f3f a&nbsp;cis\u00e1rsky po\u013en\u00fd mar\u0161al Karol Jozef Batthy\u00e1ny. Mlad\u00fd n\u00e1sledn\u00edk tr\u00f3nu sa n\u00e1sledne za\u010dal riadi\u0165 podrobne vypracovan\u00fdm \u0161tudijn\u00fdm pl\u00e1nom, v&nbsp;ktorom bola zahrnut\u00e1 v\u00fdu\u010dba jazykov, dejepisu, pr\u00e1va, kaligrafie (krasopis), geografie, n\u00e1bo\u017eenstva, hudobnej v\u00fdchovy, tanca \u010di matematiky. Vplyvom Batthy\u00e1nyho sa Jozef taktie\u017e u\u010dil \u0161ermova\u0165 a&nbsp;jazdi\u0165 na koni. Nesk\u00f4r sa stal dokonca velite\u013eom vlastn\u00e9ho hus\u00e1rskeho pluku, smel nosi\u0165 vojensk\u00fa uniformu a&nbsp;vzdel\u00e1va\u0165 sa vo vojensk\u00fdch ved\u00e1ch. V\u00fdu\u010dbu hist\u00f3rie a&nbsp;\u0161t\u00e1tovedy mal na starosti rak\u00fasky \u0161t\u00e1tnik a&nbsp;diplomat Johann Christoph von Bartenstein. V\u010faka intenzite a&nbsp;d\u00f4kladnosti Bartensteinovho vyu\u010dovania z\u00edskal Jozef nielen dobr\u00fd preh\u013ead o&nbsp;vn\u00fatornej \u0161trukt\u00fare habsbursk\u00fdch dedi\u010dn\u00fdch kraj\u00edn, ale taktie\u017e o&nbsp;fungovan\u00ed eur\u00f3pskej politiky. Okrem dejepisu sa arcivojvoda venoval podrobn\u00e9mu \u0161t\u00fadiu pr\u00e1va, ktor\u00e9 ho vyu\u010doval rak\u00fasky pr\u00e1vnik a&nbsp;profesor \u0161t\u00e1tneho a&nbsp;l\u00e9nneho pr\u00e1va Christian August Beck. Korunn\u00fd princ sa tak zozn\u00e1mil so z\u00e1sadami prirodzen\u00e9ho pr\u00e1va, pod\u013ea ktor\u00e9ho \u0161t\u00e1t funguje na z\u00e1klade zmluvy s&nbsp;ob\u010danmi a&nbsp;nie na dohode panovn\u00edka s&nbsp;Bohom. Nesk\u00f4r sa Jozef v&nbsp;r\u00e1mci viacer\u00fdch svojich rozhodnut\u00ed riadil pr\u00e1ve touto te\u00f3riou. S\u00e1m seba pova\u017eoval za prv\u00e9ho slu\u017eobn\u00edka svojho \u0161t\u00e1tu, ktor\u00fd ne\u00fanavne usiluje o&nbsp;blaho poddan\u00fdch. Rovnako tak sa prostredn\u00edctvom Beckovej osoby za\u010dali u&nbsp;Jozefa kreova\u0165 jeho sympatie vo\u010di osvietensk\u00e9mu trestn\u00e9mu pr\u00e1vu a&nbsp;n\u00e1bo\u017eenskej tolerancii.<\/p>\n<p>Podstatn\u00fd vplyv na Jozefov sveton\u00e1zor v\u0161ak malo bezpochyby franc\u00fazske prostredie. Svoje najd\u00f4vernej\u0161ie listy p\u00edsal vo franc\u00faz\u0161tine a&nbsp;mnoho podnetov pre svoje osvietensk\u00e9 reformy na\u0161iel v&nbsp;spisoch franc\u00fazskych osvietensk\u00fdch filozofov. Aj ke\u010f to nie je mo\u017en\u00e9 potvrdi\u0165 \u017eiadnymi historick\u00fdmi prame\u0148mi, d\u00e1 sa predpoklada\u0165, \u017ee n\u00e1sledn\u00edk tr\u00f3nu u\u017e v&nbsp;mladosti tajne \u010d\u00edtal aspo\u0148 niektor\u00e9 diela od Voltairea. Rovnako tak z&nbsp;dobov\u00fdch dokumentov, ktor\u00e9 poukazuj\u00fa na zl\u00fd stav r\u00edmsko-katol\u00edckej cirkvi a&nbsp;cirkevn\u00e9ho \u0161t\u00e1tu, vypl\u00fdva Jozefova znalos\u0165 spisov talianskeho u\u010denca Antonia Ludovica Muratoriho. Vo svojich cirkevn\u00fdch a&nbsp;cirkevno-politick\u00fdch rozhodnutiach bol mlad\u00fd arcivojvoda ovplyvnen\u00fd taktie\u017e jansenizmom. Toto reformn\u00e9 hnutie vo vn\u00fatri katol\u00edckej cirkvi, ktor\u00e9 usilovalo o&nbsp;vn\u00fatorn\u00fa zbo\u017enos\u0165, prenikalo do monarchie predov\u0161etk\u00fdm z&nbsp;Talianska a&nbsp;Franc\u00fazska. S&nbsp;jansenizmom sympatizovala dokonca \u010das\u0165 Jozefov\u00fdch u\u010dite\u013eov (van Swieten, Bartenstein).<\/p>\n<p>Jozefovo vzdel\u00e1vanie trvalo do roku 1760, kedy sa zosob\u00e1\u0161il s&nbsp;princeznou Izabelou Parmskou. V&nbsp;priebehu kr\u00e1tkeho man\u017eelstva (1760 \u2013 1763) sa man\u017eelsk\u00e9mu p\u00e1ru podarilo splodi\u0165 dve dc\u00e9ry. Obe v\u0161ak zomreli v&nbsp;mladom veku. Star\u0161ia M\u00e1ria Ter\u00e9zia sa do\u017eila \u00f4smych rokov a&nbsp;mlad\u0161ia Krist\u00edna zomrela kr\u00e1tko po p\u00f4rode. P\u00e4\u0165 dn\u00ed po p\u00f4rode najmlad\u0161ieho potomka pod\u013eahla ochoreniu kiahn\u00ed aj Izabela. Na t\u00fa ist\u00fa diagn\u00f3zu zomrela v&nbsp;roku 1767 tie\u017e jeho druh\u00e1 a&nbsp;z\u00e1rove\u0148 posledn\u00e1 man\u017eelka M\u00e1ria Jozef\u00edna Bavorsk\u00e1. Man\u017eelstvo pravdepodobne ani nebolo naplnen\u00e9. Vzniklo na n\u00e1tlak M\u00e1rie Ter\u00e9zie, preto\u017ee nevesta poch\u00e1dzala z&nbsp;rodu Wittelsbachovcov a&nbsp;bola sestrou bavorsk\u00e9ho kurfirsta Maximili\u00e1na III. Pri svojom odpore k&nbsp;druhej man\u017eelke za\u0161iel Jozef a\u017e tak \u010faleko, \u017ee nechal prehradi\u0165 balk\u00f3n sp\u00e1jaj\u00faci ich apartm\u00e1ny a&nbsp;spojovacie dvere medzi miestnos\u0165ami dal zamkn\u00fa\u0165.<\/p>\n<p style=\"text-align: justify;\">&nbsp;Jozef vplyvom osvietensk\u00fdch ide\u00ed u\u017e v mladom veku prem\u00fd\u0161\u013eal o spravodlivej\u0161om a efekt\u00edvnej\u0161om usporiadan\u00ed \u0161t\u00e1tu, o odoberan\u00ed \u0161\u013eachtick\u00fdch v\u00fdsad a zaisten\u00ed v\u00e4\u010d\u0161\u00edch, z\u00e1konmi garantovan\u00fdch slob\u00f4d pre poddan\u00fdch. Tieto svoje reformn\u00e9 predstavy napokon p\u00edsomne skoncipoval v memorande z roku 1763 s n\u00e1zvom <em>Politick\u00e9 sny<\/em> <em>(R\u00eaveries politiques)<\/em>, ktor\u00e9 bolo p\u00f4vodne nap\u00edsan\u00e9 vo franc\u00faz\u0161tine. Vo v\u0161eobecnosti je mo\u017en\u00e9 kon\u0161tatova\u0165, \u017ee t\u00fdmto dokumentom Jozef nazna\u010doval, ako bude vyzera\u0165 jeho vl\u00e1da, ke\u010f sa stane cis\u00e1rom. Pod\u013ea neho bolo nutn\u00e9 n\u00e1js\u0165 ak\u00fasi rovnov\u00e1hu medzi bohatstvom a chudobou, ktor\u00e1 sa t\u00fdkala predov\u0161etk\u00fdm ro\u013en\u00edckeho obyvate\u013estva. P\u00f4vod nemal sl\u00fa\u017ei\u0165 ako privil\u00e9gium, ale mal by\u0165 z\u00e1v\u00e4zkom. Hospod\u00e1rstvo bolo potrebn\u00e9 podporova\u0165 merkantilistick\u00fdmi opatreniami a \u0161t\u00e1t (vr\u00e1tane Uhorska) mal by\u0165 riaden\u00fd centralisticky. Za naju\u017eito\u010dnej\u0161ie a najd\u00f4le\u017eitej\u0161ie pova\u017eoval Jozef obmedzenie \u0161\u013eachty, preto\u017ee celkov\u00e1 reforma monarchie z\u00e1visela aj od jej vplyvu. S obsahom <em>Politick\u00fdch snov<\/em> bola obozn\u00e1men\u00e1 iba M\u00e1ria Ter\u00e9zia a bli\u017e\u0161ie neur\u010dit\u00fd po\u010det os\u00f4b p\u00f4sobiacich na viedenskom dvore<\/p>\t\t\t\t\t\t\t\t<\/div>\n\t\t\t\t<\/div>\n\t\t\t\t\t<\/div>\n\t\t<\/div>\n\t\t\t\t\t<\/div>\n\t\t<\/section>\n\t\t\t\t\t<\/div>\n\t\t<\/div>\n\t\t\t\t\t<\/div>\n\t\t<\/section>\n\t\t\t\t<\/div>\n\t\t","protected":false},"excerpt":{"rendered":"<p>Kapitoly z dej\u00edn Slovenska 1740 \u2013 1945 Mlados\u0165 osvietensk\u00e9ho pretendenta Na za\u010diatku vojen o&nbsp;rak\u00faske dedi\u010dstvo porodila M\u00e1ria Ter\u00e9zia 13. marca 1741 svoje v&nbsp;porad\u00ed \u0161tvrt\u00e9 die\u0165a a&nbsp;z\u00e1rove\u0148 prv\u00e9ho syna. Bol pokrsten\u00fd e\u0161te v&nbsp;de\u0148 narodenia a&nbsp;dostal meno po sv\u00e4tom Jozefovi, ku ktor\u00e9mu sa v&nbsp;dobe svojho tehotenstva panovn\u00ed\u010dka \u010dasto modlila. Vo vtedaj\u0161\u00edch vl\u00e1dnych novin\u00e1ch Wiener Diarium (predchodca Wiener [&hellip;]<\/p>\n","protected":false},"author":3,"featured_media":0,"parent":0,"menu_order":0,"comment_status":"closed","ping_status":"closed","template":"","meta":{"footnotes":""},"class_list":["post-2167","page","type-page","status-publish","hentry"],"_links":{"self":[{"href":"https:\/\/e-ucebnice.ff.ucm.sk\/index.php\/wp-json\/wp\/v2\/pages\/2167","targetHints":{"allow":["GET"]}}],"collection":[{"href":"https:\/\/e-ucebnice.ff.ucm.sk\/index.php\/wp-json\/wp\/v2\/pages"}],"about":[{"href":"https:\/\/e-ucebnice.ff.ucm.sk\/index.php\/wp-json\/wp\/v2\/types\/page"}],"author":[{"embeddable":true,"href":"https:\/\/e-ucebnice.ff.ucm.sk\/index.php\/wp-json\/wp\/v2\/users\/3"}],"replies":[{"embeddable":true,"href":"https:\/\/e-ucebnice.ff.ucm.sk\/index.php\/wp-json\/wp\/v2\/comments?post=2167"}],"version-history":[{"count":7,"href":"https:\/\/e-ucebnice.ff.ucm.sk\/index.php\/wp-json\/wp\/v2\/pages\/2167\/revisions"}],"predecessor-version":[{"id":7177,"href":"https:\/\/e-ucebnice.ff.ucm.sk\/index.php\/wp-json\/wp\/v2\/pages\/2167\/revisions\/7177"}],"wp:attachment":[{"href":"https:\/\/e-ucebnice.ff.ucm.sk\/index.php\/wp-json\/wp\/v2\/media?parent=2167"}],"curies":[{"name":"wp","href":"https:\/\/api.w.org\/{rel}","templated":true}]}}