{"id":2173,"date":"2023-03-01T15:14:54","date_gmt":"2023-03-01T14:14:54","guid":{"rendered":"https:\/\/e-ucebnice.ff.ucm.sk\/?page_id=2173"},"modified":"2023-05-05T13:06:46","modified_gmt":"2023-05-05T11:06:46","slug":"kapitoly-z-dejin-slovenska-2-4","status":"publish","type":"page","link":"https:\/\/e-ucebnice.ff.ucm.sk\/index.php\/kapitoly-z-dejin-slovenska-2-4\/","title":{"rendered":"Kapitoly z dej\u00edn Slovenska-2-4"},"content":{"rendered":"\t\t<div data-elementor-type=\"wp-page\" data-elementor-id=\"2173\" class=\"elementor elementor-2173\" data-elementor-post-type=\"page\">\n\t\t\t\t\t\t<section class=\"elementor-section elementor-top-section elementor-element elementor-element-01dddfd elementor-section-height-min-height elementor-section-boxed elementor-section-height-default elementor-section-items-middle\" data-id=\"01dddfd\" data-element_type=\"section\" data-settings=\"{&quot;background_background&quot;:&quot;classic&quot;}\">\n\t\t\t\t\t\t\t<div class=\"elementor-background-overlay\"><\/div>\n\t\t\t\t\t\t\t<div class=\"elementor-container elementor-column-gap-default\">\n\t\t\t\t\t<div class=\"elementor-column elementor-col-100 elementor-top-column elementor-element elementor-element-563f7c1\" data-id=\"563f7c1\" data-element_type=\"column\">\n\t\t\t<div class=\"elementor-widget-wrap elementor-element-populated\">\n\t\t\t\t\t\t<div class=\"elementor-element elementor-element-befc536 elementor-widget elementor-widget-heading\" data-id=\"befc536\" data-element_type=\"widget\" data-widget_type=\"heading.default\">\n\t\t\t\t<div class=\"elementor-widget-container\">\n\t\t\t\t\t<h1 class=\"elementor-heading-title elementor-size-default\">Kapitoly z dej\u00edn Slovenska 1740 \u2013 1945<\/h1>\t\t\t\t<\/div>\n\t\t\t\t<\/div>\n\t\t\t\t\t<\/div>\n\t\t<\/div>\n\t\t\t\t\t<\/div>\n\t\t<\/section>\n\t\t\t\t<section class=\"elementor-section elementor-top-section elementor-element elementor-element-2858d6f elementor-section-boxed elementor-section-height-default elementor-section-height-default\" data-id=\"2858d6f\" data-element_type=\"section\">\n\t\t\t\t\t\t<div class=\"elementor-container elementor-column-gap-default\">\n\t\t\t\t\t<div class=\"elementor-column elementor-col-100 elementor-top-column elementor-element elementor-element-e63bd34\" data-id=\"e63bd34\" data-element_type=\"column\">\n\t\t\t<div class=\"elementor-widget-wrap elementor-element-populated\">\n\t\t\t\t\t\t<section class=\"elementor-section elementor-inner-section elementor-element elementor-element-0b79421 elementor-section-boxed elementor-section-height-default elementor-section-height-default\" data-id=\"0b79421\" data-element_type=\"section\">\n\t\t\t\t\t\t<div class=\"elementor-container elementor-column-gap-default\">\n\t\t\t\t\t<div class=\"elementor-column elementor-col-100 elementor-inner-column elementor-element elementor-element-bb0ded5\" data-id=\"bb0ded5\" data-element_type=\"column\">\n\t\t\t<div class=\"elementor-widget-wrap elementor-element-populated\">\n\t\t\t\t\t\t<div class=\"elementor-element elementor-element-759b076 elementor-widget elementor-widget-heading\" data-id=\"759b076\" data-element_type=\"widget\" data-widget_type=\"heading.default\">\n\t\t\t\t<div class=\"elementor-widget-container\">\n\t\t\t\t\t<h3 class=\"elementor-heading-title elementor-size-default\">Dobov\u00e9 materi\u00e1ly a cit\u00e1ty:<\/h3>\t\t\t\t<\/div>\n\t\t\t\t<\/div>\n\t\t\t\t<div class=\"elementor-element elementor-element-5aa9d5d elementor-widget elementor-widget-text-editor\" data-id=\"5aa9d5d\" data-element_type=\"widget\" data-widget_type=\"text-editor.default\">\n\t\t\t\t<div class=\"elementor-widget-container\">\n\t\t\t\t\t\t\t\t\t<p style=\"text-align: justify;\">Dokument z&nbsp;roku 1785 o&nbsp;predaji b\u00fdval\u00e9ho evanjelick\u00e9ho kol\u00e9gia a&nbsp;mal\u00e9ho kostola, u\u017e\u00edvan\u00fdch do roku 1773 jezuitmi, evanjelikom:<\/p>\n<p style=\"text-align: justify;\"><em>\u201eK\u00fapna zmluva a&nbsp;kvitancia na kostol a&nbsp;rezidenciu z&nbsp;24. novembra 1784 a&nbsp;25. febru\u00e1ra 1785 z\u00edskan\u00fd kostol a&nbsp;kol\u00e9gium, p\u00f4vodne postaven\u00e9 evanjelick\u00fdmi stavmi, potom obsaden\u00e9 p\u00e1trami Spolo\u010dnosti Je\u017ei\u0161ovej a&nbsp;pretvoren\u00e9 na ich rezidenciu, tie\u017e a\u017e do rozpustenia Spolo\u010dnosti nimi u\u017e\u00edvan\u00e9, napokon po jej rozpusten\u00ed t\u00fdmto rozkazom z&nbsp;milosti nesmrte\u013enej pam\u00e4ti najsl\u00e1vnej\u0161ieho cis\u00e1ra a&nbsp;kr\u00e1\u013ea Jozefa II., rozhodnut\u00edm o&nbsp;pon\u00faknutej sume 6000 uhorsk\u00fdch zlat\u00fdch, bolo pr\u00e1vom akoby n\u00e1vratu vr\u00e1ten\u00e9 pre\u0161ovsk\u00fdm evanjelikom. <\/em><\/p>\n<p style=\"text-align: justify;\"><em>Kvitancia. Na \u0161es\u0165tis\u00edc zlat\u00fdch, ktor\u00e9 obec augsbursk\u00e9ho vyznania v&nbsp;Pre\u0161ove ako tak\u00fdch za jej najvy\u0161\u0161\u00edm rozkazom odovzdan\u00fa b\u00fdval\u00fa pre\u0161ovsk\u00fa rezidenciu jezuitov, spolu s&nbsp;k&nbsp;nej patriacim kostolom, na tridsiatkovom \u00farade zlo\u017een\u00fa k\u00fapnu sumu \u0161es\u0165tis\u00edc zlat\u00fdch bolo preveden\u00fdch \u00da\u010dtovn\u00e9mu \u00faradu Kr\u00e1\u013eovskej uhorskej dvorskej komory. Dokument tohto \u00faradu vyhotoven\u00fd v&nbsp;Bud\u00edne 25. febru\u00e1ra 1785.\u201c <\/em><\/p>\n<p style=\"text-align: justify;\"><strong>Zdroj:<\/strong> DVO\u0158\u00c1K, Pavel (ed.). <em>Pramene k&nbsp;dejin\u00e1m Slovenska a&nbsp;Slov\u00e1kov VIII. Nov\u00fd poh\u013ead na svet: \u010cas osvietensk\u00fdch vl\u00e1dcov od protihabsbursk\u00fdch povstan\u00ed po za\u010diatky slovensk\u00e9ho n\u00e1rodn\u00e9ho obrodenia<\/em>. Bratislava: Liter\u00e1rne informa\u010dn\u00e9 centrum, 2007, s. 200.<\/p>\t\t\t\t\t\t\t\t<\/div>\n\t\t\t\t<\/div>\n\t\t\t\t\t<\/div>\n\t\t<\/div>\n\t\t\t\t\t<\/div>\n\t\t<\/section>\n\t\t\t\t\t<\/div>\n\t\t<\/div>\n\t\t\t\t\t<\/div>\n\t\t<\/section>\n\t\t\t\t<\/div>\n\t\t","protected":false},"excerpt":{"rendered":"<p>Kapitoly z dej\u00edn Slovenska 1740 \u2013 1945 Dobov\u00e9 materi\u00e1ly a cit\u00e1ty: Dokument z&nbsp;roku 1785 o&nbsp;predaji b\u00fdval\u00e9ho evanjelick\u00e9ho kol\u00e9gia a&nbsp;mal\u00e9ho kostola, u\u017e\u00edvan\u00fdch do roku 1773 jezuitmi, evanjelikom: \u201eK\u00fapna zmluva a&nbsp;kvitancia na kostol a&nbsp;rezidenciu z&nbsp;24. novembra 1784 a&nbsp;25. febru\u00e1ra 1785 z\u00edskan\u00fd kostol a&nbsp;kol\u00e9gium, p\u00f4vodne postaven\u00e9 evanjelick\u00fdmi stavmi, potom obsaden\u00e9 p\u00e1trami Spolo\u010dnosti Je\u017ei\u0161ovej a&nbsp;pretvoren\u00e9 na ich rezidenciu, tie\u017e [&hellip;]<\/p>\n","protected":false},"author":3,"featured_media":0,"parent":0,"menu_order":0,"comment_status":"closed","ping_status":"closed","template":"","meta":{"footnotes":""},"class_list":["post-2173","page","type-page","status-publish","hentry"],"_links":{"self":[{"href":"https:\/\/e-ucebnice.ff.ucm.sk\/index.php\/wp-json\/wp\/v2\/pages\/2173","targetHints":{"allow":["GET"]}}],"collection":[{"href":"https:\/\/e-ucebnice.ff.ucm.sk\/index.php\/wp-json\/wp\/v2\/pages"}],"about":[{"href":"https:\/\/e-ucebnice.ff.ucm.sk\/index.php\/wp-json\/wp\/v2\/types\/page"}],"author":[{"embeddable":true,"href":"https:\/\/e-ucebnice.ff.ucm.sk\/index.php\/wp-json\/wp\/v2\/users\/3"}],"replies":[{"embeddable":true,"href":"https:\/\/e-ucebnice.ff.ucm.sk\/index.php\/wp-json\/wp\/v2\/comments?post=2173"}],"version-history":[{"count":7,"href":"https:\/\/e-ucebnice.ff.ucm.sk\/index.php\/wp-json\/wp\/v2\/pages\/2173\/revisions"}],"predecessor-version":[{"id":7183,"href":"https:\/\/e-ucebnice.ff.ucm.sk\/index.php\/wp-json\/wp\/v2\/pages\/2173\/revisions\/7183"}],"wp:attachment":[{"href":"https:\/\/e-ucebnice.ff.ucm.sk\/index.php\/wp-json\/wp\/v2\/media?parent=2173"}],"curies":[{"name":"wp","href":"https:\/\/api.w.org\/{rel}","templated":true}]}}