{"id":2215,"date":"2023-03-01T18:35:51","date_gmt":"2023-03-01T17:35:51","guid":{"rendered":"https:\/\/e-ucebnice.ff.ucm.sk\/?page_id=2215"},"modified":"2023-05-06T11:43:21","modified_gmt":"2023-05-06T09:43:21","slug":"kapitoly-z-dejin-slovenska-3-5","status":"publish","type":"page","link":"https:\/\/e-ucebnice.ff.ucm.sk\/index.php\/kapitoly-z-dejin-slovenska-3-5\/","title":{"rendered":"Kapitoly z dej\u00edn Slovenska-3-5"},"content":{"rendered":"\t\t<div data-elementor-type=\"wp-page\" data-elementor-id=\"2215\" class=\"elementor elementor-2215\" data-elementor-post-type=\"page\">\n\t\t\t\t\t\t<section class=\"elementor-section elementor-top-section elementor-element elementor-element-01dddfd elementor-section-height-min-height elementor-section-boxed elementor-section-height-default elementor-section-items-middle\" data-id=\"01dddfd\" data-element_type=\"section\" data-settings=\"{&quot;background_background&quot;:&quot;classic&quot;}\">\n\t\t\t\t\t\t\t<div class=\"elementor-background-overlay\"><\/div>\n\t\t\t\t\t\t\t<div class=\"elementor-container elementor-column-gap-default\">\n\t\t\t\t\t<div class=\"elementor-column elementor-col-100 elementor-top-column elementor-element elementor-element-563f7c1\" data-id=\"563f7c1\" data-element_type=\"column\">\n\t\t\t<div class=\"elementor-widget-wrap elementor-element-populated\">\n\t\t\t\t\t\t<div class=\"elementor-element elementor-element-befc536 elementor-widget elementor-widget-heading\" data-id=\"befc536\" data-element_type=\"widget\" data-widget_type=\"heading.default\">\n\t\t\t\t<div class=\"elementor-widget-container\">\n\t\t\t\t\t<h1 class=\"elementor-heading-title elementor-size-default\">Kapitoly z dej\u00edn Slovenska 1740 \u2013 1945<\/h1>\t\t\t\t<\/div>\n\t\t\t\t<\/div>\n\t\t\t\t\t<\/div>\n\t\t<\/div>\n\t\t\t\t\t<\/div>\n\t\t<\/section>\n\t\t\t\t<section class=\"elementor-section elementor-top-section elementor-element elementor-element-2858d6f elementor-section-boxed elementor-section-height-default elementor-section-height-default\" data-id=\"2858d6f\" data-element_type=\"section\">\n\t\t\t\t\t\t<div class=\"elementor-container elementor-column-gap-default\">\n\t\t\t\t\t<div class=\"elementor-column elementor-col-100 elementor-top-column elementor-element elementor-element-e63bd34\" data-id=\"e63bd34\" data-element_type=\"column\">\n\t\t\t<div class=\"elementor-widget-wrap elementor-element-populated\">\n\t\t\t\t\t\t<section class=\"elementor-section elementor-inner-section elementor-element elementor-element-0b79421 elementor-section-boxed elementor-section-height-default elementor-section-height-default\" data-id=\"0b79421\" data-element_type=\"section\">\n\t\t\t\t\t\t<div class=\"elementor-container elementor-column-gap-default\">\n\t\t\t\t\t<div class=\"elementor-column elementor-col-100 elementor-inner-column elementor-element elementor-element-bb0ded5\" data-id=\"bb0ded5\" data-element_type=\"column\">\n\t\t\t<div class=\"elementor-widget-wrap elementor-element-populated\">\n\t\t\t\t\t\t<div class=\"elementor-element elementor-element-759b076 elementor-widget elementor-widget-heading\" data-id=\"759b076\" data-element_type=\"widget\" data-widget_type=\"heading.default\">\n\t\t\t\t<div class=\"elementor-widget-container\">\n\t\t\t\t\t<h3 class=\"elementor-heading-title elementor-size-default\">Dopl\u0148uj\u00faca literat\u00fara:<\/h3>\t\t\t\t<\/div>\n\t\t\t\t<\/div>\n\t\t\t\t<div class=\"elementor-element elementor-element-5aa9d5d elementor-widget elementor-widget-text-editor\" data-id=\"5aa9d5d\" data-element_type=\"widget\" data-widget_type=\"text-editor.default\">\n\t\t\t\t<div class=\"elementor-widget-container\">\n\t\t\t\t\t\t\t\t\t<ol><li>GRAF, Gerda. <em>Der Verfassungsentwurf aus dem Jahr 1787 des Granduca Pietro Leopoldo di Toscana<\/em>. <em>Edition &amp; \u00dcbersetzung. Das Verfassungsprojekt<\/em>. Berlin: Duncker &amp; Humblot, 1998, 315 s. \u2013 Vedeck\u00e1 monografia nemeckej histori\u010dky Gerdy Graf, ktor\u00e1 podrobne rozober\u00e1 projekt tosk\u00e1nskej \u00fastavy z\u00a0roku 1787, ktor\u00fd bol s\u00fa\u010das\u0165ou reforiem vtedaj\u0161ieho tosk\u00e1nskeho ve\u013ekovojvodu Leopolda.<\/li><li>RADY, Martyn. <em>Habsburgs. The Rise and Fall of a\u00a0World Power<\/em>. New York: Basic Books, 2020, 397 s. \u2013 Historik Martyn Rady vo svojej publik\u00e1cii, ktor\u00e1 vy\u0161la aj v\u00a0slovenskom vydan\u00ed (<em>Habsburgovci. Vzostup a\u00a0p\u00e1d svetovej ve\u013emoci<\/em>), popisuje dejiny habsbursk\u00e9ho imp\u00e9ria od stredoveku do konca prvej svetovej vojny. Zna\u010dn\u00fa pozornos\u0165 venoval v\u00a0pr\u00e1ci predov\u0161etk\u00fdm stredoeur\u00f3pskym d\u0155\u017eav\u00e1m tohto panovn\u00edckeho rodu.<\/li><li>WEISSENSTEINER, Friedrich. <em>Die grossen Herrscher des Hauses Habsburg. 700 Jahre europ\u00e4ische Geschichte<\/em>. M\u00fcnchen: Piper, 2007, 448 s. \u2013 Monografia rak\u00faskeho historika, ktor\u00e1 vy\u0161la aj v\u00a0\u010deskom vydan\u00ed (<em>Velc\u00ed panovn\u00edci rodu habsbursk\u00e9ho. 700 let evropsk\u00e9 historie)<\/em> predstavuje 14 najv\u00fdznamnej\u0161\u00edch panovn\u00edkov v\u00a0\u017eivotopisn\u00fdch portr\u00e9toch. Opisuje hist\u00f3riu habsbursk\u00e9ho rodu od neskor\u00e9ho stredoveku do 20. storo\u010dia.<\/li><\/ol>\t\t\t\t\t\t\t\t<\/div>\n\t\t\t\t<\/div>\n\t\t\t\t\t<\/div>\n\t\t<\/div>\n\t\t\t\t\t<\/div>\n\t\t<\/section>\n\t\t\t\t\t<\/div>\n\t\t<\/div>\n\t\t\t\t\t<\/div>\n\t\t<\/section>\n\t\t\t\t<\/div>\n\t\t","protected":false},"excerpt":{"rendered":"<p>Kapitoly z dej\u00edn Slovenska 1740 \u2013 1945 Dopl\u0148uj\u00faca literat\u00fara: GRAF, Gerda. Der Verfassungsentwurf aus dem Jahr 1787 des Granduca Pietro Leopoldo di Toscana. Edition &amp; \u00dcbersetzung. Das Verfassungsprojekt. Berlin: Duncker &amp; Humblot, 1998, 315 s. \u2013 Vedeck\u00e1 monografia nemeckej histori\u010dky Gerdy Graf, ktor\u00e1 podrobne rozober\u00e1 projekt tosk\u00e1nskej \u00fastavy z\u00a0roku 1787, ktor\u00fd bol s\u00fa\u010das\u0165ou reforiem vtedaj\u0161ieho [&hellip;]<\/p>\n","protected":false},"author":3,"featured_media":0,"parent":0,"menu_order":0,"comment_status":"closed","ping_status":"closed","template":"","meta":{"footnotes":""},"class_list":["post-2215","page","type-page","status-publish","hentry"],"_links":{"self":[{"href":"https:\/\/e-ucebnice.ff.ucm.sk\/index.php\/wp-json\/wp\/v2\/pages\/2215","targetHints":{"allow":["GET"]}}],"collection":[{"href":"https:\/\/e-ucebnice.ff.ucm.sk\/index.php\/wp-json\/wp\/v2\/pages"}],"about":[{"href":"https:\/\/e-ucebnice.ff.ucm.sk\/index.php\/wp-json\/wp\/v2\/types\/page"}],"author":[{"embeddable":true,"href":"https:\/\/e-ucebnice.ff.ucm.sk\/index.php\/wp-json\/wp\/v2\/users\/3"}],"replies":[{"embeddable":true,"href":"https:\/\/e-ucebnice.ff.ucm.sk\/index.php\/wp-json\/wp\/v2\/comments?post=2215"}],"version-history":[{"count":7,"href":"https:\/\/e-ucebnice.ff.ucm.sk\/index.php\/wp-json\/wp\/v2\/pages\/2215\/revisions"}],"predecessor-version":[{"id":7581,"href":"https:\/\/e-ucebnice.ff.ucm.sk\/index.php\/wp-json\/wp\/v2\/pages\/2215\/revisions\/7581"}],"wp:attachment":[{"href":"https:\/\/e-ucebnice.ff.ucm.sk\/index.php\/wp-json\/wp\/v2\/media?parent=2215"}],"curies":[{"name":"wp","href":"https:\/\/api.w.org\/{rel}","templated":true}]}}