{"id":2219,"date":"2023-03-01T18:36:45","date_gmt":"2023-03-01T17:36:45","guid":{"rendered":"https:\/\/e-ucebnice.ff.ucm.sk\/?page_id=2219"},"modified":"2023-03-01T19:12:17","modified_gmt":"2023-03-01T18:12:17","slug":"kapitoly-z-dejin-slovenska-4-2","status":"publish","type":"page","link":"https:\/\/e-ucebnice.ff.ucm.sk\/index.php\/kapitoly-z-dejin-slovenska-4-2\/","title":{"rendered":"Kapitoly z dej\u00edn Slovenska-4-2"},"content":{"rendered":"\t\t<div data-elementor-type=\"wp-page\" data-elementor-id=\"2219\" class=\"elementor elementor-2219\" data-elementor-post-type=\"page\">\n\t\t\t\t\t\t<section class=\"elementor-section elementor-top-section elementor-element elementor-element-4a15b19 elementor-section-height-min-height elementor-section-boxed elementor-section-height-default elementor-section-items-middle\" data-id=\"4a15b19\" data-element_type=\"section\" data-settings=\"{&quot;background_background&quot;:&quot;classic&quot;}\">\n\t\t\t\t\t\t\t<div class=\"elementor-background-overlay\"><\/div>\n\t\t\t\t\t\t\t<div class=\"elementor-container elementor-column-gap-default\">\n\t\t\t\t\t<div class=\"elementor-column elementor-col-100 elementor-top-column elementor-element elementor-element-121cf5b\" data-id=\"121cf5b\" data-element_type=\"column\">\n\t\t\t<div class=\"elementor-widget-wrap elementor-element-populated\">\n\t\t\t\t\t\t<div class=\"elementor-element elementor-element-ff1f846 elementor-widget elementor-widget-heading\" data-id=\"ff1f846\" data-element_type=\"widget\" data-widget_type=\"heading.default\">\n\t\t\t\t<div class=\"elementor-widget-container\">\n\t\t\t\t\t<h1 class=\"elementor-heading-title elementor-size-default\">Kapitoly z dej\u00edn Slovenska 1740 \u2013 1945<\/h1>\t\t\t\t<\/div>\n\t\t\t\t<\/div>\n\t\t\t\t\t<\/div>\n\t\t<\/div>\n\t\t\t\t\t<\/div>\n\t\t<\/section>\n\t\t\t\t<section class=\"elementor-section elementor-top-section elementor-element elementor-element-2858d6f elementor-section-boxed elementor-section-height-default elementor-section-height-default\" data-id=\"2858d6f\" data-element_type=\"section\">\n\t\t\t\t\t\t<div class=\"elementor-container elementor-column-gap-default\">\n\t\t\t\t\t<div class=\"elementor-column elementor-col-100 elementor-top-column elementor-element elementor-element-e63bd34\" data-id=\"e63bd34\" data-element_type=\"column\">\n\t\t\t<div class=\"elementor-widget-wrap elementor-element-populated\">\n\t\t\t\t\t\t<section class=\"elementor-section elementor-inner-section elementor-element elementor-element-0b79421 elementor-section-boxed elementor-section-height-default elementor-section-height-default\" data-id=\"0b79421\" data-element_type=\"section\">\n\t\t\t\t\t\t<div class=\"elementor-container elementor-column-gap-default\">\n\t\t\t\t\t<div class=\"elementor-column elementor-col-100 elementor-inner-column elementor-element elementor-element-bb0ded5\" data-id=\"bb0ded5\" data-element_type=\"column\">\n\t\t\t<div class=\"elementor-widget-wrap elementor-element-populated\">\n\t\t\t\t\t\t<div class=\"elementor-element elementor-element-759b076 elementor-widget elementor-widget-heading\" data-id=\"759b076\" data-element_type=\"widget\" data-widget_type=\"heading.default\">\n\t\t\t\t<div class=\"elementor-widget-container\">\n\t\t\t\t\t<h3 class=\"elementor-heading-title elementor-size-default\">Knie\u017ea Klemens Wenzel von Metternich (*1773 \u2013 \u20201859)<\/h3>\t\t\t\t<\/div>\n\t\t\t\t<\/div>\n\t\t\t\t<div class=\"elementor-element elementor-element-5aa9d5d elementor-widget elementor-widget-text-editor\" data-id=\"5aa9d5d\" data-element_type=\"widget\" data-widget_type=\"text-editor.default\">\n\t\t\t\t<div class=\"elementor-widget-container\">\n\t\t\t\t\t\t\t\t\t<p style=\"text-align: justify;\">V\u00a0roku 1809 sa dostal do kresla ministersk\u00e9ho predsedu Rak\u00faskeho cis\u00e1rstva Klemens Wenzel von Metternich, ktor\u00fd sa stal vykon\u00e1vate\u013eom Franti\u0161kovej politiky. Bol zru\u010dn\u00fdm diplomatom, v\u010faka \u010domu sa mu v\u00a0roku 1815 podarilo doslova ovl\u00e1dnu\u0165 <em>Viedensk\u00fd kongres<\/em> a\u00a0medzin\u00e1rodn\u00fa politick\u00fa sc\u00e9nu. Jeho diplomatick\u00e9 z\u00e1sahy na ve\u013ek\u00fdch a\u00a0mal\u00fdch diplomatick\u00fdch bojisk\u00e1ch sa niesli v\u00a0znamen\u00ed Franti\u0161kovej z\u00e1sady \u201eni\u010d nemeni\u0165\u201c. Tento pr\u00edstup zaujali obaja mu\u017ei aj vo\u010di n\u00e1rodn\u00fdm hnutiam, ktor\u00e9 sa za\u010dali \u0161\u00edri\u0165 Eur\u00f3pou. Aj ke\u010f sa m\u00f4\u017ee zda\u0165, \u017ee obaja mu\u017ei zdie\u013eali rovnak\u00e9 n\u00e1zory vo v\u0161etk\u00fdch aspektoch vl\u00e1dnutia, nie je tomu celkom tak. K\u00fdm cis\u00e1r bol z\u00e1stancom konzervativizmu a\u00a0centralistick\u00e9ho riadenia, Metternich videl mo\u017en\u00fa cestu, ako by sa mohla krajina vyv\u00edja\u0165, vo federat\u00edvnom syst\u00e9me, ktor\u00fd by prizn\u00e1val jednotliv\u00fdm n\u00e1rodom ur\u010dit\u00fd stupe\u0148 samostatnosti. Pre t\u00fato my\u0161lienku sa mu v\u0161ak cis\u00e1ra z\u00edska\u0165 nepodarilo. Ich n\u00e1zory sa rozch\u00e1dzali aj v\u00a0ot\u00e1zke administrat\u00edvneho apar\u00e1tu, ktor\u00fd bol pod\u013ea Metternicha m\u00e1lo v\u00fdkonn\u00fd a\u00a0vy\u017eadoval reorganiz\u00e1ciu. S\u00e1m aj navrhol jeho reformu, no k\u00a0realiz\u00e1cii nikdy nedo\u0161lo.<\/p><p style=\"text-align: justify;\">V\u00a0roku 1811 Franti\u0161ek rozpustil snem a\u00a0a\u017e do roku 1825 vl\u00e1dol prostredn\u00edctvom patentov. V\u00a0m\u00e1ji 1821 sa stal Klemens W. Metternich dvorsk\u00fdm, domov\u00fdm a \u0161t\u00e1tnym kancel\u00e1rom, \u010do z\u00a0neho spravilo najvplyvnej\u0161iu osobu habsburskej monarchie hne\u010f po panovn\u00edkovi. V\u00a0krajine sa naplno rozvinul absolutistick\u00fd re\u017eim ozna\u010dovan\u00fd ako \u201ekabinetn\u00fd\u201c absolutizmus, no zn\u00e1my je tie\u017e ako <em>metternichovsk\u00fd absolutizmus.<\/em><\/p>\t\t\t\t\t\t\t\t<\/div>\n\t\t\t\t<\/div>\n\t\t\t\t\t<\/div>\n\t\t<\/div>\n\t\t\t\t\t<\/div>\n\t\t<\/section>\n\t\t\t\t\t<\/div>\n\t\t<\/div>\n\t\t\t\t\t<\/div>\n\t\t<\/section>\n\t\t\t\t<\/div>\n\t\t","protected":false},"excerpt":{"rendered":"<p>Kapitoly z dej\u00edn Slovenska 1740 \u2013 1945 Knie\u017ea Klemens Wenzel von Metternich (*1773 \u2013 \u20201859) V\u00a0roku 1809 sa dostal do kresla ministersk\u00e9ho predsedu Rak\u00faskeho cis\u00e1rstva Klemens Wenzel von Metternich, ktor\u00fd sa stal vykon\u00e1vate\u013eom Franti\u0161kovej politiky. Bol zru\u010dn\u00fdm diplomatom, v\u010faka \u010domu sa mu v\u00a0roku 1815 podarilo doslova ovl\u00e1dnu\u0165 Viedensk\u00fd kongres a\u00a0medzin\u00e1rodn\u00fa politick\u00fa sc\u00e9nu. Jeho diplomatick\u00e9 z\u00e1sahy [&hellip;]<\/p>\n","protected":false},"author":3,"featured_media":0,"parent":0,"menu_order":0,"comment_status":"closed","ping_status":"closed","template":"","meta":{"footnotes":""},"class_list":["post-2219","page","type-page","status-publish","hentry"],"_links":{"self":[{"href":"https:\/\/e-ucebnice.ff.ucm.sk\/index.php\/wp-json\/wp\/v2\/pages\/2219","targetHints":{"allow":["GET"]}}],"collection":[{"href":"https:\/\/e-ucebnice.ff.ucm.sk\/index.php\/wp-json\/wp\/v2\/pages"}],"about":[{"href":"https:\/\/e-ucebnice.ff.ucm.sk\/index.php\/wp-json\/wp\/v2\/types\/page"}],"author":[{"embeddable":true,"href":"https:\/\/e-ucebnice.ff.ucm.sk\/index.php\/wp-json\/wp\/v2\/users\/3"}],"replies":[{"embeddable":true,"href":"https:\/\/e-ucebnice.ff.ucm.sk\/index.php\/wp-json\/wp\/v2\/comments?post=2219"}],"version-history":[{"count":7,"href":"https:\/\/e-ucebnice.ff.ucm.sk\/index.php\/wp-json\/wp\/v2\/pages\/2219\/revisions"}],"predecessor-version":[{"id":2277,"href":"https:\/\/e-ucebnice.ff.ucm.sk\/index.php\/wp-json\/wp\/v2\/pages\/2219\/revisions\/2277"}],"wp:attachment":[{"href":"https:\/\/e-ucebnice.ff.ucm.sk\/index.php\/wp-json\/wp\/v2\/media?parent=2219"}],"curies":[{"name":"wp","href":"https:\/\/api.w.org\/{rel}","templated":true}]}}