{"id":2223,"date":"2023-03-01T18:37:28","date_gmt":"2023-03-01T17:37:28","guid":{"rendered":"https:\/\/e-ucebnice.ff.ucm.sk\/?page_id=2223"},"modified":"2023-05-05T13:56:22","modified_gmt":"2023-05-05T11:56:22","slug":"kapitoly-z-dejin-slovenska-4-4","status":"publish","type":"page","link":"https:\/\/e-ucebnice.ff.ucm.sk\/index.php\/kapitoly-z-dejin-slovenska-4-4\/","title":{"rendered":"Kapitoly z dej\u00edn Slovenska-4-4"},"content":{"rendered":"\t\t<div data-elementor-type=\"wp-page\" data-elementor-id=\"2223\" class=\"elementor elementor-2223\" data-elementor-post-type=\"page\">\n\t\t\t\t\t\t<section class=\"elementor-section elementor-top-section elementor-element elementor-element-fecc538 elementor-section-height-min-height elementor-section-boxed elementor-section-height-default elementor-section-items-middle\" data-id=\"fecc538\" data-element_type=\"section\" data-settings=\"{&quot;background_background&quot;:&quot;classic&quot;}\">\n\t\t\t\t\t\t\t<div class=\"elementor-background-overlay\"><\/div>\n\t\t\t\t\t\t\t<div class=\"elementor-container elementor-column-gap-default\">\n\t\t\t\t\t<div class=\"elementor-column elementor-col-100 elementor-top-column elementor-element elementor-element-a96c90c\" data-id=\"a96c90c\" data-element_type=\"column\">\n\t\t\t<div class=\"elementor-widget-wrap elementor-element-populated\">\n\t\t\t\t\t\t<div class=\"elementor-element elementor-element-6c3cc04 elementor-widget elementor-widget-heading\" data-id=\"6c3cc04\" data-element_type=\"widget\" data-widget_type=\"heading.default\">\n\t\t\t\t<div class=\"elementor-widget-container\">\n\t\t\t\t\t<h1 class=\"elementor-heading-title elementor-size-default\">Kapitoly z dej\u00edn Slovenska 1740 \u2013 1945<\/h1>\t\t\t\t<\/div>\n\t\t\t\t<\/div>\n\t\t\t\t\t<\/div>\n\t\t<\/div>\n\t\t\t\t\t<\/div>\n\t\t<\/section>\n\t\t\t\t<section class=\"elementor-section elementor-top-section elementor-element elementor-element-2858d6f elementor-section-boxed elementor-section-height-default elementor-section-height-default\" data-id=\"2858d6f\" data-element_type=\"section\">\n\t\t\t\t\t\t<div class=\"elementor-container elementor-column-gap-default\">\n\t\t\t\t\t<div class=\"elementor-column elementor-col-100 elementor-top-column elementor-element elementor-element-e63bd34\" data-id=\"e63bd34\" data-element_type=\"column\">\n\t\t\t<div class=\"elementor-widget-wrap elementor-element-populated\">\n\t\t\t\t\t\t<section class=\"elementor-section elementor-inner-section elementor-element elementor-element-0b79421 elementor-section-boxed elementor-section-height-default elementor-section-height-default\" data-id=\"0b79421\" data-element_type=\"section\">\n\t\t\t\t\t\t<div class=\"elementor-container elementor-column-gap-default\">\n\t\t\t\t\t<div class=\"elementor-column elementor-col-100 elementor-inner-column elementor-element elementor-element-bb0ded5\" data-id=\"bb0ded5\" data-element_type=\"column\">\n\t\t\t<div class=\"elementor-widget-wrap elementor-element-populated\">\n\t\t\t\t\t\t<div class=\"elementor-element elementor-element-759b076 elementor-widget elementor-widget-heading\" data-id=\"759b076\" data-element_type=\"widget\" data-widget_type=\"heading.default\">\n\t\t\t\t<div class=\"elementor-widget-container\">\n\t\t\t\t\t<h3 class=\"elementor-heading-title elementor-size-default\">Dobov\u00e9 materi\u00e1ly a cit\u00e1ty:<\/h3>\t\t\t\t<\/div>\n\t\t\t\t<\/div>\n\t\t\t\t<div class=\"elementor-element elementor-element-5aa9d5d elementor-widget elementor-widget-text-editor\" data-id=\"5aa9d5d\" data-element_type=\"widget\" data-widget_type=\"text-editor.default\">\n\t\t\t\t<div class=\"elementor-widget-container\">\n\t\t\t\t\t\t\t\t\t<p style=\"text-align: justify;\">Nariadenie cis\u00e1ra Franti\u0161ka Jozefa I. o&nbsp;pou\u017e\u00edvan\u00ed uhorsk\u00e9ho jazyka v&nbsp;Uhorsku, 20. okt\u00f3ber 1860:<\/p>\n<p style=\"text-align: justify;\"><em>\u201eMil\u00fd svobodn\u00fd pane Vay. Jako\u017e dodatkem k&nbsp;M\u00fdm dnes vydan\u00fdm rozhodnut\u00edm obnovuji zaveden\u00ed uhersk\u00e9ho jazyka za re\u010d jednac\u00ed a&nbsp;\u00fa\u0159edn\u00ed v\u0161ech \u00fa\u0159ad\u00fa politick\u00fdch a&nbsp;saudn\u00edch v&nbsp;M\u00e9m kr\u00e1lovstv\u00ed uhersk\u00e9m jak ve vnitrn\u00e9 sluzb\u011b tak i&nbsp;v&nbsp;korrespondenci: na\u0159izuji z\u00e1rove\u0148, \u017ee m\u00e1 m\u011bstsk\u00fdm i&nbsp;venkovsk\u00fdm obcem z\u016fstati na v\u016fli, kterau jednac\u00ed \u0159e\u010d sob\u011b vyvol\u00ed pro v\u011bci sv\u00e9 obecn\u00ed, c\u00edrkevn\u00ed a&nbsp;\u0161kolsk\u00e9; d\u00e1le \u017ee ka\u017ed\u00e9mu volno, u\u017e\u00edvati ve shrom\u00e1\u017ed\u011bn\u00edch stoli\u010dn\u00fdch, m\u011bstsk\u00fdch a&nbsp;obecn\u00fdch, kter\u00e9ho koli v&nbsp;krajin\u011b obvykl\u00e9ho jazyka, i&nbsp;zad\u00e1vati v&nbsp;kter\u00e9mkoli \u017e\u00e1dosti anebo prosby sv\u00e9 k&nbsp;\u00fa\u0159ad\u016fm, kter\u00e9\u017e v&nbsp;t\u00e9 sam\u00e9 \u0158e\u010di budau zase po\u0159izov\u00e1ny; \u017ee kone\u010dne \u00fa\u0159adn\u00edci saudn\u00ed a&nbsp;politi\u010dt\u00ed maj\u00ed v\u0161ecky rozkazy a&nbsp;na\u0159\u00edzen\u00ed k&nbsp;obc\u00edm v&nbsp;t\u00e9 \u0159e\u010di spisovati, kter\u00e1 jes jednac\u00ed \u0159e\u010d\u00ed v&nbsp;z\u00e1le\u017eitostech obecn\u00edch.<\/em><\/p>\n<p style=\"text-align: justify;\"><em>Co se t\u00fdka vyu\u010dovac\u00ed \u0159e\u010di na universit\u011b pe\u0161\u0165ansk\u00ed, vid\u00edm sa pohnuta vysloviti v&nbsp;z\u00e1sad\u011b, aby za z\u00e1klad slau\u017eil stav v\u011bc\u00ed p\u0159ed rokem 1848. Ponevad\u017e ale obecn\u00ed interessy vy\u0161\u0161\u00edho v\u011bdeck\u00e9ho vyu\u010dov\u00e1n\u00ed po\u017eaduj\u00ed d\u016fkladn\u00e9ho prozkau\u0161en\u00ed a&nbsp;\u00fapln\u00e9ho uv\u00e1\u017een\u00ed: ma se st\u00e1ti dotaz ku kardin\u00e1lovi-primasovi a&nbsp;k&nbsp;dote\u0161n\u00e9mu sboru u\u010ditelsk\u00e9mu o&nbsp;jich n\u00e1hledech; kr\u00e1l, uhersk\u00e9 n\u00e1m\u011bstnictvo m\u00e1 o&nbsp;kone\u010dn\u00e9 po\u0159\u00edzen\u00ed Mn\u011b poda\u0165 motivovan\u00fd n\u00e1vrh; do t\u00e9 doby m\u00e1 se sp\u016fspbiti, aby \u010dten\u00ed na universit\u011b pe\u0161\u0165ansk\u00e9 pokud mo\u017en\u00e1 na z\u00e1klad\u011b z\u00e1sady ode Mne ustanoven\u00e9 a&nbsp;co nejsk\u016fr se otev\u0159ely.<\/em><\/p>\n<p style=\"text-align: justify;\"><em>Co se t\u00fdka vyu\u010dovac\u00ed \u0159e\u010di na gymnasi\u00edch, m\u00e1 uhersk\u00e9 Moje n\u00e1m\u011bstn\u00edctvo sly\u0161eti o&nbsp;tom c\u00edrkevn\u00ed hodnost\u00e1\u0159e a&nbsp;politick\u00e9 u\u0159ady, d\u00e1le u\u010ditelsk\u00e9 sbory t\u011bch \u00fastav\u016f sam\u00fdch, zdali\u017e a&nbsp;kter\u00e9 prom\u011bny ve vyu\u010dovac\u00ed \u0159e\u010di se ukazuj\u00ed pot\u0159ebn\u00fdmi nebo \u017eadaucn\u00fdmi; nato se Mi maj\u00ed bez prodlen\u00ed podati cestou M\u00e9 uhersk\u00e9 dvorsk\u00e9 kancel\u00e1rie doty\u010dn\u00e9 n\u00e1vrhy.<\/em><\/p>\n<p style=\"text-align: justify;\"><em>Kone\u010dne vyhla\u0161uji Moje pevn\u00e9 ustanoven\u00ed na poli tomto jako na v\u0161ech kde se dot\u00fdkaj\u00ed interessy rozli\u010dn\u00fdch jazyk\u00fa a&nbsp;n\u00e1rodnost\u00ed, \u017ee chci v\u0161elik\u00e9mu nucen\u00ed nebo n\u00e1tisku bu\u010f jak\u00fd koli, jako\u017e i&nbsp;v\u0161elik\u00e9mu nepovolan\u00e9mu vyz\u00fdv\u00e1n\u00ed, podp\u00edr\u00e1n\u00ed a&nbsp;rozhor\u010dov\u00e1n\u00ed n\u00e1rodn\u00edch nebo jazykov\u00fdch protiv co nejrozhodn\u011bj odp\u00edrati.\u201c<\/em><\/p>\n<p style=\"text-align: justify;\"><strong>Zdroj:<\/strong> Cis\u00e1rsky diplom o&nbsp;uspo\u0159\u00e1d\u00e1n\u00ed vnitrn\u00fdch st\u00e1to-pr\u00e1vn\u00edch pomer\u016f mocn\u00e1\u0159stva. In: <em>Slovensk\u00e9 noviny, <\/em>ro\u010d. 7, 23.10.1860, \u010d. 125, s. 2-3.<\/p>\t\t\t\t\t\t\t\t<\/div>\n\t\t\t\t<\/div>\n\t\t\t\t\t<\/div>\n\t\t<\/div>\n\t\t\t\t\t<\/div>\n\t\t<\/section>\n\t\t\t\t\t<\/div>\n\t\t<\/div>\n\t\t\t\t\t<\/div>\n\t\t<\/section>\n\t\t\t\t<\/div>\n\t\t","protected":false},"excerpt":{"rendered":"<p>Kapitoly z dej\u00edn Slovenska 1740 \u2013 1945 Dobov\u00e9 materi\u00e1ly a cit\u00e1ty: Nariadenie cis\u00e1ra Franti\u0161ka Jozefa I. o&nbsp;pou\u017e\u00edvan\u00ed uhorsk\u00e9ho jazyka v&nbsp;Uhorsku, 20. okt\u00f3ber 1860: \u201eMil\u00fd svobodn\u00fd pane Vay. Jako\u017e dodatkem k&nbsp;M\u00fdm dnes vydan\u00fdm rozhodnut\u00edm obnovuji zaveden\u00ed uhersk\u00e9ho jazyka za re\u010d jednac\u00ed a&nbsp;\u00fa\u0159edn\u00ed v\u0161ech \u00fa\u0159ad\u00fa politick\u00fdch a&nbsp;saudn\u00edch v&nbsp;M\u00e9m kr\u00e1lovstv\u00ed uhersk\u00e9m jak ve vnitrn\u00e9 sluzb\u011b tak i&nbsp;v&nbsp;korrespondenci: na\u0159izuji [&hellip;]<\/p>\n","protected":false},"author":3,"featured_media":0,"parent":0,"menu_order":0,"comment_status":"closed","ping_status":"closed","template":"","meta":{"footnotes":""},"class_list":["post-2223","page","type-page","status-publish","hentry"],"_links":{"self":[{"href":"https:\/\/e-ucebnice.ff.ucm.sk\/index.php\/wp-json\/wp\/v2\/pages\/2223","targetHints":{"allow":["GET"]}}],"collection":[{"href":"https:\/\/e-ucebnice.ff.ucm.sk\/index.php\/wp-json\/wp\/v2\/pages"}],"about":[{"href":"https:\/\/e-ucebnice.ff.ucm.sk\/index.php\/wp-json\/wp\/v2\/types\/page"}],"author":[{"embeddable":true,"href":"https:\/\/e-ucebnice.ff.ucm.sk\/index.php\/wp-json\/wp\/v2\/users\/3"}],"replies":[{"embeddable":true,"href":"https:\/\/e-ucebnice.ff.ucm.sk\/index.php\/wp-json\/wp\/v2\/comments?post=2223"}],"version-history":[{"count":7,"href":"https:\/\/e-ucebnice.ff.ucm.sk\/index.php\/wp-json\/wp\/v2\/pages\/2223\/revisions"}],"predecessor-version":[{"id":7255,"href":"https:\/\/e-ucebnice.ff.ucm.sk\/index.php\/wp-json\/wp\/v2\/pages\/2223\/revisions\/7255"}],"wp:attachment":[{"href":"https:\/\/e-ucebnice.ff.ucm.sk\/index.php\/wp-json\/wp\/v2\/media?parent=2223"}],"curies":[{"name":"wp","href":"https:\/\/api.w.org\/{rel}","templated":true}]}}