{"id":2227,"date":"2023-03-01T18:38:24","date_gmt":"2023-03-01T17:38:24","guid":{"rendered":"https:\/\/e-ucebnice.ff.ucm.sk\/?page_id=2227"},"modified":"2023-05-06T11:44:27","modified_gmt":"2023-05-06T09:44:27","slug":"kapitoly-z-dejin-slovenska-4-6","status":"publish","type":"page","link":"https:\/\/e-ucebnice.ff.ucm.sk\/index.php\/kapitoly-z-dejin-slovenska-4-6\/","title":{"rendered":"Kapitoly z dej\u00edn Slovenska-4-6"},"content":{"rendered":"\t\t<div data-elementor-type=\"wp-page\" data-elementor-id=\"2227\" class=\"elementor elementor-2227\" data-elementor-post-type=\"page\">\n\t\t\t\t\t\t<section class=\"elementor-section elementor-top-section elementor-element elementor-element-7429b36 elementor-section-height-min-height elementor-section-boxed elementor-section-height-default elementor-section-items-middle\" data-id=\"7429b36\" data-element_type=\"section\" data-settings=\"{&quot;background_background&quot;:&quot;classic&quot;}\">\n\t\t\t\t\t\t\t<div class=\"elementor-background-overlay\"><\/div>\n\t\t\t\t\t\t\t<div class=\"elementor-container elementor-column-gap-default\">\n\t\t\t\t\t<div class=\"elementor-column elementor-col-100 elementor-top-column elementor-element elementor-element-afc68c2\" data-id=\"afc68c2\" data-element_type=\"column\">\n\t\t\t<div class=\"elementor-widget-wrap elementor-element-populated\">\n\t\t\t\t\t\t<div class=\"elementor-element elementor-element-e80edb6 elementor-widget elementor-widget-heading\" data-id=\"e80edb6\" data-element_type=\"widget\" data-widget_type=\"heading.default\">\n\t\t\t\t<div class=\"elementor-widget-container\">\n\t\t\t\t\t<h1 class=\"elementor-heading-title elementor-size-default\">Kapitoly z dej\u00edn Slovenska 1740 \u2013 1945<\/h1>\t\t\t\t<\/div>\n\t\t\t\t<\/div>\n\t\t\t\t\t<\/div>\n\t\t<\/div>\n\t\t\t\t\t<\/div>\n\t\t<\/section>\n\t\t\t\t<section class=\"elementor-section elementor-top-section elementor-element elementor-element-2858d6f elementor-section-boxed elementor-section-height-default elementor-section-height-default\" data-id=\"2858d6f\" data-element_type=\"section\">\n\t\t\t\t\t\t<div class=\"elementor-container elementor-column-gap-default\">\n\t\t\t\t\t<div class=\"elementor-column elementor-col-100 elementor-top-column elementor-element elementor-element-e63bd34\" data-id=\"e63bd34\" data-element_type=\"column\">\n\t\t\t<div class=\"elementor-widget-wrap elementor-element-populated\">\n\t\t\t\t\t\t<section class=\"elementor-section elementor-inner-section elementor-element elementor-element-0b79421 elementor-section-boxed elementor-section-height-default elementor-section-height-default\" data-id=\"0b79421\" data-element_type=\"section\">\n\t\t\t\t\t\t<div class=\"elementor-container elementor-column-gap-default\">\n\t\t\t\t\t<div class=\"elementor-column elementor-col-100 elementor-inner-column elementor-element elementor-element-bb0ded5\" data-id=\"bb0ded5\" data-element_type=\"column\">\n\t\t\t<div class=\"elementor-widget-wrap elementor-element-populated\">\n\t\t\t\t\t\t<div class=\"elementor-element elementor-element-759b076 elementor-widget elementor-widget-heading\" data-id=\"759b076\" data-element_type=\"widget\" data-widget_type=\"heading.default\">\n\t\t\t\t<div class=\"elementor-widget-container\">\n\t\t\t\t\t<h3 class=\"elementor-heading-title elementor-size-default\">Dopl\u0148uj\u00faca literat\u00fara<\/h3>\t\t\t\t<\/div>\n\t\t\t\t<\/div>\n\t\t\t\t<div class=\"elementor-element elementor-element-5aa9d5d elementor-widget elementor-widget-text-editor\" data-id=\"5aa9d5d\" data-element_type=\"widget\" data-widget_type=\"text-editor.default\">\n\t\t\t\t<div class=\"elementor-widget-container\">\n\t\t\t\t\t\t\t\t\t<ol><li>AUGUSTA, Pavel a kol. <em>Kdo byl kdo v na\u0161ich d\u011bjin\u00e1ch.<\/em> Praha: Libri, 1993, 411 s. \u2013 Pr\u00e1ca od kolekt\u00edvu autorov obsahuje 666 hesiel a\u00a0takmer 1 000 mien sp\u00e1jaj\u00facich sa \u010deskou a\u00a0slovenskou hist\u00f3riou. Hesl\u00e1 s\u00fa spracovan\u00e9 preh\u013eadne a\u00a0obsahuj\u00fa k\u013e\u00fa\u010dov\u00e9 inform\u00e1cie, pomocou ktor\u00fdch z\u00edska \u010ditate\u013e r\u00fdchly preh\u013ead.<\/li><li>SKED, Alan. <em>Metternich a\u00a0Rakousko. <\/em>Brno: Centrum pro studium demokracie a\u00a0kultury, 2014, 319 s. \u2013 Odborn\u00e1 pr\u00e1ca jedn\u00e9ho z\u00a0popredn\u00fdch britsk\u00fdch historikov predstavuje osobnos\u0165 Klemensa Wenzela von Metternicha ako politika a\u00a0diplomata. V\u00a0jednotliv\u00fdch kapitol\u00e1ch rie\u0161i autor vybran\u00e9 aspekty jeho p\u00f4sobenia, \u010d\u00edm poskytuje vh\u013ead do celkov\u00e9ho kontextu jeho aktiv\u00edt.<\/li><\/ol>\t\t\t\t\t\t\t\t<\/div>\n\t\t\t\t<\/div>\n\t\t\t\t\t<\/div>\n\t\t<\/div>\n\t\t\t\t\t<\/div>\n\t\t<\/section>\n\t\t\t\t\t<\/div>\n\t\t<\/div>\n\t\t\t\t\t<\/div>\n\t\t<\/section>\n\t\t\t\t<\/div>\n\t\t","protected":false},"excerpt":{"rendered":"<p>Kapitoly z dej\u00edn Slovenska 1740 \u2013 1945 Dopl\u0148uj\u00faca literat\u00fara AUGUSTA, Pavel a kol. Kdo byl kdo v na\u0161ich d\u011bjin\u00e1ch. Praha: Libri, 1993, 411 s. \u2013 Pr\u00e1ca od kolekt\u00edvu autorov obsahuje 666 hesiel a\u00a0takmer 1 000 mien sp\u00e1jaj\u00facich sa \u010deskou a\u00a0slovenskou hist\u00f3riou. Hesl\u00e1 s\u00fa spracovan\u00e9 preh\u013eadne a\u00a0obsahuj\u00fa k\u013e\u00fa\u010dov\u00e9 inform\u00e1cie, pomocou ktor\u00fdch z\u00edska \u010ditate\u013e r\u00fdchly preh\u013ead. SKED, [&hellip;]<\/p>\n","protected":false},"author":3,"featured_media":0,"parent":0,"menu_order":0,"comment_status":"closed","ping_status":"closed","template":"","meta":{"footnotes":""},"class_list":["post-2227","page","type-page","status-publish","hentry"],"_links":{"self":[{"href":"https:\/\/e-ucebnice.ff.ucm.sk\/index.php\/wp-json\/wp\/v2\/pages\/2227","targetHints":{"allow":["GET"]}}],"collection":[{"href":"https:\/\/e-ucebnice.ff.ucm.sk\/index.php\/wp-json\/wp\/v2\/pages"}],"about":[{"href":"https:\/\/e-ucebnice.ff.ucm.sk\/index.php\/wp-json\/wp\/v2\/types\/page"}],"author":[{"embeddable":true,"href":"https:\/\/e-ucebnice.ff.ucm.sk\/index.php\/wp-json\/wp\/v2\/users\/3"}],"replies":[{"embeddable":true,"href":"https:\/\/e-ucebnice.ff.ucm.sk\/index.php\/wp-json\/wp\/v2\/comments?post=2227"}],"version-history":[{"count":7,"href":"https:\/\/e-ucebnice.ff.ucm.sk\/index.php\/wp-json\/wp\/v2\/pages\/2227\/revisions"}],"predecessor-version":[{"id":7584,"href":"https:\/\/e-ucebnice.ff.ucm.sk\/index.php\/wp-json\/wp\/v2\/pages\/2227\/revisions\/7584"}],"wp:attachment":[{"href":"https:\/\/e-ucebnice.ff.ucm.sk\/index.php\/wp-json\/wp\/v2\/media?parent=2227"}],"curies":[{"name":"wp","href":"https:\/\/api.w.org\/{rel}","templated":true}]}}