{"id":2240,"date":"2023-03-01T18:48:42","date_gmt":"2023-03-01T17:48:42","guid":{"rendered":"https:\/\/e-ucebnice.ff.ucm.sk\/?page_id=2240"},"modified":"2023-05-16T13:45:10","modified_gmt":"2023-05-16T11:45:10","slug":"kapitoly-z-dejin-slovenska-4-2-1","status":"publish","type":"page","link":"https:\/\/e-ucebnice.ff.ucm.sk\/index.php\/kapitoly-z-dejin-slovenska-4-2-1\/","title":{"rendered":"Kapitoly z dej\u00edn Slovenska-4-2-1"},"content":{"rendered":"\t\t<div data-elementor-type=\"wp-page\" data-elementor-id=\"2240\" class=\"elementor elementor-2240\" data-elementor-post-type=\"page\">\n\t\t\t\t\t\t<section class=\"elementor-section elementor-top-section elementor-element elementor-element-5b92775 elementor-section-height-min-height elementor-section-boxed elementor-section-height-default elementor-section-items-middle\" data-id=\"5b92775\" data-element_type=\"section\" data-settings=\"{&quot;background_background&quot;:&quot;classic&quot;}\">\n\t\t\t\t\t\t\t<div class=\"elementor-background-overlay\"><\/div>\n\t\t\t\t\t\t\t<div class=\"elementor-container elementor-column-gap-default\">\n\t\t\t\t\t<div class=\"elementor-column elementor-col-100 elementor-top-column elementor-element elementor-element-8e50764\" data-id=\"8e50764\" data-element_type=\"column\">\n\t\t\t<div class=\"elementor-widget-wrap elementor-element-populated\">\n\t\t\t\t\t\t<div class=\"elementor-element elementor-element-88aa631 elementor-widget elementor-widget-heading\" data-id=\"88aa631\" data-element_type=\"widget\" data-widget_type=\"heading.default\">\n\t\t\t\t<div class=\"elementor-widget-container\">\n\t\t\t\t\t<h1 class=\"elementor-heading-title elementor-size-default\">Kapitoly z dej\u00edn Slovenska 1740 \u2013 1945<\/h1>\t\t\t\t<\/div>\n\t\t\t\t<\/div>\n\t\t\t\t\t<\/div>\n\t\t<\/div>\n\t\t\t\t\t<\/div>\n\t\t<\/section>\n\t\t\t\t<section class=\"elementor-section elementor-top-section elementor-element elementor-element-2858d6f elementor-section-boxed elementor-section-height-default elementor-section-height-default\" data-id=\"2858d6f\" data-element_type=\"section\">\n\t\t\t\t\t\t<div class=\"elementor-container elementor-column-gap-default\">\n\t\t\t\t\t<div class=\"elementor-column elementor-col-100 elementor-top-column elementor-element elementor-element-e63bd34\" data-id=\"e63bd34\" data-element_type=\"column\">\n\t\t\t<div class=\"elementor-widget-wrap elementor-element-populated\">\n\t\t\t\t\t\t<section class=\"elementor-section elementor-inner-section elementor-element elementor-element-0b79421 elementor-section-boxed elementor-section-height-default elementor-section-height-default\" data-id=\"0b79421\" data-element_type=\"section\">\n\t\t\t\t\t\t<div class=\"elementor-container elementor-column-gap-default\">\n\t\t\t\t\t<div class=\"elementor-column elementor-col-100 elementor-inner-column elementor-element elementor-element-bb0ded5\" data-id=\"bb0ded5\" data-element_type=\"column\">\n\t\t\t<div class=\"elementor-widget-wrap elementor-element-populated\">\n\t\t\t\t\t\t<div class=\"elementor-element elementor-element-759b076 elementor-widget elementor-widget-heading\" data-id=\"759b076\" data-element_type=\"widget\" data-widget_type=\"heading.default\">\n\t\t\t\t<div class=\"elementor-widget-container\">\n\t\t\t\t\t<h3 class=\"elementor-heading-title elementor-size-default\">Metternichovsk\u00fd absolutizmus<\/h3>\t\t\t\t<\/div>\n\t\t\t\t<\/div>\n\t\t\t\t<div class=\"elementor-element elementor-element-5aa9d5d elementor-widget elementor-widget-text-editor\" data-id=\"5aa9d5d\" data-element_type=\"widget\" data-widget_type=\"text-editor.default\">\n\t\t\t\t<div class=\"elementor-widget-container\">\n\t\t\t\t\t\t\t\t\t<p style=\"text-align: justify;\"><em>Metternichovsk\u00fd absolutizmus<\/em> predstavuje politick\u00fd syst\u00e9m habsburskej monarchie v&nbsp;prvej polovici 19. storo\u010dia. Je charakteristick\u00fd t\u00fdm, \u017ee sa hl\u00e1sil k&nbsp;tradi\u010dn\u00e9mu absolutizmu a&nbsp;z\u00e1sad\u00e1m <em>Viedensk\u00e9ho kongresu<\/em>, no na druhej strane \u00faplne odmietal osvietensk\u00fd absolutizmus, ktor\u00fd v&nbsp;predch\u00e1dzaj\u00facom obdob\u00ed modernizoval monarchiu nielen hospod\u00e1rsky, ale aj v&nbsp;ot\u00e1zkach \u013eudskej rovnosti, \u010do v&nbsp;krajine podnietilo vznik n\u00e1rodn\u00fdch hnut\u00ed.<\/p>\n<p style=\"text-align: justify;\">Vl\u00e1da Franti\u0161ka bola charakteristick\u00e1 t\u00fdm, \u017ee potreboval by\u0165 o&nbsp;v\u0161etkom informovan\u00fd a&nbsp;o&nbsp;v\u0161etkom rozhodova\u0165. Naproti tomu po\u010das vl\u00e1dy Ferdinanda V. (1835 \u2013 1848), ktor\u00e9ho vzh\u013eadom na jeho nepriazniv\u00fd zdravotn\u00fd stav mo\u017eno ozna\u010di\u0165 za neschopn\u00e9ho panovn\u00edka, sa moc v&nbsp;\u0161t\u00e1te postupne s\u00fastredila v&nbsp;ruk\u00e1ch predstavite\u013eov najvy\u0161\u0161ej \u0161t\u00e1tnej byrokracie \u2013 knie\u017ea\u0165a Metternicha a&nbsp;gr\u00f3fa Kolowrata. Obaja sa stali \u010dlenmi Tajnej \u0161t\u00e1tnej konferencie, ktor\u00e1 ofici\u00e1lne fungovala ako poradn\u00fd org\u00e1n panovn\u00edka, no v&nbsp;skuto\u010dnosti predstavovala najvplyvnej\u0161\u00ed \u00farad v&nbsp;\u0161t\u00e1te. Typick\u00fdmi pre ich sp\u00f4sob vl\u00e1dnutia bol pr\u00edsny centralizmus, \u0165a\u017ekop\u00e1dny byrokratick\u00fd apar\u00e1t, loj\u00e1lni \u00faradn\u00edci, tajn\u00e1 pol\u00edcia \u010di cenz\u00fara. Rozvinut\u00e1 bola sie\u0165 don\u00e1\u0161a\u010dov, preto zvykne by\u0165 monarchia v&nbsp;tomto obdob\u00ed ozna\u010dovan\u00e1 za policajn\u00fd \u0161t\u00e1t. \u017divot v&nbsp;krajine bol sprev\u00e1dzan\u00fd podozrievan\u00edm a atmosf\u00e9rou strachu.<\/p>\n<p style=\"text-align: justify;\">V roku 1825 bol po 14 rokoch op\u00e4\u0165 zvolan\u00fd snem, ktor\u00fd priniesol aspo\u0148 ak\u00e9-tak\u00e9 zmiernenie Franti\u0161kovho absolutizmu a&nbsp;ukon\u010dil jeho vl\u00e1du prostredn\u00edctvom patentov. Obnoven\u00e1 bola povinnos\u0165 zvol\u00e1va\u0165 snem ka\u017ed\u00e9 tri roky, zaveden\u00e9 bolo nedelite\u013en\u00e9 pr\u00e1vo na povo\u013eovanie dan\u00ed. Potvrden\u00e9 boli tie\u017e z\u00e1kony obnovuj\u00face zvrchovanos\u0165 krajiny. V\u00fdznamnou udalos\u0165ou snemu bolo vyst\u00fapenie gr\u00f3fa \u0160tefana Szech\u00e9nyiho (Se\u010d\u00e9niho), ktor\u00fd predstavil my\u0161lienku formovania modernej uhorskej spolo\u010dnosti. To v&nbsp;najbli\u017e\u0161\u00edch rokoch viedlo k&nbsp;zintenz\u00edvneniu sn\u00e1h o&nbsp;presadenie v\u00fdsostn\u00e9ho postavenia ma\u010far\u010diny ako hlavn\u00e9ho uhorsk\u00e9ho jazyka. Ma\u010far\u010dina za\u010dala by\u0165 postupne zav\u00e1dzan\u00e1 nielen \u00faradn\u00e9ho \u017eivota.<\/p>\n<p style=\"text-align: justify;\">Po\u010diatkom 30. rokov 19. storo\u010dia sa za\u010dali naplno prejavova\u0165 konzervativizmus a nepru\u017enos\u0165 syst\u00e9mu a&nbsp;jeho neschopnos\u0165 reagova\u0165 na nov\u00e9. Vedenie \u0161t\u00e1tu sa s\u00edce sna\u017eilo vn\u00e1\u0161a\u0165 moderniz\u00e1ciu do oblasti hospod\u00e1rstva, \u00faplne v\u0161ak odmietalo nov\u00e9 ideov\u00e9 pr\u00fady a&nbsp;rie\u0161enie n\u00e1rodnej ot\u00e1zky, ktor\u00e1 aj pod vplyvom vzrastaj\u00facej ma\u010fariz\u00e1cie vystupovala do popredia \u010doraz intenz\u00edvnej\u0161ie. V&nbsp;d\u00f4sledku ma\u010farsk\u00e9ho reformn\u00e9ho hnutia do\u0161lo k&nbsp;poma\u010far\u010dovaniu slovensk\u00e9ho zemianstva a&nbsp;slovensk\u00e1 n\u00e1rodne uvedomel\u00e1 inteligencia napokon pozost\u00e1vala len z&nbsp;mal\u00e9ho mno\u017estva vzdelancov, u\u010dite\u013eov a&nbsp;k\u0148azov oboch konfesi\u00ed, ktor\u00ed sa v\u0161emo\u017ene sna\u017eili podpori\u0165 n\u00e1rodn\u00fa emancip\u00e1ciu Slov\u00e1kov (bli\u017e\u0161ie kapitoly <i><a href=\"https:\/\/e-ucebnice.ff.ucm.sk\/index.php\/kapitoly-z-dejin-slovenska-5\/\">Strategick\u00e9 dokumenty Slov\u00e1kov<\/a><\/i> a <i><a href=\"https:\/\/e-ucebnice.ff.ucm.sk\/index.php\/kapitoly-z-dejin-slovenska-6\/\">Spolky a kult\u00farne ustanovizne v \u201edlhom\u201c 19. storo\u010d\u00ed<\/a><\/i>). Z\u00e1stupcovia slovensk\u00e9ho n\u00e1rodn\u00e9ho hnutia, ktor\u00ed tlmo\u010dili panovn\u00edkovi a vl\u00e1de po\u017eiadavky za Slov\u00e1kov, v\u0161ak bez spriaznen\u00fdch os\u00f4b z&nbsp;radov vy\u0161\u0161\u00edch spolo\u010densk\u00fdch vrstiev pr\u00edli\u0161 ve\u013ek\u00fa \u0161ancu na \u00faspech nemali.<\/p>\n<p style=\"text-align: justify;\">Pokia\u013e ide o&nbsp;Metternichovu politiku vo\u010di n\u00e1rodnostiam \u017eij\u00facim v&nbsp;\u0161t\u00e1te, v&nbsp;jednoduchosti by sme mohli poveda\u0165, \u017ee sa nimi nechcel necha\u0165 \u201evyru\u0161ova\u0165\u201c. Akceptoval ich, no sna\u017eil sa nev\u0161\u00edma\u0165 si ich. Nemal n\u00e1mietky ani vo\u010di pou\u017e\u00edvaniu n\u00e1rodn\u00fdch jazykov \u010di prirodzen\u00e9mu kult\u00farnemu v\u00fdvoju, pokia\u013e nenaru\u0161ovali politick\u00fd status quo \u010di stabilitu krajiny. M\u00f4\u017eeme teda kon\u0161tatova\u0165, \u017ee pr\u00e1ve neochota vl\u00e1dy pom\u00f4c\u0165 men\u0161\u00edm n\u00e1rodom ohrozen\u00fdm ma\u010farskou rozp\u00ednavos\u0165ou dala vo\u013en\u00fd priebeh ma\u010farsk\u00e9mu n\u00e1rodn\u00e9mu hnutiu v&nbsp;Uhorsku, ktor\u00e9 sa v\u010faka tomu v\u00fdznamne emancipovalo. V&nbsp;d\u00f4sledku toho sa vl\u00e1da de facto delila o&nbsp;moc s&nbsp;uhorskou \u0161\u013eachtou a&nbsp;jej samospr\u00e1vnymi org\u00e1nmi.<\/p>\n<p style=\"text-align: justify;\">V&nbsp;rokoch 1848\/1849 vypukla v&nbsp;r\u00e1mci \u201ejari n\u00e1rodov\u201c revol\u00facia vo Viedni, ktor\u00e1 cielila okrem in\u00e9ho aj na odstr\u00e1nenie <em>metternichovsk\u00e9ho absolutizmu<\/em>. K&nbsp;jej v\u00fdsledkom m\u00f4\u017eeme skuto\u010dne prip\u00edsa\u0165 \u00faspech v&nbsp;podobe odst\u00fapenia Metternicha a odstr\u00e1nenia jeho re\u017eimu. Tento \u00faspech v\u0161ak viedol k&nbsp;nastoleniu e\u0161te o&nbsp;nie\u010do tvrd\u0161ieho re\u017eimu \u2013 <em>neoabsolutizmu. <\/em><\/p>\t\t\t\t\t\t\t\t<\/div>\n\t\t\t\t<\/div>\n\t\t\t\t\t<\/div>\n\t\t<\/div>\n\t\t\t\t\t<\/div>\n\t\t<\/section>\n\t\t\t\t\t<\/div>\n\t\t<\/div>\n\t\t\t\t\t<\/div>\n\t\t<\/section>\n\t\t\t\t<\/div>\n\t\t","protected":false},"excerpt":{"rendered":"<p>Kapitoly z dej\u00edn Slovenska 1740 \u2013 1945 Metternichovsk\u00fd absolutizmus Metternichovsk\u00fd absolutizmus predstavuje politick\u00fd syst\u00e9m habsburskej monarchie v&nbsp;prvej polovici 19. storo\u010dia. Je charakteristick\u00fd t\u00fdm, \u017ee sa hl\u00e1sil k&nbsp;tradi\u010dn\u00e9mu absolutizmu a&nbsp;z\u00e1sad\u00e1m Viedensk\u00e9ho kongresu, no na druhej strane \u00faplne odmietal osvietensk\u00fd absolutizmus, ktor\u00fd v&nbsp;predch\u00e1dzaj\u00facom obdob\u00ed modernizoval monarchiu nielen hospod\u00e1rsky, ale aj v&nbsp;ot\u00e1zkach \u013eudskej rovnosti, \u010do v&nbsp;krajine podnietilo vznik [&hellip;]<\/p>\n","protected":false},"author":3,"featured_media":0,"parent":0,"menu_order":0,"comment_status":"closed","ping_status":"closed","template":"","meta":{"footnotes":""},"class_list":["post-2240","page","type-page","status-publish","hentry"],"_links":{"self":[{"href":"https:\/\/e-ucebnice.ff.ucm.sk\/index.php\/wp-json\/wp\/v2\/pages\/2240","targetHints":{"allow":["GET"]}}],"collection":[{"href":"https:\/\/e-ucebnice.ff.ucm.sk\/index.php\/wp-json\/wp\/v2\/pages"}],"about":[{"href":"https:\/\/e-ucebnice.ff.ucm.sk\/index.php\/wp-json\/wp\/v2\/types\/page"}],"author":[{"embeddable":true,"href":"https:\/\/e-ucebnice.ff.ucm.sk\/index.php\/wp-json\/wp\/v2\/users\/3"}],"replies":[{"embeddable":true,"href":"https:\/\/e-ucebnice.ff.ucm.sk\/index.php\/wp-json\/wp\/v2\/comments?post=2240"}],"version-history":[{"count":16,"href":"https:\/\/e-ucebnice.ff.ucm.sk\/index.php\/wp-json\/wp\/v2\/pages\/2240\/revisions"}],"predecessor-version":[{"id":7933,"href":"https:\/\/e-ucebnice.ff.ucm.sk\/index.php\/wp-json\/wp\/v2\/pages\/2240\/revisions\/7933"}],"wp:attachment":[{"href":"https:\/\/e-ucebnice.ff.ucm.sk\/index.php\/wp-json\/wp\/v2\/media?parent=2240"}],"curies":[{"name":"wp","href":"https:\/\/api.w.org\/{rel}","templated":true}]}}