{"id":2300,"date":"2023-03-01T19:47:22","date_gmt":"2023-03-01T18:47:22","guid":{"rendered":"https:\/\/e-ucebnice.ff.ucm.sk\/?page_id=2300"},"modified":"2023-03-01T20:18:46","modified_gmt":"2023-03-01T19:18:46","slug":"kapitoly-z-dejin-slovenska-5-1-2","status":"publish","type":"page","link":"https:\/\/e-ucebnice.ff.ucm.sk\/index.php\/kapitoly-z-dejin-slovenska-5-1-2\/","title":{"rendered":"Kapitoly z dej\u00edn Slovenska-5-1-2"},"content":{"rendered":"\t\t<div data-elementor-type=\"wp-page\" data-elementor-id=\"2300\" class=\"elementor elementor-2300\" data-elementor-post-type=\"page\">\n\t\t\t\t\t\t<section class=\"elementor-section elementor-top-section elementor-element elementor-element-1084eb0 elementor-section-height-min-height elementor-section-boxed elementor-section-height-default elementor-section-items-middle\" data-id=\"1084eb0\" data-element_type=\"section\" data-settings=\"{&quot;background_background&quot;:&quot;classic&quot;}\">\n\t\t\t\t\t\t\t<div class=\"elementor-background-overlay\"><\/div>\n\t\t\t\t\t\t\t<div class=\"elementor-container elementor-column-gap-default\">\n\t\t\t\t\t<div class=\"elementor-column elementor-col-100 elementor-top-column elementor-element elementor-element-0443812\" data-id=\"0443812\" data-element_type=\"column\">\n\t\t\t<div class=\"elementor-widget-wrap elementor-element-populated\">\n\t\t\t\t\t\t<div class=\"elementor-element elementor-element-6a5b956 elementor-widget elementor-widget-heading\" data-id=\"6a5b956\" data-element_type=\"widget\" data-widget_type=\"heading.default\">\n\t\t\t\t<div class=\"elementor-widget-container\">\n\t\t\t\t\t<h1 class=\"elementor-heading-title elementor-size-default\">Kapitoly z dej\u00edn Slovenska 1740 \u2013 1945<\/h1>\t\t\t\t<\/div>\n\t\t\t\t<\/div>\n\t\t\t\t\t<\/div>\n\t\t<\/div>\n\t\t\t\t\t<\/div>\n\t\t<\/section>\n\t\t\t\t<section class=\"elementor-section elementor-top-section elementor-element elementor-element-2858d6f elementor-section-boxed elementor-section-height-default elementor-section-height-default\" data-id=\"2858d6f\" data-element_type=\"section\">\n\t\t\t\t\t\t<div class=\"elementor-container elementor-column-gap-default\">\n\t\t\t\t\t<div class=\"elementor-column elementor-col-100 elementor-top-column elementor-element elementor-element-e63bd34\" data-id=\"e63bd34\" data-element_type=\"column\">\n\t\t\t<div class=\"elementor-widget-wrap elementor-element-populated\">\n\t\t\t\t\t\t<section class=\"elementor-section elementor-inner-section elementor-element elementor-element-0b79421 elementor-section-boxed elementor-section-height-default elementor-section-height-default\" data-id=\"0b79421\" data-element_type=\"section\">\n\t\t\t\t\t\t<div class=\"elementor-container elementor-column-gap-default\">\n\t\t\t\t\t<div class=\"elementor-column elementor-col-100 elementor-inner-column elementor-element elementor-element-bb0ded5\" data-id=\"bb0ded5\" data-element_type=\"column\">\n\t\t\t<div class=\"elementor-widget-wrap elementor-element-populated\">\n\t\t\t\t\t\t<div class=\"elementor-element elementor-element-759b076 elementor-widget elementor-widget-heading\" data-id=\"759b076\" data-element_type=\"widget\" data-widget_type=\"heading.default\">\n\t\t\t\t<div class=\"elementor-widget-container\">\n\t\t\t\t\t<h3 class=\"elementor-heading-title elementor-size-default\">Nitrianske \u017eiadosti (28. apr\u00edl 1848)<\/h3>\t\t\t\t<\/div>\n\t\t\t\t<\/div>\n\t\t\t\t<div class=\"elementor-element elementor-element-5aa9d5d elementor-widget elementor-widget-text-editor\" data-id=\"5aa9d5d\" data-element_type=\"widget\" data-widget_type=\"text-editor.default\">\n\t\t\t\t<div class=\"elementor-widget-container\">\n\t\t\t\t\t\t\t\t\t<p style=\"text-align: justify;\"><em>Nitrianske \u017eiadosti<\/em> (zn\u00e1me aj ako <em>\u017diadosti slovensk\u00e9ho n\u00e1roda v stolici Nitrianskej<\/em>) predstavuj\u00fa najv\u00fdznamnej\u0161\u00ed slovensk\u00fd region\u00e1lny program. Boli vypracovan\u00e9 Jozefom Miloslavom Hurbanom a\u00a0skupinou jeho spolupracovn\u00edkov. Obsah dokumentu bol pre\u010d\u00edtan\u00fd a\u00a0prijat\u00fd trojtis\u00edcov\u00fdm davom na zhroma\u017eden\u00ed v\u00a0Brezovej pod Bradlom. <em>\u017diadosti<\/em> boli reakciou na zostren\u00fa ma\u010fariz\u00e1ciu a\u00a0ned\u00f4sledn\u00e9 dodr\u017eiavanie <em>marcov\u00fdch z\u00e1konov<\/em>, ktor\u00e9 form\u00e1lne ukon\u010dili <em>metternichovsk\u00fd absolutizmus<\/em> a\u00a0obdobie feudalizmu. Faktom ale je, \u017ee <em>marcov\u00e9 z\u00e1kony<\/em> dali mo\u017enos\u0165 vznikn\u00fa\u0165 miestodr\u017eite\u013eskej rade a\u00a0uhorskej dvorskej kancel\u00e1rii, \u010do de facto posilnilo nez\u00e1vislos\u0165 Uhorska od Viedne, ktor\u00e1 bola zav\u0155\u0161en\u00e1 rak\u00fasko-uhorsk\u00fdm vyrovnan\u00edm (1867). Hoci mali p\u00f4vodne podpori\u0165 vytv\u00e1ranie ob\u010dianskej spolo\u010dnosti, v\u00a0podstate otvorili cestu radik\u00e1lnej ma\u010fariz\u00e1cii.<\/p><p style=\"text-align: justify;\"><em>\u017diadosti<\/em> vyz\u00fdvali k\u00a0rovnosti a\u00a0bratstvu n\u00e1rodov Uhorska a obsahovo nadv\u00e4zovali na <em>Liptovsk\u00e9 \u017eiadosti <\/em>z\u00a027. marca 1848. Tie boli prv\u00fdm slovensk\u00fdm verejn\u00fdm vyst\u00fapen\u00edm reaguj\u00facim na ma\u010fariz\u00e1ciu a\u00a0nedotiahnut\u00fa peti\u010dn\u00fa akciu veden\u00fa najsk\u00f4r \u013dudov\u00edtom \u0160t\u00farom a\u00a0potom J\u00e1nom Koll\u00e1rom. Koll\u00e1rova pet\u00edcia po\u017eadovala zabezpe\u010denie jazykovej rovnopr\u00e1vnosti, zamedzenie odn\u00e1rod\u0148ovaniu, zriadenie katedier \u010deskoslovensk\u00e9ho jazyka, rozvoj vzdelanosti \u013eudu, slovensk\u00e9ho cenzora \u010di slovensk\u00e9 zast\u00fapenie v\u00a0uhorskom sneme. K\u00a0odovzdaniu pet\u00edcie panovn\u00edkovi v\u0161ak nakoniec nedo\u0161lo. <em>Liptovsk\u00e9 \u017eiadosti<\/em> boli vo svojich po\u017eiadavk\u00e1ch v\u00fdrazne skromnej\u0161ie, no prijatia sa nedo\u010dkali.<\/p><p style=\"text-align: justify;\"><em>Nitrianske \u017eiadosti<\/em> rozpracov\u00e1vali niektor\u00e9 body <em>Liptovsk\u00fdch \u017eiadost\u00ed<\/em>; autori \u017eiadali napr\u00edklad slovensk\u00e9 zast\u00fapenie v\u00a0stoli\u010dnej a\u00a0krajinskej spr\u00e1ve, pou\u017e\u00edvanie sloven\u010diny na rokovaniach org\u00e1nov a\u00a0s\u00fadov, slovensk\u00fdch sudcov, zriadenie ni\u017e\u0161\u00edch a\u00a0vy\u0161\u0161\u00edch slovensk\u00fdch \u0161k\u00f4l, na ktor\u00fdch by sa vyu\u010dovalo v\u00a0sloven\u010dine, a aby boli verejn\u00e9 oznamy a\u00a0nariadenia zverejnen\u00e9 v\u00a0sloven\u010dine. \u017diadali tie\u017e mo\u017enos\u0165 pou\u017e\u00edva\u0165 popri uhorsk\u00fdch z\u00e1stav\u00e1ch aj z\u00e1stavu slovensk\u00fa a prepustenie Janka Kr\u00e1\u013ea a\u00a0J\u00e1na Rotaridesa z\u00a0v\u00e4zenia. Schv\u00e1lenie <em>\u017diadost\u00ed<\/em> malo Slov\u00e1kom zabezpe\u010di\u0165 n\u00e1rodn\u00fd rozvoj, jazykov\u00e9 a\u00a0politick\u00e9 pr\u00e1va, mo\u017enos\u0165 zhroma\u017e\u010fova\u0165 sa \u010di\u00a0zaklada\u0165 spolky.<\/p><p style=\"text-align: justify;\"><em>Nitrianske \u017eiadosti<\/em> mali by\u0165 predlo\u017een\u00e9 stoli\u010dn\u00e9mu zhroma\u017edeniu v\u00a0Nitre, no namiesto toho boli ozna\u010den\u00e9 za reb\u00e9liu a\u00a0vl\u00e1da na ich vyslancov poslala vojsko. \u013dudov\u00edt Jaroslav \u0160ulek i\u00a0Daniel Jaroslav B\u00f3rik boli uv\u00e4znen\u00ed. Reakciou na tieto udalosti bolo aktivizovanie slovensk\u00e9ho vzdoru, ktor\u00fd sa prejavil okrem in\u00e9ho\u00a0i\u00a0vypracovan\u00edm \u010fal\u0161\u00edch dokumentov.<\/p>\t\t\t\t\t\t\t\t<\/div>\n\t\t\t\t<\/div>\n\t\t\t\t\t<\/div>\n\t\t<\/div>\n\t\t\t\t\t<\/div>\n\t\t<\/section>\n\t\t\t\t\t<\/div>\n\t\t<\/div>\n\t\t\t\t\t<\/div>\n\t\t<\/section>\n\t\t\t\t<\/div>\n\t\t","protected":false},"excerpt":{"rendered":"<p>Kapitoly z dej\u00edn Slovenska 1740 \u2013 1945 Nitrianske \u017eiadosti (28. apr\u00edl 1848) Nitrianske \u017eiadosti (zn\u00e1me aj ako \u017diadosti slovensk\u00e9ho n\u00e1roda v stolici Nitrianskej) predstavuj\u00fa najv\u00fdznamnej\u0161\u00ed slovensk\u00fd region\u00e1lny program. Boli vypracovan\u00e9 Jozefom Miloslavom Hurbanom a\u00a0skupinou jeho spolupracovn\u00edkov. Obsah dokumentu bol pre\u010d\u00edtan\u00fd a\u00a0prijat\u00fd trojtis\u00edcov\u00fdm davom na zhroma\u017eden\u00ed v\u00a0Brezovej pod Bradlom. \u017diadosti boli reakciou na zostren\u00fa ma\u010fariz\u00e1ciu a\u00a0ned\u00f4sledn\u00e9 [&hellip;]<\/p>\n","protected":false},"author":3,"featured_media":0,"parent":0,"menu_order":0,"comment_status":"closed","ping_status":"closed","template":"","meta":{"footnotes":""},"class_list":["post-2300","page","type-page","status-publish","hentry"],"_links":{"self":[{"href":"https:\/\/e-ucebnice.ff.ucm.sk\/index.php\/wp-json\/wp\/v2\/pages\/2300","targetHints":{"allow":["GET"]}}],"collection":[{"href":"https:\/\/e-ucebnice.ff.ucm.sk\/index.php\/wp-json\/wp\/v2\/pages"}],"about":[{"href":"https:\/\/e-ucebnice.ff.ucm.sk\/index.php\/wp-json\/wp\/v2\/types\/page"}],"author":[{"embeddable":true,"href":"https:\/\/e-ucebnice.ff.ucm.sk\/index.php\/wp-json\/wp\/v2\/users\/3"}],"replies":[{"embeddable":true,"href":"https:\/\/e-ucebnice.ff.ucm.sk\/index.php\/wp-json\/wp\/v2\/comments?post=2300"}],"version-history":[{"count":4,"href":"https:\/\/e-ucebnice.ff.ucm.sk\/index.php\/wp-json\/wp\/v2\/pages\/2300\/revisions"}],"predecessor-version":[{"id":2338,"href":"https:\/\/e-ucebnice.ff.ucm.sk\/index.php\/wp-json\/wp\/v2\/pages\/2300\/revisions\/2338"}],"wp:attachment":[{"href":"https:\/\/e-ucebnice.ff.ucm.sk\/index.php\/wp-json\/wp\/v2\/media?parent=2300"}],"curies":[{"name":"wp","href":"https:\/\/api.w.org\/{rel}","templated":true}]}}